{"id":56794,"date":"2016-11-07T16:02:32","date_gmt":"2016-11-07T15:02:32","guid":{"rendered":"https:\/\/staging.lucky-hunter.com\/product\/nordik-predator-crying-bird\/"},"modified":"2016-11-07T16:02:32","modified_gmt":"2016-11-07T15:02:32","slug":"nordik-predator-crying-bird","status":"publish","type":"product","link":"https:\/\/staging.lucky-hunter.com\/fr\/product\/nordik-predator-crying-bird\/","title":{"rendered":"Appeau Nordik Predator Crying Bird"},"content":{"rendered":"<p>Cet appeau est sp\u00e9cialement con\u00e7u pour imiter les cris de d\u00e9tresse des oiseaux. Ces sons sont tr\u00e8s efficaces pour attirer les jeunes renards et autres pr\u00e9dateurs.<\/p>\n<p>Il peut \u00eatre difficile d\u2019attirer de jeunes renards avec des cris de lapin ou de li\u00e8vre. Souvent, le jeune renard n&#8217;est pas familier avec ce son, contrairement aux cris d&#8217;oiseau auxquels il est habitu\u00e9 car la m\u00e8re rapporte souvent des oiseaux au terrier.<\/p>\n<p>Cet appeau est efficace jusqu\u2019\u00e0 500 m\u00e8tres selon le vent.<\/p>\n<p><strong>Oiseau en d\u00e9tresse<\/strong><\/p>\n<p>Pour imiter un oiseau en d\u00e9tresse, expirez des bouff\u00e9es d&#8217;air courtes et intenses ou faites  \u00ab\u00a0trrr, trrr, trrr\u00a0\u00bb. Pour la plupart des petits pr\u00e9dateurs, il est difficile de r\u00e9sister \u00e0 ce son.<\/p>\n<p><strong>Petit oiseau en d\u00e9tresse<\/strong><\/p>\n<p>Pour imiter les appels de d\u00e9tresse des petits oiseaux, soufflez \u00e0 fond et laissez l&#8217;air entrer et sortir \u00e0 travers l&#8217;appeau.<\/p>\n<p><strong>Lapin en d\u00e9tresse<\/strong><\/p>\n<p>Si vous soufflez un flux d&#8217;air court et r\u00e9gulier \u00e0 travers l&#8217;appeau, vous obtiendrez un son de lapin tr\u00e8s r\u00e9aliste. Appelez pendant 15 \u00e0 30 secondes et asseyez-vous tranquillement pendant 1 \u00e0 2 minutes, puis r\u00e9p\u00e9tez toutes les 15 \u00e0 25 minutes.<\/p>\n<p>\u00a0<\/p>\n<p>\u00a0<\/p>\n","protected":false},"excerpt":{"rendered":"<p>Cet appeau Nordik Predator est sp\u00e9cialement con\u00e7u pour imiter les cris de d\u00e9tresse des oiseaux. Ces sons sont tr\u00e8s efficaces pour attirer les jeunes renards et autres pr\u00e9dateurs.<\/p>\n","protected":false},"featured_media":30621,"template":"","meta":[],"product_brand":[8201],"product_cat":[8234],"product_tag":[9445],"yoast_head":"<!-- This site is optimized with the Yoast SEO plugin v24.3 - https:\/\/yoast.com\/wordpress\/plugins\/seo\/ -->\n<title>Nordik Predator Crying Bird - Efficace jusqu&#039;\u00e0 500 m\u00e8tres selon le vent<\/title>\n<meta name=\"description\" content=\"Cet appeau Nordik Predator est sp\u00e9cialement con\u00e7u pour imiter les cris de d\u00e9tresse des oiseaux. Ces sons sont tr\u00e8s efficaces pour attirer les jeunes renards et autres pr\u00e9dateurs.\" \/>\n<meta name=\"robots\" content=\"noindex, follow, max-snippet:-1, max-image-preview:large, max-video-preview:-1\" \/>\n<meta property=\"og:locale\" content=\"fr_FR\" \/>\n<meta property=\"og:type\" content=\"article\" \/>\n<meta property=\"og:title\" content=\"Nordik Predator Crying Bird - Efficace jusqu&#039;\u00e0 500 m\u00e8tres selon le vent\" \/>\n<meta property=\"og:description\" content=\"Cet appeau Nordik Predator est sp\u00e9cialement con\u00e7u pour imiter les cris de d\u00e9tresse des oiseaux. Ces sons sont tr\u00e8s efficaces pour attirer les jeunes renards et autres pr\u00e9dateurs.\" \/>\n<meta property=\"og:url\" content=\"https:\/\/staging.lucky-hunter.com\/product\/nordik-predator-crying-bird\/\" \/>\n<meta property=\"og:site_name\" content=\"Lucky-Hunter\" \/>\n<meta property=\"og:image\" content=\"https:\/\/staging.lucky-hunter.com\/wp-content\/uploads\/2016\/11\/LK-20-1.png.webp\" \/>\n\t<meta property=\"og:image:width\" content=\"1000\" \/>\n\t<meta property=\"og:image:height\" content=\"1000\" \/>\n\t<meta property=\"og:image:type\" content=\"image\/webp\" \/>\n<meta name=\"twitter:card\" content=\"summary_large_image\" \/>\n<meta name=\"twitter:label1\" content=\"Dur\u00e9e de lecture estim\u00e9e\" \/>\n\t<meta name=\"twitter:data1\" content=\"1 minute\" \/>\n<script type=\"application\/ld+json\" class=\"yoast-schema-graph\">{\"@context\":\"https:\/\/schema.org\",\"@graph\":[{\"@type\":\"WebPage\",\"@id\":\"https:\/\/staging.lucky-hunter.com\/product\/nordik-predator-crying-bird\/\",\"url\":\"https:\/\/staging.lucky-hunter.com\/product\/nordik-predator-crying-bird\/\",\"name\":\"Nordik Predator Crying Bird - Efficace jusqu'\u00e0 500 m\u00e8tres selon le vent\",\"isPartOf\":{\"@id\":\"https:\/\/staging.lucky-hunter.com\/#website\"},\"primaryImageOfPage\":{\"@id\":\"https:\/\/staging.lucky-hunter.com\/product\/nordik-predator-crying-bird\/#primaryimage\"},\"image\":{\"@id\":\"https:\/\/staging.lucky-hunter.com\/product\/nordik-predator-crying-bird\/#primaryimage\"},\"thumbnailUrl\":\"https:\/\/staging.lucky-hunter.com\/wp-content\/uploads\/2016\/11\/LK-20-1.png.webp\",\"datePublished\":\"2016-11-07T15:02:32+00:00\",\"dateModified\":\"2016-11-07T15:02:32+00:00\",\"description\":\"Cet appeau Nordik Predator est sp\u00e9cialement con\u00e7u pour imiter les cris de d\u00e9tresse des oiseaux. Ces sons sont tr\u00e8s efficaces pour attirer les jeunes renards et autres pr\u00e9dateurs.\",\"breadcrumb\":{\"@id\":\"https:\/\/staging.lucky-hunter.com\/product\/nordik-predator-crying-bird\/#breadcrumb\"},\"inLanguage\":\"fr-FR\",\"potentialAction\":[{\"@type\":\"ReadAction\",\"target\":[\"https:\/\/staging.lucky-hunter.com\/product\/nordik-predator-crying-bird\/\"]}]},{\"@type\":\"ImageObject\",\"inLanguage\":\"fr-FR\",\"@id\":\"https:\/\/staging.lucky-hunter.com\/product\/nordik-predator-crying-bird\/#primaryimage\",\"url\":\"https:\/\/staging.lucky-hunter.com\/wp-content\/uploads\/2016\/11\/LK-20-1.png.webp\",\"contentUrl\":\"https:\/\/staging.lucky-hunter.com\/wp-content\/uploads\/2016\/11\/LK-20-1.png.webp\",\"width\":1000,\"height\":1000},{\"@type\":\"BreadcrumbList\",\"@id\":\"https:\/\/staging.lucky-hunter.com\/product\/nordik-predator-crying-bird\/#breadcrumb\",\"itemListElement\":[{\"@type\":\"ListItem\",\"position\":1,\"name\":\"Home\",\"item\":\"https:\/\/staging.lucky-hunter.com\/fr\/\"},{\"@type\":\"ListItem\",\"position\":2,\"name\":\"Boutique\",\"item\":\"https:\/\/staging.lucky-hunter.com\/fr\/shop\/\"},{\"@type\":\"ListItem\",\"position\":3,\"name\":\"Appeau Nordik Predator Crying Bird\"}]},{\"@type\":\"WebSite\",\"@id\":\"https:\/\/staging.lucky-hunter.com\/#website\",\"url\":\"https:\/\/staging.lucky-hunter.com\/\",\"name\":\"Lucky-Hunter\",\"description\":\"Gear Up or Give Up\",\"potentialAction\":[{\"@type\":\"SearchAction\",\"target\":{\"@type\":\"EntryPoint\",\"urlTemplate\":\"https:\/\/staging.lucky-hunter.com\/?s={search_term_string}\"},\"query-input\":{\"@type\":\"PropertyValueSpecification\",\"valueRequired\":true,\"valueName\":\"search_term_string\"}}],\"inLanguage\":\"fr-FR\"}]}<\/script>\n<!-- \/ Yoast SEO plugin. -->","yoast_head_json":{"title":"Nordik Predator Crying Bird - Efficace jusqu'\u00e0 500 m\u00e8tres selon le vent","description":"Cet appeau Nordik Predator est sp\u00e9cialement con\u00e7u pour imiter les cris de d\u00e9tresse des oiseaux. Ces sons sont tr\u00e8s efficaces pour attirer les jeunes renards et autres pr\u00e9dateurs.","robots":{"index":"noindex","follow":"follow","max-snippet":"max-snippet:-1","max-image-preview":"max-image-preview:large","max-video-preview":"max-video-preview:-1"},"og_locale":"fr_FR","og_type":"article","og_title":"Nordik Predator Crying Bird - Efficace jusqu'\u00e0 500 m\u00e8tres selon le vent","og_description":"Cet appeau Nordik Predator est sp\u00e9cialement con\u00e7u pour imiter les cris de d\u00e9tresse des oiseaux. Ces sons sont tr\u00e8s efficaces pour attirer les jeunes renards et autres pr\u00e9dateurs.","og_url":"https:\/\/staging.lucky-hunter.com\/product\/nordik-predator-crying-bird\/","og_site_name":"Lucky-Hunter","og_image":[{"width":1000,"height":1000,"url":"https:\/\/staging.lucky-hunter.com\/wp-content\/uploads\/2016\/11\/LK-20-1.png.webp","type":"image\/webp"}],"twitter_card":"summary_large_image","twitter_misc":{"Dur\u00e9e de lecture estim\u00e9e":"1 minute"},"schema":{"@context":"https:\/\/schema.org","@graph":[{"@type":"WebPage","@id":"https:\/\/staging.lucky-hunter.com\/product\/nordik-predator-crying-bird\/","url":"https:\/\/staging.lucky-hunter.com\/product\/nordik-predator-crying-bird\/","name":"Nordik Predator Crying Bird - Efficace jusqu'\u00e0 500 m\u00e8tres selon le vent","isPartOf":{"@id":"https:\/\/staging.lucky-hunter.com\/#website"},"primaryImageOfPage":{"@id":"https:\/\/staging.lucky-hunter.com\/product\/nordik-predator-crying-bird\/#primaryimage"},"image":{"@id":"https:\/\/staging.lucky-hunter.com\/product\/nordik-predator-crying-bird\/#primaryimage"},"thumbnailUrl":"https:\/\/staging.lucky-hunter.com\/wp-content\/uploads\/2016\/11\/LK-20-1.png.webp","datePublished":"2016-11-07T15:02:32+00:00","dateModified":"2016-11-07T15:02:32+00:00","description":"Cet appeau Nordik Predator est sp\u00e9cialement con\u00e7u pour imiter les cris de d\u00e9tresse des oiseaux. Ces sons sont tr\u00e8s efficaces pour attirer les jeunes renards et autres pr\u00e9dateurs.","breadcrumb":{"@id":"https:\/\/staging.lucky-hunter.com\/product\/nordik-predator-crying-bird\/#breadcrumb"},"inLanguage":"fr-FR","potentialAction":[{"@type":"ReadAction","target":["https:\/\/staging.lucky-hunter.com\/product\/nordik-predator-crying-bird\/"]}]},{"@type":"ImageObject","inLanguage":"fr-FR","@id":"https:\/\/staging.lucky-hunter.com\/product\/nordik-predator-crying-bird\/#primaryimage","url":"https:\/\/staging.lucky-hunter.com\/wp-content\/uploads\/2016\/11\/LK-20-1.png.webp","contentUrl":"https:\/\/staging.lucky-hunter.com\/wp-content\/uploads\/2016\/11\/LK-20-1.png.webp","width":1000,"height":1000},{"@type":"BreadcrumbList","@id":"https:\/\/staging.lucky-hunter.com\/product\/nordik-predator-crying-bird\/#breadcrumb","itemListElement":[{"@type":"ListItem","position":1,"name":"Home","item":"https:\/\/staging.lucky-hunter.com\/fr\/"},{"@type":"ListItem","position":2,"name":"Boutique","item":"https:\/\/staging.lucky-hunter.com\/fr\/shop\/"},{"@type":"ListItem","position":3,"name":"Appeau Nordik Predator Crying Bird"}]},{"@type":"WebSite","@id":"https:\/\/staging.lucky-hunter.com\/#website","url":"https:\/\/staging.lucky-hunter.com\/","name":"Lucky-Hunter","description":"Gear Up or Give Up","potentialAction":[{"@type":"SearchAction","target":{"@type":"EntryPoint","urlTemplate":"https:\/\/staging.lucky-hunter.com\/?s={search_term_string}"},"query-input":{"@type":"PropertyValueSpecification","valueRequired":true,"valueName":"search_term_string"}}],"inLanguage":"fr-FR"}]}},"_links":{"self":[{"href":"https:\/\/staging.lucky-hunter.com\/fr\/wp-json\/wp\/v2\/product\/56794"}],"collection":[{"href":"https:\/\/staging.lucky-hunter.com\/fr\/wp-json\/wp\/v2\/product"}],"about":[{"href":"https:\/\/staging.lucky-hunter.com\/fr\/wp-json\/wp\/v2\/types\/product"}],"wp:featuredmedia":[{"embeddable":true,"href":"https:\/\/staging.lucky-hunter.com\/fr\/wp-json\/wp\/v2\/media\/30621"}],"wp:attachment":[{"href":"https:\/\/staging.lucky-hunter.com\/fr\/wp-json\/wp\/v2\/media?parent=56794"}],"wp:term":[{"taxonomy":"product_brand","embeddable":true,"href":"https:\/\/staging.lucky-hunter.com\/fr\/wp-json\/wp\/v2\/product_brand?post=56794"},{"taxonomy":"product_cat","embeddable":true,"href":"https:\/\/staging.lucky-hunter.com\/fr\/wp-json\/wp\/v2\/product_cat?post=56794"},{"taxonomy":"product_tag","embeddable":true,"href":"https:\/\/staging.lucky-hunter.com\/fr\/wp-json\/wp\/v2\/product_tag?post=56794"}],"curies":[{"name":"wp","href":"https:\/\/api.w.org\/{rel}","templated":true}]}}