{"id":56793,"date":"2016-11-07T16:02:47","date_gmt":"2016-11-07T15:02:47","guid":{"rendered":"https:\/\/staging.lucky-hunter.com\/product\/mini-nordik-predator\/"},"modified":"2016-11-07T16:02:47","modified_gmt":"2016-11-07T15:02:47","slug":"mini-nordik-predator","status":"publish","type":"product","link":"https:\/\/staging.lucky-hunter.com\/fr\/product\/mini-nordik-predator\/","title":{"rendered":"Nordik Predator"},"content":{"rendered":"<p>Cet appeau \u00e0 renards est tr\u00e8s similaire \u00e0 l\u2019appeau Nordik Predator Pr\u00e9-Accord\u00e9. Le tube \u00e9tant plus petit, le son n&#8217;est pas aussi \u00e9lev\u00e9, mais il permet de produire un son plus vivant. Nous avons appris que cet appeau est efficace jusqu&#8217;\u00e0 1500 m\u00e8tres.<\/p>\n<p>Il s&#8217;agit d&#8217;un appeau \u00ab\u00a0de secours\u00a0\u00bb parfait \u00e0 la place de l\u2019appeau Nordik Predator Pr\u00e9-Accord\u00e9<\/p>\n<p><strong>Couinements de rongeurs<\/strong><\/p>\n<p>Pour imiter un couinement de souris : Placez le joint torique entre vos dents ou entre vos l\u00e8vres, au niveau de la partie la plus externe de la membrane, et soufflez de courtes rafales.<\/p>\n<p><strong>Cris de d\u00e9tresse du lapin et du li\u00e8vre<\/strong><\/p>\n<p>Ces sons sont faciles \u00e0 imiter. Placez l\u2019\u00e9lastique au milieu du bec, serrez-le entre vos dents ou entre vos l\u00e8vres et soufflez dans l\u2019appeau. Plus vous le placerez loin sur la membrane, plus les sons seront r\u00e2peux. Alternez entre des sons longs et courts pendant 15 \u00e0 25 secondes et r\u00e9p\u00e9tez toutes les 3 \u00e0 4 minutes.<\/p>\n<p>Ouvrez et fermez votre main devant l\u2019ouverture situ\u00e9e \u00e0 l\u2019autre extr\u00e9mit\u00e9 de l\u2019appeau pour donner plus de vie aux sons.<\/p>\n","protected":false},"excerpt":{"rendered":"<p>Cet appeau \u00e0 renards est tr\u00e8s similaire \u00e0 l\u2019appeau Nordik Predator Pr\u00e9-Accord\u00e9. Le tube \u00e9tant plus petit, le son n&#8217;est pas aussi \u00e9lev\u00e9, mais il permet de produire un son plus vivant. Nous avons appris que cet appeau est efficace jusqu&#8217;\u00e0 1500 m\u00e8tres.<\/p>\n","protected":false},"featured_media":56885,"template":"","meta":[],"product_brand":[8201],"product_cat":[8234],"product_tag":[9445],"yoast_head":"<!-- This site is optimized with the Yoast SEO plugin v24.3 - https:\/\/yoast.com\/wordpress\/plugins\/seo\/ -->\n<title>Mini Nordik Predator - Un appeau \u00ab\u00a0de secours\u00a0\u00bb parfait \u00e0 la place de l\u2019appeau Nordik Predator Pr\u00e9-Accord\u00e9<\/title>\n<meta name=\"description\" content=\"Cet appeau \u00e0 renards est tr\u00e8s similaire \u00e0 l\u2019appeau Nordik Predator Pr\u00e9-Accord\u00e9. Le tube \u00e9tant plus petit, le son n&#039;est pas aussi \u00e9lev\u00e9, mais il permet de produire un son plus vivant.\" \/>\n<meta name=\"robots\" content=\"noindex, follow, max-snippet:-1, max-image-preview:large, max-video-preview:-1\" \/>\n<meta property=\"og:locale\" content=\"fr_FR\" \/>\n<meta property=\"og:type\" content=\"article\" \/>\n<meta property=\"og:title\" content=\"Mini Nordik Predator - Un appeau \u00ab\u00a0de secours\u00a0\u00bb parfait \u00e0 la place de l\u2019appeau Nordik Predator Pr\u00e9-Accord\u00e9\" \/>\n<meta property=\"og:description\" content=\"Cet appeau \u00e0 renards est tr\u00e8s similaire \u00e0 l\u2019appeau Nordik Predator Pr\u00e9-Accord\u00e9. Le tube \u00e9tant plus petit, le son n&#039;est pas aussi \u00e9lev\u00e9, mais il permet de produire un son plus vivant.\" \/>\n<meta property=\"og:url\" content=\"https:\/\/staging.lucky-hunter.com\/fr\/product\/mini-nordik-predator\/\" \/>\n<meta property=\"og:site_name\" content=\"Lucky-Hunter\" \/>\n<meta property=\"og:image\" content=\"https:\/\/staging.lucky-hunter.com\/wp-content\/uploads\/2016\/11\/LK-40-1.png\" \/>\n\t<meta property=\"og:image:width\" content=\"1000\" \/>\n\t<meta property=\"og:image:height\" content=\"1000\" \/>\n\t<meta property=\"og:image:type\" content=\"image\/png\" \/>\n<meta name=\"twitter:card\" content=\"summary_large_image\" \/>\n<meta name=\"twitter:label1\" content=\"Dur\u00e9e de lecture estim\u00e9e\" \/>\n\t<meta name=\"twitter:data1\" content=\"1 minute\" \/>\n<script type=\"application\/ld+json\" class=\"yoast-schema-graph\">{\"@context\":\"https:\/\/schema.org\",\"@graph\":[{\"@type\":\"WebPage\",\"@id\":\"https:\/\/staging.lucky-hunter.com\/fr\/product\/mini-nordik-predator\/\",\"url\":\"https:\/\/staging.lucky-hunter.com\/fr\/product\/mini-nordik-predator\/\",\"name\":\"Mini Nordik Predator - Un appeau \u00ab\u00a0de secours\u00a0\u00bb parfait \u00e0 la place de l\u2019appeau Nordik Predator Pr\u00e9-Accord\u00e9\",\"isPartOf\":{\"@id\":\"https:\/\/staging.lucky-hunter.com\/#website\"},\"primaryImageOfPage\":{\"@id\":\"https:\/\/staging.lucky-hunter.com\/fr\/product\/mini-nordik-predator\/#primaryimage\"},\"image\":{\"@id\":\"https:\/\/staging.lucky-hunter.com\/fr\/product\/mini-nordik-predator\/#primaryimage\"},\"thumbnailUrl\":\"https:\/\/staging.lucky-hunter.com\/wp-content\/uploads\/2016\/11\/LK-40-1.png\",\"datePublished\":\"2016-11-07T15:02:47+00:00\",\"dateModified\":\"2016-11-07T15:02:47+00:00\",\"description\":\"Cet appeau \u00e0 renards est tr\u00e8s similaire \u00e0 l\u2019appeau Nordik Predator Pr\u00e9-Accord\u00e9. Le tube \u00e9tant plus petit, le son n'est pas aussi \u00e9lev\u00e9, mais il permet de produire un son plus vivant.\",\"breadcrumb\":{\"@id\":\"https:\/\/staging.lucky-hunter.com\/fr\/product\/mini-nordik-predator\/#breadcrumb\"},\"inLanguage\":\"fr-FR\",\"potentialAction\":[{\"@type\":\"ReadAction\",\"target\":[\"https:\/\/staging.lucky-hunter.com\/fr\/product\/mini-nordik-predator\/\"]}]},{\"@type\":\"ImageObject\",\"inLanguage\":\"fr-FR\",\"@id\":\"https:\/\/staging.lucky-hunter.com\/fr\/product\/mini-nordik-predator\/#primaryimage\",\"url\":\"https:\/\/staging.lucky-hunter.com\/wp-content\/uploads\/2016\/11\/LK-40-1.png\",\"contentUrl\":\"https:\/\/staging.lucky-hunter.com\/wp-content\/uploads\/2016\/11\/LK-40-1.png\",\"width\":1000,\"height\":1000},{\"@type\":\"BreadcrumbList\",\"@id\":\"https:\/\/staging.lucky-hunter.com\/fr\/product\/mini-nordik-predator\/#breadcrumb\",\"itemListElement\":[{\"@type\":\"ListItem\",\"position\":1,\"name\":\"Home\",\"item\":\"https:\/\/staging.lucky-hunter.com\/fr\/\"},{\"@type\":\"ListItem\",\"position\":2,\"name\":\"Boutique\",\"item\":\"https:\/\/staging.lucky-hunter.com\/fr\/shop\/\"},{\"@type\":\"ListItem\",\"position\":3,\"name\":\"Nordik Predator\"}]},{\"@type\":\"WebSite\",\"@id\":\"https:\/\/staging.lucky-hunter.com\/#website\",\"url\":\"https:\/\/staging.lucky-hunter.com\/\",\"name\":\"Lucky-Hunter\",\"description\":\"Gear Up or Give Up\",\"potentialAction\":[{\"@type\":\"SearchAction\",\"target\":{\"@type\":\"EntryPoint\",\"urlTemplate\":\"https:\/\/staging.lucky-hunter.com\/?s={search_term_string}\"},\"query-input\":{\"@type\":\"PropertyValueSpecification\",\"valueRequired\":true,\"valueName\":\"search_term_string\"}}],\"inLanguage\":\"fr-FR\"}]}<\/script>\n<!-- \/ Yoast SEO plugin. -->","yoast_head_json":{"title":"Mini Nordik Predator - Un appeau \u00ab\u00a0de secours\u00a0\u00bb parfait \u00e0 la place de l\u2019appeau Nordik Predator Pr\u00e9-Accord\u00e9","description":"Cet appeau \u00e0 renards est tr\u00e8s similaire \u00e0 l\u2019appeau Nordik Predator Pr\u00e9-Accord\u00e9. Le tube \u00e9tant plus petit, le son n'est pas aussi \u00e9lev\u00e9, mais il permet de produire un son plus vivant.","robots":{"index":"noindex","follow":"follow","max-snippet":"max-snippet:-1","max-image-preview":"max-image-preview:large","max-video-preview":"max-video-preview:-1"},"og_locale":"fr_FR","og_type":"article","og_title":"Mini Nordik Predator - Un appeau \u00ab\u00a0de secours\u00a0\u00bb parfait \u00e0 la place de l\u2019appeau Nordik Predator Pr\u00e9-Accord\u00e9","og_description":"Cet appeau \u00e0 renards est tr\u00e8s similaire \u00e0 l\u2019appeau Nordik Predator Pr\u00e9-Accord\u00e9. Le tube \u00e9tant plus petit, le son n'est pas aussi \u00e9lev\u00e9, mais il permet de produire un son plus vivant.","og_url":"https:\/\/staging.lucky-hunter.com\/fr\/product\/mini-nordik-predator\/","og_site_name":"Lucky-Hunter","og_image":[{"width":1000,"height":1000,"url":"https:\/\/staging.lucky-hunter.com\/wp-content\/uploads\/2016\/11\/LK-40-1.png","type":"image\/png"}],"twitter_card":"summary_large_image","twitter_misc":{"Dur\u00e9e de lecture estim\u00e9e":"1 minute"},"schema":{"@context":"https:\/\/schema.org","@graph":[{"@type":"WebPage","@id":"https:\/\/staging.lucky-hunter.com\/fr\/product\/mini-nordik-predator\/","url":"https:\/\/staging.lucky-hunter.com\/fr\/product\/mini-nordik-predator\/","name":"Mini Nordik Predator - Un appeau \u00ab\u00a0de secours\u00a0\u00bb parfait \u00e0 la place de l\u2019appeau Nordik Predator Pr\u00e9-Accord\u00e9","isPartOf":{"@id":"https:\/\/staging.lucky-hunter.com\/#website"},"primaryImageOfPage":{"@id":"https:\/\/staging.lucky-hunter.com\/fr\/product\/mini-nordik-predator\/#primaryimage"},"image":{"@id":"https:\/\/staging.lucky-hunter.com\/fr\/product\/mini-nordik-predator\/#primaryimage"},"thumbnailUrl":"https:\/\/staging.lucky-hunter.com\/wp-content\/uploads\/2016\/11\/LK-40-1.png","datePublished":"2016-11-07T15:02:47+00:00","dateModified":"2016-11-07T15:02:47+00:00","description":"Cet appeau \u00e0 renards est tr\u00e8s similaire \u00e0 l\u2019appeau Nordik Predator Pr\u00e9-Accord\u00e9. Le tube \u00e9tant plus petit, le son n'est pas aussi \u00e9lev\u00e9, mais il permet de produire un son plus vivant.","breadcrumb":{"@id":"https:\/\/staging.lucky-hunter.com\/fr\/product\/mini-nordik-predator\/#breadcrumb"},"inLanguage":"fr-FR","potentialAction":[{"@type":"ReadAction","target":["https:\/\/staging.lucky-hunter.com\/fr\/product\/mini-nordik-predator\/"]}]},{"@type":"ImageObject","inLanguage":"fr-FR","@id":"https:\/\/staging.lucky-hunter.com\/fr\/product\/mini-nordik-predator\/#primaryimage","url":"https:\/\/staging.lucky-hunter.com\/wp-content\/uploads\/2016\/11\/LK-40-1.png","contentUrl":"https:\/\/staging.lucky-hunter.com\/wp-content\/uploads\/2016\/11\/LK-40-1.png","width":1000,"height":1000},{"@type":"BreadcrumbList","@id":"https:\/\/staging.lucky-hunter.com\/fr\/product\/mini-nordik-predator\/#breadcrumb","itemListElement":[{"@type":"ListItem","position":1,"name":"Home","item":"https:\/\/staging.lucky-hunter.com\/fr\/"},{"@type":"ListItem","position":2,"name":"Boutique","item":"https:\/\/staging.lucky-hunter.com\/fr\/shop\/"},{"@type":"ListItem","position":3,"name":"Nordik Predator"}]},{"@type":"WebSite","@id":"https:\/\/staging.lucky-hunter.com\/#website","url":"https:\/\/staging.lucky-hunter.com\/","name":"Lucky-Hunter","description":"Gear Up or Give Up","potentialAction":[{"@type":"SearchAction","target":{"@type":"EntryPoint","urlTemplate":"https:\/\/staging.lucky-hunter.com\/?s={search_term_string}"},"query-input":{"@type":"PropertyValueSpecification","valueRequired":true,"valueName":"search_term_string"}}],"inLanguage":"fr-FR"}]}},"_links":{"self":[{"href":"https:\/\/staging.lucky-hunter.com\/fr\/wp-json\/wp\/v2\/product\/56793"}],"collection":[{"href":"https:\/\/staging.lucky-hunter.com\/fr\/wp-json\/wp\/v2\/product"}],"about":[{"href":"https:\/\/staging.lucky-hunter.com\/fr\/wp-json\/wp\/v2\/types\/product"}],"wp:featuredmedia":[{"embeddable":true,"href":"https:\/\/staging.lucky-hunter.com\/fr\/wp-json\/wp\/v2\/media\/56885"}],"wp:attachment":[{"href":"https:\/\/staging.lucky-hunter.com\/fr\/wp-json\/wp\/v2\/media?parent=56793"}],"wp:term":[{"taxonomy":"product_brand","embeddable":true,"href":"https:\/\/staging.lucky-hunter.com\/fr\/wp-json\/wp\/v2\/product_brand?post=56793"},{"taxonomy":"product_cat","embeddable":true,"href":"https:\/\/staging.lucky-hunter.com\/fr\/wp-json\/wp\/v2\/product_cat?post=56793"},{"taxonomy":"product_tag","embeddable":true,"href":"https:\/\/staging.lucky-hunter.com\/fr\/wp-json\/wp\/v2\/product_tag?post=56793"}],"curies":[{"name":"wp","href":"https:\/\/api.w.org\/{rel}","templated":true}]}}