{"id":56792,"date":"2023-01-26T12:31:50","date_gmt":"2023-01-26T11:31:50","guid":{"rendered":"https:\/\/staging.lucky-hunter.com\/product\/do-all-smartshot-bluetooth-control\/"},"modified":"2023-01-26T12:31:50","modified_gmt":"2023-01-26T11:31:50","slug":"do-all-smartshot-bluetooth-control","status":"publish","type":"product","link":"https:\/\/staging.lucky-hunter.com\/fr\/product\/do-all-smartshot-bluetooth-control\/","title":{"rendered":"Faire tout le contr\u00f4le Bluetooth &#8220;SmartShot&#8221;"},"content":{"rendered":"<p><iframe title=\"Smart Shot | Throw Clays From Your Phone | Do All Outdoors\" width=\"1020\" height=\"574\" src=\"https:\/\/www.youtube.com\/embed\/YpjxFanY88s?wmode=transparent&amp;rel=0&amp;feature=oembed&#038;enablejsapi=1&#038;origin=https:\/\/staging.lucky-hunter.com\" frameborder=\"0\" allow=\"accelerometer; autoplay; clipboard-write; encrypted-media; gyroscope; picture-in-picture; web-share\" allowfullscreen><\/iframe><\/p>\n<h2>Utilisez votre t\u00e9l\u00e9phone pour contr\u00f4ler votre lanceur d&#8217;argile<\/h2>\n<p>Avec l&#8217;application SmartShot, disponible sur l&#8217;App Store et Google Play, vous pouvez d\u00e9sormais utiliser votre iPhone ou votre smartphone Android pour contr\u00f4ler votre kit Auto Clay Thrower et Wobbler.<\/p>\n<p>Connectez votre appareil au kit et d\u00e9finissez diverses s\u00e9quences que le lanceur doit ex\u00e9cuter en appuyant simplement sur un bouton. Vous pouvez \u00e9galement allumer et \u00e9teindre le kit wobbler et programmer un d\u00e9lai allant jusqu&#8217;\u00e0 10 secondes avant le d\u00e9marrage du lanceur.<\/p>\n<p>L&#8217;application a une port\u00e9e effective de 30 pieds. T\u00e9l\u00e9chargez l&#8217;application SmartShot sur l&#8217;App Store ou Google Play et prenez le contr\u00f4le de votre lanceur d&#8217;argile d\u00e8s aujourd&#8217;hui.<\/p>\n<p><strong>Non compatible avec le Do All Outdoors FireFly.<\/strong><\/p>\n","protected":false},"excerpt":{"rendered":"<p>Contr\u00f4lez votre lanceur d&#8217;argile avec votre smartphone \u00e0 l&#8217;aide de la commande Bluetooth &#8220;Smart Shot&#8221; et de l&#8217;application sur votre t\u00e9l\u00e9phone. Parfait pour une bonne journ\u00e9e d&#8217;entrainement<\/p>\n","protected":false},"featured_media":56684,"template":"","meta":[],"product_brand":[8134],"product_cat":[8172],"product_tag":[],"yoast_head":"<!-- This site is optimized with the Yoast SEO plugin v24.3 - https:\/\/yoast.com\/wordpress\/plugins\/seo\/ -->\n<title>Faire tout le contr\u00f4le Bluetooth &quot;SmartShot&quot; - Lucky-Hunter<\/title>\n<meta name=\"description\" content=\"Contr\u00f4lez votre lanceur d&#039;argile avec votre smartphone \u00e0 l&#039;aide de la commande Bluetooth &quot;Smart Shot&quot; et de l&#039;application sur votre t\u00e9l\u00e9phone. Parfait pour une bonne journ\u00e9e d&#039;entrainement\" \/>\n<meta name=\"robots\" content=\"noindex, follow, max-snippet:-1, max-image-preview:large, max-video-preview:-1\" \/>\n<meta property=\"og:locale\" content=\"fr_FR\" \/>\n<meta property=\"og:type\" content=\"article\" \/>\n<meta property=\"og:title\" content=\"Faire tout le contr\u00f4le Bluetooth &quot;SmartShot&quot; - Lucky-Hunter\" \/>\n<meta property=\"og:description\" content=\"Contr\u00f4lez votre lanceur d&#039;argile avec votre smartphone \u00e0 l&#039;aide de la commande Bluetooth &quot;Smart Shot&quot; et de l&#039;application sur votre t\u00e9l\u00e9phone. Parfait pour une bonne journ\u00e9e d&#039;entrainement\" \/>\n<meta property=\"og:url\" content=\"https:\/\/staging.lucky-hunter.com\/fr\/product\/do-all-smartshot-bluetooth-control\/\" \/>\n<meta property=\"og:site_name\" content=\"Lucky-Hunter\" \/>\n<meta property=\"og:image\" content=\"https:\/\/staging.lucky-hunter.com\/wp-content\/uploads\/2023\/01\/ST-60.png\" \/>\n\t<meta property=\"og:image:width\" content=\"1000\" \/>\n\t<meta property=\"og:image:height\" content=\"1000\" \/>\n\t<meta property=\"og:image:type\" content=\"image\/png\" \/>\n<meta name=\"twitter:card\" content=\"summary_large_image\" \/>\n<meta name=\"twitter:label1\" content=\"Dur\u00e9e de lecture estim\u00e9e\" \/>\n\t<meta name=\"twitter:data1\" content=\"1 minute\" \/>\n<script type=\"application\/ld+json\" class=\"yoast-schema-graph\">{\"@context\":\"https:\/\/schema.org\",\"@graph\":[{\"@type\":\"WebPage\",\"@id\":\"https:\/\/staging.lucky-hunter.com\/fr\/product\/do-all-smartshot-bluetooth-control\/\",\"url\":\"https:\/\/staging.lucky-hunter.com\/fr\/product\/do-all-smartshot-bluetooth-control\/\",\"name\":\"Faire tout le contr\u00f4le Bluetooth \\\"SmartShot\\\" - Lucky-Hunter\",\"isPartOf\":{\"@id\":\"https:\/\/staging.lucky-hunter.com\/#website\"},\"primaryImageOfPage\":{\"@id\":\"https:\/\/staging.lucky-hunter.com\/fr\/product\/do-all-smartshot-bluetooth-control\/#primaryimage\"},\"image\":{\"@id\":\"https:\/\/staging.lucky-hunter.com\/fr\/product\/do-all-smartshot-bluetooth-control\/#primaryimage\"},\"thumbnailUrl\":\"https:\/\/staging.lucky-hunter.com\/wp-content\/uploads\/2023\/01\/ST-60.png\",\"datePublished\":\"2023-01-26T11:31:50+00:00\",\"dateModified\":\"2023-01-26T11:31:50+00:00\",\"description\":\"Contr\u00f4lez votre lanceur d'argile avec votre smartphone \u00e0 l'aide de la commande Bluetooth \\\"Smart Shot\\\" et de l'application sur votre t\u00e9l\u00e9phone. Parfait pour une bonne journ\u00e9e d'entrainement\",\"breadcrumb\":{\"@id\":\"https:\/\/staging.lucky-hunter.com\/fr\/product\/do-all-smartshot-bluetooth-control\/#breadcrumb\"},\"inLanguage\":\"fr-FR\",\"potentialAction\":[{\"@type\":\"ReadAction\",\"target\":[\"https:\/\/staging.lucky-hunter.com\/fr\/product\/do-all-smartshot-bluetooth-control\/\"]}]},{\"@type\":\"ImageObject\",\"inLanguage\":\"fr-FR\",\"@id\":\"https:\/\/staging.lucky-hunter.com\/fr\/product\/do-all-smartshot-bluetooth-control\/#primaryimage\",\"url\":\"https:\/\/staging.lucky-hunter.com\/wp-content\/uploads\/2023\/01\/ST-60.png\",\"contentUrl\":\"https:\/\/staging.lucky-hunter.com\/wp-content\/uploads\/2023\/01\/ST-60.png\",\"width\":1000,\"height\":1000,\"caption\":\"Smart Shot\"},{\"@type\":\"BreadcrumbList\",\"@id\":\"https:\/\/staging.lucky-hunter.com\/fr\/product\/do-all-smartshot-bluetooth-control\/#breadcrumb\",\"itemListElement\":[{\"@type\":\"ListItem\",\"position\":1,\"name\":\"Home\",\"item\":\"https:\/\/staging.lucky-hunter.com\/fr\/\"},{\"@type\":\"ListItem\",\"position\":2,\"name\":\"Boutique\",\"item\":\"https:\/\/staging.lucky-hunter.com\/fr\/shop\/\"},{\"@type\":\"ListItem\",\"position\":3,\"name\":\"Faire tout le contr\u00f4le Bluetooth &#8220;SmartShot&#8221;\"}]},{\"@type\":\"WebSite\",\"@id\":\"https:\/\/staging.lucky-hunter.com\/#website\",\"url\":\"https:\/\/staging.lucky-hunter.com\/\",\"name\":\"Lucky-Hunter\",\"description\":\"Gear Up or Give Up\",\"potentialAction\":[{\"@type\":\"SearchAction\",\"target\":{\"@type\":\"EntryPoint\",\"urlTemplate\":\"https:\/\/staging.lucky-hunter.com\/?s={search_term_string}\"},\"query-input\":{\"@type\":\"PropertyValueSpecification\",\"valueRequired\":true,\"valueName\":\"search_term_string\"}}],\"inLanguage\":\"fr-FR\"}]}<\/script>\n<!-- \/ Yoast SEO plugin. -->","yoast_head_json":{"title":"Faire tout le contr\u00f4le Bluetooth \"SmartShot\" - Lucky-Hunter","description":"Contr\u00f4lez votre lanceur d'argile avec votre smartphone \u00e0 l'aide de la commande Bluetooth \"Smart Shot\" et de l'application sur votre t\u00e9l\u00e9phone. Parfait pour une bonne journ\u00e9e d'entrainement","robots":{"index":"noindex","follow":"follow","max-snippet":"max-snippet:-1","max-image-preview":"max-image-preview:large","max-video-preview":"max-video-preview:-1"},"og_locale":"fr_FR","og_type":"article","og_title":"Faire tout le contr\u00f4le Bluetooth \"SmartShot\" - Lucky-Hunter","og_description":"Contr\u00f4lez votre lanceur d'argile avec votre smartphone \u00e0 l'aide de la commande Bluetooth \"Smart Shot\" et de l'application sur votre t\u00e9l\u00e9phone. Parfait pour une bonne journ\u00e9e d'entrainement","og_url":"https:\/\/staging.lucky-hunter.com\/fr\/product\/do-all-smartshot-bluetooth-control\/","og_site_name":"Lucky-Hunter","og_image":[{"width":1000,"height":1000,"url":"https:\/\/staging.lucky-hunter.com\/wp-content\/uploads\/2023\/01\/ST-60.png","type":"image\/png"}],"twitter_card":"summary_large_image","twitter_misc":{"Dur\u00e9e de lecture estim\u00e9e":"1 minute"},"schema":{"@context":"https:\/\/schema.org","@graph":[{"@type":"WebPage","@id":"https:\/\/staging.lucky-hunter.com\/fr\/product\/do-all-smartshot-bluetooth-control\/","url":"https:\/\/staging.lucky-hunter.com\/fr\/product\/do-all-smartshot-bluetooth-control\/","name":"Faire tout le contr\u00f4le Bluetooth \"SmartShot\" - Lucky-Hunter","isPartOf":{"@id":"https:\/\/staging.lucky-hunter.com\/#website"},"primaryImageOfPage":{"@id":"https:\/\/staging.lucky-hunter.com\/fr\/product\/do-all-smartshot-bluetooth-control\/#primaryimage"},"image":{"@id":"https:\/\/staging.lucky-hunter.com\/fr\/product\/do-all-smartshot-bluetooth-control\/#primaryimage"},"thumbnailUrl":"https:\/\/staging.lucky-hunter.com\/wp-content\/uploads\/2023\/01\/ST-60.png","datePublished":"2023-01-26T11:31:50+00:00","dateModified":"2023-01-26T11:31:50+00:00","description":"Contr\u00f4lez votre lanceur d'argile avec votre smartphone \u00e0 l'aide de la commande Bluetooth \"Smart Shot\" et de l'application sur votre t\u00e9l\u00e9phone. Parfait pour une bonne journ\u00e9e d'entrainement","breadcrumb":{"@id":"https:\/\/staging.lucky-hunter.com\/fr\/product\/do-all-smartshot-bluetooth-control\/#breadcrumb"},"inLanguage":"fr-FR","potentialAction":[{"@type":"ReadAction","target":["https:\/\/staging.lucky-hunter.com\/fr\/product\/do-all-smartshot-bluetooth-control\/"]}]},{"@type":"ImageObject","inLanguage":"fr-FR","@id":"https:\/\/staging.lucky-hunter.com\/fr\/product\/do-all-smartshot-bluetooth-control\/#primaryimage","url":"https:\/\/staging.lucky-hunter.com\/wp-content\/uploads\/2023\/01\/ST-60.png","contentUrl":"https:\/\/staging.lucky-hunter.com\/wp-content\/uploads\/2023\/01\/ST-60.png","width":1000,"height":1000,"caption":"Smart Shot"},{"@type":"BreadcrumbList","@id":"https:\/\/staging.lucky-hunter.com\/fr\/product\/do-all-smartshot-bluetooth-control\/#breadcrumb","itemListElement":[{"@type":"ListItem","position":1,"name":"Home","item":"https:\/\/staging.lucky-hunter.com\/fr\/"},{"@type":"ListItem","position":2,"name":"Boutique","item":"https:\/\/staging.lucky-hunter.com\/fr\/shop\/"},{"@type":"ListItem","position":3,"name":"Faire tout le contr\u00f4le Bluetooth &#8220;SmartShot&#8221;"}]},{"@type":"WebSite","@id":"https:\/\/staging.lucky-hunter.com\/#website","url":"https:\/\/staging.lucky-hunter.com\/","name":"Lucky-Hunter","description":"Gear Up or Give Up","potentialAction":[{"@type":"SearchAction","target":{"@type":"EntryPoint","urlTemplate":"https:\/\/staging.lucky-hunter.com\/?s={search_term_string}"},"query-input":{"@type":"PropertyValueSpecification","valueRequired":true,"valueName":"search_term_string"}}],"inLanguage":"fr-FR"}]}},"_links":{"self":[{"href":"https:\/\/staging.lucky-hunter.com\/fr\/wp-json\/wp\/v2\/product\/56792"}],"collection":[{"href":"https:\/\/staging.lucky-hunter.com\/fr\/wp-json\/wp\/v2\/product"}],"about":[{"href":"https:\/\/staging.lucky-hunter.com\/fr\/wp-json\/wp\/v2\/types\/product"}],"wp:featuredmedia":[{"embeddable":true,"href":"https:\/\/staging.lucky-hunter.com\/fr\/wp-json\/wp\/v2\/media\/56684"}],"wp:attachment":[{"href":"https:\/\/staging.lucky-hunter.com\/fr\/wp-json\/wp\/v2\/media?parent=56792"}],"wp:term":[{"taxonomy":"product_brand","embeddable":true,"href":"https:\/\/staging.lucky-hunter.com\/fr\/wp-json\/wp\/v2\/product_brand?post=56792"},{"taxonomy":"product_cat","embeddable":true,"href":"https:\/\/staging.lucky-hunter.com\/fr\/wp-json\/wp\/v2\/product_cat?post=56792"},{"taxonomy":"product_tag","embeddable":true,"href":"https:\/\/staging.lucky-hunter.com\/fr\/wp-json\/wp\/v2\/product_tag?post=56792"}],"curies":[{"name":"wp","href":"https:\/\/api.w.org\/{rel}","templated":true}]}}