{"id":56786,"date":"2018-01-04T08:15:21","date_gmt":"2018-01-04T07:15:21","guid":{"rendered":"https:\/\/staging.lucky-hunter.com\/product\/dan-thompson-pc1-call\/"},"modified":"2025-07-01T12:45:00","modified_gmt":"2025-07-01T10:45:00","slug":"appeau-jackrabbit-longue-portee-dan-thompson-pc1","status":"publish","type":"product","link":"https:\/\/staging.lucky-hunter.com\/fr\/product\/appeau-jackrabbit-longue-portee-dan-thompson-pc1\/","title":{"rendered":"Appeau Jackrabbit Longue Port\u00e9e &#8211; Dan Thompson PC1"},"content":{"rendered":"<h2><strong>Appeau Longue Port\u00e9e Dan Thompson PC1 &#8211; Parfait pour la chasse au chacal dor\u00e9<\/strong><\/h2>\n<p>Cet appeau \u00e0 pr\u00e9dateurs du fabricant am\u00e9ricain Dan Thompson dispose d\u2019une port\u00e9e extr\u00eamement longue. Il vous permet de reproduire des cris puissants et brutaux de li\u00e8vres et de lapins en d\u00e9tresse.<\/p>\n<p>Avec une port\u00e9e allant jusqu&#8217;\u00e0 1,5 km, il convient particuli\u00e8rement \u00e0 la chasse au chacal dor\u00e9.<\/p>\n<p>Le PC1 est un sifflet ferm\u00e9 et il est donc tr\u00e8s facile \u00e0 utiliser. L&#8217;appeau est fait \u00e0 la main et accord\u00e9 individuellement par John Haslem, qui dirige actuellement Dan Thompson Calls.<\/p>\n<p>L\u2019appeau est fabriqu\u00e9 en bois de noyer d\u2019excellente facture, ce qui assure un ton clair et naturel.<\/p>\n<p>Les appeaux Dan Thomson sont recommand\u00e9s par plusieurs sp\u00e9cialistes de la chasse \u00e0 l\u2019appeau, dont le producteur de films et chasseur su\u00e9dois Ulf Lindroth.<\/p>\n<p>Parfait aussi pour les renards et autres pr\u00e9dateurs attir\u00e9s par les cris d&#8217;une proie en d\u00e9tresse !<\/p>\n<p>Mais vous n&#8217;avez pas besoin d&#8217;\u00eatre un utilisateur d\u2019appeaux exp\u00e9riment\u00e9 pour utiliser un appeau Dan Thompson. Avec un peu de pratique, vous arriverez rapidement \u00e0 produire des sons corrects et, \u00e0 partir de l\u00e0, vous n\u2019aurez pas \u00e0 attendre longtemps avant qu\u2019un renard ne r\u00e9ponde \u00e0 votre appel.<\/p>\n","protected":false},"excerpt":{"rendered":"<p>Appeau \u00e0 pr\u00e9dateurs du fabricant am\u00e9ricain Dan Thompson disposant d\u2019une port\u00e9e extr\u00eamement longue. Il vous permet de reproduire des cris puissants et brutaux de li\u00e8vres et de lapins en d\u00e9tresse.<\/p>\n","protected":false},"featured_media":29625,"template":"","meta":[],"product_brand":[8211],"product_cat":[8234],"product_tag":[9445],"yoast_head":"<!-- This site is optimized with the Yoast SEO plugin v24.3 - https:\/\/yoast.com\/wordpress\/plugins\/seo\/ -->\n<title>Appeau Longue Port\u00e9e Dan Thompson PC1<\/title>\n<meta name=\"description\" content=\"Recr\u00e9ez le son d&#039;un lapin ou d&#039;un li\u00e8vre en d\u00e9tresse. Appeau Longue Port\u00e9e Dan Thompson PC1 - Parfait pour la chasse au chacal dor\u00e9\" \/>\n<meta name=\"robots\" content=\"noindex, follow, max-snippet:-1, max-image-preview:large, max-video-preview:-1\" \/>\n<meta property=\"og:locale\" content=\"fr_FR\" \/>\n<meta property=\"og:type\" content=\"article\" \/>\n<meta property=\"og:title\" content=\"Appeau pour renard Dan Thompson PC1 Appels de jeu | Chasseur chanceux\" \/>\n<meta property=\"og:description\" content=\"Recr\u00e9ez le son d&#039;un lapin ou d&#039;un li\u00e8vre en d\u00e9tresse. L&#039;appeau \u00e0 renard Dan Thompson PC1 est parfait pour la chasse au renard, surtout en hiver.\" \/>\n<meta property=\"og:url\" content=\"https:\/\/staging.lucky-hunter.com\/product\/dan-thompson-pc1-call\/\" \/>\n<meta property=\"og:site_name\" content=\"Lucky-Hunter\" \/>\n<meta property=\"article:modified_time\" content=\"2025-07-01T10:45:00+00:00\" \/>\n<meta property=\"og:image\" content=\"https:\/\/staging.lucky-hunter.com\/wp-content\/uploads\/2018\/01\/LK-151.png\" \/>\n\t<meta property=\"og:image:width\" content=\"1000\" \/>\n\t<meta property=\"og:image:height\" content=\"1000\" \/>\n\t<meta property=\"og:image:type\" content=\"image\/png\" \/>\n<meta name=\"twitter:card\" content=\"summary_large_image\" \/>\n<meta name=\"twitter:title\" content=\"Appeau pour renard Dan Thompson PC1 Appels de jeu | Chasseur chanceux\" \/>\n<meta name=\"twitter:description\" content=\"Recr\u00e9ez le son d&#039;un lapin ou d&#039;un li\u00e8vre en d\u00e9tresse. L&#039;appeau \u00e0 renard Dan Thompson PC1 est parfait pour la chasse au renard, surtout en hiver.\" \/>\n<meta name=\"twitter:label1\" content=\"Dur\u00e9e de lecture estim\u00e9e\" \/>\n\t<meta name=\"twitter:data1\" content=\"2 minutes\" \/>\n<script type=\"application\/ld+json\" class=\"yoast-schema-graph\">{\"@context\":\"https:\/\/schema.org\",\"@graph\":[{\"@type\":\"WebPage\",\"@id\":\"https:\/\/staging.lucky-hunter.com\/product\/dan-thompson-pc1-call\/\",\"url\":\"https:\/\/staging.lucky-hunter.com\/product\/dan-thompson-pc1-call\/\",\"name\":\"Appeau Longue Port\u00e9e Dan Thompson PC1\",\"isPartOf\":{\"@id\":\"https:\/\/staging.lucky-hunter.com\/#website\"},\"primaryImageOfPage\":{\"@id\":\"https:\/\/staging.lucky-hunter.com\/product\/dan-thompson-pc1-call\/#primaryimage\"},\"image\":{\"@id\":\"https:\/\/staging.lucky-hunter.com\/product\/dan-thompson-pc1-call\/#primaryimage\"},\"thumbnailUrl\":\"https:\/\/staging.lucky-hunter.com\/wp-content\/uploads\/2018\/01\/LK-151.png\",\"datePublished\":\"2018-01-04T07:15:21+00:00\",\"dateModified\":\"2025-07-01T10:45:00+00:00\",\"description\":\"Recr\u00e9ez le son d'un lapin ou d'un li\u00e8vre en d\u00e9tresse. Appeau Longue Port\u00e9e Dan Thompson PC1 - Parfait pour la chasse au chacal dor\u00e9\",\"breadcrumb\":{\"@id\":\"https:\/\/staging.lucky-hunter.com\/product\/dan-thompson-pc1-call\/#breadcrumb\"},\"inLanguage\":\"fr-FR\",\"potentialAction\":[{\"@type\":\"ReadAction\",\"target\":[\"https:\/\/staging.lucky-hunter.com\/product\/dan-thompson-pc1-call\/\"]}]},{\"@type\":\"ImageObject\",\"inLanguage\":\"fr-FR\",\"@id\":\"https:\/\/staging.lucky-hunter.com\/product\/dan-thompson-pc1-call\/#primaryimage\",\"url\":\"https:\/\/staging.lucky-hunter.com\/wp-content\/uploads\/2018\/01\/LK-151.png\",\"contentUrl\":\"https:\/\/staging.lucky-hunter.com\/wp-content\/uploads\/2018\/01\/LK-151.png\",\"width\":1000,\"height\":1000,\"caption\":\"Dan Thompson PC1 Long Range Jackrabbit Call\"},{\"@type\":\"BreadcrumbList\",\"@id\":\"https:\/\/staging.lucky-hunter.com\/product\/dan-thompson-pc1-call\/#breadcrumb\",\"itemListElement\":[{\"@type\":\"ListItem\",\"position\":1,\"name\":\"Home\",\"item\":\"https:\/\/staging.lucky-hunter.com\/fr\/\"},{\"@type\":\"ListItem\",\"position\":2,\"name\":\"Boutique\",\"item\":\"https:\/\/staging.lucky-hunter.com\/fr\/shop\/\"},{\"@type\":\"ListItem\",\"position\":3,\"name\":\"Appeau Jackrabbit Longue Port\u00e9e &#8211; Dan Thompson PC1\"}]},{\"@type\":\"WebSite\",\"@id\":\"https:\/\/staging.lucky-hunter.com\/#website\",\"url\":\"https:\/\/staging.lucky-hunter.com\/\",\"name\":\"Lucky-Hunter\",\"description\":\"Gear Up or Give Up\",\"potentialAction\":[{\"@type\":\"SearchAction\",\"target\":{\"@type\":\"EntryPoint\",\"urlTemplate\":\"https:\/\/staging.lucky-hunter.com\/?s={search_term_string}\"},\"query-input\":{\"@type\":\"PropertyValueSpecification\",\"valueRequired\":true,\"valueName\":\"search_term_string\"}}],\"inLanguage\":\"fr-FR\"}]}<\/script>\n<!-- \/ Yoast SEO plugin. -->","yoast_head_json":{"title":"Appeau Longue Port\u00e9e Dan Thompson PC1","description":"Recr\u00e9ez le son d'un lapin ou d'un li\u00e8vre en d\u00e9tresse. Appeau Longue Port\u00e9e Dan Thompson PC1 - Parfait pour la chasse au chacal dor\u00e9","robots":{"index":"noindex","follow":"follow","max-snippet":"max-snippet:-1","max-image-preview":"max-image-preview:large","max-video-preview":"max-video-preview:-1"},"og_locale":"fr_FR","og_type":"article","og_title":"Appeau pour renard Dan Thompson PC1 Appels de jeu | Chasseur chanceux","og_description":"Recr\u00e9ez le son d'un lapin ou d'un li\u00e8vre en d\u00e9tresse. L'appeau \u00e0 renard Dan Thompson PC1 est parfait pour la chasse au renard, surtout en hiver.","og_url":"https:\/\/staging.lucky-hunter.com\/product\/dan-thompson-pc1-call\/","og_site_name":"Lucky-Hunter","article_modified_time":"2025-07-01T10:45:00+00:00","og_image":[{"width":1000,"height":1000,"url":"https:\/\/staging.lucky-hunter.com\/wp-content\/uploads\/2018\/01\/LK-151.png","type":"image\/png"}],"twitter_card":"summary_large_image","twitter_title":"Appeau pour renard Dan Thompson PC1 Appels de jeu | Chasseur chanceux","twitter_description":"Recr\u00e9ez le son d'un lapin ou d'un li\u00e8vre en d\u00e9tresse. L'appeau \u00e0 renard Dan Thompson PC1 est parfait pour la chasse au renard, surtout en hiver.","twitter_misc":{"Dur\u00e9e de lecture estim\u00e9e":"2 minutes"},"schema":{"@context":"https:\/\/schema.org","@graph":[{"@type":"WebPage","@id":"https:\/\/staging.lucky-hunter.com\/product\/dan-thompson-pc1-call\/","url":"https:\/\/staging.lucky-hunter.com\/product\/dan-thompson-pc1-call\/","name":"Appeau Longue Port\u00e9e Dan Thompson PC1","isPartOf":{"@id":"https:\/\/staging.lucky-hunter.com\/#website"},"primaryImageOfPage":{"@id":"https:\/\/staging.lucky-hunter.com\/product\/dan-thompson-pc1-call\/#primaryimage"},"image":{"@id":"https:\/\/staging.lucky-hunter.com\/product\/dan-thompson-pc1-call\/#primaryimage"},"thumbnailUrl":"https:\/\/staging.lucky-hunter.com\/wp-content\/uploads\/2018\/01\/LK-151.png","datePublished":"2018-01-04T07:15:21+00:00","dateModified":"2025-07-01T10:45:00+00:00","description":"Recr\u00e9ez le son d'un lapin ou d'un li\u00e8vre en d\u00e9tresse. Appeau Longue Port\u00e9e Dan Thompson PC1 - Parfait pour la chasse au chacal dor\u00e9","breadcrumb":{"@id":"https:\/\/staging.lucky-hunter.com\/product\/dan-thompson-pc1-call\/#breadcrumb"},"inLanguage":"fr-FR","potentialAction":[{"@type":"ReadAction","target":["https:\/\/staging.lucky-hunter.com\/product\/dan-thompson-pc1-call\/"]}]},{"@type":"ImageObject","inLanguage":"fr-FR","@id":"https:\/\/staging.lucky-hunter.com\/product\/dan-thompson-pc1-call\/#primaryimage","url":"https:\/\/staging.lucky-hunter.com\/wp-content\/uploads\/2018\/01\/LK-151.png","contentUrl":"https:\/\/staging.lucky-hunter.com\/wp-content\/uploads\/2018\/01\/LK-151.png","width":1000,"height":1000,"caption":"Dan Thompson PC1 Long Range Jackrabbit Call"},{"@type":"BreadcrumbList","@id":"https:\/\/staging.lucky-hunter.com\/product\/dan-thompson-pc1-call\/#breadcrumb","itemListElement":[{"@type":"ListItem","position":1,"name":"Home","item":"https:\/\/staging.lucky-hunter.com\/fr\/"},{"@type":"ListItem","position":2,"name":"Boutique","item":"https:\/\/staging.lucky-hunter.com\/fr\/shop\/"},{"@type":"ListItem","position":3,"name":"Appeau Jackrabbit Longue Port\u00e9e &#8211; Dan Thompson PC1"}]},{"@type":"WebSite","@id":"https:\/\/staging.lucky-hunter.com\/#website","url":"https:\/\/staging.lucky-hunter.com\/","name":"Lucky-Hunter","description":"Gear Up or Give Up","potentialAction":[{"@type":"SearchAction","target":{"@type":"EntryPoint","urlTemplate":"https:\/\/staging.lucky-hunter.com\/?s={search_term_string}"},"query-input":{"@type":"PropertyValueSpecification","valueRequired":true,"valueName":"search_term_string"}}],"inLanguage":"fr-FR"}]}},"_links":{"self":[{"href":"https:\/\/staging.lucky-hunter.com\/fr\/wp-json\/wp\/v2\/product\/56786"}],"collection":[{"href":"https:\/\/staging.lucky-hunter.com\/fr\/wp-json\/wp\/v2\/product"}],"about":[{"href":"https:\/\/staging.lucky-hunter.com\/fr\/wp-json\/wp\/v2\/types\/product"}],"wp:featuredmedia":[{"embeddable":true,"href":"https:\/\/staging.lucky-hunter.com\/fr\/wp-json\/wp\/v2\/media\/29625"}],"wp:attachment":[{"href":"https:\/\/staging.lucky-hunter.com\/fr\/wp-json\/wp\/v2\/media?parent=56786"}],"wp:term":[{"taxonomy":"product_brand","embeddable":true,"href":"https:\/\/staging.lucky-hunter.com\/fr\/wp-json\/wp\/v2\/product_brand?post=56786"},{"taxonomy":"product_cat","embeddable":true,"href":"https:\/\/staging.lucky-hunter.com\/fr\/wp-json\/wp\/v2\/product_cat?post=56786"},{"taxonomy":"product_tag","embeddable":true,"href":"https:\/\/staging.lucky-hunter.com\/fr\/wp-json\/wp\/v2\/product_tag?post=56786"}],"curies":[{"name":"wp","href":"https:\/\/api.w.org\/{rel}","templated":true}]}}