{"id":56785,"date":"2016-11-07T16:03:50","date_gmt":"2016-11-07T15:03:50","guid":{"rendered":"https:\/\/staging.lucky-hunter.com\/product\/aluminum-lightweight-high-seat-hs-62\/"},"modified":"2025-09-30T08:21:25","modified_gmt":"2025-09-30T06:21:25","slug":"aluminum-lightweight-high-seat-hs-62","status":"publish","type":"product","link":"https:\/\/staging.lucky-hunter.com\/fr\/product\/aluminum-lightweight-high-seat-hs-62\/","title":{"rendered":"Si\u00e8ge haut HS-62"},"content":{"rendered":"<h2>\u00c9chelle de chasse l\u00e9g\u00e8re en aluminium HS-62<\/h2>\n<p>Nouvelle \u00e9dition de ce c\u00e9l\u00e8bre si\u00e8ge haut en aluminium avec barre de tir r\u00e9glable.<\/p>\n<p>L\u2019HS-62 est une \u00e9chelle de chasse tr\u00e8s flexible et facile \u00e0 transporter pendant la chasse. La barre de tir r\u00e9glable facilite l\u2019ajustement de la hauteur de tir.<\/p>\n<p>Vous pouvez installer l&#8217;\u00e9chelle de chasse rapidement et sans bruit \u00e0 l&#8217;endroit de votre choix. Cette \u00e9chelle est parfaite si vous voulez chasser dans diff\u00e9rents endroits.<\/p>\n<p>L&#8217;\u00e9chelle est dot\u00e9e d\u2019un si\u00e8ge moul\u00e9 confortable et d\u2019un dossier agr\u00e9able.<\/p>\n<p>L&#8217;\u00e9chelle HS-62 est fabriqu\u00e9e en aluminium l\u00e9ger et ne p\u00e8se que 9 kg, elle est donc tr\u00e8s facile \u00e0 manipuler et \u00e0 ranger.<\/p>\n<p><strong>Propos\u00e9e en 2 versions :<\/strong><\/p>\n<ul>\n<li>Avec des boulons en acier ordinaire<\/li>\n<li>Avec des boulons en acier inoxydable et barre de tir en acier \u00e9lectrozingu\u00e9.<\/li>\n<\/ul>\n<p><strong>Caract\u00e9ristiques\u00a0:<\/strong><\/p>\n<ul>\n<li>Hauteur : 2 m\u00e8tres<\/li>\n<li>Poids : 9 kg.<\/li>\n<li>Charge maximum : 125 kg.<\/li>\n<li>Mat\u00e9riau : Aluminium<\/li>\n<li>Surface : Rev\u00eatement en poudre<\/li>\n<li>Livr\u00e9e assembl\u00e9e.\u00b4<\/li>\n<li>Boulons et vis en acier inoxydable A2.<\/li>\n<\/ul>\n<p><strong><em>Veuillez noter que les \u00e9tuis \u00e0 fusil sur l&#8217;image ne sont pas inclus.<\/em><\/strong><\/p>\n","protected":false},"excerpt":{"rendered":"<p>L\u2019\u00e9chelle HS-62 est une \u00e9chelle de chasse tr\u00e8s flexible et facile \u00e0 transporter pendant la chasse. La barre de tir r\u00e9glable facilite l\u2019ajustement de la hauteur de tir.<\/p>\n","protected":false},"featured_media":29775,"template":"","meta":[],"product_brand":[8121],"product_cat":[8205],"product_tag":[],"yoast_head":"<!-- This site is optimized with the Yoast SEO plugin v24.3 - https:\/\/yoast.com\/wordpress\/plugins\/seo\/ -->\n<title>Si\u00e8ge haut en aluminium HS-62 avec barre de tir r\u00e9glable | Lucky Hunter<\/title>\n<meta name=\"description\" content=\"Barre de tir r\u00e9glable pour votre confort. Le si\u00e8ge haut en aluminium HS-62 est dot\u00e9 d&#039;une barre de tir r\u00e9glable. Il est \u00e9galement tr\u00e8s l\u00e9ger : seulement 9 kg.\" \/>\n<meta name=\"robots\" content=\"noindex, follow, max-snippet:-1, max-image-preview:large, max-video-preview:-1\" \/>\n<meta property=\"og:locale\" content=\"fr_FR\" \/>\n<meta property=\"og:type\" content=\"article\" \/>\n<meta property=\"og:title\" content=\"Si\u00e8ge haut en aluminium HS-62 avec barre de tir r\u00e9glable | Lucky Hunter\" \/>\n<meta property=\"og:description\" content=\"Barre de tir r\u00e9glable pour votre confort. Le si\u00e8ge haut en aluminium HS-62 est dot\u00e9 d&#039;une barre de tir r\u00e9glable. Il est \u00e9galement tr\u00e8s l\u00e9ger : seulement 9 kg.\" \/>\n<meta property=\"og:url\" content=\"https:\/\/staging.lucky-hunter.com\/product\/aluminum-lightweight-high-seat-hs-62\/\" \/>\n<meta property=\"og:site_name\" content=\"Lucky-Hunter\" \/>\n<meta property=\"article:modified_time\" content=\"2025-09-30T06:21:25+00:00\" \/>\n<meta property=\"og:image\" content=\"https:\/\/staging.lucky-hunter.com\/wp-content\/uploads\/2016\/11\/hs-62-2.jpg\" \/>\n<meta name=\"twitter:card\" content=\"summary_large_image\" \/>\n<meta name=\"twitter:title\" content=\"Si\u00e8ge haut en aluminium HS-62 avec barre de tir r\u00e9glable | Lucky Hunter\" \/>\n<meta name=\"twitter:description\" content=\"Barre de tir r\u00e9glable pour votre confort. Le si\u00e8ge haut en aluminium HS-62 est dot\u00e9 d&#039;une barre de tir r\u00e9glable. Il est \u00e9galement tr\u00e8s l\u00e9ger : seulement 9 kg.\" \/>\n<meta name=\"twitter:label1\" content=\"Dur\u00e9e de lecture estim\u00e9e\" \/>\n\t<meta name=\"twitter:data1\" content=\"1 minute\" \/>\n<script type=\"application\/ld+json\" class=\"yoast-schema-graph\">{\"@context\":\"https:\/\/schema.org\",\"@graph\":[{\"@type\":\"WebPage\",\"@id\":\"https:\/\/staging.lucky-hunter.com\/product\/aluminum-lightweight-high-seat-hs-62\/\",\"url\":\"https:\/\/staging.lucky-hunter.com\/product\/aluminum-lightweight-high-seat-hs-62\/\",\"name\":\"Si\u00e8ge haut en aluminium HS-62 avec barre de tir r\u00e9glable | Lucky Hunter\",\"isPartOf\":{\"@id\":\"https:\/\/staging.lucky-hunter.com\/#website\"},\"primaryImageOfPage\":{\"@id\":\"https:\/\/staging.lucky-hunter.com\/product\/aluminum-lightweight-high-seat-hs-62\/#primaryimage\"},\"image\":{\"@id\":\"https:\/\/staging.lucky-hunter.com\/product\/aluminum-lightweight-high-seat-hs-62\/#primaryimage\"},\"thumbnailUrl\":\"https:\/\/staging.lucky-hunter.com\/wp-content\/uploads\/2016\/11\/HS-62-1.png\",\"datePublished\":\"2016-11-07T15:03:50+00:00\",\"dateModified\":\"2025-09-30T06:21:25+00:00\",\"description\":\"Barre de tir r\u00e9glable pour votre confort. Le si\u00e8ge haut en aluminium HS-62 est dot\u00e9 d'une barre de tir r\u00e9glable. Il est \u00e9galement tr\u00e8s l\u00e9ger : seulement 9 kg.\",\"breadcrumb\":{\"@id\":\"https:\/\/staging.lucky-hunter.com\/product\/aluminum-lightweight-high-seat-hs-62\/#breadcrumb\"},\"inLanguage\":\"fr-FR\",\"potentialAction\":[{\"@type\":\"ReadAction\",\"target\":[\"https:\/\/staging.lucky-hunter.com\/product\/aluminum-lightweight-high-seat-hs-62\/\"]}]},{\"@type\":\"ImageObject\",\"inLanguage\":\"fr-FR\",\"@id\":\"https:\/\/staging.lucky-hunter.com\/product\/aluminum-lightweight-high-seat-hs-62\/#primaryimage\",\"url\":\"https:\/\/staging.lucky-hunter.com\/wp-content\/uploads\/2016\/11\/HS-62-1.png\",\"contentUrl\":\"https:\/\/staging.lucky-hunter.com\/wp-content\/uploads\/2016\/11\/HS-62-1.png\",\"width\":1000,\"height\":1000},{\"@type\":\"BreadcrumbList\",\"@id\":\"https:\/\/staging.lucky-hunter.com\/product\/aluminum-lightweight-high-seat-hs-62\/#breadcrumb\",\"itemListElement\":[{\"@type\":\"ListItem\",\"position\":1,\"name\":\"Home\",\"item\":\"https:\/\/staging.lucky-hunter.com\/fr\/\"},{\"@type\":\"ListItem\",\"position\":2,\"name\":\"Boutique\",\"item\":\"https:\/\/staging.lucky-hunter.com\/fr\/shop\/\"},{\"@type\":\"ListItem\",\"position\":3,\"name\":\"Si\u00e8ge haut HS-62\"}]},{\"@type\":\"WebSite\",\"@id\":\"https:\/\/staging.lucky-hunter.com\/#website\",\"url\":\"https:\/\/staging.lucky-hunter.com\/\",\"name\":\"Lucky-Hunter\",\"description\":\"Gear Up or Give Up\",\"potentialAction\":[{\"@type\":\"SearchAction\",\"target\":{\"@type\":\"EntryPoint\",\"urlTemplate\":\"https:\/\/staging.lucky-hunter.com\/?s={search_term_string}\"},\"query-input\":{\"@type\":\"PropertyValueSpecification\",\"valueRequired\":true,\"valueName\":\"search_term_string\"}}],\"inLanguage\":\"fr-FR\"}]}<\/script>\n<!-- \/ Yoast SEO plugin. -->","yoast_head_json":{"title":"Si\u00e8ge haut en aluminium HS-62 avec barre de tir r\u00e9glable | Lucky Hunter","description":"Barre de tir r\u00e9glable pour votre confort. Le si\u00e8ge haut en aluminium HS-62 est dot\u00e9 d'une barre de tir r\u00e9glable. Il est \u00e9galement tr\u00e8s l\u00e9ger : seulement 9 kg.","robots":{"index":"noindex","follow":"follow","max-snippet":"max-snippet:-1","max-image-preview":"max-image-preview:large","max-video-preview":"max-video-preview:-1"},"og_locale":"fr_FR","og_type":"article","og_title":"Si\u00e8ge haut en aluminium HS-62 avec barre de tir r\u00e9glable | Lucky Hunter","og_description":"Barre de tir r\u00e9glable pour votre confort. Le si\u00e8ge haut en aluminium HS-62 est dot\u00e9 d'une barre de tir r\u00e9glable. Il est \u00e9galement tr\u00e8s l\u00e9ger : seulement 9 kg.","og_url":"https:\/\/staging.lucky-hunter.com\/product\/aluminum-lightweight-high-seat-hs-62\/","og_site_name":"Lucky-Hunter","article_modified_time":"2025-09-30T06:21:25+00:00","og_image":[{"url":"https:\/\/staging.lucky-hunter.com\/wp-content\/uploads\/2016\/11\/hs-62-2.jpg","type":"","width":"","height":""}],"twitter_card":"summary_large_image","twitter_title":"Si\u00e8ge haut en aluminium HS-62 avec barre de tir r\u00e9glable | Lucky Hunter","twitter_description":"Barre de tir r\u00e9glable pour votre confort. Le si\u00e8ge haut en aluminium HS-62 est dot\u00e9 d'une barre de tir r\u00e9glable. Il est \u00e9galement tr\u00e8s l\u00e9ger : seulement 9 kg.","twitter_misc":{"Dur\u00e9e de lecture estim\u00e9e":"1 minute"},"schema":{"@context":"https:\/\/schema.org","@graph":[{"@type":"WebPage","@id":"https:\/\/staging.lucky-hunter.com\/product\/aluminum-lightweight-high-seat-hs-62\/","url":"https:\/\/staging.lucky-hunter.com\/product\/aluminum-lightweight-high-seat-hs-62\/","name":"Si\u00e8ge haut en aluminium HS-62 avec barre de tir r\u00e9glable | Lucky Hunter","isPartOf":{"@id":"https:\/\/staging.lucky-hunter.com\/#website"},"primaryImageOfPage":{"@id":"https:\/\/staging.lucky-hunter.com\/product\/aluminum-lightweight-high-seat-hs-62\/#primaryimage"},"image":{"@id":"https:\/\/staging.lucky-hunter.com\/product\/aluminum-lightweight-high-seat-hs-62\/#primaryimage"},"thumbnailUrl":"https:\/\/staging.lucky-hunter.com\/wp-content\/uploads\/2016\/11\/HS-62-1.png","datePublished":"2016-11-07T15:03:50+00:00","dateModified":"2025-09-30T06:21:25+00:00","description":"Barre de tir r\u00e9glable pour votre confort. Le si\u00e8ge haut en aluminium HS-62 est dot\u00e9 d'une barre de tir r\u00e9glable. Il est \u00e9galement tr\u00e8s l\u00e9ger : seulement 9 kg.","breadcrumb":{"@id":"https:\/\/staging.lucky-hunter.com\/product\/aluminum-lightweight-high-seat-hs-62\/#breadcrumb"},"inLanguage":"fr-FR","potentialAction":[{"@type":"ReadAction","target":["https:\/\/staging.lucky-hunter.com\/product\/aluminum-lightweight-high-seat-hs-62\/"]}]},{"@type":"ImageObject","inLanguage":"fr-FR","@id":"https:\/\/staging.lucky-hunter.com\/product\/aluminum-lightweight-high-seat-hs-62\/#primaryimage","url":"https:\/\/staging.lucky-hunter.com\/wp-content\/uploads\/2016\/11\/HS-62-1.png","contentUrl":"https:\/\/staging.lucky-hunter.com\/wp-content\/uploads\/2016\/11\/HS-62-1.png","width":1000,"height":1000},{"@type":"BreadcrumbList","@id":"https:\/\/staging.lucky-hunter.com\/product\/aluminum-lightweight-high-seat-hs-62\/#breadcrumb","itemListElement":[{"@type":"ListItem","position":1,"name":"Home","item":"https:\/\/staging.lucky-hunter.com\/fr\/"},{"@type":"ListItem","position":2,"name":"Boutique","item":"https:\/\/staging.lucky-hunter.com\/fr\/shop\/"},{"@type":"ListItem","position":3,"name":"Si\u00e8ge haut HS-62"}]},{"@type":"WebSite","@id":"https:\/\/staging.lucky-hunter.com\/#website","url":"https:\/\/staging.lucky-hunter.com\/","name":"Lucky-Hunter","description":"Gear Up or Give Up","potentialAction":[{"@type":"SearchAction","target":{"@type":"EntryPoint","urlTemplate":"https:\/\/staging.lucky-hunter.com\/?s={search_term_string}"},"query-input":{"@type":"PropertyValueSpecification","valueRequired":true,"valueName":"search_term_string"}}],"inLanguage":"fr-FR"}]}},"_links":{"self":[{"href":"https:\/\/staging.lucky-hunter.com\/fr\/wp-json\/wp\/v2\/product\/56785"}],"collection":[{"href":"https:\/\/staging.lucky-hunter.com\/fr\/wp-json\/wp\/v2\/product"}],"about":[{"href":"https:\/\/staging.lucky-hunter.com\/fr\/wp-json\/wp\/v2\/types\/product"}],"wp:featuredmedia":[{"embeddable":true,"href":"https:\/\/staging.lucky-hunter.com\/fr\/wp-json\/wp\/v2\/media\/29775"}],"wp:attachment":[{"href":"https:\/\/staging.lucky-hunter.com\/fr\/wp-json\/wp\/v2\/media?parent=56785"}],"wp:term":[{"taxonomy":"product_brand","embeddable":true,"href":"https:\/\/staging.lucky-hunter.com\/fr\/wp-json\/wp\/v2\/product_brand?post=56785"},{"taxonomy":"product_cat","embeddable":true,"href":"https:\/\/staging.lucky-hunter.com\/fr\/wp-json\/wp\/v2\/product_cat?post=56785"},{"taxonomy":"product_tag","embeddable":true,"href":"https:\/\/staging.lucky-hunter.com\/fr\/wp-json\/wp\/v2\/product_tag?post=56785"}],"curies":[{"name":"wp","href":"https:\/\/api.w.org\/{rel}","templated":true}]}}