{"id":56774,"date":"2021-02-18T08:31:29","date_gmt":"2021-02-18T07:31:29","guid":{"rendered":"https:\/\/staging.lucky-hunter.com\/product\/attratec-no1-suhlengold-1-kg\/"},"modified":"2025-06-26T14:38:56","modified_gmt":"2025-06-26T12:38:56","slug":"attratec-no1-suhlengold-1-kg","status":"publish","type":"product","link":"https:\/\/staging.lucky-hunter.com\/fr\/product\/attratec-no1-suhlengold-1-kg\/","title":{"rendered":"AttraTec No1 Suhlengold &#8211; 1 kg"},"content":{"rendered":"<h1><strong><span class=\"VIiyi\" lang=\"en\"><span class=\"JLqJ4b ChMk0b\" data-language-for-alternatives=\"en\" data-language-to-translate-into=\"da\" data-phrase-index=\"0\">L\u2019app\u00e2t pr\u00e9f\u00e9r\u00e9 des chasseurs de sangliers depuis 2013<\/span> <\/span><\/strong><\/h1>\n<p><span class=\"VIiyi\" lang=\"en\"><span class=\"JLqJ4b ChMk0b\" data-language-for-alternatives=\"en\" data-language-to-translate-into=\"da\" data-phrase-index=\"2\">A<\/span><\/span><span class=\"VIiyi\" lang=\"en\"><span class=\"JLqJ4b ChMk0b\" data-language-for-alternatives=\"en\" data-language-to-translate-into=\"da\" data-phrase-index=\"2\">ttraTec No1 Suhlengold est un app\u00e2t bioactif pour le sanglier et le gibier sauvage. Il est fait \u00e0 base de goudron de h\u00eatre et contient \u00e9galement des huiles v\u00e9g\u00e9tales qui att\u00e9nuent l&#8217;odeur forte du goudron.<\/span> <\/span><\/p>\n<p><span class=\"VIiyi\" lang=\"en\"><span class=\"JLqJ4b ChMk0b\" data-language-for-alternatives=\"en\" data-language-to-translate-into=\"da\" data-phrase-index=\"4\">Suhlengold est facile \u00e0 appliquer et peut \u00eatre dos\u00e9 directement sur la souche ou sur le bois, ce qui vous \u00e9vite d\u2019avoir des gants et des pinceaux collants ainsi qu\u2019un r\u00e9cipient qui goutte.<\/span> <span class=\"JLqJ4b ChMk0b\" data-language-for-alternatives=\"en\" data-language-to-translate-into=\"da\" data-phrase-index=\"5\">M\u00eame en hiver, \u00e0 basse temp\u00e9rature, Suhlengold reste liquide et facile \u00e0 manipuler.<\/span><\/span><\/p>\n<p><span class=\"VIiyi\" lang=\"en\"><span class=\"JLqJ4b ChMk0b\" data-language-for-alternatives=\"en\" data-language-to-translate-into=\"da\" data-phrase-index=\"0\">Apr\u00e8s utilisation, refermez bien le bouchon de la bouteille et il n\u2019y aura pas la moindre odeur d\u00e9sagr\u00e9able lors du transport du produit dans le sac de chasse ou dans la voiture.<\/span> <\/span><span class=\"VIiyi\" lang=\"en\"><span class=\"JLqJ4b ChMk0b\" data-language-for-alternatives=\"en\" data-language-to-translate-into=\"da\" data-phrase-index=\"1\">Le fabricant a effectu\u00e9 un test de qualit\u00e9 de la bouteille en la laissant tomber d&#8217;une hauteur de 2 m\u00e8tres et elle est rest\u00e9e intacte.<\/span> <\/span><\/p>\n<p><span class=\"VIiyi\" lang=\"en\"><span class=\"JLqJ4b ChMk0b\" data-language-for-alternatives=\"en\" data-language-to-translate-into=\"da\" data-phrase-index=\"3\">AttraTec No1 Suhlengold est facile \u00e0 utiliser et tr\u00e8s efficace.<\/span> <span class=\"JLqJ4b ChMk0b\" data-language-for-alternatives=\"en\" data-language-to-translate-into=\"da\" data-phrase-index=\"4\">Les doses \u00e0 utiliser sont donc relativement faibles, environ<\/span> <span class=\"JLqJ4b ChMk0b\" data-language-for-alternatives=\"en\" data-language-to-translate-into=\"da\" data-phrase-index=\"5\">50 grammes par application.<\/span> <span class=\"JLqJ4b ChMk0b\" data-language-for-alternatives=\"en\" data-language-to-translate-into=\"da\" data-phrase-index=\"7\">Le contenu de la bouteille suffit donc pour environ<\/span> <span class=\"JLqJ4b ChMk0b\" data-language-for-alternatives=\"en\" data-language-to-translate-into=\"da\" data-phrase-index=\"8\">20 applications.<\/span> <\/span><\/p>\n<p><span class=\"VIiyi\" lang=\"en\"><span class=\"JLqJ4b ChMk0b\" data-language-for-alternatives=\"en\" data-language-to-translate-into=\"da\" data-phrase-index=\"10\">La viscosit\u00e9 de l&#8217;AttraTec No1 Suhlengold\u00ae \u00e9tant bien moindre que celle du goudron de h\u00eatre conventionnel, vous pourrez presque utiliser le contenu de la bouteille jusqu&#8217;\u00e0 la derni\u00e8re goutte &#8211; plus de 99\u00a0% utilisables.<\/span> <span class=\"JLqJ4b ChMk0b\" data-language-for-alternatives=\"en\" data-language-to-translate-into=\"da\" data-phrase-index=\"11\">D\u2019ici l\u00e0, vous pourrez v\u00e9rifier \u00e0 tout moment la quantit\u00e9 de contenu gr\u00e2ce \u00e0 la graduation pratique sur la bouteille.<\/span><\/span><\/p>\n<p><strong><span class=\"JLqJ4b ChMk0b\" data-language-for-alternatives=\"en\" data-language-to-translate-into=\"da\" data-phrase-index=\"0\">Informations de s\u00e9curit\u00e9\u00a0:<\/span> <\/strong><\/p>\n<ul>\n<li><span class=\"JLqJ4b ChMk0b\" data-language-for-alternatives=\"en\" data-language-to-translate-into=\"da\" data-phrase-index=\"2\">Le produit peut provoquer une irritation cutan\u00e9e \/ une r\u00e9action allergique cutan\u00e9e \/ une s\u00e9v\u00e8re irritation des yeux<\/span><\/li>\n<li><span class=\"JLqJ4b ChMk0b\" data-language-for-alternatives=\"en\" data-language-to-translate-into=\"da\" data-phrase-index=\"4\">Le produit est nocif pour les organismes aquatiques, avec des effets n\u00e9fastes \u00e0 long terme.<\/span><\/li>\n<li><span class=\"JLqJ4b ChMk0b\" data-language-for-alternatives=\"en\" data-language-to-translate-into=\"da\" data-phrase-index=\"6\">\u00c9viter de respirer les poussi\u00e8res \/ fum\u00e9es \/ gaz \/ brouillards \/ vapeurs \/ a\u00e9rosols<\/span><\/li>\n<li><span class=\"JLqJ4b ChMk0b\" data-language-for-alternatives=\"en\" data-language-to-translate-into=\"da\" data-phrase-index=\"8\">Porter des gants de protection \/ des v\u00eatements de protection \/ un \u00e9quipement de protection des yeux \/ du visage.<\/span><\/li>\n<li><span class=\"JLqJ4b ChMk0b\" data-language-for-alternatives=\"en\" data-language-to-translate-into=\"da\" data-phrase-index=\"10\">En cas d&#8217;irritation ou d&#8217;\u00e9ruption cutan\u00e9e : Consulter un m\u00e9decin<\/span><\/li>\n<li><span class=\"JLqJ4b ChMk0b\" data-language-for-alternatives=\"en\" data-language-to-translate-into=\"da\" data-phrase-index=\"12\">En cas d&#8217;irritation oculaire :<\/span> <span class=\"JLqJ4b ChMk0b\" data-language-for-alternatives=\"en\" data-language-to-translate-into=\"da\" data-phrase-index=\"12\">Consulter un m\u00e9decin<\/span><\/li>\n<li><span class=\"JLqJ4b ChMk0b\" data-language-for-alternatives=\"en\" data-language-to-translate-into=\"da\" data-phrase-index=\"14\">En cas de contact avec les v\u00eatements, rincer les v\u00eatements contamin\u00e9s.<\/span><\/li>\n<\/ul>\n","protected":false},"excerpt":{"rendered":"<p><span class=\"VIiyi\" lang=\"en\"><span class=\"JLqJ4b ChMk0b\" data-language-for-alternatives=\"en\" data-language-to-translate-into=\"da\" data-phrase-index=\"2\">A<\/span><\/span><span class=\"VIiyi\" lang=\"en\"><span class=\"JLqJ4b ChMk0b\" data-language-for-alternatives=\"en\" data-language-to-translate-into=\"da\" data-phrase-index=\"2\">ttraTec No1 Suhlengold est un app\u00e2t bioactif pour le sanglier et le gibier sauvage. Il est fait \u00e0 base de goudron de h\u00eatre et contient \u00e9galement des huiles v\u00e9g\u00e9tales.<\/span><\/span><\/p>\n","protected":false},"featured_media":30115,"template":"","meta":[],"product_brand":[8228],"product_cat":[8253],"product_tag":[9442],"yoast_head":"<!-- This site is optimized with the Yoast SEO plugin v24.3 - https:\/\/yoast.com\/wordpress\/plugins\/seo\/ -->\n<title>AttraTec No1 Suhlengold - 1 kg L\u2019app\u00e2t pr\u00e9f\u00e9r\u00e9 des chasseurs de sangliers<\/title>\n<meta name=\"description\" content=\"AttraTec No1 Suhlengold est un app\u00e2t bioactif pour le sanglier et le gibier sauvage. Il est fait \u00e0 base de goudron de h\u00eatre et contient \u00e9galement des huiles v\u00e9g\u00e9tales.\" \/>\n<meta name=\"robots\" content=\"noindex, follow, max-snippet:-1, max-image-preview:large, max-video-preview:-1\" \/>\n<meta property=\"og:locale\" content=\"fr_FR\" \/>\n<meta property=\"og:type\" content=\"article\" \/>\n<meta property=\"og:title\" content=\"AttraTec No1 Suhlengold - 1 kg L\u2019app\u00e2t pr\u00e9f\u00e9r\u00e9 des chasseurs de sangliers\" \/>\n<meta property=\"og:description\" content=\"AttraTec No1 Suhlengold est un app\u00e2t bioactif pour le sanglier et le gibier sauvage. Il est fait \u00e0 base de goudron de h\u00eatre et contient \u00e9galement des huiles v\u00e9g\u00e9tales.\" \/>\n<meta property=\"og:url\" content=\"https:\/\/staging.lucky-hunter.com\/fr\/product\/attratec-no1-suhlengold-1-kg\/\" \/>\n<meta property=\"og:site_name\" content=\"Lucky-Hunter\" \/>\n<meta property=\"article:modified_time\" content=\"2025-06-26T12:38:56+00:00\" \/>\n<meta property=\"og:image\" content=\"https:\/\/staging.lucky-hunter.com\/wp-content\/uploads\/2021\/02\/LM-510.png\" \/>\n\t<meta property=\"og:image:width\" content=\"1000\" \/>\n\t<meta property=\"og:image:height\" content=\"1000\" \/>\n\t<meta property=\"og:image:type\" content=\"image\/png\" \/>\n<meta name=\"twitter:card\" content=\"summary_large_image\" \/>\n<meta name=\"twitter:label1\" content=\"Dur\u00e9e de lecture estim\u00e9e\" \/>\n\t<meta name=\"twitter:data1\" content=\"2 minutes\" \/>\n<script type=\"application\/ld+json\" class=\"yoast-schema-graph\">{\"@context\":\"https:\/\/schema.org\",\"@graph\":[{\"@type\":\"WebPage\",\"@id\":\"https:\/\/staging.lucky-hunter.com\/fr\/product\/attratec-no1-suhlengold-1-kg\/\",\"url\":\"https:\/\/staging.lucky-hunter.com\/fr\/product\/attratec-no1-suhlengold-1-kg\/\",\"name\":\"AttraTec No1 Suhlengold - 1 kg L\u2019app\u00e2t pr\u00e9f\u00e9r\u00e9 des chasseurs de sangliers\",\"isPartOf\":{\"@id\":\"https:\/\/staging.lucky-hunter.com\/#website\"},\"primaryImageOfPage\":{\"@id\":\"https:\/\/staging.lucky-hunter.com\/fr\/product\/attratec-no1-suhlengold-1-kg\/#primaryimage\"},\"image\":{\"@id\":\"https:\/\/staging.lucky-hunter.com\/fr\/product\/attratec-no1-suhlengold-1-kg\/#primaryimage\"},\"thumbnailUrl\":\"https:\/\/staging.lucky-hunter.com\/wp-content\/uploads\/2021\/02\/LM-510.png\",\"datePublished\":\"2021-02-18T07:31:29+00:00\",\"dateModified\":\"2025-06-26T12:38:56+00:00\",\"description\":\"AttraTec No1 Suhlengold est un app\u00e2t bioactif pour le sanglier et le gibier sauvage. Il est fait \u00e0 base de goudron de h\u00eatre et contient \u00e9galement des huiles v\u00e9g\u00e9tales.\",\"breadcrumb\":{\"@id\":\"https:\/\/staging.lucky-hunter.com\/fr\/product\/attratec-no1-suhlengold-1-kg\/#breadcrumb\"},\"inLanguage\":\"fr-FR\",\"potentialAction\":[{\"@type\":\"ReadAction\",\"target\":[\"https:\/\/staging.lucky-hunter.com\/fr\/product\/attratec-no1-suhlengold-1-kg\/\"]}]},{\"@type\":\"ImageObject\",\"inLanguage\":\"fr-FR\",\"@id\":\"https:\/\/staging.lucky-hunter.com\/fr\/product\/attratec-no1-suhlengold-1-kg\/#primaryimage\",\"url\":\"https:\/\/staging.lucky-hunter.com\/wp-content\/uploads\/2021\/02\/LM-510.png\",\"contentUrl\":\"https:\/\/staging.lucky-hunter.com\/wp-content\/uploads\/2021\/02\/LM-510.png\",\"width\":1000,\"height\":1000},{\"@type\":\"BreadcrumbList\",\"@id\":\"https:\/\/staging.lucky-hunter.com\/fr\/product\/attratec-no1-suhlengold-1-kg\/#breadcrumb\",\"itemListElement\":[{\"@type\":\"ListItem\",\"position\":1,\"name\":\"Home\",\"item\":\"https:\/\/staging.lucky-hunter.com\/fr\/\"},{\"@type\":\"ListItem\",\"position\":2,\"name\":\"Boutique\",\"item\":\"https:\/\/staging.lucky-hunter.com\/fr\/shop\/\"},{\"@type\":\"ListItem\",\"position\":3,\"name\":\"AttraTec No1 Suhlengold &#8211; 1 kg\"}]},{\"@type\":\"WebSite\",\"@id\":\"https:\/\/staging.lucky-hunter.com\/#website\",\"url\":\"https:\/\/staging.lucky-hunter.com\/\",\"name\":\"Lucky-Hunter\",\"description\":\"Gear Up or Give Up\",\"potentialAction\":[{\"@type\":\"SearchAction\",\"target\":{\"@type\":\"EntryPoint\",\"urlTemplate\":\"https:\/\/staging.lucky-hunter.com\/?s={search_term_string}\"},\"query-input\":{\"@type\":\"PropertyValueSpecification\",\"valueRequired\":true,\"valueName\":\"search_term_string\"}}],\"inLanguage\":\"fr-FR\"}]}<\/script>\n<!-- \/ Yoast SEO plugin. -->","yoast_head_json":{"title":"AttraTec No1 Suhlengold - 1 kg L\u2019app\u00e2t pr\u00e9f\u00e9r\u00e9 des chasseurs de sangliers","description":"AttraTec No1 Suhlengold est un app\u00e2t bioactif pour le sanglier et le gibier sauvage. Il est fait \u00e0 base de goudron de h\u00eatre et contient \u00e9galement des huiles v\u00e9g\u00e9tales.","robots":{"index":"noindex","follow":"follow","max-snippet":"max-snippet:-1","max-image-preview":"max-image-preview:large","max-video-preview":"max-video-preview:-1"},"og_locale":"fr_FR","og_type":"article","og_title":"AttraTec No1 Suhlengold - 1 kg L\u2019app\u00e2t pr\u00e9f\u00e9r\u00e9 des chasseurs de sangliers","og_description":"AttraTec No1 Suhlengold est un app\u00e2t bioactif pour le sanglier et le gibier sauvage. Il est fait \u00e0 base de goudron de h\u00eatre et contient \u00e9galement des huiles v\u00e9g\u00e9tales.","og_url":"https:\/\/staging.lucky-hunter.com\/fr\/product\/attratec-no1-suhlengold-1-kg\/","og_site_name":"Lucky-Hunter","article_modified_time":"2025-06-26T12:38:56+00:00","og_image":[{"width":1000,"height":1000,"url":"https:\/\/staging.lucky-hunter.com\/wp-content\/uploads\/2021\/02\/LM-510.png","type":"image\/png"}],"twitter_card":"summary_large_image","twitter_misc":{"Dur\u00e9e de lecture estim\u00e9e":"2 minutes"},"schema":{"@context":"https:\/\/schema.org","@graph":[{"@type":"WebPage","@id":"https:\/\/staging.lucky-hunter.com\/fr\/product\/attratec-no1-suhlengold-1-kg\/","url":"https:\/\/staging.lucky-hunter.com\/fr\/product\/attratec-no1-suhlengold-1-kg\/","name":"AttraTec No1 Suhlengold - 1 kg L\u2019app\u00e2t pr\u00e9f\u00e9r\u00e9 des chasseurs de sangliers","isPartOf":{"@id":"https:\/\/staging.lucky-hunter.com\/#website"},"primaryImageOfPage":{"@id":"https:\/\/staging.lucky-hunter.com\/fr\/product\/attratec-no1-suhlengold-1-kg\/#primaryimage"},"image":{"@id":"https:\/\/staging.lucky-hunter.com\/fr\/product\/attratec-no1-suhlengold-1-kg\/#primaryimage"},"thumbnailUrl":"https:\/\/staging.lucky-hunter.com\/wp-content\/uploads\/2021\/02\/LM-510.png","datePublished":"2021-02-18T07:31:29+00:00","dateModified":"2025-06-26T12:38:56+00:00","description":"AttraTec No1 Suhlengold est un app\u00e2t bioactif pour le sanglier et le gibier sauvage. Il est fait \u00e0 base de goudron de h\u00eatre et contient \u00e9galement des huiles v\u00e9g\u00e9tales.","breadcrumb":{"@id":"https:\/\/staging.lucky-hunter.com\/fr\/product\/attratec-no1-suhlengold-1-kg\/#breadcrumb"},"inLanguage":"fr-FR","potentialAction":[{"@type":"ReadAction","target":["https:\/\/staging.lucky-hunter.com\/fr\/product\/attratec-no1-suhlengold-1-kg\/"]}]},{"@type":"ImageObject","inLanguage":"fr-FR","@id":"https:\/\/staging.lucky-hunter.com\/fr\/product\/attratec-no1-suhlengold-1-kg\/#primaryimage","url":"https:\/\/staging.lucky-hunter.com\/wp-content\/uploads\/2021\/02\/LM-510.png","contentUrl":"https:\/\/staging.lucky-hunter.com\/wp-content\/uploads\/2021\/02\/LM-510.png","width":1000,"height":1000},{"@type":"BreadcrumbList","@id":"https:\/\/staging.lucky-hunter.com\/fr\/product\/attratec-no1-suhlengold-1-kg\/#breadcrumb","itemListElement":[{"@type":"ListItem","position":1,"name":"Home","item":"https:\/\/staging.lucky-hunter.com\/fr\/"},{"@type":"ListItem","position":2,"name":"Boutique","item":"https:\/\/staging.lucky-hunter.com\/fr\/shop\/"},{"@type":"ListItem","position":3,"name":"AttraTec No1 Suhlengold &#8211; 1 kg"}]},{"@type":"WebSite","@id":"https:\/\/staging.lucky-hunter.com\/#website","url":"https:\/\/staging.lucky-hunter.com\/","name":"Lucky-Hunter","description":"Gear Up or Give Up","potentialAction":[{"@type":"SearchAction","target":{"@type":"EntryPoint","urlTemplate":"https:\/\/staging.lucky-hunter.com\/?s={search_term_string}"},"query-input":{"@type":"PropertyValueSpecification","valueRequired":true,"valueName":"search_term_string"}}],"inLanguage":"fr-FR"}]}},"_links":{"self":[{"href":"https:\/\/staging.lucky-hunter.com\/fr\/wp-json\/wp\/v2\/product\/56774"}],"collection":[{"href":"https:\/\/staging.lucky-hunter.com\/fr\/wp-json\/wp\/v2\/product"}],"about":[{"href":"https:\/\/staging.lucky-hunter.com\/fr\/wp-json\/wp\/v2\/types\/product"}],"wp:featuredmedia":[{"embeddable":true,"href":"https:\/\/staging.lucky-hunter.com\/fr\/wp-json\/wp\/v2\/media\/30115"}],"wp:attachment":[{"href":"https:\/\/staging.lucky-hunter.com\/fr\/wp-json\/wp\/v2\/media?parent=56774"}],"wp:term":[{"taxonomy":"product_brand","embeddable":true,"href":"https:\/\/staging.lucky-hunter.com\/fr\/wp-json\/wp\/v2\/product_brand?post=56774"},{"taxonomy":"product_cat","embeddable":true,"href":"https:\/\/staging.lucky-hunter.com\/fr\/wp-json\/wp\/v2\/product_cat?post=56774"},{"taxonomy":"product_tag","embeddable":true,"href":"https:\/\/staging.lucky-hunter.com\/fr\/wp-json\/wp\/v2\/product_tag?post=56774"}],"curies":[{"name":"wp","href":"https:\/\/api.w.org\/{rel}","templated":true}]}}