{"id":56627,"date":"2022-06-14T09:41:19","date_gmt":"2022-06-14T07:41:19","guid":{"rendered":"https:\/\/staging.lucky-hunter.com\/product\/niggeloh-dog-harness-follow-trail\/"},"modified":"2022-06-14T09:41:19","modified_gmt":"2022-06-14T07:41:19","slug":"niggeloh-dog-harness-follow-trail","status":"publish","type":"product","link":"https:\/\/staging.lucky-hunter.com\/fr\/product\/niggeloh-dog-harness-follow-trail\/","title":{"rendered":"Harnais pour chien Niggeloh Follow &#8220;TRAIL&#8221;"},"content":{"rendered":"<h2><strong>Harnais pour chiens multi-usages et multi-talents par Niggeloh<\/strong><\/h2>\n<p>Un harnais pour chien professionnel du fabricant allemand Niggeloh. C&#8217;est un \u00e9quipement sans fioritures destin\u00e9 aux tr\u00e8s s\u00e9rieuses \u00e9quipes de ma\u00eetres-chiens.<\/p>\n<p>PISTER : Pister ou traquer : C\u2019est comme vous voulez\u2026 ces fonctions sont programm\u00e9es dans le design. Co-con\u00e7u et test\u00e9 avec des experts ma\u00eetres-chiens \u00e0 la Station de Traque du sud de la For\u00eat-Noire.<\/p>\n<p>Fabriqu\u00e9 \u00e0 la main en Allemagne.<\/p>\n<p>Ce harnais garantit \u00e0 votre chien des performances optimales.<\/p>\n<p>Le harnais est souple et \u00e9lastique ; le chien n&#8217;est pas g\u00ean\u00e9 dans ses mouvements et peut traquer librement avec le nez au sol\u2026 jusqu&#8217;au bout de la piste.<\/p>\n<p>Disponible en taille Small qui convient aux chiens courants \u00e0 pattes courtes (Basset des Alpes), aux grandes races de Terrier, au Beagle, au Caniche Toy, au Pom\u00e9ranien, au Schnauzer nain, etc.<\/p>\n","protected":false},"excerpt":{"rendered":"<p>Ce harnais du fabricant allemand Niggeloh garantit \u00e0 votre chien des performances optimales. Le harnais est souple et \u00e9lastique.<\/p>\n","protected":false},"featured_media":30869,"template":"","meta":[],"product_brand":[8199],"product_cat":[8261],"product_tag":[],"yoast_head":"<!-- This site is optimized with the Yoast SEO plugin v24.3 - https:\/\/yoast.com\/wordpress\/plugins\/seo\/ -->\n<title>Harnais pour chien Niggeloh Follow &quot;TRAIL&quot;<\/title>\n<meta name=\"description\" content=\"Ce harnais du fabricant allemand Niggeloh garantit \u00e0 votre chien des performances optimales. Le harnais est souple et \u00e9lastique.\" \/>\n<meta name=\"robots\" content=\"noindex, follow, max-snippet:-1, max-image-preview:large, max-video-preview:-1\" \/>\n<meta property=\"og:locale\" content=\"fr_FR\" \/>\n<meta property=\"og:type\" content=\"article\" \/>\n<meta property=\"og:title\" content=\"Harnais pour chien Niggeloh Follow &quot;TRAIL&quot;\" \/>\n<meta property=\"og:description\" content=\"Ce harnais du fabricant allemand Niggeloh garantit \u00e0 votre chien des performances optimales. Le harnais est souple et \u00e9lastique.\" \/>\n<meta property=\"og:url\" content=\"https:\/\/staging.lucky-hunter.com\/fr\/product\/niggeloh-dog-harness-follow-trail\/\" \/>\n<meta property=\"og:site_name\" content=\"Lucky-Hunter\" \/>\n<meta property=\"og:image\" content=\"https:\/\/staging.lucky-hunter.com\/wp-content\/uploads\/2022\/06\/151700014-Hundefu\u0308hrgeschirr-Follow-Trail-Gr.-M-rot-gelb-frei-medium-1.png\" \/>\n\t<meta property=\"og:image:width\" content=\"1276\" \/>\n\t<meta property=\"og:image:height\" content=\"1600\" \/>\n\t<meta property=\"og:image:type\" content=\"image\/png\" \/>\n<meta name=\"twitter:card\" content=\"summary_large_image\" \/>\n<meta name=\"twitter:label1\" content=\"Dur\u00e9e de lecture estim\u00e9e\" \/>\n\t<meta name=\"twitter:data1\" content=\"1 minute\" \/>\n<script type=\"application\/ld+json\" class=\"yoast-schema-graph\">{\"@context\":\"https:\/\/schema.org\",\"@graph\":[{\"@type\":\"WebPage\",\"@id\":\"https:\/\/staging.lucky-hunter.com\/fr\/product\/niggeloh-dog-harness-follow-trail\/\",\"url\":\"https:\/\/staging.lucky-hunter.com\/fr\/product\/niggeloh-dog-harness-follow-trail\/\",\"name\":\"Harnais pour chien Niggeloh Follow \\\"TRAIL\\\"\",\"isPartOf\":{\"@id\":\"https:\/\/staging.lucky-hunter.com\/#website\"},\"primaryImageOfPage\":{\"@id\":\"https:\/\/staging.lucky-hunter.com\/fr\/product\/niggeloh-dog-harness-follow-trail\/#primaryimage\"},\"image\":{\"@id\":\"https:\/\/staging.lucky-hunter.com\/fr\/product\/niggeloh-dog-harness-follow-trail\/#primaryimage\"},\"thumbnailUrl\":\"https:\/\/staging.lucky-hunter.com\/wp-content\/uploads\/2022\/06\/151700014-Hundefu\u0308hrgeschirr-Follow-Trail-Gr.-M-rot-gelb-frei-medium-1.png\",\"datePublished\":\"2022-06-14T07:41:19+00:00\",\"dateModified\":\"2022-06-14T07:41:19+00:00\",\"description\":\"Ce harnais du fabricant allemand Niggeloh garantit \u00e0 votre chien des performances optimales. Le harnais est souple et \u00e9lastique.\",\"breadcrumb\":{\"@id\":\"https:\/\/staging.lucky-hunter.com\/fr\/product\/niggeloh-dog-harness-follow-trail\/#breadcrumb\"},\"inLanguage\":\"fr-FR\",\"potentialAction\":[{\"@type\":\"ReadAction\",\"target\":[\"https:\/\/staging.lucky-hunter.com\/fr\/product\/niggeloh-dog-harness-follow-trail\/\"]}]},{\"@type\":\"ImageObject\",\"inLanguage\":\"fr-FR\",\"@id\":\"https:\/\/staging.lucky-hunter.com\/fr\/product\/niggeloh-dog-harness-follow-trail\/#primaryimage\",\"url\":\"https:\/\/staging.lucky-hunter.com\/wp-content\/uploads\/2022\/06\/151700014-Hundefu\u0308hrgeschirr-Follow-Trail-Gr.-M-rot-gelb-frei-medium-1.png\",\"contentUrl\":\"https:\/\/staging.lucky-hunter.com\/wp-content\/uploads\/2022\/06\/151700014-Hundefu\u0308hrgeschirr-Follow-Trail-Gr.-M-rot-gelb-frei-medium-1.png\",\"width\":1276,\"height\":1600},{\"@type\":\"BreadcrumbList\",\"@id\":\"https:\/\/staging.lucky-hunter.com\/fr\/product\/niggeloh-dog-harness-follow-trail\/#breadcrumb\",\"itemListElement\":[{\"@type\":\"ListItem\",\"position\":1,\"name\":\"Home\",\"item\":\"https:\/\/staging.lucky-hunter.com\/fr\/\"},{\"@type\":\"ListItem\",\"position\":2,\"name\":\"Boutique\",\"item\":\"https:\/\/staging.lucky-hunter.com\/fr\/shop\/\"},{\"@type\":\"ListItem\",\"position\":3,\"name\":\"Harnais pour chien Niggeloh Follow &#8220;TRAIL&#8221;\"}]},{\"@type\":\"WebSite\",\"@id\":\"https:\/\/staging.lucky-hunter.com\/#website\",\"url\":\"https:\/\/staging.lucky-hunter.com\/\",\"name\":\"Lucky-Hunter\",\"description\":\"Gear Up or Give Up\",\"potentialAction\":[{\"@type\":\"SearchAction\",\"target\":{\"@type\":\"EntryPoint\",\"urlTemplate\":\"https:\/\/staging.lucky-hunter.com\/?s={search_term_string}\"},\"query-input\":{\"@type\":\"PropertyValueSpecification\",\"valueRequired\":true,\"valueName\":\"search_term_string\"}}],\"inLanguage\":\"fr-FR\"}]}<\/script>\n<!-- \/ Yoast SEO plugin. -->","yoast_head_json":{"title":"Harnais pour chien Niggeloh Follow \"TRAIL\"","description":"Ce harnais du fabricant allemand Niggeloh garantit \u00e0 votre chien des performances optimales. Le harnais est souple et \u00e9lastique.","robots":{"index":"noindex","follow":"follow","max-snippet":"max-snippet:-1","max-image-preview":"max-image-preview:large","max-video-preview":"max-video-preview:-1"},"og_locale":"fr_FR","og_type":"article","og_title":"Harnais pour chien Niggeloh Follow \"TRAIL\"","og_description":"Ce harnais du fabricant allemand Niggeloh garantit \u00e0 votre chien des performances optimales. Le harnais est souple et \u00e9lastique.","og_url":"https:\/\/staging.lucky-hunter.com\/fr\/product\/niggeloh-dog-harness-follow-trail\/","og_site_name":"Lucky-Hunter","og_image":[{"width":1276,"height":1600,"url":"https:\/\/staging.lucky-hunter.com\/wp-content\/uploads\/2022\/06\/151700014-Hundefu\u0308hrgeschirr-Follow-Trail-Gr.-M-rot-gelb-frei-medium-1.png","type":"image\/png"}],"twitter_card":"summary_large_image","twitter_misc":{"Dur\u00e9e de lecture estim\u00e9e":"1 minute"},"schema":{"@context":"https:\/\/schema.org","@graph":[{"@type":"WebPage","@id":"https:\/\/staging.lucky-hunter.com\/fr\/product\/niggeloh-dog-harness-follow-trail\/","url":"https:\/\/staging.lucky-hunter.com\/fr\/product\/niggeloh-dog-harness-follow-trail\/","name":"Harnais pour chien Niggeloh Follow \"TRAIL\"","isPartOf":{"@id":"https:\/\/staging.lucky-hunter.com\/#website"},"primaryImageOfPage":{"@id":"https:\/\/staging.lucky-hunter.com\/fr\/product\/niggeloh-dog-harness-follow-trail\/#primaryimage"},"image":{"@id":"https:\/\/staging.lucky-hunter.com\/fr\/product\/niggeloh-dog-harness-follow-trail\/#primaryimage"},"thumbnailUrl":"https:\/\/staging.lucky-hunter.com\/wp-content\/uploads\/2022\/06\/151700014-Hundefu\u0308hrgeschirr-Follow-Trail-Gr.-M-rot-gelb-frei-medium-1.png","datePublished":"2022-06-14T07:41:19+00:00","dateModified":"2022-06-14T07:41:19+00:00","description":"Ce harnais du fabricant allemand Niggeloh garantit \u00e0 votre chien des performances optimales. Le harnais est souple et \u00e9lastique.","breadcrumb":{"@id":"https:\/\/staging.lucky-hunter.com\/fr\/product\/niggeloh-dog-harness-follow-trail\/#breadcrumb"},"inLanguage":"fr-FR","potentialAction":[{"@type":"ReadAction","target":["https:\/\/staging.lucky-hunter.com\/fr\/product\/niggeloh-dog-harness-follow-trail\/"]}]},{"@type":"ImageObject","inLanguage":"fr-FR","@id":"https:\/\/staging.lucky-hunter.com\/fr\/product\/niggeloh-dog-harness-follow-trail\/#primaryimage","url":"https:\/\/staging.lucky-hunter.com\/wp-content\/uploads\/2022\/06\/151700014-Hundefu\u0308hrgeschirr-Follow-Trail-Gr.-M-rot-gelb-frei-medium-1.png","contentUrl":"https:\/\/staging.lucky-hunter.com\/wp-content\/uploads\/2022\/06\/151700014-Hundefu\u0308hrgeschirr-Follow-Trail-Gr.-M-rot-gelb-frei-medium-1.png","width":1276,"height":1600},{"@type":"BreadcrumbList","@id":"https:\/\/staging.lucky-hunter.com\/fr\/product\/niggeloh-dog-harness-follow-trail\/#breadcrumb","itemListElement":[{"@type":"ListItem","position":1,"name":"Home","item":"https:\/\/staging.lucky-hunter.com\/fr\/"},{"@type":"ListItem","position":2,"name":"Boutique","item":"https:\/\/staging.lucky-hunter.com\/fr\/shop\/"},{"@type":"ListItem","position":3,"name":"Harnais pour chien Niggeloh Follow &#8220;TRAIL&#8221;"}]},{"@type":"WebSite","@id":"https:\/\/staging.lucky-hunter.com\/#website","url":"https:\/\/staging.lucky-hunter.com\/","name":"Lucky-Hunter","description":"Gear Up or Give Up","potentialAction":[{"@type":"SearchAction","target":{"@type":"EntryPoint","urlTemplate":"https:\/\/staging.lucky-hunter.com\/?s={search_term_string}"},"query-input":{"@type":"PropertyValueSpecification","valueRequired":true,"valueName":"search_term_string"}}],"inLanguage":"fr-FR"}]}},"_links":{"self":[{"href":"https:\/\/staging.lucky-hunter.com\/fr\/wp-json\/wp\/v2\/product\/56627"}],"collection":[{"href":"https:\/\/staging.lucky-hunter.com\/fr\/wp-json\/wp\/v2\/product"}],"about":[{"href":"https:\/\/staging.lucky-hunter.com\/fr\/wp-json\/wp\/v2\/types\/product"}],"wp:featuredmedia":[{"embeddable":true,"href":"https:\/\/staging.lucky-hunter.com\/fr\/wp-json\/wp\/v2\/media\/30869"}],"wp:attachment":[{"href":"https:\/\/staging.lucky-hunter.com\/fr\/wp-json\/wp\/v2\/media?parent=56627"}],"wp:term":[{"taxonomy":"product_brand","embeddable":true,"href":"https:\/\/staging.lucky-hunter.com\/fr\/wp-json\/wp\/v2\/product_brand?post=56627"},{"taxonomy":"product_cat","embeddable":true,"href":"https:\/\/staging.lucky-hunter.com\/fr\/wp-json\/wp\/v2\/product_cat?post=56627"},{"taxonomy":"product_tag","embeddable":true,"href":"https:\/\/staging.lucky-hunter.com\/fr\/wp-json\/wp\/v2\/product_tag?post=56627"}],"curies":[{"name":"wp","href":"https:\/\/api.w.org\/{rel}","templated":true}]}}