{"id":56623,"date":"2018-01-31T09:04:42","date_gmt":"2018-01-31T08:04:42","guid":{"rendered":"https:\/\/staging.lucky-hunter.com\/product\/weisskirchen-call-vixen\/"},"modified":"2025-07-01T12:43:18","modified_gmt":"2025-07-01T10:43:18","slug":"appeau-weisskirchen-appeau-renard-en-chaleur","status":"publish","type":"product","link":"https:\/\/staging.lucky-hunter.com\/fr\/product\/appeau-weisskirchen-appeau-renard-en-chaleur\/","title":{"rendered":"Appeau Renard en chaleur &#8211; Weisskirchen"},"content":{"rendered":"<h2><strong>Appeaux Weisskirchen &#8211; Renarde en Chaleur<\/strong><\/h2>\n<p>La fl\u00fbte \u00e0 renard est un instrument qui \u00e9tait d\u00e9j\u00e0 utilis\u00e9 par nos anc\u00eatres pour chercher les renards. L&#8217;appeau Weisskirchen &#8211; Renarde en Chaleur vise \u00e0 reproduire les sons \u00e9mis par une renarde en chaleur \u00e0 la recherche d&#8217;un partenaire dans la r\u00e9gion. Il ne manquera pas d\u2019attirer les m\u00e2les fougueux \u00e0 la recherche d&#8217;une femelle.<\/p>\n<p>Imaginez les g\u00e9missements d\u2019une renarde en chaleur qui cherche un partenaire\u00a0; il s\u2019agit d\u2019un son plut\u00f4t d\u00e9licat et cassant, comme une petite cloche.<\/p>\n<p>Un humain peut entendre cet appeau \u00e0 courte distance mais un renard peut l&#8217;entendre jusqu&#8217;\u00e0 800 m\u00e8tres.<\/p>\n<p>Il fonctionne mieux entre la fin novembre et le mois de mars. Cependant, il peut \u00eatre utilis\u00e9 efficacement toute l&#8217;ann\u00e9e.<\/p>\n<p>Fabriqu\u00e9 en bois pr\u00e9cieux de cerisier, cet appeau est livr\u00e9 avec des instructions d\u00e9taill\u00e9es et un DVD. Cela vous permettra de vous entra\u00eener avant de commencer \u00e0 appeler pour de vrai, et aussi d&#8217;entendre \u00e0 quoi le son devrait ressembler.<\/p>\n","protected":false},"excerpt":{"rendered":"<p>Imaginez les g\u00e9missements d\u2019une renarde en chaleur qui cherche un partenaire ; il s\u2019agit d\u2019un son plut\u00f4t d\u00e9licat et cassant, comme une petite cloche.<\/p>\n","protected":false},"featured_media":29677,"template":"","meta":[],"product_brand":[8203],"product_cat":[8234],"product_tag":[9445],"yoast_head":"<!-- This site is optimized with the Yoast SEO plugin v24.3 - https:\/\/yoast.com\/wordpress\/plugins\/seo\/ -->\n<title>Appeau Weisskirchen - Appeau Renard en chaleur<\/title>\n<meta name=\"description\" content=\"Imitez une renarde en chaleur. L&#039;appel Weisskirchen - Vixen in Heat est parfait pour attirer les renards m\u00e2les fougueux.\" \/>\n<meta name=\"robots\" content=\"noindex, follow, max-snippet:-1, max-image-preview:large, max-video-preview:-1\" \/>\n<meta property=\"og:locale\" content=\"fr_FR\" \/>\n<meta property=\"og:type\" content=\"article\" \/>\n<meta property=\"og:title\" content=\"Appeaux Weisskirchen - Renarde en Chaleur\" \/>\n<meta property=\"og:description\" content=\"Imitez une renarde en chaleur. L&#039;appel Weisskirchen - Vixen in Heat est parfait pour attirer les renards m\u00e2les fougueux. Peut \u00eatre utilis\u00e9 toute l&#039;ann\u00e9e pour l&#039;effet.\" \/>\n<meta property=\"og:url\" content=\"https:\/\/staging.lucky-hunter.com\/fr\/product\/appeau-weisskirchen-appeau-renard-en-chaleur\/\" \/>\n<meta property=\"og:site_name\" content=\"Lucky-Hunter\" \/>\n<meta property=\"article:modified_time\" content=\"2025-07-01T10:43:18+00:00\" \/>\n<meta property=\"og:image\" content=\"https:\/\/staging.lucky-hunter.com\/wp-content\/uploads\/2018\/01\/510520-1.png\" \/>\n\t<meta property=\"og:image:width\" content=\"1000\" \/>\n\t<meta property=\"og:image:height\" content=\"1000\" \/>\n\t<meta property=\"og:image:type\" content=\"image\/png\" \/>\n<meta name=\"twitter:card\" content=\"summary_large_image\" \/>\n<meta name=\"twitter:title\" content=\"Appeaux Weisskirchen - Renarde en Chaleur\" \/>\n<meta name=\"twitter:description\" content=\"Imitez une renarde en chaleur. L&#039;appel Weisskirchen - Vixen in Heat est parfait pour attirer les renards m\u00e2les fougueux. Peut \u00eatre utilis\u00e9 toute l&#039;ann\u00e9e pour l&#039;effet.\" \/>\n<meta name=\"twitter:label1\" content=\"Dur\u00e9e de lecture estim\u00e9e\" \/>\n\t<meta name=\"twitter:data1\" content=\"1 minute\" \/>\n<script type=\"application\/ld+json\" class=\"yoast-schema-graph\">{\"@context\":\"https:\/\/schema.org\",\"@graph\":[{\"@type\":\"WebPage\",\"@id\":\"https:\/\/staging.lucky-hunter.com\/fr\/product\/appeau-weisskirchen-appeau-renard-en-chaleur\/\",\"url\":\"https:\/\/staging.lucky-hunter.com\/fr\/product\/appeau-weisskirchen-appeau-renard-en-chaleur\/\",\"name\":\"Appeau Weisskirchen - Appeau Renard en chaleur\",\"isPartOf\":{\"@id\":\"https:\/\/staging.lucky-hunter.com\/#website\"},\"primaryImageOfPage\":{\"@id\":\"https:\/\/staging.lucky-hunter.com\/fr\/product\/appeau-weisskirchen-appeau-renard-en-chaleur\/#primaryimage\"},\"image\":{\"@id\":\"https:\/\/staging.lucky-hunter.com\/fr\/product\/appeau-weisskirchen-appeau-renard-en-chaleur\/#primaryimage\"},\"thumbnailUrl\":\"https:\/\/staging.lucky-hunter.com\/wp-content\/uploads\/2018\/01\/510520-1.png\",\"datePublished\":\"2018-01-31T08:04:42+00:00\",\"dateModified\":\"2025-07-01T10:43:18+00:00\",\"description\":\"Imitez une renarde en chaleur. L'appel Weisskirchen - Vixen in Heat est parfait pour attirer les renards m\u00e2les fougueux.\",\"breadcrumb\":{\"@id\":\"https:\/\/staging.lucky-hunter.com\/fr\/product\/appeau-weisskirchen-appeau-renard-en-chaleur\/#breadcrumb\"},\"inLanguage\":\"fr-FR\",\"potentialAction\":[{\"@type\":\"ReadAction\",\"target\":[\"https:\/\/staging.lucky-hunter.com\/fr\/product\/appeau-weisskirchen-appeau-renard-en-chaleur\/\"]}]},{\"@type\":\"ImageObject\",\"inLanguage\":\"fr-FR\",\"@id\":\"https:\/\/staging.lucky-hunter.com\/fr\/product\/appeau-weisskirchen-appeau-renard-en-chaleur\/#primaryimage\",\"url\":\"https:\/\/staging.lucky-hunter.com\/wp-content\/uploads\/2018\/01\/510520-1.png\",\"contentUrl\":\"https:\/\/staging.lucky-hunter.com\/wp-content\/uploads\/2018\/01\/510520-1.png\",\"width\":1000,\"height\":1000,\"caption\":\"Image of the Weisskirchen call - Vixen in Heat\"},{\"@type\":\"BreadcrumbList\",\"@id\":\"https:\/\/staging.lucky-hunter.com\/fr\/product\/appeau-weisskirchen-appeau-renard-en-chaleur\/#breadcrumb\",\"itemListElement\":[{\"@type\":\"ListItem\",\"position\":1,\"name\":\"Home\",\"item\":\"https:\/\/staging.lucky-hunter.com\/fr\/\"},{\"@type\":\"ListItem\",\"position\":2,\"name\":\"Boutique\",\"item\":\"https:\/\/staging.lucky-hunter.com\/fr\/shop\/\"},{\"@type\":\"ListItem\",\"position\":3,\"name\":\"Appeau Renard en chaleur &#8211; Weisskirchen\"}]},{\"@type\":\"WebSite\",\"@id\":\"https:\/\/staging.lucky-hunter.com\/#website\",\"url\":\"https:\/\/staging.lucky-hunter.com\/\",\"name\":\"Lucky-Hunter\",\"description\":\"Gear Up or Give Up\",\"potentialAction\":[{\"@type\":\"SearchAction\",\"target\":{\"@type\":\"EntryPoint\",\"urlTemplate\":\"https:\/\/staging.lucky-hunter.com\/?s={search_term_string}\"},\"query-input\":{\"@type\":\"PropertyValueSpecification\",\"valueRequired\":true,\"valueName\":\"search_term_string\"}}],\"inLanguage\":\"fr-FR\"}]}<\/script>\n<!-- \/ Yoast SEO plugin. -->","yoast_head_json":{"title":"Appeau Weisskirchen - Appeau Renard en chaleur","description":"Imitez une renarde en chaleur. L'appel Weisskirchen - Vixen in Heat est parfait pour attirer les renards m\u00e2les fougueux.","robots":{"index":"noindex","follow":"follow","max-snippet":"max-snippet:-1","max-image-preview":"max-image-preview:large","max-video-preview":"max-video-preview:-1"},"og_locale":"fr_FR","og_type":"article","og_title":"Appeaux Weisskirchen - Renarde en Chaleur","og_description":"Imitez une renarde en chaleur. L'appel Weisskirchen - Vixen in Heat est parfait pour attirer les renards m\u00e2les fougueux. Peut \u00eatre utilis\u00e9 toute l'ann\u00e9e pour l'effet.","og_url":"https:\/\/staging.lucky-hunter.com\/fr\/product\/appeau-weisskirchen-appeau-renard-en-chaleur\/","og_site_name":"Lucky-Hunter","article_modified_time":"2025-07-01T10:43:18+00:00","og_image":[{"width":1000,"height":1000,"url":"https:\/\/staging.lucky-hunter.com\/wp-content\/uploads\/2018\/01\/510520-1.png","type":"image\/png"}],"twitter_card":"summary_large_image","twitter_title":"Appeaux Weisskirchen - Renarde en Chaleur","twitter_description":"Imitez une renarde en chaleur. L'appel Weisskirchen - Vixen in Heat est parfait pour attirer les renards m\u00e2les fougueux. Peut \u00eatre utilis\u00e9 toute l'ann\u00e9e pour l'effet.","twitter_misc":{"Dur\u00e9e de lecture estim\u00e9e":"1 minute"},"schema":{"@context":"https:\/\/schema.org","@graph":[{"@type":"WebPage","@id":"https:\/\/staging.lucky-hunter.com\/fr\/product\/appeau-weisskirchen-appeau-renard-en-chaleur\/","url":"https:\/\/staging.lucky-hunter.com\/fr\/product\/appeau-weisskirchen-appeau-renard-en-chaleur\/","name":"Appeau Weisskirchen - Appeau Renard en chaleur","isPartOf":{"@id":"https:\/\/staging.lucky-hunter.com\/#website"},"primaryImageOfPage":{"@id":"https:\/\/staging.lucky-hunter.com\/fr\/product\/appeau-weisskirchen-appeau-renard-en-chaleur\/#primaryimage"},"image":{"@id":"https:\/\/staging.lucky-hunter.com\/fr\/product\/appeau-weisskirchen-appeau-renard-en-chaleur\/#primaryimage"},"thumbnailUrl":"https:\/\/staging.lucky-hunter.com\/wp-content\/uploads\/2018\/01\/510520-1.png","datePublished":"2018-01-31T08:04:42+00:00","dateModified":"2025-07-01T10:43:18+00:00","description":"Imitez une renarde en chaleur. L'appel Weisskirchen - Vixen in Heat est parfait pour attirer les renards m\u00e2les fougueux.","breadcrumb":{"@id":"https:\/\/staging.lucky-hunter.com\/fr\/product\/appeau-weisskirchen-appeau-renard-en-chaleur\/#breadcrumb"},"inLanguage":"fr-FR","potentialAction":[{"@type":"ReadAction","target":["https:\/\/staging.lucky-hunter.com\/fr\/product\/appeau-weisskirchen-appeau-renard-en-chaleur\/"]}]},{"@type":"ImageObject","inLanguage":"fr-FR","@id":"https:\/\/staging.lucky-hunter.com\/fr\/product\/appeau-weisskirchen-appeau-renard-en-chaleur\/#primaryimage","url":"https:\/\/staging.lucky-hunter.com\/wp-content\/uploads\/2018\/01\/510520-1.png","contentUrl":"https:\/\/staging.lucky-hunter.com\/wp-content\/uploads\/2018\/01\/510520-1.png","width":1000,"height":1000,"caption":"Image of the Weisskirchen call - Vixen in Heat"},{"@type":"BreadcrumbList","@id":"https:\/\/staging.lucky-hunter.com\/fr\/product\/appeau-weisskirchen-appeau-renard-en-chaleur\/#breadcrumb","itemListElement":[{"@type":"ListItem","position":1,"name":"Home","item":"https:\/\/staging.lucky-hunter.com\/fr\/"},{"@type":"ListItem","position":2,"name":"Boutique","item":"https:\/\/staging.lucky-hunter.com\/fr\/shop\/"},{"@type":"ListItem","position":3,"name":"Appeau Renard en chaleur &#8211; Weisskirchen"}]},{"@type":"WebSite","@id":"https:\/\/staging.lucky-hunter.com\/#website","url":"https:\/\/staging.lucky-hunter.com\/","name":"Lucky-Hunter","description":"Gear Up or Give Up","potentialAction":[{"@type":"SearchAction","target":{"@type":"EntryPoint","urlTemplate":"https:\/\/staging.lucky-hunter.com\/?s={search_term_string}"},"query-input":{"@type":"PropertyValueSpecification","valueRequired":true,"valueName":"search_term_string"}}],"inLanguage":"fr-FR"}]}},"_links":{"self":[{"href":"https:\/\/staging.lucky-hunter.com\/fr\/wp-json\/wp\/v2\/product\/56623"}],"collection":[{"href":"https:\/\/staging.lucky-hunter.com\/fr\/wp-json\/wp\/v2\/product"}],"about":[{"href":"https:\/\/staging.lucky-hunter.com\/fr\/wp-json\/wp\/v2\/types\/product"}],"wp:featuredmedia":[{"embeddable":true,"href":"https:\/\/staging.lucky-hunter.com\/fr\/wp-json\/wp\/v2\/media\/29677"}],"wp:attachment":[{"href":"https:\/\/staging.lucky-hunter.com\/fr\/wp-json\/wp\/v2\/media?parent=56623"}],"wp:term":[{"taxonomy":"product_brand","embeddable":true,"href":"https:\/\/staging.lucky-hunter.com\/fr\/wp-json\/wp\/v2\/product_brand?post=56623"},{"taxonomy":"product_cat","embeddable":true,"href":"https:\/\/staging.lucky-hunter.com\/fr\/wp-json\/wp\/v2\/product_cat?post=56623"},{"taxonomy":"product_tag","embeddable":true,"href":"https:\/\/staging.lucky-hunter.com\/fr\/wp-json\/wp\/v2\/product_tag?post=56623"}],"curies":[{"name":"wp","href":"https:\/\/api.w.org\/{rel}","templated":true}]}}