{"id":56622,"date":"2022-11-17T14:40:49","date_gmt":"2022-11-17T13:40:49","guid":{"rendered":"https:\/\/staging.lucky-hunter.com\/product\/barnacle-goose-call-tda-shorty-pro\/"},"modified":"2022-11-17T14:40:49","modified_gmt":"2022-11-17T13:40:49","slug":"barnacle-goose-call-tda-shorty-pro","status":"publish","type":"product","link":"https:\/\/staging.lucky-hunter.com\/fr\/product\/barnacle-goose-call-tda-shorty-pro\/","title":{"rendered":"Appeau \u00e0 Bernaches Nonnettes &#8211; TDA Shorty Pro"},"content":{"rendered":"<h1>TDA Shorty Pro \u2013 Appeau fait-main pour les Bernaches nonnettes<\/h1>\n<p>Con\u00e7u pour appeler les Bernaches nonnettes sur de longues distances, l&#8217;appeau \u00e0 oies \u00ab\u00a0TDA Shorty Pro\u00a0\u00bb\u00a0fonctionne aussi tr\u00e8s bien lorsqu&#8217;elles se rapprochent.<\/p>\n<p>L&#8217;appeau est d\u00e9velopp\u00e9, fabriqu\u00e9 et accord\u00e9 \u00e0 la main par l&#8217;un des principaux experts en oies du Danemark &#8211; C&#8217;est donc la garantie d\u2019un appeau efficace.<\/p>\n<p>\u00a0<\/p>\n","protected":false},"excerpt":{"rendered":"<p>Cet appeau \u00e0 oies est d\u00e9velopp\u00e9, fabriqu\u00e9 et accord\u00e9 \u00e0 la main par l&#8217;un des principaux experts en oies du Danemark &#8211; C&#8217;est donc la garantie d\u2019un appeau efficace.<\/p>\n","protected":false},"featured_media":58564,"template":"","meta":[],"product_brand":[],"product_cat":[8168],"product_tag":[],"yoast_head":"<!-- This site is optimized with the Yoast SEO plugin v24.3 - https:\/\/yoast.com\/wordpress\/plugins\/seo\/ -->\n<title>Appeau \u00e0 Bernaches Nonnettes - TDA Shorty Pro | Lucky-Hunter.com<\/title>\n<meta name=\"description\" content=\"Cet appeau \u00e0 oies est d\u00e9velopp\u00e9, fabriqu\u00e9 et accord\u00e9 \u00e0 la main par l&#039;un des principaux experts en oies du Danemark - C&#039;est donc la garantie d\u2019un appeau efficace.\" \/>\n<meta name=\"robots\" content=\"noindex, follow, max-snippet:-1, max-image-preview:large, max-video-preview:-1\" \/>\n<meta property=\"og:locale\" content=\"fr_FR\" \/>\n<meta property=\"og:type\" content=\"article\" \/>\n<meta property=\"og:title\" content=\"Appeau \u00e0 Bernaches Nonnettes - TDA Shorty Pro | Lucky-Hunter.com\" \/>\n<meta property=\"og:description\" content=\"Cet appeau \u00e0 oies est d\u00e9velopp\u00e9, fabriqu\u00e9 et accord\u00e9 \u00e0 la main par l&#039;un des principaux experts en oies du Danemark - C&#039;est donc la garantie d\u2019un appeau efficace.\" \/>\n<meta property=\"og:url\" content=\"https:\/\/staging.lucky-hunter.com\/fr\/product\/barnacle-goose-call-tda-shorty-pro\/\" \/>\n<meta property=\"og:site_name\" content=\"Lucky-Hunter\" \/>\n<meta property=\"og:image\" content=\"https:\/\/staging.lucky-hunter.com\/wp-content\/uploads\/2022\/11\/LK-104.png\" \/>\n\t<meta property=\"og:image:width\" content=\"1000\" \/>\n\t<meta property=\"og:image:height\" content=\"1000\" \/>\n\t<meta property=\"og:image:type\" content=\"image\/png\" \/>\n<meta name=\"twitter:card\" content=\"summary_large_image\" \/>\n<meta name=\"twitter:label1\" content=\"Dur\u00e9e de lecture estim\u00e9e\" \/>\n\t<meta name=\"twitter:data1\" content=\"1 minute\" \/>\n<script type=\"application\/ld+json\" class=\"yoast-schema-graph\">{\"@context\":\"https:\/\/schema.org\",\"@graph\":[{\"@type\":\"WebPage\",\"@id\":\"https:\/\/staging.lucky-hunter.com\/fr\/product\/barnacle-goose-call-tda-shorty-pro\/\",\"url\":\"https:\/\/staging.lucky-hunter.com\/fr\/product\/barnacle-goose-call-tda-shorty-pro\/\",\"name\":\"Appeau \u00e0 Bernaches Nonnettes - TDA Shorty Pro | Lucky-Hunter.com\",\"isPartOf\":{\"@id\":\"https:\/\/staging.lucky-hunter.com\/#website\"},\"primaryImageOfPage\":{\"@id\":\"https:\/\/staging.lucky-hunter.com\/fr\/product\/barnacle-goose-call-tda-shorty-pro\/#primaryimage\"},\"image\":{\"@id\":\"https:\/\/staging.lucky-hunter.com\/fr\/product\/barnacle-goose-call-tda-shorty-pro\/#primaryimage\"},\"thumbnailUrl\":\"https:\/\/staging.lucky-hunter.com\/wp-content\/uploads\/2022\/11\/LK-104.png\",\"datePublished\":\"2022-11-17T13:40:49+00:00\",\"dateModified\":\"2022-11-17T13:40:49+00:00\",\"description\":\"Cet appeau \u00e0 oies est d\u00e9velopp\u00e9, fabriqu\u00e9 et accord\u00e9 \u00e0 la main par l'un des principaux experts en oies du Danemark - C'est donc la garantie d\u2019un appeau efficace.\",\"breadcrumb\":{\"@id\":\"https:\/\/staging.lucky-hunter.com\/fr\/product\/barnacle-goose-call-tda-shorty-pro\/#breadcrumb\"},\"inLanguage\":\"fr-FR\",\"potentialAction\":[{\"@type\":\"ReadAction\",\"target\":[\"https:\/\/staging.lucky-hunter.com\/fr\/product\/barnacle-goose-call-tda-shorty-pro\/\"]}]},{\"@type\":\"ImageObject\",\"inLanguage\":\"fr-FR\",\"@id\":\"https:\/\/staging.lucky-hunter.com\/fr\/product\/barnacle-goose-call-tda-shorty-pro\/#primaryimage\",\"url\":\"https:\/\/staging.lucky-hunter.com\/wp-content\/uploads\/2022\/11\/LK-104.png\",\"contentUrl\":\"https:\/\/staging.lucky-hunter.com\/wp-content\/uploads\/2022\/11\/LK-104.png\",\"width\":1000,\"height\":1000,\"caption\":\"TDA Barnacle Goose call\"},{\"@type\":\"BreadcrumbList\",\"@id\":\"https:\/\/staging.lucky-hunter.com\/fr\/product\/barnacle-goose-call-tda-shorty-pro\/#breadcrumb\",\"itemListElement\":[{\"@type\":\"ListItem\",\"position\":1,\"name\":\"Home\",\"item\":\"https:\/\/staging.lucky-hunter.com\/fr\/\"},{\"@type\":\"ListItem\",\"position\":2,\"name\":\"Boutique\",\"item\":\"https:\/\/staging.lucky-hunter.com\/fr\/shop\/\"},{\"@type\":\"ListItem\",\"position\":3,\"name\":\"Appeau \u00e0 Bernaches Nonnettes &#8211; TDA Shorty Pro\"}]},{\"@type\":\"WebSite\",\"@id\":\"https:\/\/staging.lucky-hunter.com\/#website\",\"url\":\"https:\/\/staging.lucky-hunter.com\/\",\"name\":\"Lucky-Hunter\",\"description\":\"Gear Up or Give Up\",\"potentialAction\":[{\"@type\":\"SearchAction\",\"target\":{\"@type\":\"EntryPoint\",\"urlTemplate\":\"https:\/\/staging.lucky-hunter.com\/?s={search_term_string}\"},\"query-input\":{\"@type\":\"PropertyValueSpecification\",\"valueRequired\":true,\"valueName\":\"search_term_string\"}}],\"inLanguage\":\"fr-FR\"}]}<\/script>\n<!-- \/ Yoast SEO plugin. -->","yoast_head_json":{"title":"Appeau \u00e0 Bernaches Nonnettes - TDA Shorty Pro | Lucky-Hunter.com","description":"Cet appeau \u00e0 oies est d\u00e9velopp\u00e9, fabriqu\u00e9 et accord\u00e9 \u00e0 la main par l'un des principaux experts en oies du Danemark - C'est donc la garantie d\u2019un appeau efficace.","robots":{"index":"noindex","follow":"follow","max-snippet":"max-snippet:-1","max-image-preview":"max-image-preview:large","max-video-preview":"max-video-preview:-1"},"og_locale":"fr_FR","og_type":"article","og_title":"Appeau \u00e0 Bernaches Nonnettes - TDA Shorty Pro | Lucky-Hunter.com","og_description":"Cet appeau \u00e0 oies est d\u00e9velopp\u00e9, fabriqu\u00e9 et accord\u00e9 \u00e0 la main par l'un des principaux experts en oies du Danemark - C'est donc la garantie d\u2019un appeau efficace.","og_url":"https:\/\/staging.lucky-hunter.com\/fr\/product\/barnacle-goose-call-tda-shorty-pro\/","og_site_name":"Lucky-Hunter","og_image":[{"width":1000,"height":1000,"url":"https:\/\/staging.lucky-hunter.com\/wp-content\/uploads\/2022\/11\/LK-104.png","type":"image\/png"}],"twitter_card":"summary_large_image","twitter_misc":{"Dur\u00e9e de lecture estim\u00e9e":"1 minute"},"schema":{"@context":"https:\/\/schema.org","@graph":[{"@type":"WebPage","@id":"https:\/\/staging.lucky-hunter.com\/fr\/product\/barnacle-goose-call-tda-shorty-pro\/","url":"https:\/\/staging.lucky-hunter.com\/fr\/product\/barnacle-goose-call-tda-shorty-pro\/","name":"Appeau \u00e0 Bernaches Nonnettes - TDA Shorty Pro | Lucky-Hunter.com","isPartOf":{"@id":"https:\/\/staging.lucky-hunter.com\/#website"},"primaryImageOfPage":{"@id":"https:\/\/staging.lucky-hunter.com\/fr\/product\/barnacle-goose-call-tda-shorty-pro\/#primaryimage"},"image":{"@id":"https:\/\/staging.lucky-hunter.com\/fr\/product\/barnacle-goose-call-tda-shorty-pro\/#primaryimage"},"thumbnailUrl":"https:\/\/staging.lucky-hunter.com\/wp-content\/uploads\/2022\/11\/LK-104.png","datePublished":"2022-11-17T13:40:49+00:00","dateModified":"2022-11-17T13:40:49+00:00","description":"Cet appeau \u00e0 oies est d\u00e9velopp\u00e9, fabriqu\u00e9 et accord\u00e9 \u00e0 la main par l'un des principaux experts en oies du Danemark - C'est donc la garantie d\u2019un appeau efficace.","breadcrumb":{"@id":"https:\/\/staging.lucky-hunter.com\/fr\/product\/barnacle-goose-call-tda-shorty-pro\/#breadcrumb"},"inLanguage":"fr-FR","potentialAction":[{"@type":"ReadAction","target":["https:\/\/staging.lucky-hunter.com\/fr\/product\/barnacle-goose-call-tda-shorty-pro\/"]}]},{"@type":"ImageObject","inLanguage":"fr-FR","@id":"https:\/\/staging.lucky-hunter.com\/fr\/product\/barnacle-goose-call-tda-shorty-pro\/#primaryimage","url":"https:\/\/staging.lucky-hunter.com\/wp-content\/uploads\/2022\/11\/LK-104.png","contentUrl":"https:\/\/staging.lucky-hunter.com\/wp-content\/uploads\/2022\/11\/LK-104.png","width":1000,"height":1000,"caption":"TDA Barnacle Goose call"},{"@type":"BreadcrumbList","@id":"https:\/\/staging.lucky-hunter.com\/fr\/product\/barnacle-goose-call-tda-shorty-pro\/#breadcrumb","itemListElement":[{"@type":"ListItem","position":1,"name":"Home","item":"https:\/\/staging.lucky-hunter.com\/fr\/"},{"@type":"ListItem","position":2,"name":"Boutique","item":"https:\/\/staging.lucky-hunter.com\/fr\/shop\/"},{"@type":"ListItem","position":3,"name":"Appeau \u00e0 Bernaches Nonnettes &#8211; TDA Shorty Pro"}]},{"@type":"WebSite","@id":"https:\/\/staging.lucky-hunter.com\/#website","url":"https:\/\/staging.lucky-hunter.com\/","name":"Lucky-Hunter","description":"Gear Up or Give Up","potentialAction":[{"@type":"SearchAction","target":{"@type":"EntryPoint","urlTemplate":"https:\/\/staging.lucky-hunter.com\/?s={search_term_string}"},"query-input":{"@type":"PropertyValueSpecification","valueRequired":true,"valueName":"search_term_string"}}],"inLanguage":"fr-FR"}]}},"_links":{"self":[{"href":"https:\/\/staging.lucky-hunter.com\/fr\/wp-json\/wp\/v2\/product\/56622"}],"collection":[{"href":"https:\/\/staging.lucky-hunter.com\/fr\/wp-json\/wp\/v2\/product"}],"about":[{"href":"https:\/\/staging.lucky-hunter.com\/fr\/wp-json\/wp\/v2\/types\/product"}],"wp:featuredmedia":[{"embeddable":true,"href":"https:\/\/staging.lucky-hunter.com\/fr\/wp-json\/wp\/v2\/media\/58564"}],"wp:attachment":[{"href":"https:\/\/staging.lucky-hunter.com\/fr\/wp-json\/wp\/v2\/media?parent=56622"}],"wp:term":[{"taxonomy":"product_brand","embeddable":true,"href":"https:\/\/staging.lucky-hunter.com\/fr\/wp-json\/wp\/v2\/product_brand?post=56622"},{"taxonomy":"product_cat","embeddable":true,"href":"https:\/\/staging.lucky-hunter.com\/fr\/wp-json\/wp\/v2\/product_cat?post=56622"},{"taxonomy":"product_tag","embeddable":true,"href":"https:\/\/staging.lucky-hunter.com\/fr\/wp-json\/wp\/v2\/product_tag?post=56622"}],"curies":[{"name":"wp","href":"https:\/\/api.w.org\/{rel}","templated":true}]}}