{"id":56620,"date":"2018-05-14T16:24:35","date_gmt":"2018-05-14T14:24:35","guid":{"rendered":"https:\/\/staging.lucky-hunter.com\/product\/thunder-rotating-base\/"},"modified":"2025-07-01T11:43:57","modified_gmt":"2025-07-01T09:43:57","slug":"base-tournante-thunder-equipement-pour-dressage-de-chiens","status":"publish","type":"product","link":"https:\/\/staging.lucky-hunter.com\/fr\/product\/base-tournante-thunder-equipement-pour-dressage-de-chiens\/","title":{"rendered":"Base Pivotante pour Thunder"},"content":{"rendered":"<h2><strong>Base Pivotante Thunder &#8211; accessoires pour lanceurs de mannequins Thunder<\/strong><\/h2>\n<p>Avec cette plateforme rotative pour Thunder 500 et Thunder 1000, l&#8217;entra\u00eenement de votre chien devient encore plus amusant et encore plus r\u00e9aliste.<\/p>\n<p>La base permettra de lancer les mannequins o\u00f9 vous voudrez \u00e0 360 degr\u00e9s. Ainsi, l&#8217;exp\u00e9rience sera beaucoup plus r\u00e9aliste pour vous et pour votre chien, ce qui am\u00e9liore l&#8217;entra\u00eenement.<\/p>\n<p>Les pieds peuvent \u00eatre pli\u00e9s pour faciliter le transport et le stockage. Vous pourrez donc emporter l&#8217;appareil avec vous pour varier les lieux d\u2019entra\u00eenement, afin que votre chien apprenne \u00e0 \u00e9voluer dans diff\u00e9rents environnements.<\/p>\n<p>Aliment\u00e9 par 8 piles AA.<\/p>\n<p>REMARQUE &#8211; N&#8217;essayez pas de faire pivoter la plateforme manuellement au risque d\u2019endommager le moteur.<\/p>\n","protected":false},"excerpt":{"rendered":"<p>Avec cette plateforme rotative pour Thunder 500 et Thunder 1000, l&#8217;entra\u00eenement de votre chien devient encore plus amusant et encore plus r\u00e9aliste.<\/p>\n","protected":false},"featured_media":29812,"template":"","meta":[],"product_brand":[8221],"product_cat":[8188],"product_tag":[],"yoast_head":"<!-- This site is optimized with the Yoast SEO plugin v24.3 - https:\/\/yoast.com\/wordpress\/plugins\/seo\/ -->\n<title>Base Tournante Thunder - \u00c9quipement pour Dressage de Chiens<\/title>\n<meta name=\"description\" content=\"Entra\u00eenez votre chien de mani\u00e8re amusante. La base rotative Thunder pour les Thunder rend le dressage des chiens plus amusant et r\u00e9aliste.\" \/>\n<meta name=\"robots\" content=\"noindex, follow, max-snippet:-1, max-image-preview:large, max-video-preview:-1\" \/>\n<meta property=\"og:locale\" content=\"fr_FR\" \/>\n<meta property=\"og:type\" content=\"article\" \/>\n<meta property=\"og:title\" content=\"Base Tournante Thunder - \u00c9quipement pour Dressage de Chiens | Chasseur chanceux\" \/>\n<meta property=\"og:description\" content=\"Entra\u00eenez votre chien de mani\u00e8re amusante. La base rotative Thunder pour les Thunder 500 et Thunder 1000 rend le dressage des chiens plus amusant et r\u00e9aliste.\" \/>\n<meta property=\"og:url\" content=\"https:\/\/staging.lucky-hunter.com\/fr\/product\/base-tournante-thunder-equipement-pour-dressage-de-chiens\/\" \/>\n<meta property=\"og:site_name\" content=\"Lucky-Hunter\" \/>\n<meta property=\"article:modified_time\" content=\"2025-07-01T09:43:57+00:00\" \/>\n<meta property=\"og:image\" content=\"https:\/\/staging.lucky-hunter.com\/wp-content\/uploads\/2018\/05\/JH-81.png\" \/>\n\t<meta property=\"og:image:width\" content=\"1000\" \/>\n\t<meta property=\"og:image:height\" content=\"1000\" \/>\n\t<meta property=\"og:image:type\" content=\"image\/png\" \/>\n<meta name=\"twitter:card\" content=\"summary_large_image\" \/>\n<meta name=\"twitter:title\" content=\"Base rotative Thunder - Dressage de chiens | Chasseur chanceux\" \/>\n<meta name=\"twitter:description\" content=\"Entra\u00eenez votre chien de mani\u00e8re amusante. La base rotative Thunder pour les Thunder 500 et Thunder 1000 rend le dressage des chiens plus amusant et r\u00e9aliste.\" \/>\n<meta name=\"twitter:label1\" content=\"Dur\u00e9e de lecture estim\u00e9e\" \/>\n\t<meta name=\"twitter:data1\" content=\"1 minute\" \/>\n<script type=\"application\/ld+json\" class=\"yoast-schema-graph\">{\"@context\":\"https:\/\/schema.org\",\"@graph\":[{\"@type\":\"WebPage\",\"@id\":\"https:\/\/staging.lucky-hunter.com\/fr\/product\/base-tournante-thunder-equipement-pour-dressage-de-chiens\/\",\"url\":\"https:\/\/staging.lucky-hunter.com\/fr\/product\/base-tournante-thunder-equipement-pour-dressage-de-chiens\/\",\"name\":\"Base Tournante Thunder - \u00c9quipement pour Dressage de Chiens\",\"isPartOf\":{\"@id\":\"https:\/\/staging.lucky-hunter.com\/#website\"},\"primaryImageOfPage\":{\"@id\":\"https:\/\/staging.lucky-hunter.com\/fr\/product\/base-tournante-thunder-equipement-pour-dressage-de-chiens\/#primaryimage\"},\"image\":{\"@id\":\"https:\/\/staging.lucky-hunter.com\/fr\/product\/base-tournante-thunder-equipement-pour-dressage-de-chiens\/#primaryimage\"},\"thumbnailUrl\":\"https:\/\/staging.lucky-hunter.com\/wp-content\/uploads\/2018\/05\/JH-81.png\",\"datePublished\":\"2018-05-14T14:24:35+00:00\",\"dateModified\":\"2025-07-01T09:43:57+00:00\",\"description\":\"Entra\u00eenez votre chien de mani\u00e8re amusante. La base rotative Thunder pour les Thunder rend le dressage des chiens plus amusant et r\u00e9aliste.\",\"breadcrumb\":{\"@id\":\"https:\/\/staging.lucky-hunter.com\/fr\/product\/base-tournante-thunder-equipement-pour-dressage-de-chiens\/#breadcrumb\"},\"inLanguage\":\"fr-FR\",\"potentialAction\":[{\"@type\":\"ReadAction\",\"target\":[\"https:\/\/staging.lucky-hunter.com\/fr\/product\/base-tournante-thunder-equipement-pour-dressage-de-chiens\/\"]}]},{\"@type\":\"ImageObject\",\"inLanguage\":\"fr-FR\",\"@id\":\"https:\/\/staging.lucky-hunter.com\/fr\/product\/base-tournante-thunder-equipement-pour-dressage-de-chiens\/#primaryimage\",\"url\":\"https:\/\/staging.lucky-hunter.com\/wp-content\/uploads\/2018\/05\/JH-81.png\",\"contentUrl\":\"https:\/\/staging.lucky-hunter.com\/wp-content\/uploads\/2018\/05\/JH-81.png\",\"width\":1000,\"height\":1000,\"caption\":\"Image of the Thunder Rotating Base\"},{\"@type\":\"BreadcrumbList\",\"@id\":\"https:\/\/staging.lucky-hunter.com\/fr\/product\/base-tournante-thunder-equipement-pour-dressage-de-chiens\/#breadcrumb\",\"itemListElement\":[{\"@type\":\"ListItem\",\"position\":1,\"name\":\"Home\",\"item\":\"https:\/\/staging.lucky-hunter.com\/fr\/\"},{\"@type\":\"ListItem\",\"position\":2,\"name\":\"Boutique\",\"item\":\"https:\/\/staging.lucky-hunter.com\/fr\/shop\/\"},{\"@type\":\"ListItem\",\"position\":3,\"name\":\"Base Pivotante pour Thunder\"}]},{\"@type\":\"WebSite\",\"@id\":\"https:\/\/staging.lucky-hunter.com\/#website\",\"url\":\"https:\/\/staging.lucky-hunter.com\/\",\"name\":\"Lucky-Hunter\",\"description\":\"Gear Up or Give Up\",\"potentialAction\":[{\"@type\":\"SearchAction\",\"target\":{\"@type\":\"EntryPoint\",\"urlTemplate\":\"https:\/\/staging.lucky-hunter.com\/?s={search_term_string}\"},\"query-input\":{\"@type\":\"PropertyValueSpecification\",\"valueRequired\":true,\"valueName\":\"search_term_string\"}}],\"inLanguage\":\"fr-FR\"}]}<\/script>\n<!-- \/ Yoast SEO plugin. -->","yoast_head_json":{"title":"Base Tournante Thunder - \u00c9quipement pour Dressage de Chiens","description":"Entra\u00eenez votre chien de mani\u00e8re amusante. La base rotative Thunder pour les Thunder rend le dressage des chiens plus amusant et r\u00e9aliste.","robots":{"index":"noindex","follow":"follow","max-snippet":"max-snippet:-1","max-image-preview":"max-image-preview:large","max-video-preview":"max-video-preview:-1"},"og_locale":"fr_FR","og_type":"article","og_title":"Base Tournante Thunder - \u00c9quipement pour Dressage de Chiens | Chasseur chanceux","og_description":"Entra\u00eenez votre chien de mani\u00e8re amusante. La base rotative Thunder pour les Thunder 500 et Thunder 1000 rend le dressage des chiens plus amusant et r\u00e9aliste.","og_url":"https:\/\/staging.lucky-hunter.com\/fr\/product\/base-tournante-thunder-equipement-pour-dressage-de-chiens\/","og_site_name":"Lucky-Hunter","article_modified_time":"2025-07-01T09:43:57+00:00","og_image":[{"width":1000,"height":1000,"url":"https:\/\/staging.lucky-hunter.com\/wp-content\/uploads\/2018\/05\/JH-81.png","type":"image\/png"}],"twitter_card":"summary_large_image","twitter_title":"Base rotative Thunder - Dressage de chiens | Chasseur chanceux","twitter_description":"Entra\u00eenez votre chien de mani\u00e8re amusante. La base rotative Thunder pour les Thunder 500 et Thunder 1000 rend le dressage des chiens plus amusant et r\u00e9aliste.","twitter_misc":{"Dur\u00e9e de lecture estim\u00e9e":"1 minute"},"schema":{"@context":"https:\/\/schema.org","@graph":[{"@type":"WebPage","@id":"https:\/\/staging.lucky-hunter.com\/fr\/product\/base-tournante-thunder-equipement-pour-dressage-de-chiens\/","url":"https:\/\/staging.lucky-hunter.com\/fr\/product\/base-tournante-thunder-equipement-pour-dressage-de-chiens\/","name":"Base Tournante Thunder - \u00c9quipement pour Dressage de Chiens","isPartOf":{"@id":"https:\/\/staging.lucky-hunter.com\/#website"},"primaryImageOfPage":{"@id":"https:\/\/staging.lucky-hunter.com\/fr\/product\/base-tournante-thunder-equipement-pour-dressage-de-chiens\/#primaryimage"},"image":{"@id":"https:\/\/staging.lucky-hunter.com\/fr\/product\/base-tournante-thunder-equipement-pour-dressage-de-chiens\/#primaryimage"},"thumbnailUrl":"https:\/\/staging.lucky-hunter.com\/wp-content\/uploads\/2018\/05\/JH-81.png","datePublished":"2018-05-14T14:24:35+00:00","dateModified":"2025-07-01T09:43:57+00:00","description":"Entra\u00eenez votre chien de mani\u00e8re amusante. La base rotative Thunder pour les Thunder rend le dressage des chiens plus amusant et r\u00e9aliste.","breadcrumb":{"@id":"https:\/\/staging.lucky-hunter.com\/fr\/product\/base-tournante-thunder-equipement-pour-dressage-de-chiens\/#breadcrumb"},"inLanguage":"fr-FR","potentialAction":[{"@type":"ReadAction","target":["https:\/\/staging.lucky-hunter.com\/fr\/product\/base-tournante-thunder-equipement-pour-dressage-de-chiens\/"]}]},{"@type":"ImageObject","inLanguage":"fr-FR","@id":"https:\/\/staging.lucky-hunter.com\/fr\/product\/base-tournante-thunder-equipement-pour-dressage-de-chiens\/#primaryimage","url":"https:\/\/staging.lucky-hunter.com\/wp-content\/uploads\/2018\/05\/JH-81.png","contentUrl":"https:\/\/staging.lucky-hunter.com\/wp-content\/uploads\/2018\/05\/JH-81.png","width":1000,"height":1000,"caption":"Image of the Thunder Rotating Base"},{"@type":"BreadcrumbList","@id":"https:\/\/staging.lucky-hunter.com\/fr\/product\/base-tournante-thunder-equipement-pour-dressage-de-chiens\/#breadcrumb","itemListElement":[{"@type":"ListItem","position":1,"name":"Home","item":"https:\/\/staging.lucky-hunter.com\/fr\/"},{"@type":"ListItem","position":2,"name":"Boutique","item":"https:\/\/staging.lucky-hunter.com\/fr\/shop\/"},{"@type":"ListItem","position":3,"name":"Base Pivotante pour Thunder"}]},{"@type":"WebSite","@id":"https:\/\/staging.lucky-hunter.com\/#website","url":"https:\/\/staging.lucky-hunter.com\/","name":"Lucky-Hunter","description":"Gear Up or Give Up","potentialAction":[{"@type":"SearchAction","target":{"@type":"EntryPoint","urlTemplate":"https:\/\/staging.lucky-hunter.com\/?s={search_term_string}"},"query-input":{"@type":"PropertyValueSpecification","valueRequired":true,"valueName":"search_term_string"}}],"inLanguage":"fr-FR"}]}},"_links":{"self":[{"href":"https:\/\/staging.lucky-hunter.com\/fr\/wp-json\/wp\/v2\/product\/56620"}],"collection":[{"href":"https:\/\/staging.lucky-hunter.com\/fr\/wp-json\/wp\/v2\/product"}],"about":[{"href":"https:\/\/staging.lucky-hunter.com\/fr\/wp-json\/wp\/v2\/types\/product"}],"wp:featuredmedia":[{"embeddable":true,"href":"https:\/\/staging.lucky-hunter.com\/fr\/wp-json\/wp\/v2\/media\/29812"}],"wp:attachment":[{"href":"https:\/\/staging.lucky-hunter.com\/fr\/wp-json\/wp\/v2\/media?parent=56620"}],"wp:term":[{"taxonomy":"product_brand","embeddable":true,"href":"https:\/\/staging.lucky-hunter.com\/fr\/wp-json\/wp\/v2\/product_brand?post=56620"},{"taxonomy":"product_cat","embeddable":true,"href":"https:\/\/staging.lucky-hunter.com\/fr\/wp-json\/wp\/v2\/product_cat?post=56620"},{"taxonomy":"product_tag","embeddable":true,"href":"https:\/\/staging.lucky-hunter.com\/fr\/wp-json\/wp\/v2\/product_tag?post=56620"}],"curies":[{"name":"wp","href":"https:\/\/api.w.org\/{rel}","templated":true}]}}