{"id":56618,"date":"2018-05-11T16:07:00","date_gmt":"2018-05-11T14:07:00","guid":{"rendered":"https:\/\/staging.lucky-hunter.com\/product\/thunder-500-dummy-launcher\/"},"modified":"2025-07-01T11:46:53","modified_gmt":"2025-07-01T09:46:53","slug":"lanceur-de-mannequin-thunder-500-accessoires-professionnels","status":"publish","type":"product","link":"https:\/\/staging.lucky-hunter.com\/fr\/product\/lanceur-de-mannequin-thunder-500-accessoires-professionnels\/","title":{"rendered":"Lanceur de Mannequins Thunder 500"},"content":{"rendered":"<h2><strong>Lanceur de Mannequin Thunder 500 &#8211; accessoires professionnels pour le dressage des chiens<\/strong><\/h2>\n<p>Thunder 500 et petit et pratique. Ce lanceur de mannequins m\u00e9canique offre la possibilit\u00e9 de lancer jusqu&#8217;\u00e0 5 mannequins simultan\u00e9ment.\u00a0 Vous pouvez donc entra\u00eener votre chien \u00e0 la r\u00e9cup\u00e9ration en temps r\u00e9el bien mieux qu\u2019avec un seul mannequin.<\/p>\n<p>Fabriqu\u00e9 en aluminium robuste et durable de qualit\u00e9 professionnelle, fait pour r\u00e9sister \u00e0 de nombreuses ann\u00e9es d&#8217;utilisation.<\/p>\n<p>Livr\u00e9 avec 5 mannequins (noir et blanc). Vous pouvez acheter des mannequins suppl\u00e9mentaires s\u00e9par\u00e9ment.<\/p>\n<p>Poids : env. 8,5 kg.<\/p>\n<p>Dimensions : 23 x 23 x 46 cm<\/p>\n<p>Facile \u00e0 utiliser.<\/p>\n<p>\u00c9quip\u00e9 d\u2019un simulateur qui reproduit le son d\u2019un tir de fusil. Votre chien pourra ainsi s\u2019habituer au son correspondant \u00e0 une proie abattue qu\u2019il doit r\u00e9cup\u00e9rer.<\/p>\n<p><strong>Informations sur le fabricant\u00a0:<\/strong><\/p>\n<p>Entreprise familiale, Thunder Equipment b\u00e9n\u00e9ficie de plus de 30 ans d&#8217;exp\u00e9rience. Gr\u00e2ce \u00e0 leurs accessoires d&#8217;entra\u00eenement de haute qualit\u00e9, vous pouvez \u00eatre s\u00fbr que le dressage de votre chien sera rapide.<\/p>\n<p>La famille est compos\u00e9e de passionn\u00e9s de chiens et de chasse, qui participent activement \u00e0 des comp\u00e9titions et \u00e0 des activit\u00e9s de dressage canin.<\/p>\n<p>Avec les ing\u00e9nieux appareils d&#8217;entra\u00eenement m\u00e9caniques de Thunder Equipment, vous pouvez augmenter la qualit\u00e9 de l&#8217;entra\u00eenement de votre chien d&#8217;une mani\u00e8re nouvelle et innovante, avec de nombreuses exp\u00e9riences amusantes pour vous et pour votre chien.<\/p>\n","protected":false},"excerpt":{"rendered":"<p>Thunder 500 et petit et pratique. Ce lanceur de mannequins m\u00e9canique offre la possibilit\u00e9 de lancer jusqu&#8217;\u00e0 5 mannequins simultan\u00e9ment.<\/p>\n","protected":false},"featured_media":29813,"template":"","meta":[],"product_brand":[8221],"product_cat":[8188],"product_tag":[],"yoast_head":"<!-- This site is optimized with the Yoast SEO plugin v24.3 - https:\/\/yoast.com\/wordpress\/plugins\/seo\/ -->\n<title>Lanceur de Mannequin Thunder 500 - accessoires professionnels<\/title>\n<meta name=\"description\" content=\"Thunder 500 et petit et pratique. Ce lanceur de mannequins m\u00e9canique offre la possibilit\u00e9 de lancer jusqu&#039;\u00e0 5 mannequins simultan\u00e9ment.\u00a0\" \/>\n<meta name=\"robots\" content=\"noindex, follow, max-snippet:-1, max-image-preview:large, max-video-preview:-1\" \/>\n<meta property=\"og:locale\" content=\"fr_FR\" \/>\n<meta property=\"og:type\" content=\"article\" \/>\n<meta property=\"og:title\" content=\"Lanceur factice Thunder 500 - Dressage professionnel pour chiens | Chasseur chanceux\" \/>\n<meta property=\"og:description\" content=\"Entra\u00eenez votre chien efficacement. Le lanceur factice Thunder 500 est petit et l\u00e9ger, ce qui vous permet de faire passer l&#039;entra\u00eenement de votre chien au niveau sup\u00e9rieur.\" \/>\n<meta property=\"og:url\" content=\"https:\/\/staging.lucky-hunter.com\/fr\/product\/lanceur-de-mannequin-thunder-500-accessoires-professionnels\/\" \/>\n<meta property=\"og:site_name\" content=\"Lucky-Hunter\" \/>\n<meta property=\"article:modified_time\" content=\"2025-07-01T09:46:53+00:00\" \/>\n<meta property=\"og:image\" content=\"https:\/\/staging.lucky-hunter.com\/wp-content\/uploads\/2018\/05\/JH-79.png\" \/>\n\t<meta property=\"og:image:width\" content=\"1000\" \/>\n\t<meta property=\"og:image:height\" content=\"1000\" \/>\n\t<meta property=\"og:image:type\" content=\"image\/png\" \/>\n<meta name=\"twitter:card\" content=\"summary_large_image\" \/>\n<meta name=\"twitter:title\" content=\"Lanceur factice Thunder 500 - Dressage professionnel pour chiens | Chasseur chanceux\" \/>\n<meta name=\"twitter:description\" content=\"Entra\u00eenez votre chien efficacement. Le lanceur factice Thunder 500 est petit et l\u00e9ger, ce qui vous permet de faire passer l&#039;entra\u00eenement de votre chien au niveau sup\u00e9rieur.\" \/>\n<meta name=\"twitter:label1\" content=\"Dur\u00e9e de lecture estim\u00e9e\" \/>\n\t<meta name=\"twitter:data1\" content=\"2 minutes\" \/>\n<script type=\"application\/ld+json\" class=\"yoast-schema-graph\">{\"@context\":\"https:\/\/schema.org\",\"@graph\":[{\"@type\":\"WebPage\",\"@id\":\"https:\/\/staging.lucky-hunter.com\/fr\/product\/lanceur-de-mannequin-thunder-500-accessoires-professionnels\/\",\"url\":\"https:\/\/staging.lucky-hunter.com\/fr\/product\/lanceur-de-mannequin-thunder-500-accessoires-professionnels\/\",\"name\":\"Lanceur de Mannequin Thunder 500 - accessoires professionnels\",\"isPartOf\":{\"@id\":\"https:\/\/staging.lucky-hunter.com\/#website\"},\"primaryImageOfPage\":{\"@id\":\"https:\/\/staging.lucky-hunter.com\/fr\/product\/lanceur-de-mannequin-thunder-500-accessoires-professionnels\/#primaryimage\"},\"image\":{\"@id\":\"https:\/\/staging.lucky-hunter.com\/fr\/product\/lanceur-de-mannequin-thunder-500-accessoires-professionnels\/#primaryimage\"},\"thumbnailUrl\":\"https:\/\/staging.lucky-hunter.com\/wp-content\/uploads\/2018\/05\/JH-79.png\",\"datePublished\":\"2018-05-11T14:07:00+00:00\",\"dateModified\":\"2025-07-01T09:46:53+00:00\",\"description\":\"Thunder 500 et petit et pratique. Ce lanceur de mannequins m\u00e9canique offre la possibilit\u00e9 de lancer jusqu'\u00e0 5 mannequins simultan\u00e9ment.\u00a0\",\"breadcrumb\":{\"@id\":\"https:\/\/staging.lucky-hunter.com\/fr\/product\/lanceur-de-mannequin-thunder-500-accessoires-professionnels\/#breadcrumb\"},\"inLanguage\":\"fr-FR\",\"potentialAction\":[{\"@type\":\"ReadAction\",\"target\":[\"https:\/\/staging.lucky-hunter.com\/fr\/product\/lanceur-de-mannequin-thunder-500-accessoires-professionnels\/\"]}]},{\"@type\":\"ImageObject\",\"inLanguage\":\"fr-FR\",\"@id\":\"https:\/\/staging.lucky-hunter.com\/fr\/product\/lanceur-de-mannequin-thunder-500-accessoires-professionnels\/#primaryimage\",\"url\":\"https:\/\/staging.lucky-hunter.com\/wp-content\/uploads\/2018\/05\/JH-79.png\",\"contentUrl\":\"https:\/\/staging.lucky-hunter.com\/wp-content\/uploads\/2018\/05\/JH-79.png\",\"width\":1000,\"height\":1000,\"caption\":\"Image of the Thunder 500 Dummy Launcher\"},{\"@type\":\"BreadcrumbList\",\"@id\":\"https:\/\/staging.lucky-hunter.com\/fr\/product\/lanceur-de-mannequin-thunder-500-accessoires-professionnels\/#breadcrumb\",\"itemListElement\":[{\"@type\":\"ListItem\",\"position\":1,\"name\":\"Home\",\"item\":\"https:\/\/staging.lucky-hunter.com\/fr\/\"},{\"@type\":\"ListItem\",\"position\":2,\"name\":\"Boutique\",\"item\":\"https:\/\/staging.lucky-hunter.com\/fr\/shop\/\"},{\"@type\":\"ListItem\",\"position\":3,\"name\":\"Lanceur de Mannequins Thunder 500\"}]},{\"@type\":\"WebSite\",\"@id\":\"https:\/\/staging.lucky-hunter.com\/#website\",\"url\":\"https:\/\/staging.lucky-hunter.com\/\",\"name\":\"Lucky-Hunter\",\"description\":\"Gear Up or Give Up\",\"potentialAction\":[{\"@type\":\"SearchAction\",\"target\":{\"@type\":\"EntryPoint\",\"urlTemplate\":\"https:\/\/staging.lucky-hunter.com\/?s={search_term_string}\"},\"query-input\":{\"@type\":\"PropertyValueSpecification\",\"valueRequired\":true,\"valueName\":\"search_term_string\"}}],\"inLanguage\":\"fr-FR\"}]}<\/script>\n<!-- \/ Yoast SEO plugin. -->","yoast_head_json":{"title":"Lanceur de Mannequin Thunder 500 - accessoires professionnels","description":"Thunder 500 et petit et pratique. Ce lanceur de mannequins m\u00e9canique offre la possibilit\u00e9 de lancer jusqu'\u00e0 5 mannequins simultan\u00e9ment.\u00a0","robots":{"index":"noindex","follow":"follow","max-snippet":"max-snippet:-1","max-image-preview":"max-image-preview:large","max-video-preview":"max-video-preview:-1"},"og_locale":"fr_FR","og_type":"article","og_title":"Lanceur factice Thunder 500 - Dressage professionnel pour chiens | Chasseur chanceux","og_description":"Entra\u00eenez votre chien efficacement. Le lanceur factice Thunder 500 est petit et l\u00e9ger, ce qui vous permet de faire passer l'entra\u00eenement de votre chien au niveau sup\u00e9rieur.","og_url":"https:\/\/staging.lucky-hunter.com\/fr\/product\/lanceur-de-mannequin-thunder-500-accessoires-professionnels\/","og_site_name":"Lucky-Hunter","article_modified_time":"2025-07-01T09:46:53+00:00","og_image":[{"width":1000,"height":1000,"url":"https:\/\/staging.lucky-hunter.com\/wp-content\/uploads\/2018\/05\/JH-79.png","type":"image\/png"}],"twitter_card":"summary_large_image","twitter_title":"Lanceur factice Thunder 500 - Dressage professionnel pour chiens | Chasseur chanceux","twitter_description":"Entra\u00eenez votre chien efficacement. Le lanceur factice Thunder 500 est petit et l\u00e9ger, ce qui vous permet de faire passer l'entra\u00eenement de votre chien au niveau sup\u00e9rieur.","twitter_misc":{"Dur\u00e9e de lecture estim\u00e9e":"2 minutes"},"schema":{"@context":"https:\/\/schema.org","@graph":[{"@type":"WebPage","@id":"https:\/\/staging.lucky-hunter.com\/fr\/product\/lanceur-de-mannequin-thunder-500-accessoires-professionnels\/","url":"https:\/\/staging.lucky-hunter.com\/fr\/product\/lanceur-de-mannequin-thunder-500-accessoires-professionnels\/","name":"Lanceur de Mannequin Thunder 500 - accessoires professionnels","isPartOf":{"@id":"https:\/\/staging.lucky-hunter.com\/#website"},"primaryImageOfPage":{"@id":"https:\/\/staging.lucky-hunter.com\/fr\/product\/lanceur-de-mannequin-thunder-500-accessoires-professionnels\/#primaryimage"},"image":{"@id":"https:\/\/staging.lucky-hunter.com\/fr\/product\/lanceur-de-mannequin-thunder-500-accessoires-professionnels\/#primaryimage"},"thumbnailUrl":"https:\/\/staging.lucky-hunter.com\/wp-content\/uploads\/2018\/05\/JH-79.png","datePublished":"2018-05-11T14:07:00+00:00","dateModified":"2025-07-01T09:46:53+00:00","description":"Thunder 500 et petit et pratique. Ce lanceur de mannequins m\u00e9canique offre la possibilit\u00e9 de lancer jusqu'\u00e0 5 mannequins simultan\u00e9ment.\u00a0","breadcrumb":{"@id":"https:\/\/staging.lucky-hunter.com\/fr\/product\/lanceur-de-mannequin-thunder-500-accessoires-professionnels\/#breadcrumb"},"inLanguage":"fr-FR","potentialAction":[{"@type":"ReadAction","target":["https:\/\/staging.lucky-hunter.com\/fr\/product\/lanceur-de-mannequin-thunder-500-accessoires-professionnels\/"]}]},{"@type":"ImageObject","inLanguage":"fr-FR","@id":"https:\/\/staging.lucky-hunter.com\/fr\/product\/lanceur-de-mannequin-thunder-500-accessoires-professionnels\/#primaryimage","url":"https:\/\/staging.lucky-hunter.com\/wp-content\/uploads\/2018\/05\/JH-79.png","contentUrl":"https:\/\/staging.lucky-hunter.com\/wp-content\/uploads\/2018\/05\/JH-79.png","width":1000,"height":1000,"caption":"Image of the Thunder 500 Dummy Launcher"},{"@type":"BreadcrumbList","@id":"https:\/\/staging.lucky-hunter.com\/fr\/product\/lanceur-de-mannequin-thunder-500-accessoires-professionnels\/#breadcrumb","itemListElement":[{"@type":"ListItem","position":1,"name":"Home","item":"https:\/\/staging.lucky-hunter.com\/fr\/"},{"@type":"ListItem","position":2,"name":"Boutique","item":"https:\/\/staging.lucky-hunter.com\/fr\/shop\/"},{"@type":"ListItem","position":3,"name":"Lanceur de Mannequins Thunder 500"}]},{"@type":"WebSite","@id":"https:\/\/staging.lucky-hunter.com\/#website","url":"https:\/\/staging.lucky-hunter.com\/","name":"Lucky-Hunter","description":"Gear Up or Give Up","potentialAction":[{"@type":"SearchAction","target":{"@type":"EntryPoint","urlTemplate":"https:\/\/staging.lucky-hunter.com\/?s={search_term_string}"},"query-input":{"@type":"PropertyValueSpecification","valueRequired":true,"valueName":"search_term_string"}}],"inLanguage":"fr-FR"}]}},"_links":{"self":[{"href":"https:\/\/staging.lucky-hunter.com\/fr\/wp-json\/wp\/v2\/product\/56618"}],"collection":[{"href":"https:\/\/staging.lucky-hunter.com\/fr\/wp-json\/wp\/v2\/product"}],"about":[{"href":"https:\/\/staging.lucky-hunter.com\/fr\/wp-json\/wp\/v2\/types\/product"}],"wp:featuredmedia":[{"embeddable":true,"href":"https:\/\/staging.lucky-hunter.com\/fr\/wp-json\/wp\/v2\/media\/29813"}],"wp:attachment":[{"href":"https:\/\/staging.lucky-hunter.com\/fr\/wp-json\/wp\/v2\/media?parent=56618"}],"wp:term":[{"taxonomy":"product_brand","embeddable":true,"href":"https:\/\/staging.lucky-hunter.com\/fr\/wp-json\/wp\/v2\/product_brand?post=56618"},{"taxonomy":"product_cat","embeddable":true,"href":"https:\/\/staging.lucky-hunter.com\/fr\/wp-json\/wp\/v2\/product_cat?post=56618"},{"taxonomy":"product_tag","embeddable":true,"href":"https:\/\/staging.lucky-hunter.com\/fr\/wp-json\/wp\/v2\/product_tag?post=56618"}],"curies":[{"name":"wp","href":"https:\/\/api.w.org\/{rel}","templated":true}]}}