{"id":56616,"date":"2018-05-24T14:50:55","date_gmt":"2018-05-24T12:50:55","guid":{"rendered":"https:\/\/staging.lucky-hunter.com\/product\/rrt-black-white-canvas-dummy\/"},"modified":"2025-07-01T11:11:33","modified_gmt":"2025-07-01T09:11:33","slug":"mannequin-noir-et-blanc-pour-rrt-lanceur","status":"publish","type":"product","link":"https:\/\/staging.lucky-hunter.com\/fr\/product\/mannequin-noir-et-blanc-pour-rrt-lanceur\/","title":{"rendered":"Mannequin Noir et Blanc pour RRT lanceur &#8211; 1 pi\u00e8ce"},"content":{"rendered":"<h2><strong>Mannequin Noir et Blanc pour RRT &#8211; entra\u00eenement canin professionnel avec votre chien de chasse<\/strong><\/h2>\n<p>Mannequin en toile avec \u00ab\u00a0queue\u00a0\u00bb par la marque am\u00e9ricaine Retriev-R Trainer, fabriqu\u00e9 en tissu Cordura durable et r\u00e9sistant \u00e0 l&#8217;eau et \u00e0 la salet\u00e9.<\/p>\n<p>Avec des inserts en aluminium qui r\u00e9duisent le recul et neutralisent la rouille.<\/p>\n<p>Compatible avec le lanceur RRT Lucky Launcher II et avec le lanceur de mannequins portable RRT.<\/p>\n<p>Longueur : env. 24,50 cm<\/p>\n<p>Largeur : env. 7,5 cm.<\/p>\n<p>Couleur : Noir et Blanc.<\/p>\n<p>Fourni 1 pi\u00e8ce<\/p>\n<p>Le mannequin ne fonctionne pas correctement lorsqu&#8217;il est sale. Nous vous recommandons donc de nettoyer et de s\u00e9cher le mannequin lorsque vous rentrez chez vous apr\u00e8s l&#8217;entra\u00eenement du chien.<\/p>\n<p>&#8211;<\/p>\n<p>Depuis 1965, les propri\u00e9taires de chiens professionnels et amateurs du monde entier utilisent l\u2019\u00e9quipement d&#8217;entra\u00eenement de la marque am\u00e9ricaine Retriev-R-Trainer.<\/p>\n<p>Tout l\u2019\u00e9quipement est con\u00e7u et fabriqu\u00e9 aux \u00c9tats-Unis.<\/p>\n","protected":false},"excerpt":{"rendered":"<p>Mannequin en toile avec \u00ab queue \u00bb par la marque am\u00e9ricaine Retriev-R Trainer, fabriqu\u00e9 en tissu Cordura durable et r\u00e9sistant \u00e0 l&#8217;eau et \u00e0 la salet\u00e9.<\/p>\n","protected":false},"featured_media":29845,"template":"","meta":[],"product_brand":[8223],"product_cat":[8188],"product_tag":[],"yoast_head":"<!-- This site is optimized with the Yoast SEO plugin v24.3 - https:\/\/yoast.com\/wordpress\/plugins\/seo\/ -->\n<title>Mannequin Noir et Blanc pour RRT lanceur<\/title>\n<meta name=\"description\" content=\"Mannequin en toile avec \u00ab queue \u00bb par la marque am\u00e9ricaine Retriev-R Trainer, fabriqu\u00e9 en tissu Cordura durable et r\u00e9sistant \u00e0 l&#039;eau et \u00e0 la salet\u00e9.\" \/>\n<meta name=\"robots\" content=\"noindex, follow, max-snippet:-1, max-image-preview:large, max-video-preview:-1\" \/>\n<meta property=\"og:locale\" content=\"fr_FR\" \/>\n<meta property=\"og:type\" content=\"article\" \/>\n<meta property=\"og:title\" content=\"RRT T\u00e9tine en toile noire\/blanche - Essentiels pour le dressage de chiens | Chasseur chanceux\" \/>\n<meta property=\"og:description\" content=\"Les indispensables du dressage canin. Le mannequin RRT en toile noire\/blanche est r\u00e9sistant \u00e0 l&#039;usure, \u00e0 l&#039;eau et \u00e0 la salet\u00e9 et parfait pour entra\u00eener votre chien de chasse.\" \/>\n<meta property=\"og:url\" content=\"https:\/\/staging.lucky-hunter.com\/fr\/product\/mannequin-noir-et-blanc-pour-rrt-lanceur\/\" \/>\n<meta property=\"og:site_name\" content=\"Lucky-Hunter\" \/>\n<meta property=\"article:modified_time\" content=\"2025-07-01T09:11:33+00:00\" \/>\n<meta property=\"og:image\" content=\"https:\/\/staging.lucky-hunter.com\/wp-content\/uploads\/2018\/07\/JH-135.png\" \/>\n\t<meta property=\"og:image:width\" content=\"1000\" \/>\n\t<meta property=\"og:image:height\" content=\"1000\" \/>\n\t<meta property=\"og:image:type\" content=\"image\/png\" \/>\n<meta name=\"twitter:card\" content=\"summary_large_image\" \/>\n<meta name=\"twitter:title\" content=\"RRT T\u00e9tine en toile noire\/blanche - Dressage de chiens | Chasseur chanceux\" \/>\n<meta name=\"twitter:description\" content=\"Les indispensables du dressage canin. Le mannequin RRT en toile noire\/blanche est r\u00e9sistant \u00e0 l&#039;usure, \u00e0 l&#039;eau et \u00e0 la salet\u00e9 et parfait pour entra\u00eener votre chien de chasse.\" \/>\n<meta name=\"twitter:label1\" content=\"Dur\u00e9e de lecture estim\u00e9e\" \/>\n\t<meta name=\"twitter:data1\" content=\"1 minute\" \/>\n<script type=\"application\/ld+json\" class=\"yoast-schema-graph\">{\"@context\":\"https:\/\/schema.org\",\"@graph\":[{\"@type\":\"WebPage\",\"@id\":\"https:\/\/staging.lucky-hunter.com\/fr\/product\/mannequin-noir-et-blanc-pour-rrt-lanceur\/\",\"url\":\"https:\/\/staging.lucky-hunter.com\/fr\/product\/mannequin-noir-et-blanc-pour-rrt-lanceur\/\",\"name\":\"Mannequin Noir et Blanc pour RRT lanceur\",\"isPartOf\":{\"@id\":\"https:\/\/staging.lucky-hunter.com\/#website\"},\"primaryImageOfPage\":{\"@id\":\"https:\/\/staging.lucky-hunter.com\/fr\/product\/mannequin-noir-et-blanc-pour-rrt-lanceur\/#primaryimage\"},\"image\":{\"@id\":\"https:\/\/staging.lucky-hunter.com\/fr\/product\/mannequin-noir-et-blanc-pour-rrt-lanceur\/#primaryimage\"},\"thumbnailUrl\":\"https:\/\/staging.lucky-hunter.com\/wp-content\/uploads\/2018\/07\/JH-135.png\",\"datePublished\":\"2018-05-24T12:50:55+00:00\",\"dateModified\":\"2025-07-01T09:11:33+00:00\",\"description\":\"Mannequin en toile avec \u00ab queue \u00bb par la marque am\u00e9ricaine Retriev-R Trainer, fabriqu\u00e9 en tissu Cordura durable et r\u00e9sistant \u00e0 l'eau et \u00e0 la salet\u00e9.\",\"breadcrumb\":{\"@id\":\"https:\/\/staging.lucky-hunter.com\/fr\/product\/mannequin-noir-et-blanc-pour-rrt-lanceur\/#breadcrumb\"},\"inLanguage\":\"fr-FR\",\"potentialAction\":[{\"@type\":\"ReadAction\",\"target\":[\"https:\/\/staging.lucky-hunter.com\/fr\/product\/mannequin-noir-et-blanc-pour-rrt-lanceur\/\"]}]},{\"@type\":\"ImageObject\",\"inLanguage\":\"fr-FR\",\"@id\":\"https:\/\/staging.lucky-hunter.com\/fr\/product\/mannequin-noir-et-blanc-pour-rrt-lanceur\/#primaryimage\",\"url\":\"https:\/\/staging.lucky-hunter.com\/wp-content\/uploads\/2018\/07\/JH-135.png\",\"contentUrl\":\"https:\/\/staging.lucky-hunter.com\/wp-content\/uploads\/2018\/07\/JH-135.png\",\"width\":1000,\"height\":1000,\"caption\":\"Image of RRT Black\/White Canvas Dummy\"},{\"@type\":\"BreadcrumbList\",\"@id\":\"https:\/\/staging.lucky-hunter.com\/fr\/product\/mannequin-noir-et-blanc-pour-rrt-lanceur\/#breadcrumb\",\"itemListElement\":[{\"@type\":\"ListItem\",\"position\":1,\"name\":\"Home\",\"item\":\"https:\/\/staging.lucky-hunter.com\/fr\/\"},{\"@type\":\"ListItem\",\"position\":2,\"name\":\"Boutique\",\"item\":\"https:\/\/staging.lucky-hunter.com\/fr\/shop\/\"},{\"@type\":\"ListItem\",\"position\":3,\"name\":\"Mannequin Noir et Blanc pour RRT lanceur &#8211; 1 pi\u00e8ce\"}]},{\"@type\":\"WebSite\",\"@id\":\"https:\/\/staging.lucky-hunter.com\/#website\",\"url\":\"https:\/\/staging.lucky-hunter.com\/\",\"name\":\"Lucky-Hunter\",\"description\":\"Gear Up or Give Up\",\"potentialAction\":[{\"@type\":\"SearchAction\",\"target\":{\"@type\":\"EntryPoint\",\"urlTemplate\":\"https:\/\/staging.lucky-hunter.com\/?s={search_term_string}\"},\"query-input\":{\"@type\":\"PropertyValueSpecification\",\"valueRequired\":true,\"valueName\":\"search_term_string\"}}],\"inLanguage\":\"fr-FR\"}]}<\/script>\n<!-- \/ Yoast SEO plugin. -->","yoast_head_json":{"title":"Mannequin Noir et Blanc pour RRT lanceur","description":"Mannequin en toile avec \u00ab queue \u00bb par la marque am\u00e9ricaine Retriev-R Trainer, fabriqu\u00e9 en tissu Cordura durable et r\u00e9sistant \u00e0 l'eau et \u00e0 la salet\u00e9.","robots":{"index":"noindex","follow":"follow","max-snippet":"max-snippet:-1","max-image-preview":"max-image-preview:large","max-video-preview":"max-video-preview:-1"},"og_locale":"fr_FR","og_type":"article","og_title":"RRT T\u00e9tine en toile noire\/blanche - Essentiels pour le dressage de chiens | Chasseur chanceux","og_description":"Les indispensables du dressage canin. Le mannequin RRT en toile noire\/blanche est r\u00e9sistant \u00e0 l'usure, \u00e0 l'eau et \u00e0 la salet\u00e9 et parfait pour entra\u00eener votre chien de chasse.","og_url":"https:\/\/staging.lucky-hunter.com\/fr\/product\/mannequin-noir-et-blanc-pour-rrt-lanceur\/","og_site_name":"Lucky-Hunter","article_modified_time":"2025-07-01T09:11:33+00:00","og_image":[{"width":1000,"height":1000,"url":"https:\/\/staging.lucky-hunter.com\/wp-content\/uploads\/2018\/07\/JH-135.png","type":"image\/png"}],"twitter_card":"summary_large_image","twitter_title":"RRT T\u00e9tine en toile noire\/blanche - Dressage de chiens | Chasseur chanceux","twitter_description":"Les indispensables du dressage canin. Le mannequin RRT en toile noire\/blanche est r\u00e9sistant \u00e0 l'usure, \u00e0 l'eau et \u00e0 la salet\u00e9 et parfait pour entra\u00eener votre chien de chasse.","twitter_misc":{"Dur\u00e9e de lecture estim\u00e9e":"1 minute"},"schema":{"@context":"https:\/\/schema.org","@graph":[{"@type":"WebPage","@id":"https:\/\/staging.lucky-hunter.com\/fr\/product\/mannequin-noir-et-blanc-pour-rrt-lanceur\/","url":"https:\/\/staging.lucky-hunter.com\/fr\/product\/mannequin-noir-et-blanc-pour-rrt-lanceur\/","name":"Mannequin Noir et Blanc pour RRT lanceur","isPartOf":{"@id":"https:\/\/staging.lucky-hunter.com\/#website"},"primaryImageOfPage":{"@id":"https:\/\/staging.lucky-hunter.com\/fr\/product\/mannequin-noir-et-blanc-pour-rrt-lanceur\/#primaryimage"},"image":{"@id":"https:\/\/staging.lucky-hunter.com\/fr\/product\/mannequin-noir-et-blanc-pour-rrt-lanceur\/#primaryimage"},"thumbnailUrl":"https:\/\/staging.lucky-hunter.com\/wp-content\/uploads\/2018\/07\/JH-135.png","datePublished":"2018-05-24T12:50:55+00:00","dateModified":"2025-07-01T09:11:33+00:00","description":"Mannequin en toile avec \u00ab queue \u00bb par la marque am\u00e9ricaine Retriev-R Trainer, fabriqu\u00e9 en tissu Cordura durable et r\u00e9sistant \u00e0 l'eau et \u00e0 la salet\u00e9.","breadcrumb":{"@id":"https:\/\/staging.lucky-hunter.com\/fr\/product\/mannequin-noir-et-blanc-pour-rrt-lanceur\/#breadcrumb"},"inLanguage":"fr-FR","potentialAction":[{"@type":"ReadAction","target":["https:\/\/staging.lucky-hunter.com\/fr\/product\/mannequin-noir-et-blanc-pour-rrt-lanceur\/"]}]},{"@type":"ImageObject","inLanguage":"fr-FR","@id":"https:\/\/staging.lucky-hunter.com\/fr\/product\/mannequin-noir-et-blanc-pour-rrt-lanceur\/#primaryimage","url":"https:\/\/staging.lucky-hunter.com\/wp-content\/uploads\/2018\/07\/JH-135.png","contentUrl":"https:\/\/staging.lucky-hunter.com\/wp-content\/uploads\/2018\/07\/JH-135.png","width":1000,"height":1000,"caption":"Image of RRT Black\/White Canvas Dummy"},{"@type":"BreadcrumbList","@id":"https:\/\/staging.lucky-hunter.com\/fr\/product\/mannequin-noir-et-blanc-pour-rrt-lanceur\/#breadcrumb","itemListElement":[{"@type":"ListItem","position":1,"name":"Home","item":"https:\/\/staging.lucky-hunter.com\/fr\/"},{"@type":"ListItem","position":2,"name":"Boutique","item":"https:\/\/staging.lucky-hunter.com\/fr\/shop\/"},{"@type":"ListItem","position":3,"name":"Mannequin Noir et Blanc pour RRT lanceur &#8211; 1 pi\u00e8ce"}]},{"@type":"WebSite","@id":"https:\/\/staging.lucky-hunter.com\/#website","url":"https:\/\/staging.lucky-hunter.com\/","name":"Lucky-Hunter","description":"Gear Up or Give Up","potentialAction":[{"@type":"SearchAction","target":{"@type":"EntryPoint","urlTemplate":"https:\/\/staging.lucky-hunter.com\/?s={search_term_string}"},"query-input":{"@type":"PropertyValueSpecification","valueRequired":true,"valueName":"search_term_string"}}],"inLanguage":"fr-FR"}]}},"_links":{"self":[{"href":"https:\/\/staging.lucky-hunter.com\/fr\/wp-json\/wp\/v2\/product\/56616"}],"collection":[{"href":"https:\/\/staging.lucky-hunter.com\/fr\/wp-json\/wp\/v2\/product"}],"about":[{"href":"https:\/\/staging.lucky-hunter.com\/fr\/wp-json\/wp\/v2\/types\/product"}],"wp:featuredmedia":[{"embeddable":true,"href":"https:\/\/staging.lucky-hunter.com\/fr\/wp-json\/wp\/v2\/media\/29845"}],"wp:attachment":[{"href":"https:\/\/staging.lucky-hunter.com\/fr\/wp-json\/wp\/v2\/media?parent=56616"}],"wp:term":[{"taxonomy":"product_brand","embeddable":true,"href":"https:\/\/staging.lucky-hunter.com\/fr\/wp-json\/wp\/v2\/product_brand?post=56616"},{"taxonomy":"product_cat","embeddable":true,"href":"https:\/\/staging.lucky-hunter.com\/fr\/wp-json\/wp\/v2\/product_cat?post=56616"},{"taxonomy":"product_tag","embeddable":true,"href":"https:\/\/staging.lucky-hunter.com\/fr\/wp-json\/wp\/v2\/product_tag?post=56616"}],"curies":[{"name":"wp","href":"https:\/\/api.w.org\/{rel}","templated":true}]}}