{"id":56615,"date":"2018-08-28T11:56:19","date_gmt":"2018-08-28T09:56:19","guid":{"rendered":"https:\/\/staging.lucky-hunter.com\/product\/deerhunter-sneaky-3d-pullover\/"},"modified":"2025-06-30T15:43:13","modified_gmt":"2025-06-30T13:43:13","slug":"tenue-deerhunter-sneaky-3d","status":"publish","type":"product","link":"https:\/\/staging.lucky-hunter.com\/fr\/product\/tenue-deerhunter-sneaky-3d\/","title":{"rendered":"Tenue Deerhunter Sneaky 3D"},"content":{"rendered":"<h2><strong>Tenue Deerhunter Sneaky 3D &#8211; la tenue la plus silencieuse sur le march\u00e9, \u00e0 enfiler par dessus vos v\u00eatements<\/strong><\/h2>\n<p>La s\u00e9rie Sneaky 3D est con\u00e7ue principalement pour se camoufler, pour se fondre dans la nature.<\/p>\n<p>Elle a \u00e9t\u00e9 d\u00e9velopp\u00e9e pour les chasseurs actifs, mais les ornithologues la trouveront \u00e9galement tr\u00e8s utile lors de l&#8217;\u00e9tude de la vie des oiseaux et des animaux.<\/p>\n<p>Le motif de camouflage Innovation de Deerhunter a \u00e9t\u00e9 d\u00e9velopp\u00e9 pour fournir un camouflage maximal, du sol jusqu&#8217;\u00e0 une hauteur de 180 cm. L&#8217;ensemble a \u00e9t\u00e9 confectionn\u00e9 avec un mat\u00e9riau extr\u00eamement l\u00e9ger et silencieux.<\/p>\n<ul>\n<li>Veste ajustable \u00e0 la taille avec cordon \u00e9lastique<\/li>\n<li>Poignets ajustables avec \u00e9lastique<\/li>\n<li>Pantalon avec \u00e9lastique \u00e0 la taille et aux pieds<\/li>\n<li>Ouverture pour acc\u00e9der facilement \u00e0 la poche du pantalon port\u00e9 par dessous.<\/li>\n<\/ul>\n<p>Laver s\u00e9par\u00e9ment \u00e0 30 degr\u00e9s et sur l&#8217;envers.<\/p>\n<p>Ne pas utiliser d&#8217;adoucissant<\/p>\n","protected":false},"excerpt":{"rendered":"<p>La s\u00e9rie Sneaky 3D est con\u00e7ue principalement pour se camoufler, pour se fondre dans la nature.<\/p>\n","protected":false},"featured_media":30630,"template":"","meta":[],"product_brand":[8194],"product_cat":[8400],"product_tag":[],"yoast_head":"<!-- This site is optimized with the Yoast SEO plugin v24.3 - https:\/\/yoast.com\/wordpress\/plugins\/seo\/ -->\n<title>Tenue Deerhunter Sneaky 3D- V\u00eatements silencieux<\/title>\n<meta name=\"description\" content=\"Tenue Deerhunter Sneaky 3D Des v\u00eatements silencieux pour vous camoufler pendant la chasse. Respirant et l\u00e9ger Se fond dans la nature.\" \/>\n<meta name=\"robots\" content=\"noindex, follow, max-snippet:-1, max-image-preview:large, max-video-preview:-1\" \/>\n<meta property=\"og:locale\" content=\"fr_FR\" \/>\n<meta property=\"og:type\" content=\"article\" \/>\n<meta property=\"og:title\" content=\"Deerhunter Sneaky 3D Pull - V\u00eatements silencieux | Chasseur chanceux\" \/>\n<meta property=\"og:description\" content=\"Tenue Deerhunter Sneaky 3D Des v\u00eatements silencieux pour vous camoufler pendant la chasse. Respirant et l\u00e9ger Se fond dans la nature.\" \/>\n<meta property=\"og:url\" content=\"https:\/\/staging.lucky-hunter.com\/product\/deerhunter-sneaky-3d-pullover\/\" \/>\n<meta property=\"og:site_name\" content=\"Lucky-Hunter\" \/>\n<meta property=\"article:modified_time\" content=\"2025-06-30T13:43:13+00:00\" \/>\n<meta property=\"og:image\" content=\"https:\/\/staging.lucky-hunter.com\/wp-content\/uploads\/2018\/08\/DH-2065.png.webp\" \/>\n\t<meta property=\"og:image:width\" content=\"1000\" \/>\n\t<meta property=\"og:image:height\" content=\"1000\" \/>\n\t<meta property=\"og:image:type\" content=\"image\/webp\" \/>\n<meta name=\"twitter:card\" content=\"summary_large_image\" \/>\n<meta name=\"twitter:title\" content=\"Deerhunter Sneaky 3D Pull - V\u00eatements silencieux | Chasseur chanceux\" \/>\n<meta name=\"twitter:description\" content=\"Tenue Deerhunter Sneaky 3D Des v\u00eatements silencieux pour vous camoufler pendant la chasse. Respirant et l\u00e9ger Se fond dans la nature.\" \/>\n<meta name=\"twitter:label1\" content=\"Dur\u00e9e de lecture estim\u00e9e\" \/>\n\t<meta name=\"twitter:data1\" content=\"1 minute\" \/>\n<script type=\"application\/ld+json\" class=\"yoast-schema-graph\">{\"@context\":\"https:\/\/schema.org\",\"@graph\":[{\"@type\":\"WebPage\",\"@id\":\"https:\/\/staging.lucky-hunter.com\/product\/deerhunter-sneaky-3d-pullover\/\",\"url\":\"https:\/\/staging.lucky-hunter.com\/product\/deerhunter-sneaky-3d-pullover\/\",\"name\":\"Tenue Deerhunter Sneaky 3D- V\u00eatements silencieux\",\"isPartOf\":{\"@id\":\"https:\/\/staging.lucky-hunter.com\/#website\"},\"primaryImageOfPage\":{\"@id\":\"https:\/\/staging.lucky-hunter.com\/product\/deerhunter-sneaky-3d-pullover\/#primaryimage\"},\"image\":{\"@id\":\"https:\/\/staging.lucky-hunter.com\/product\/deerhunter-sneaky-3d-pullover\/#primaryimage\"},\"thumbnailUrl\":\"https:\/\/staging.lucky-hunter.com\/wp-content\/uploads\/2018\/08\/DH-2065.png.webp\",\"datePublished\":\"2018-08-28T09:56:19+00:00\",\"dateModified\":\"2025-06-30T13:43:13+00:00\",\"description\":\"Tenue Deerhunter Sneaky 3D Des v\u00eatements silencieux pour vous camoufler pendant la chasse. Respirant et l\u00e9ger Se fond dans la nature.\",\"breadcrumb\":{\"@id\":\"https:\/\/staging.lucky-hunter.com\/product\/deerhunter-sneaky-3d-pullover\/#breadcrumb\"},\"inLanguage\":\"fr-FR\",\"potentialAction\":[{\"@type\":\"ReadAction\",\"target\":[\"https:\/\/staging.lucky-hunter.com\/product\/deerhunter-sneaky-3d-pullover\/\"]}]},{\"@type\":\"ImageObject\",\"inLanguage\":\"fr-FR\",\"@id\":\"https:\/\/staging.lucky-hunter.com\/product\/deerhunter-sneaky-3d-pullover\/#primaryimage\",\"url\":\"https:\/\/staging.lucky-hunter.com\/wp-content\/uploads\/2018\/08\/DH-2065.png.webp\",\"contentUrl\":\"https:\/\/staging.lucky-hunter.com\/wp-content\/uploads\/2018\/08\/DH-2065.png.webp\",\"width\":1000,\"height\":1000},{\"@type\":\"BreadcrumbList\",\"@id\":\"https:\/\/staging.lucky-hunter.com\/product\/deerhunter-sneaky-3d-pullover\/#breadcrumb\",\"itemListElement\":[{\"@type\":\"ListItem\",\"position\":1,\"name\":\"Home\",\"item\":\"https:\/\/staging.lucky-hunter.com\/fr\/\"},{\"@type\":\"ListItem\",\"position\":2,\"name\":\"Boutique\",\"item\":\"https:\/\/staging.lucky-hunter.com\/fr\/shop\/\"},{\"@type\":\"ListItem\",\"position\":3,\"name\":\"Tenue Deerhunter Sneaky 3D\"}]},{\"@type\":\"WebSite\",\"@id\":\"https:\/\/staging.lucky-hunter.com\/#website\",\"url\":\"https:\/\/staging.lucky-hunter.com\/\",\"name\":\"Lucky-Hunter\",\"description\":\"Gear Up or Give Up\",\"potentialAction\":[{\"@type\":\"SearchAction\",\"target\":{\"@type\":\"EntryPoint\",\"urlTemplate\":\"https:\/\/staging.lucky-hunter.com\/?s={search_term_string}\"},\"query-input\":{\"@type\":\"PropertyValueSpecification\",\"valueRequired\":true,\"valueName\":\"search_term_string\"}}],\"inLanguage\":\"fr-FR\"}]}<\/script>\n<!-- \/ Yoast SEO plugin. -->","yoast_head_json":{"title":"Tenue Deerhunter Sneaky 3D- V\u00eatements silencieux","description":"Tenue Deerhunter Sneaky 3D Des v\u00eatements silencieux pour vous camoufler pendant la chasse. Respirant et l\u00e9ger Se fond dans la nature.","robots":{"index":"noindex","follow":"follow","max-snippet":"max-snippet:-1","max-image-preview":"max-image-preview:large","max-video-preview":"max-video-preview:-1"},"og_locale":"fr_FR","og_type":"article","og_title":"Deerhunter Sneaky 3D Pull - V\u00eatements silencieux | Chasseur chanceux","og_description":"Tenue Deerhunter Sneaky 3D Des v\u00eatements silencieux pour vous camoufler pendant la chasse. Respirant et l\u00e9ger Se fond dans la nature.","og_url":"https:\/\/staging.lucky-hunter.com\/product\/deerhunter-sneaky-3d-pullover\/","og_site_name":"Lucky-Hunter","article_modified_time":"2025-06-30T13:43:13+00:00","og_image":[{"width":1000,"height":1000,"url":"https:\/\/staging.lucky-hunter.com\/wp-content\/uploads\/2018\/08\/DH-2065.png.webp","type":"image\/webp"}],"twitter_card":"summary_large_image","twitter_title":"Deerhunter Sneaky 3D Pull - V\u00eatements silencieux | Chasseur chanceux","twitter_description":"Tenue Deerhunter Sneaky 3D Des v\u00eatements silencieux pour vous camoufler pendant la chasse. Respirant et l\u00e9ger Se fond dans la nature.","twitter_misc":{"Dur\u00e9e de lecture estim\u00e9e":"1 minute"},"schema":{"@context":"https:\/\/schema.org","@graph":[{"@type":"WebPage","@id":"https:\/\/staging.lucky-hunter.com\/product\/deerhunter-sneaky-3d-pullover\/","url":"https:\/\/staging.lucky-hunter.com\/product\/deerhunter-sneaky-3d-pullover\/","name":"Tenue Deerhunter Sneaky 3D- V\u00eatements silencieux","isPartOf":{"@id":"https:\/\/staging.lucky-hunter.com\/#website"},"primaryImageOfPage":{"@id":"https:\/\/staging.lucky-hunter.com\/product\/deerhunter-sneaky-3d-pullover\/#primaryimage"},"image":{"@id":"https:\/\/staging.lucky-hunter.com\/product\/deerhunter-sneaky-3d-pullover\/#primaryimage"},"thumbnailUrl":"https:\/\/staging.lucky-hunter.com\/wp-content\/uploads\/2018\/08\/DH-2065.png.webp","datePublished":"2018-08-28T09:56:19+00:00","dateModified":"2025-06-30T13:43:13+00:00","description":"Tenue Deerhunter Sneaky 3D Des v\u00eatements silencieux pour vous camoufler pendant la chasse. Respirant et l\u00e9ger Se fond dans la nature.","breadcrumb":{"@id":"https:\/\/staging.lucky-hunter.com\/product\/deerhunter-sneaky-3d-pullover\/#breadcrumb"},"inLanguage":"fr-FR","potentialAction":[{"@type":"ReadAction","target":["https:\/\/staging.lucky-hunter.com\/product\/deerhunter-sneaky-3d-pullover\/"]}]},{"@type":"ImageObject","inLanguage":"fr-FR","@id":"https:\/\/staging.lucky-hunter.com\/product\/deerhunter-sneaky-3d-pullover\/#primaryimage","url":"https:\/\/staging.lucky-hunter.com\/wp-content\/uploads\/2018\/08\/DH-2065.png.webp","contentUrl":"https:\/\/staging.lucky-hunter.com\/wp-content\/uploads\/2018\/08\/DH-2065.png.webp","width":1000,"height":1000},{"@type":"BreadcrumbList","@id":"https:\/\/staging.lucky-hunter.com\/product\/deerhunter-sneaky-3d-pullover\/#breadcrumb","itemListElement":[{"@type":"ListItem","position":1,"name":"Home","item":"https:\/\/staging.lucky-hunter.com\/fr\/"},{"@type":"ListItem","position":2,"name":"Boutique","item":"https:\/\/staging.lucky-hunter.com\/fr\/shop\/"},{"@type":"ListItem","position":3,"name":"Tenue Deerhunter Sneaky 3D"}]},{"@type":"WebSite","@id":"https:\/\/staging.lucky-hunter.com\/#website","url":"https:\/\/staging.lucky-hunter.com\/","name":"Lucky-Hunter","description":"Gear Up or Give Up","potentialAction":[{"@type":"SearchAction","target":{"@type":"EntryPoint","urlTemplate":"https:\/\/staging.lucky-hunter.com\/?s={search_term_string}"},"query-input":{"@type":"PropertyValueSpecification","valueRequired":true,"valueName":"search_term_string"}}],"inLanguage":"fr-FR"}]}},"_links":{"self":[{"href":"https:\/\/staging.lucky-hunter.com\/fr\/wp-json\/wp\/v2\/product\/56615"}],"collection":[{"href":"https:\/\/staging.lucky-hunter.com\/fr\/wp-json\/wp\/v2\/product"}],"about":[{"href":"https:\/\/staging.lucky-hunter.com\/fr\/wp-json\/wp\/v2\/types\/product"}],"wp:featuredmedia":[{"embeddable":true,"href":"https:\/\/staging.lucky-hunter.com\/fr\/wp-json\/wp\/v2\/media\/30630"}],"wp:attachment":[{"href":"https:\/\/staging.lucky-hunter.com\/fr\/wp-json\/wp\/v2\/media?parent=56615"}],"wp:term":[{"taxonomy":"product_brand","embeddable":true,"href":"https:\/\/staging.lucky-hunter.com\/fr\/wp-json\/wp\/v2\/product_brand?post=56615"},{"taxonomy":"product_cat","embeddable":true,"href":"https:\/\/staging.lucky-hunter.com\/fr\/wp-json\/wp\/v2\/product_cat?post=56615"},{"taxonomy":"product_tag","embeddable":true,"href":"https:\/\/staging.lucky-hunter.com\/fr\/wp-json\/wp\/v2\/product_tag?post=56615"}],"curies":[{"name":"wp","href":"https:\/\/api.w.org\/{rel}","templated":true}]}}