{"id":56614,"date":"2018-05-16T12:14:37","date_gmt":"2018-05-16T10:14:37","guid":{"rendered":"https:\/\/staging.lucky-hunter.com\/product\/avery-dog-collar-reversible\/"},"modified":"2025-07-01T11:33:29","modified_gmt":"2025-07-01T09:33:29","slug":"collier-reversible-pour-chien-avery-sporting-dog","status":"publish","type":"product","link":"https:\/\/staging.lucky-hunter.com\/fr\/product\/collier-reversible-pour-chien-avery-sporting-dog\/","title":{"rendered":"Collier R\u00e9versible pour Chien &#8211; Avery Sporting Dog"},"content":{"rendered":"<h1><strong>Le collier pour chien Avery est parfait pour les chiens de chasse \u00e0 la sauvagine<\/strong><\/h1>\n<p>Collier pour chien de qualit\u00e9 par le fabricant am\u00e9ricain Avery Sporting Dog, avec motif de camouflage KW-1 d&#8217;un c\u00f4t\u00e9 et orange vif de l&#8217;autre.<\/p>\n<p>Le collier pour chien Avery est parfait pour votre chien de chasse. Il dispose d\u2019une boucle de changement rapide qui vous permet de le mettre et de l\u2019enlever rapidement ou de changer la couleur tr\u00e8s facilement. Les boucles sont en zinc avec rev\u00eatement.<\/p>\n<p>Fabriqu\u00e9 avec une double toile en polyester et disponible en trois tailles. Parfait comme compl\u00e9ment du collier habituel de votre chien lorsque vous ne chassez pas, ou simplement comme collier principal pour votre chien de chasse.<\/p>\n<p>Ce collier est solide, durable, bien coup\u00e9 et fabriqu\u00e9 avec des mat\u00e9riaux de qualit\u00e9 sup\u00e9rieure. Ce sera le collier pr\u00e9f\u00e9r\u00e9 de votre chien pendant des ann\u00e9es.<\/p>\n<p>Avec du camouflage d&#8217;un c\u00f4t\u00e9 et un orange vif de l&#8217;autre, c&#8217;est le compl\u00e9ment parfait pour la chasse \u00e0 la sauvagine.<\/p>\n<p>Choisissez parmi l&#8217;une des trois tailles diff\u00e9rentes pour le confort de votre chien.<\/p>\n<p><strong>Choisir la taille :<\/strong><\/p>\n<p>S : 38,1 &#8211; 45,7 cm<br \/>\nM : 48,3 &#8211; 58,4 cm &#8211; <strong>Rupture de stock<\/strong><br \/>\nL : 61 &#8211; 68,6 cm<\/p>\n","protected":false},"excerpt":{"rendered":"<p>Collier pour chien de qualit\u00e9 par le fabricant am\u00e9ricain Avery Sporting Dog, avec motif de camouflage KW-1 d&#8217;un c\u00f4t\u00e9 et orange vif de l&#8217;autre.<\/p>\n","protected":false},"featured_media":30558,"template":"","meta":[],"product_brand":[8123],"product_cat":[8261],"product_tag":[],"yoast_head":"<!-- This site is optimized with the Yoast SEO plugin v24.3 - https:\/\/yoast.com\/wordpress\/plugins\/seo\/ -->\n<title>Collier R\u00e9versible pour Chien - Avery Sporting Dog<\/title>\n<meta name=\"description\" content=\"Collier pour chien r\u00e9versible. Le collier pour chien Avery est parfait pour les chiens de chasse et dispose d\u2019un c\u00f4t\u00e9 avec camouflage KW-1 et d&#039;un c\u00f4t\u00e9 orange vif.\" \/>\n<meta name=\"robots\" content=\"noindex, follow, max-snippet:-1, max-image-preview:large, max-video-preview:-1\" \/>\n<meta property=\"og:locale\" content=\"fr_FR\" \/>\n<meta property=\"og:type\" content=\"article\" \/>\n<meta property=\"og:title\" content=\"Collier pour chien Avery - R\u00e9versible et parfait pour les chiens de chasse | Lucky Hunter\" \/>\n<meta property=\"og:description\" content=\"Collier pour chien r\u00e9versible. Le collier pour chien Avery est parfait pour les chiens de chasse et dispose d\u2019un c\u00f4t\u00e9 avec camouflage KW-1 et d&#039;un c\u00f4t\u00e9 orange vif.\" \/>\n<meta property=\"og:url\" content=\"https:\/\/staging.lucky-hunter.com\/fr\/product\/collier-reversible-pour-chien-avery-sporting-dog\/\" \/>\n<meta property=\"og:site_name\" content=\"Lucky-Hunter\" \/>\n<meta property=\"article:modified_time\" content=\"2025-07-01T09:33:29+00:00\" \/>\n<meta property=\"og:image\" content=\"https:\/\/staging.lucky-hunter.com\/wp-content\/uploads\/2018\/05\/JH-96-1.png\" \/>\n\t<meta property=\"og:image:width\" content=\"1000\" \/>\n\t<meta property=\"og:image:height\" content=\"1000\" \/>\n\t<meta property=\"og:image:type\" content=\"image\/png\" \/>\n<meta name=\"twitter:card\" content=\"summary_large_image\" \/>\n<meta name=\"twitter:title\" content=\"Collier pour chien Avery - R\u00e9versible et parfait pour les chiens de chasse | Lucky Hunter\" \/>\n<meta name=\"twitter:description\" content=\"Collier pour chien r\u00e9versible. Le collier pour chien Avery est parfait pour les chiens de chasse et dispose d\u2019un c\u00f4t\u00e9 avec camouflage KW-1 et d&#039;un c\u00f4t\u00e9 orange vif.\" \/>\n<meta name=\"twitter:label1\" content=\"Dur\u00e9e de lecture estim\u00e9e\" \/>\n\t<meta name=\"twitter:data1\" content=\"2 minutes\" \/>\n<script type=\"application\/ld+json\" class=\"yoast-schema-graph\">{\"@context\":\"https:\/\/schema.org\",\"@graph\":[{\"@type\":\"WebPage\",\"@id\":\"https:\/\/staging.lucky-hunter.com\/fr\/product\/collier-reversible-pour-chien-avery-sporting-dog\/\",\"url\":\"https:\/\/staging.lucky-hunter.com\/fr\/product\/collier-reversible-pour-chien-avery-sporting-dog\/\",\"name\":\"Collier R\u00e9versible pour Chien - Avery Sporting Dog\",\"isPartOf\":{\"@id\":\"https:\/\/staging.lucky-hunter.com\/#website\"},\"primaryImageOfPage\":{\"@id\":\"https:\/\/staging.lucky-hunter.com\/fr\/product\/collier-reversible-pour-chien-avery-sporting-dog\/#primaryimage\"},\"image\":{\"@id\":\"https:\/\/staging.lucky-hunter.com\/fr\/product\/collier-reversible-pour-chien-avery-sporting-dog\/#primaryimage\"},\"thumbnailUrl\":\"https:\/\/staging.lucky-hunter.com\/wp-content\/uploads\/2018\/05\/JH-96-1.png\",\"datePublished\":\"2018-05-16T10:14:37+00:00\",\"dateModified\":\"2025-07-01T09:33:29+00:00\",\"description\":\"Collier pour chien r\u00e9versible. Le collier pour chien Avery est parfait pour les chiens de chasse et dispose d\u2019un c\u00f4t\u00e9 avec camouflage KW-1 et d'un c\u00f4t\u00e9 orange vif.\",\"breadcrumb\":{\"@id\":\"https:\/\/staging.lucky-hunter.com\/fr\/product\/collier-reversible-pour-chien-avery-sporting-dog\/#breadcrumb\"},\"inLanguage\":\"fr-FR\",\"potentialAction\":[{\"@type\":\"ReadAction\",\"target\":[\"https:\/\/staging.lucky-hunter.com\/fr\/product\/collier-reversible-pour-chien-avery-sporting-dog\/\"]}]},{\"@type\":\"ImageObject\",\"inLanguage\":\"fr-FR\",\"@id\":\"https:\/\/staging.lucky-hunter.com\/fr\/product\/collier-reversible-pour-chien-avery-sporting-dog\/#primaryimage\",\"url\":\"https:\/\/staging.lucky-hunter.com\/wp-content\/uploads\/2018\/05\/JH-96-1.png\",\"contentUrl\":\"https:\/\/staging.lucky-hunter.com\/wp-content\/uploads\/2018\/05\/JH-96-1.png\",\"width\":1000,\"height\":1000},{\"@type\":\"BreadcrumbList\",\"@id\":\"https:\/\/staging.lucky-hunter.com\/fr\/product\/collier-reversible-pour-chien-avery-sporting-dog\/#breadcrumb\",\"itemListElement\":[{\"@type\":\"ListItem\",\"position\":1,\"name\":\"Home\",\"item\":\"https:\/\/staging.lucky-hunter.com\/fr\/\"},{\"@type\":\"ListItem\",\"position\":2,\"name\":\"Boutique\",\"item\":\"https:\/\/staging.lucky-hunter.com\/fr\/shop\/\"},{\"@type\":\"ListItem\",\"position\":3,\"name\":\"Collier R\u00e9versible pour Chien &#8211; Avery Sporting Dog\"}]},{\"@type\":\"WebSite\",\"@id\":\"https:\/\/staging.lucky-hunter.com\/#website\",\"url\":\"https:\/\/staging.lucky-hunter.com\/\",\"name\":\"Lucky-Hunter\",\"description\":\"Gear Up or Give Up\",\"potentialAction\":[{\"@type\":\"SearchAction\",\"target\":{\"@type\":\"EntryPoint\",\"urlTemplate\":\"https:\/\/staging.lucky-hunter.com\/?s={search_term_string}\"},\"query-input\":{\"@type\":\"PropertyValueSpecification\",\"valueRequired\":true,\"valueName\":\"search_term_string\"}}],\"inLanguage\":\"fr-FR\"}]}<\/script>\n<!-- \/ Yoast SEO plugin. -->","yoast_head_json":{"title":"Collier R\u00e9versible pour Chien - Avery Sporting Dog","description":"Collier pour chien r\u00e9versible. Le collier pour chien Avery est parfait pour les chiens de chasse et dispose d\u2019un c\u00f4t\u00e9 avec camouflage KW-1 et d'un c\u00f4t\u00e9 orange vif.","robots":{"index":"noindex","follow":"follow","max-snippet":"max-snippet:-1","max-image-preview":"max-image-preview:large","max-video-preview":"max-video-preview:-1"},"og_locale":"fr_FR","og_type":"article","og_title":"Collier pour chien Avery - R\u00e9versible et parfait pour les chiens de chasse | Lucky Hunter","og_description":"Collier pour chien r\u00e9versible. Le collier pour chien Avery est parfait pour les chiens de chasse et dispose d\u2019un c\u00f4t\u00e9 avec camouflage KW-1 et d'un c\u00f4t\u00e9 orange vif.","og_url":"https:\/\/staging.lucky-hunter.com\/fr\/product\/collier-reversible-pour-chien-avery-sporting-dog\/","og_site_name":"Lucky-Hunter","article_modified_time":"2025-07-01T09:33:29+00:00","og_image":[{"width":1000,"height":1000,"url":"https:\/\/staging.lucky-hunter.com\/wp-content\/uploads\/2018\/05\/JH-96-1.png","type":"image\/png"}],"twitter_card":"summary_large_image","twitter_title":"Collier pour chien Avery - R\u00e9versible et parfait pour les chiens de chasse | Lucky Hunter","twitter_description":"Collier pour chien r\u00e9versible. Le collier pour chien Avery est parfait pour les chiens de chasse et dispose d\u2019un c\u00f4t\u00e9 avec camouflage KW-1 et d'un c\u00f4t\u00e9 orange vif.","twitter_misc":{"Dur\u00e9e de lecture estim\u00e9e":"2 minutes"},"schema":{"@context":"https:\/\/schema.org","@graph":[{"@type":"WebPage","@id":"https:\/\/staging.lucky-hunter.com\/fr\/product\/collier-reversible-pour-chien-avery-sporting-dog\/","url":"https:\/\/staging.lucky-hunter.com\/fr\/product\/collier-reversible-pour-chien-avery-sporting-dog\/","name":"Collier R\u00e9versible pour Chien - Avery Sporting Dog","isPartOf":{"@id":"https:\/\/staging.lucky-hunter.com\/#website"},"primaryImageOfPage":{"@id":"https:\/\/staging.lucky-hunter.com\/fr\/product\/collier-reversible-pour-chien-avery-sporting-dog\/#primaryimage"},"image":{"@id":"https:\/\/staging.lucky-hunter.com\/fr\/product\/collier-reversible-pour-chien-avery-sporting-dog\/#primaryimage"},"thumbnailUrl":"https:\/\/staging.lucky-hunter.com\/wp-content\/uploads\/2018\/05\/JH-96-1.png","datePublished":"2018-05-16T10:14:37+00:00","dateModified":"2025-07-01T09:33:29+00:00","description":"Collier pour chien r\u00e9versible. Le collier pour chien Avery est parfait pour les chiens de chasse et dispose d\u2019un c\u00f4t\u00e9 avec camouflage KW-1 et d'un c\u00f4t\u00e9 orange vif.","breadcrumb":{"@id":"https:\/\/staging.lucky-hunter.com\/fr\/product\/collier-reversible-pour-chien-avery-sporting-dog\/#breadcrumb"},"inLanguage":"fr-FR","potentialAction":[{"@type":"ReadAction","target":["https:\/\/staging.lucky-hunter.com\/fr\/product\/collier-reversible-pour-chien-avery-sporting-dog\/"]}]},{"@type":"ImageObject","inLanguage":"fr-FR","@id":"https:\/\/staging.lucky-hunter.com\/fr\/product\/collier-reversible-pour-chien-avery-sporting-dog\/#primaryimage","url":"https:\/\/staging.lucky-hunter.com\/wp-content\/uploads\/2018\/05\/JH-96-1.png","contentUrl":"https:\/\/staging.lucky-hunter.com\/wp-content\/uploads\/2018\/05\/JH-96-1.png","width":1000,"height":1000},{"@type":"BreadcrumbList","@id":"https:\/\/staging.lucky-hunter.com\/fr\/product\/collier-reversible-pour-chien-avery-sporting-dog\/#breadcrumb","itemListElement":[{"@type":"ListItem","position":1,"name":"Home","item":"https:\/\/staging.lucky-hunter.com\/fr\/"},{"@type":"ListItem","position":2,"name":"Boutique","item":"https:\/\/staging.lucky-hunter.com\/fr\/shop\/"},{"@type":"ListItem","position":3,"name":"Collier R\u00e9versible pour Chien &#8211; Avery Sporting Dog"}]},{"@type":"WebSite","@id":"https:\/\/staging.lucky-hunter.com\/#website","url":"https:\/\/staging.lucky-hunter.com\/","name":"Lucky-Hunter","description":"Gear Up or Give Up","potentialAction":[{"@type":"SearchAction","target":{"@type":"EntryPoint","urlTemplate":"https:\/\/staging.lucky-hunter.com\/?s={search_term_string}"},"query-input":{"@type":"PropertyValueSpecification","valueRequired":true,"valueName":"search_term_string"}}],"inLanguage":"fr-FR"}]}},"_links":{"self":[{"href":"https:\/\/staging.lucky-hunter.com\/fr\/wp-json\/wp\/v2\/product\/56614"}],"collection":[{"href":"https:\/\/staging.lucky-hunter.com\/fr\/wp-json\/wp\/v2\/product"}],"about":[{"href":"https:\/\/staging.lucky-hunter.com\/fr\/wp-json\/wp\/v2\/types\/product"}],"wp:featuredmedia":[{"embeddable":true,"href":"https:\/\/staging.lucky-hunter.com\/fr\/wp-json\/wp\/v2\/media\/30558"}],"wp:attachment":[{"href":"https:\/\/staging.lucky-hunter.com\/fr\/wp-json\/wp\/v2\/media?parent=56614"}],"wp:term":[{"taxonomy":"product_brand","embeddable":true,"href":"https:\/\/staging.lucky-hunter.com\/fr\/wp-json\/wp\/v2\/product_brand?post=56614"},{"taxonomy":"product_cat","embeddable":true,"href":"https:\/\/staging.lucky-hunter.com\/fr\/wp-json\/wp\/v2\/product_cat?post=56614"},{"taxonomy":"product_tag","embeddable":true,"href":"https:\/\/staging.lucky-hunter.com\/fr\/wp-json\/wp\/v2\/product_tag?post=56614"}],"curies":[{"name":"wp","href":"https:\/\/api.w.org\/{rel}","templated":true}]}}