{"id":56612,"date":"2018-09-11T13:52:47","date_gmt":"2018-09-11T11:52:47","guid":{"rendered":"https:\/\/staging.lucky-hunter.com\/product\/avery-killerweed-winter-grass\/"},"modified":"2025-06-30T15:38:27","modified_gmt":"2025-06-30T13:38:27","slug":"camouflage-killerweed-winter-grass-avery","status":"publish","type":"product","link":"https:\/\/staging.lucky-hunter.com\/fr\/product\/camouflage-killerweed-winter-grass-avery\/","title":{"rendered":"Camouflage KillerWeed Winter Grass &#8211; Avery"},"content":{"rendered":"<h1><strong><span style=\"vertical-align: inherit;\">Camouflage Avery KillerWeed Winter Grass &#8211; Le camouflage le plus efficace pour les aff\u00fbts couch\u00e9s !<\/span><\/strong><\/h1>\n<p><span style=\"vertical-align: inherit;\">Mat\u00e9riau de camouflage ultra-r\u00e9aliste qui se fondra parfaitement dans les champs apr\u00e8s la r\u00e9colte dans presque toutes les situations possibles.<\/span><\/p>\n<p><span style=\"vertical-align: inherit;\">Le tapis de camouflage est suffisamment grand pour recouvrir et cacher compl\u00e8tement un aff\u00fbt de taille normale ou deux de taille moyenne.<\/span><\/p>\n<p>Le camouflage est fabriqu\u00e9 \u00e0 partir de mat\u00e9riaux naturels qui s&#8217;int\u00e9greront parfaitement \u00e0 l&#8217;environnement une fois positionn\u00e9 dans un champ. Il est toutefois \u00e9galement possible de colorer vous-m\u00eame le tapis si vous en ressentez le besoin, ou de le peindre \u00e0 la bombe pour mieux l&#8217;adapter \u00e0 l&#8217;environnement sp\u00e9cifique dans lequel vous chassez habituellement. Vous pouvez donc facilement l&#8217;adapter \u00e0 vos besoins.<\/p>\n<p>Chaque tapis ne p\u00e8se que 2 kilogrammes et est facile \u00e0 enrouler et \u00e0 attacher, pour un transport ais\u00e9.<\/p>\n","protected":false},"excerpt":{"rendered":"<p><span style=\"vertical-align: inherit;\">Mat\u00e9riau de camouflage ultra-r\u00e9aliste qui se fondra parfaitement dans les champs apr\u00e8s la r\u00e9colte dans presque toutes les situations possibles.\u00a0<\/span><\/p>\n","protected":false},"featured_media":29080,"template":"","meta":[],"product_brand":[8123],"product_cat":[8164],"product_tag":[9446],"yoast_head":"<!-- This site is optimized with the Yoast SEO plugin v24.3 - https:\/\/yoast.com\/wordpress\/plugins\/seo\/ -->\n<title>Camouflage Avery KillerWeed Winter Grass - Parfait pour tout type de terrain<\/title>\n<meta name=\"description\" content=\"Camouflage Avery KillerWeed Winter Grass Ce mat\u00e9riau de camouflage ultra-r\u00e9aliste se fondra parfaitement dans les champs de c\u00e9r\u00e9ales r\u00e9colt\u00e9es.\" \/>\n<meta name=\"robots\" content=\"noindex, follow, max-snippet:-1, max-image-preview:large, max-video-preview:-1\" \/>\n<meta property=\"og:locale\" content=\"fr_FR\" \/>\n<meta property=\"og:type\" content=\"article\" \/>\n<meta property=\"og:title\" content=\"Camouflage Avery KillerWeed Winter Grass - Parfait pour tout type de terrain\" \/>\n<meta property=\"og:description\" content=\"Camouflage Avery KillerWeed Winter Grass Ce mat\u00e9riau de camouflage ultra-r\u00e9aliste se fondra parfaitement dans les champs de c\u00e9r\u00e9ales r\u00e9colt\u00e9es.\" \/>\n<meta property=\"og:url\" content=\"https:\/\/staging.lucky-hunter.com\/fr\/product\/camouflage-killerweed-winter-grass-avery\/\" \/>\n<meta property=\"og:site_name\" content=\"Lucky-Hunter\" \/>\n<meta property=\"article:modified_time\" content=\"2025-06-30T13:38:27+00:00\" \/>\n<meta property=\"og:image\" content=\"https:\/\/staging.lucky-hunter.com\/wp-content\/uploads\/2017\/06\/LS-65-KillerWeet.jpg\" \/>\n\t<meta property=\"og:image:width\" content=\"1000\" \/>\n\t<meta property=\"og:image:height\" content=\"1000\" \/>\n\t<meta property=\"og:image:type\" content=\"image\/jpeg\" \/>\n<meta name=\"twitter:card\" content=\"summary_large_image\" \/>\n<meta name=\"twitter:label1\" content=\"Dur\u00e9e de lecture estim\u00e9e\" \/>\n\t<meta name=\"twitter:data1\" content=\"1 minute\" \/>\n<script type=\"application\/ld+json\" class=\"yoast-schema-graph\">{\"@context\":\"https:\/\/schema.org\",\"@graph\":[{\"@type\":\"WebPage\",\"@id\":\"https:\/\/staging.lucky-hunter.com\/fr\/product\/camouflage-killerweed-winter-grass-avery\/\",\"url\":\"https:\/\/staging.lucky-hunter.com\/fr\/product\/camouflage-killerweed-winter-grass-avery\/\",\"name\":\"Camouflage Avery KillerWeed Winter Grass - Parfait pour tout type de terrain\",\"isPartOf\":{\"@id\":\"https:\/\/staging.lucky-hunter.com\/#website\"},\"primaryImageOfPage\":{\"@id\":\"https:\/\/staging.lucky-hunter.com\/fr\/product\/camouflage-killerweed-winter-grass-avery\/#primaryimage\"},\"image\":{\"@id\":\"https:\/\/staging.lucky-hunter.com\/fr\/product\/camouflage-killerweed-winter-grass-avery\/#primaryimage\"},\"thumbnailUrl\":\"https:\/\/staging.lucky-hunter.com\/wp-content\/uploads\/2017\/06\/LS-65-KillerWeet.jpg\",\"datePublished\":\"2018-09-11T11:52:47+00:00\",\"dateModified\":\"2025-06-30T13:38:27+00:00\",\"description\":\"Camouflage Avery KillerWeed Winter Grass Ce mat\u00e9riau de camouflage ultra-r\u00e9aliste se fondra parfaitement dans les champs de c\u00e9r\u00e9ales r\u00e9colt\u00e9es.\",\"breadcrumb\":{\"@id\":\"https:\/\/staging.lucky-hunter.com\/fr\/product\/camouflage-killerweed-winter-grass-avery\/#breadcrumb\"},\"inLanguage\":\"fr-FR\",\"potentialAction\":[{\"@type\":\"ReadAction\",\"target\":[\"https:\/\/staging.lucky-hunter.com\/fr\/product\/camouflage-killerweed-winter-grass-avery\/\"]}]},{\"@type\":\"ImageObject\",\"inLanguage\":\"fr-FR\",\"@id\":\"https:\/\/staging.lucky-hunter.com\/fr\/product\/camouflage-killerweed-winter-grass-avery\/#primaryimage\",\"url\":\"https:\/\/staging.lucky-hunter.com\/wp-content\/uploads\/2017\/06\/LS-65-KillerWeet.jpg\",\"contentUrl\":\"https:\/\/staging.lucky-hunter.com\/wp-content\/uploads\/2017\/06\/LS-65-KillerWeet.jpg\",\"width\":1000,\"height\":1000,\"caption\":\"Image of Avery KillerWeed Winter Grass\"},{\"@type\":\"BreadcrumbList\",\"@id\":\"https:\/\/staging.lucky-hunter.com\/fr\/product\/camouflage-killerweed-winter-grass-avery\/#breadcrumb\",\"itemListElement\":[{\"@type\":\"ListItem\",\"position\":1,\"name\":\"Home\",\"item\":\"https:\/\/staging.lucky-hunter.com\/fr\/\"},{\"@type\":\"ListItem\",\"position\":2,\"name\":\"Boutique\",\"item\":\"https:\/\/staging.lucky-hunter.com\/fr\/shop\/\"},{\"@type\":\"ListItem\",\"position\":3,\"name\":\"Camouflage KillerWeed Winter Grass &#8211; Avery\"}]},{\"@type\":\"WebSite\",\"@id\":\"https:\/\/staging.lucky-hunter.com\/#website\",\"url\":\"https:\/\/staging.lucky-hunter.com\/\",\"name\":\"Lucky-Hunter\",\"description\":\"Gear Up or Give Up\",\"potentialAction\":[{\"@type\":\"SearchAction\",\"target\":{\"@type\":\"EntryPoint\",\"urlTemplate\":\"https:\/\/staging.lucky-hunter.com\/?s={search_term_string}\"},\"query-input\":{\"@type\":\"PropertyValueSpecification\",\"valueRequired\":true,\"valueName\":\"search_term_string\"}}],\"inLanguage\":\"fr-FR\"}]}<\/script>\n<!-- \/ Yoast SEO plugin. -->","yoast_head_json":{"title":"Camouflage Avery KillerWeed Winter Grass - Parfait pour tout type de terrain","description":"Camouflage Avery KillerWeed Winter Grass Ce mat\u00e9riau de camouflage ultra-r\u00e9aliste se fondra parfaitement dans les champs de c\u00e9r\u00e9ales r\u00e9colt\u00e9es.","robots":{"index":"noindex","follow":"follow","max-snippet":"max-snippet:-1","max-image-preview":"max-image-preview:large","max-video-preview":"max-video-preview:-1"},"og_locale":"fr_FR","og_type":"article","og_title":"Camouflage Avery KillerWeed Winter Grass - Parfait pour tout type de terrain","og_description":"Camouflage Avery KillerWeed Winter Grass Ce mat\u00e9riau de camouflage ultra-r\u00e9aliste se fondra parfaitement dans les champs de c\u00e9r\u00e9ales r\u00e9colt\u00e9es.","og_url":"https:\/\/staging.lucky-hunter.com\/fr\/product\/camouflage-killerweed-winter-grass-avery\/","og_site_name":"Lucky-Hunter","article_modified_time":"2025-06-30T13:38:27+00:00","og_image":[{"width":1000,"height":1000,"url":"https:\/\/staging.lucky-hunter.com\/wp-content\/uploads\/2017\/06\/LS-65-KillerWeet.jpg","type":"image\/jpeg"}],"twitter_card":"summary_large_image","twitter_misc":{"Dur\u00e9e de lecture estim\u00e9e":"1 minute"},"schema":{"@context":"https:\/\/schema.org","@graph":[{"@type":"WebPage","@id":"https:\/\/staging.lucky-hunter.com\/fr\/product\/camouflage-killerweed-winter-grass-avery\/","url":"https:\/\/staging.lucky-hunter.com\/fr\/product\/camouflage-killerweed-winter-grass-avery\/","name":"Camouflage Avery KillerWeed Winter Grass - Parfait pour tout type de terrain","isPartOf":{"@id":"https:\/\/staging.lucky-hunter.com\/#website"},"primaryImageOfPage":{"@id":"https:\/\/staging.lucky-hunter.com\/fr\/product\/camouflage-killerweed-winter-grass-avery\/#primaryimage"},"image":{"@id":"https:\/\/staging.lucky-hunter.com\/fr\/product\/camouflage-killerweed-winter-grass-avery\/#primaryimage"},"thumbnailUrl":"https:\/\/staging.lucky-hunter.com\/wp-content\/uploads\/2017\/06\/LS-65-KillerWeet.jpg","datePublished":"2018-09-11T11:52:47+00:00","dateModified":"2025-06-30T13:38:27+00:00","description":"Camouflage Avery KillerWeed Winter Grass Ce mat\u00e9riau de camouflage ultra-r\u00e9aliste se fondra parfaitement dans les champs de c\u00e9r\u00e9ales r\u00e9colt\u00e9es.","breadcrumb":{"@id":"https:\/\/staging.lucky-hunter.com\/fr\/product\/camouflage-killerweed-winter-grass-avery\/#breadcrumb"},"inLanguage":"fr-FR","potentialAction":[{"@type":"ReadAction","target":["https:\/\/staging.lucky-hunter.com\/fr\/product\/camouflage-killerweed-winter-grass-avery\/"]}]},{"@type":"ImageObject","inLanguage":"fr-FR","@id":"https:\/\/staging.lucky-hunter.com\/fr\/product\/camouflage-killerweed-winter-grass-avery\/#primaryimage","url":"https:\/\/staging.lucky-hunter.com\/wp-content\/uploads\/2017\/06\/LS-65-KillerWeet.jpg","contentUrl":"https:\/\/staging.lucky-hunter.com\/wp-content\/uploads\/2017\/06\/LS-65-KillerWeet.jpg","width":1000,"height":1000,"caption":"Image of Avery KillerWeed Winter Grass"},{"@type":"BreadcrumbList","@id":"https:\/\/staging.lucky-hunter.com\/fr\/product\/camouflage-killerweed-winter-grass-avery\/#breadcrumb","itemListElement":[{"@type":"ListItem","position":1,"name":"Home","item":"https:\/\/staging.lucky-hunter.com\/fr\/"},{"@type":"ListItem","position":2,"name":"Boutique","item":"https:\/\/staging.lucky-hunter.com\/fr\/shop\/"},{"@type":"ListItem","position":3,"name":"Camouflage KillerWeed Winter Grass &#8211; Avery"}]},{"@type":"WebSite","@id":"https:\/\/staging.lucky-hunter.com\/#website","url":"https:\/\/staging.lucky-hunter.com\/","name":"Lucky-Hunter","description":"Gear Up or Give Up","potentialAction":[{"@type":"SearchAction","target":{"@type":"EntryPoint","urlTemplate":"https:\/\/staging.lucky-hunter.com\/?s={search_term_string}"},"query-input":{"@type":"PropertyValueSpecification","valueRequired":true,"valueName":"search_term_string"}}],"inLanguage":"fr-FR"}]}},"_links":{"self":[{"href":"https:\/\/staging.lucky-hunter.com\/fr\/wp-json\/wp\/v2\/product\/56612"}],"collection":[{"href":"https:\/\/staging.lucky-hunter.com\/fr\/wp-json\/wp\/v2\/product"}],"about":[{"href":"https:\/\/staging.lucky-hunter.com\/fr\/wp-json\/wp\/v2\/types\/product"}],"wp:featuredmedia":[{"embeddable":true,"href":"https:\/\/staging.lucky-hunter.com\/fr\/wp-json\/wp\/v2\/media\/29080"}],"wp:attachment":[{"href":"https:\/\/staging.lucky-hunter.com\/fr\/wp-json\/wp\/v2\/media?parent=56612"}],"wp:term":[{"taxonomy":"product_brand","embeddable":true,"href":"https:\/\/staging.lucky-hunter.com\/fr\/wp-json\/wp\/v2\/product_brand?post=56612"},{"taxonomy":"product_cat","embeddable":true,"href":"https:\/\/staging.lucky-hunter.com\/fr\/wp-json\/wp\/v2\/product_cat?post=56612"},{"taxonomy":"product_tag","embeddable":true,"href":"https:\/\/staging.lucky-hunter.com\/fr\/wp-json\/wp\/v2\/product_tag?post=56612"}],"curies":[{"name":"wp","href":"https:\/\/api.w.org\/{rel}","templated":true}]}}