{"id":56611,"date":"2018-06-04T14:47:32","date_gmt":"2018-06-04T12:47:32","guid":{"rendered":"https:\/\/staging.lucky-hunter.com\/product\/avery-realgrass-camouflage\/"},"modified":"2025-06-30T15:48:15","modified_gmt":"2025-06-30T13:48:15","slug":"avery-realgrass-camouflage","status":"publish","type":"product","link":"https:\/\/staging.lucky-hunter.com\/fr\/product\/avery-realgrass-camouflage\/","title":{"rendered":"Camouflage Realgrass &#8211; Avery"},"content":{"rendered":"<h1><strong>Camouflage Avery Realgrass &#8211; pr\u00eat pour la chasse en quelques minutes<\/strong><\/h1>\n<p>Une solution de camouflage super facile par le fabricant am\u00e9ricain Avery Outdoors. Pour votre bateau, pour votre aff\u00fbt \u00e0 canards, et plus encore.<\/p>\n<p>Chaque pack comprend 4 nattes de 122 x 122 cm. Vous pouvez couper les nattes d\u2019herbes \u00e0 la taille souhait\u00e9e pour qu\u2019elles s\u2019adaptent parfaitement \u00e0 votre aff\u00fbt. Leur taille les rendent id\u00e9ales dans de nombreuses situations.<\/p>\n<p>Mat\u00e9riau exclusif avec double tressage qui ne se desserre pas. L\u00e9ger mais durable quelque soit l\u2019usage choisi.<\/p>\n<p>Fabriqu\u00e9 \u00e0 partir de feuilles de palmier lentement s\u00e9ch\u00e9es.<\/p>\n<p>Couleur : Natural.<\/p>\n<p>Mat\u00e9riau pouvant \u00eatre peint pour s\u2019adapter facilement \u00e0 votre environnement.<\/p>\n","protected":false},"excerpt":{"rendered":"<p>Une solution de camouflage super facile par le fabricant am\u00e9ricain Avery Outdoors. Pour votre bateau, pour votre aff\u00fbt \u00e0 canards, et plus encore.<\/p>\n","protected":false},"featured_media":134011,"template":"","meta":[],"product_brand":[8123],"product_cat":[8164],"product_tag":[9446,9235,9443,9250],"yoast_head":"<!-- This site is optimized with the Yoast SEO plugin v24.3 - https:\/\/yoast.com\/wordpress\/plugins\/seo\/ -->\n<title>Camouflage Avery Realgrass - Restez cach\u00e9 | Lucky Hunter<\/title>\n<meta name=\"description\" content=\"Camouflez facilement votre \u00e9quipement. Le camouflage Avery Realgrass vous permet d&#039;am\u00e9liorer le camouflage de votre bateau, de votre aff\u00fbt \u00e0 canards.\" \/>\n<meta name=\"robots\" content=\"noindex, follow, max-snippet:-1, max-image-preview:large, max-video-preview:-1\" \/>\n<meta property=\"og:locale\" content=\"fr_FR\" \/>\n<meta property=\"og:type\" content=\"article\" \/>\n<meta property=\"og:title\" content=\"Camouflage Avery Realgrass - Restez cach\u00e9 | Lucky Hunter\" \/>\n<meta property=\"og:description\" content=\"Camouflez facilement votre \u00e9quipement. Le camouflage Avery Realgrass vous permet d&#039;am\u00e9liorer le camouflage de votre bateau, de votre aff\u00fbt \u00e0 canards, et plus encore.\" \/>\n<meta property=\"og:url\" content=\"https:\/\/staging.lucky-hunter.com\/product\/avery-realgrass-camouflage\/\" \/>\n<meta property=\"og:site_name\" content=\"Lucky-Hunter\" \/>\n<meta property=\"article:modified_time\" content=\"2025-06-30T13:48:15+00:00\" \/>\n<meta property=\"og:image\" content=\"https:\/\/staging.lucky-hunter.com\/wp-content\/uploads\/2018\/09\/LS-70-2.png\" \/>\n\t<meta property=\"og:image:width\" content=\"433\" \/>\n\t<meta property=\"og:image:height\" content=\"577\" \/>\n\t<meta property=\"og:image:type\" content=\"image\/png\" \/>\n<meta name=\"twitter:card\" content=\"summary_large_image\" \/>\n<meta name=\"twitter:title\" content=\"Camouflage Avery Realgrass - Restez cach\u00e9 | Lucky Hunter\" \/>\n<meta name=\"twitter:description\" content=\"Camouflez facilement votre \u00e9quipement. Le camouflage Avery Realgrass vous permet d&#039;am\u00e9liorer le camouflage de votre bateau, de votre aff\u00fbt \u00e0 canards, et plus encore.\" \/>\n<meta name=\"twitter:label1\" content=\"Dur\u00e9e de lecture estim\u00e9e\" \/>\n\t<meta name=\"twitter:data1\" content=\"1 minute\" \/>\n<script type=\"application\/ld+json\" class=\"yoast-schema-graph\">{\"@context\":\"https:\/\/schema.org\",\"@graph\":[{\"@type\":\"WebPage\",\"@id\":\"https:\/\/staging.lucky-hunter.com\/product\/avery-realgrass-camouflage\/\",\"url\":\"https:\/\/staging.lucky-hunter.com\/product\/avery-realgrass-camouflage\/\",\"name\":\"Camouflage Avery Realgrass - Restez cach\u00e9 | Lucky Hunter\",\"isPartOf\":{\"@id\":\"https:\/\/staging.lucky-hunter.com\/#website\"},\"primaryImageOfPage\":{\"@id\":\"https:\/\/staging.lucky-hunter.com\/product\/avery-realgrass-camouflage\/#primaryimage\"},\"image\":{\"@id\":\"https:\/\/staging.lucky-hunter.com\/product\/avery-realgrass-camouflage\/#primaryimage\"},\"thumbnailUrl\":\"https:\/\/staging.lucky-hunter.com\/wp-content\/uploads\/2018\/09\/LS-70-2.png\",\"datePublished\":\"2018-06-04T12:47:32+00:00\",\"dateModified\":\"2025-06-30T13:48:15+00:00\",\"description\":\"Camouflez facilement votre \u00e9quipement. Le camouflage Avery Realgrass vous permet d'am\u00e9liorer le camouflage de votre bateau, de votre aff\u00fbt \u00e0 canards.\",\"breadcrumb\":{\"@id\":\"https:\/\/staging.lucky-hunter.com\/product\/avery-realgrass-camouflage\/#breadcrumb\"},\"inLanguage\":\"fr-FR\",\"potentialAction\":[{\"@type\":\"ReadAction\",\"target\":[\"https:\/\/staging.lucky-hunter.com\/product\/avery-realgrass-camouflage\/\"]}]},{\"@type\":\"ImageObject\",\"inLanguage\":\"fr-FR\",\"@id\":\"https:\/\/staging.lucky-hunter.com\/product\/avery-realgrass-camouflage\/#primaryimage\",\"url\":\"https:\/\/staging.lucky-hunter.com\/wp-content\/uploads\/2018\/09\/LS-70-2.png\",\"contentUrl\":\"https:\/\/staging.lucky-hunter.com\/wp-content\/uploads\/2018\/09\/LS-70-2.png\",\"width\":433,\"height\":577},{\"@type\":\"BreadcrumbList\",\"@id\":\"https:\/\/staging.lucky-hunter.com\/product\/avery-realgrass-camouflage\/#breadcrumb\",\"itemListElement\":[{\"@type\":\"ListItem\",\"position\":1,\"name\":\"Home\",\"item\":\"https:\/\/staging.lucky-hunter.com\/fr\/\"},{\"@type\":\"ListItem\",\"position\":2,\"name\":\"Boutique\",\"item\":\"https:\/\/staging.lucky-hunter.com\/fr\/shop\/\"},{\"@type\":\"ListItem\",\"position\":3,\"name\":\"Camouflage Realgrass &#8211; Avery\"}]},{\"@type\":\"WebSite\",\"@id\":\"https:\/\/staging.lucky-hunter.com\/#website\",\"url\":\"https:\/\/staging.lucky-hunter.com\/\",\"name\":\"Lucky-Hunter\",\"description\":\"Gear Up or Give Up\",\"potentialAction\":[{\"@type\":\"SearchAction\",\"target\":{\"@type\":\"EntryPoint\",\"urlTemplate\":\"https:\/\/staging.lucky-hunter.com\/?s={search_term_string}\"},\"query-input\":{\"@type\":\"PropertyValueSpecification\",\"valueRequired\":true,\"valueName\":\"search_term_string\"}}],\"inLanguage\":\"fr-FR\"}]}<\/script>\n<!-- \/ Yoast SEO plugin. -->","yoast_head_json":{"title":"Camouflage Avery Realgrass - Restez cach\u00e9 | Lucky Hunter","description":"Camouflez facilement votre \u00e9quipement. Le camouflage Avery Realgrass vous permet d'am\u00e9liorer le camouflage de votre bateau, de votre aff\u00fbt \u00e0 canards.","robots":{"index":"noindex","follow":"follow","max-snippet":"max-snippet:-1","max-image-preview":"max-image-preview:large","max-video-preview":"max-video-preview:-1"},"og_locale":"fr_FR","og_type":"article","og_title":"Camouflage Avery Realgrass - Restez cach\u00e9 | Lucky Hunter","og_description":"Camouflez facilement votre \u00e9quipement. Le camouflage Avery Realgrass vous permet d'am\u00e9liorer le camouflage de votre bateau, de votre aff\u00fbt \u00e0 canards, et plus encore.","og_url":"https:\/\/staging.lucky-hunter.com\/product\/avery-realgrass-camouflage\/","og_site_name":"Lucky-Hunter","article_modified_time":"2025-06-30T13:48:15+00:00","og_image":[{"width":433,"height":577,"url":"https:\/\/staging.lucky-hunter.com\/wp-content\/uploads\/2018\/09\/LS-70-2.png","type":"image\/png"}],"twitter_card":"summary_large_image","twitter_title":"Camouflage Avery Realgrass - Restez cach\u00e9 | Lucky Hunter","twitter_description":"Camouflez facilement votre \u00e9quipement. Le camouflage Avery Realgrass vous permet d'am\u00e9liorer le camouflage de votre bateau, de votre aff\u00fbt \u00e0 canards, et plus encore.","twitter_misc":{"Dur\u00e9e de lecture estim\u00e9e":"1 minute"},"schema":{"@context":"https:\/\/schema.org","@graph":[{"@type":"WebPage","@id":"https:\/\/staging.lucky-hunter.com\/product\/avery-realgrass-camouflage\/","url":"https:\/\/staging.lucky-hunter.com\/product\/avery-realgrass-camouflage\/","name":"Camouflage Avery Realgrass - Restez cach\u00e9 | Lucky Hunter","isPartOf":{"@id":"https:\/\/staging.lucky-hunter.com\/#website"},"primaryImageOfPage":{"@id":"https:\/\/staging.lucky-hunter.com\/product\/avery-realgrass-camouflage\/#primaryimage"},"image":{"@id":"https:\/\/staging.lucky-hunter.com\/product\/avery-realgrass-camouflage\/#primaryimage"},"thumbnailUrl":"https:\/\/staging.lucky-hunter.com\/wp-content\/uploads\/2018\/09\/LS-70-2.png","datePublished":"2018-06-04T12:47:32+00:00","dateModified":"2025-06-30T13:48:15+00:00","description":"Camouflez facilement votre \u00e9quipement. Le camouflage Avery Realgrass vous permet d'am\u00e9liorer le camouflage de votre bateau, de votre aff\u00fbt \u00e0 canards.","breadcrumb":{"@id":"https:\/\/staging.lucky-hunter.com\/product\/avery-realgrass-camouflage\/#breadcrumb"},"inLanguage":"fr-FR","potentialAction":[{"@type":"ReadAction","target":["https:\/\/staging.lucky-hunter.com\/product\/avery-realgrass-camouflage\/"]}]},{"@type":"ImageObject","inLanguage":"fr-FR","@id":"https:\/\/staging.lucky-hunter.com\/product\/avery-realgrass-camouflage\/#primaryimage","url":"https:\/\/staging.lucky-hunter.com\/wp-content\/uploads\/2018\/09\/LS-70-2.png","contentUrl":"https:\/\/staging.lucky-hunter.com\/wp-content\/uploads\/2018\/09\/LS-70-2.png","width":433,"height":577},{"@type":"BreadcrumbList","@id":"https:\/\/staging.lucky-hunter.com\/product\/avery-realgrass-camouflage\/#breadcrumb","itemListElement":[{"@type":"ListItem","position":1,"name":"Home","item":"https:\/\/staging.lucky-hunter.com\/fr\/"},{"@type":"ListItem","position":2,"name":"Boutique","item":"https:\/\/staging.lucky-hunter.com\/fr\/shop\/"},{"@type":"ListItem","position":3,"name":"Camouflage Realgrass &#8211; Avery"}]},{"@type":"WebSite","@id":"https:\/\/staging.lucky-hunter.com\/#website","url":"https:\/\/staging.lucky-hunter.com\/","name":"Lucky-Hunter","description":"Gear Up or Give Up","potentialAction":[{"@type":"SearchAction","target":{"@type":"EntryPoint","urlTemplate":"https:\/\/staging.lucky-hunter.com\/?s={search_term_string}"},"query-input":{"@type":"PropertyValueSpecification","valueRequired":true,"valueName":"search_term_string"}}],"inLanguage":"fr-FR"}]}},"_links":{"self":[{"href":"https:\/\/staging.lucky-hunter.com\/fr\/wp-json\/wp\/v2\/product\/56611"}],"collection":[{"href":"https:\/\/staging.lucky-hunter.com\/fr\/wp-json\/wp\/v2\/product"}],"about":[{"href":"https:\/\/staging.lucky-hunter.com\/fr\/wp-json\/wp\/v2\/types\/product"}],"wp:featuredmedia":[{"embeddable":true,"href":"https:\/\/staging.lucky-hunter.com\/fr\/wp-json\/wp\/v2\/media\/134011"}],"wp:attachment":[{"href":"https:\/\/staging.lucky-hunter.com\/fr\/wp-json\/wp\/v2\/media?parent=56611"}],"wp:term":[{"taxonomy":"product_brand","embeddable":true,"href":"https:\/\/staging.lucky-hunter.com\/fr\/wp-json\/wp\/v2\/product_brand?post=56611"},{"taxonomy":"product_cat","embeddable":true,"href":"https:\/\/staging.lucky-hunter.com\/fr\/wp-json\/wp\/v2\/product_cat?post=56611"},{"taxonomy":"product_tag","embeddable":true,"href":"https:\/\/staging.lucky-hunter.com\/fr\/wp-json\/wp\/v2\/product_tag?post=56611"}],"curies":[{"name":"wp","href":"https:\/\/api.w.org\/{rel}","templated":true}]}}