{"id":56610,"date":"2018-05-08T15:16:09","date_gmt":"2018-05-08T13:16:09","guid":{"rendered":"https:\/\/staging.lucky-hunter.com\/product\/ghg-pro-grade-gadwalls\/"},"modified":"2025-07-01T12:36:30","modified_gmt":"2025-07-01T10:36:30","slug":"gadwalls-pro-grade-ghg-6-pieces","status":"publish","type":"product","link":"https:\/\/staging.lucky-hunter.com\/fr\/product\/gadwalls-pro-grade-ghg-6-pieces\/","title":{"rendered":"Gadwalls Pro Grade &#8211; GHG 6 pi\u00e8ces"},"content":{"rendered":"<p><iframe title=\"GHG Pro Grade Gadwalls | Realistic duck hunting decoys\" width=\"1020\" height=\"574\" src=\"https:\/\/www.youtube.com\/embed\/91jG0cu6nrk?wmode=transparent&amp;rel=0&amp;feature=oembed&#038;enablejsapi=1&#038;origin=https:\/\/staging.lucky-hunter.com\" frameborder=\"0\" allow=\"accelerometer; autoplay; clipboard-write; encrypted-media; gyroscope; picture-in-picture; web-share\" referrerpolicy=\"strict-origin-when-cross-origin\" allowfullscreen><\/iframe><\/p>\n<h1><span style=\"vertical-align: inherit;\"><span style=\"vertical-align: inherit;\"><b>Gadwalls GHG Pro Grade pour les sauvagines qui recherchent une configuration naturelle\u00a0<\/b><\/span><\/span><\/h1>\n<p>GHG (Greenhead Gear) a cr\u00e9\u00e9 la s\u00e9rie Life-Size avec un objectif pr\u00e9cis : concevoir des formes grandeur nature qui ressemblent \u00e0 s\u2019y m\u00e9prendre \u00e0 de vrais canards.<br \/>\nCes formes sont tellement r\u00e9alistes qu\u2019elles attireront m\u00eame les plus prudents des oiseaux.<\/p>\n<p>Contenu de la bo\u00eete\u00a0:<\/p>\n<ul>\n<li><span style=\"vertical-align: inherit;\"><span style=\"vertical-align: inherit;\">4 Canards<\/span><\/span><\/li>\n<li><span style=\"vertical-align: inherit;\"><span style=\"vertical-align: inherit;\">2 Canes<\/span><\/span><\/li>\n<li><span style=\"vertical-align: inherit;\"><span style=\"vertical-align: inherit;\">Gr\u00e2ce \u00e0 leur quille lest\u00e9e 60\/40 qui leur permet d\u2019\u00e9voluer naturellement dans l\u2019eau par tout temps, ces formes sont id\u00e9ales pour une utilisation m\u00eame dans les conditions les plus difficiles.<\/span><\/span><\/li>\n<li><span style=\"vertical-align: inherit;\"><span style=\"vertical-align: inherit;\">Dimensions des Canards\u00a0: 36,51 x 15,88 cm<\/span><\/span><\/li>\n<li>Dimensions des Canes : 36,2 x 15,56 cm.<\/li>\n<\/ul>\n<p>Contrairement \u00e0 d\u2019autres esp\u00e8ces de canards, la coloration du m\u00e2le n\u2019est pas tr\u00e8s caract\u00e9ristique. Chez le Canard chipeau, le plumage du m\u00e2le reste presque identique \u00e0 celui de la femelle.<br \/>\nCe qui diff\u00e9rencie ces formes, ce sont les d\u00e9tails complexes de leur plumage, leur perfection anatomique et leur mat\u00e9riau de haute qualit\u00e9.<\/p>\n<p>On retrouve les chipeaux un peu partout en Europe ainsi que dans le nord-ouest de l&#8217;Am\u00e9rique. Ils commencent leur migration \u00e0 l&#8217;automne et passent la majeure partie de l&#8217;hiver dans le sud et l&#8217;ouest de l&#8217;Europe. Ils pr\u00e9f\u00e8rent les eaux peu profondes avec une v\u00e9g\u00e9tation dense.<\/p>\n","protected":false},"excerpt":{"rendered":"<p>GHG (Greenhead Gear) a cr\u00e9\u00e9 la s\u00e9rie Life-Size avec un objectif pr\u00e9cis : concevoir des formes grandeur nature qui ressemblent \u00e0 s\u2019y m\u00e9prendre \u00e0 de vrais canards.<\/p>\n","protected":false},"featured_media":30420,"template":"","meta":[],"product_brand":[8125],"product_cat":[8183],"product_tag":[9235],"yoast_head":"<!-- This site is optimized with the Yoast SEO plugin v24.3 - https:\/\/yoast.com\/wordpress\/plugins\/seo\/ -->\n<title>GHG Pro Grade Gadwalls - Leurres de canard r\u00e9alistes | Chasseur chanceux<\/title>\n<meta name=\"description\" content=\"American GHG a cr\u00e9\u00e9 la s\u00e9rie Pro Grade avec un seul objectif en t\u00eate, cr\u00e9er un leurre qui ressemble r\u00e9ellement \u00e0 un vrai canard Canard chipeau !\" \/>\n<meta name=\"robots\" content=\"noindex, follow, max-snippet:-1, max-image-preview:large, max-video-preview:-1\" \/>\n<meta property=\"og:locale\" content=\"fr_FR\" \/>\n<meta property=\"og:type\" content=\"article\" \/>\n<meta property=\"og:title\" content=\"Canards Chipeaux GHG Life-Size Leurres grandeur nature r\u00e9alistes | Chasseur chanceux\" \/>\n<meta property=\"og:description\" content=\"Canards Canards GHG Life Size : parfaits pour votre prochaine chasse ! La s\u00e9rie Life Size a \u00e9t\u00e9 con\u00e7ue pour ressembler \u00e9troitement \u00e0 des oiseaux r\u00e9els afin de tromper les oiseaux vivants.\" \/>\n<meta property=\"og:url\" content=\"https:\/\/staging.lucky-hunter.com\/fr\/product\/gadwalls-pro-grade-ghg-6-pieces\/\" \/>\n<meta property=\"og:site_name\" content=\"Lucky-Hunter\" \/>\n<meta property=\"article:modified_time\" content=\"2025-07-01T10:36:30+00:00\" \/>\n<meta property=\"og:image\" content=\"https:\/\/staging.lucky-hunter.com\/wp-content\/uploads\/2018\/05\/LF-76.png\" \/>\n\t<meta property=\"og:image:width\" content=\"1000\" \/>\n\t<meta property=\"og:image:height\" content=\"1000\" \/>\n\t<meta property=\"og:image:type\" content=\"image\/png\" \/>\n<meta name=\"twitter:card\" content=\"summary_large_image\" \/>\n<meta name=\"twitter:title\" content=\"Canards Chipeaux GHG Life-Size Leurres grandeur nature r\u00e9alistes | Chasseur chanceux\" \/>\n<meta name=\"twitter:description\" content=\"Canards Canards GHG Life Size : parfaits pour votre prochaine chasse ! La s\u00e9rie Life Size a \u00e9t\u00e9 con\u00e7ue pour ressembler \u00e9troitement \u00e0 des oiseaux r\u00e9els afin de tromper les oiseaux vivants.\" \/>\n<meta name=\"twitter:label1\" content=\"Dur\u00e9e de lecture estim\u00e9e\" \/>\n\t<meta name=\"twitter:data1\" content=\"2 minutes\" \/>\n<script type=\"application\/ld+json\" class=\"yoast-schema-graph\">{\"@context\":\"https:\/\/schema.org\",\"@graph\":[{\"@type\":\"WebPage\",\"@id\":\"https:\/\/staging.lucky-hunter.com\/fr\/product\/gadwalls-pro-grade-ghg-6-pieces\/\",\"url\":\"https:\/\/staging.lucky-hunter.com\/fr\/product\/gadwalls-pro-grade-ghg-6-pieces\/\",\"name\":\"GHG Pro Grade Gadwalls - Leurres de canard r\u00e9alistes | Chasseur chanceux\",\"isPartOf\":{\"@id\":\"https:\/\/staging.lucky-hunter.com\/#website\"},\"primaryImageOfPage\":{\"@id\":\"https:\/\/staging.lucky-hunter.com\/fr\/product\/gadwalls-pro-grade-ghg-6-pieces\/#primaryimage\"},\"image\":{\"@id\":\"https:\/\/staging.lucky-hunter.com\/fr\/product\/gadwalls-pro-grade-ghg-6-pieces\/#primaryimage\"},\"thumbnailUrl\":\"https:\/\/staging.lucky-hunter.com\/wp-content\/uploads\/2018\/05\/LF-76.png\",\"datePublished\":\"2018-05-08T13:16:09+00:00\",\"dateModified\":\"2025-07-01T10:36:30+00:00\",\"description\":\"American GHG a cr\u00e9\u00e9 la s\u00e9rie Pro Grade avec un seul objectif en t\u00eate, cr\u00e9er un leurre qui ressemble r\u00e9ellement \u00e0 un vrai canard Canard chipeau !\",\"breadcrumb\":{\"@id\":\"https:\/\/staging.lucky-hunter.com\/fr\/product\/gadwalls-pro-grade-ghg-6-pieces\/#breadcrumb\"},\"inLanguage\":\"fr-FR\",\"potentialAction\":[{\"@type\":\"ReadAction\",\"target\":[\"https:\/\/staging.lucky-hunter.com\/fr\/product\/gadwalls-pro-grade-ghg-6-pieces\/\"]}]},{\"@type\":\"ImageObject\",\"inLanguage\":\"fr-FR\",\"@id\":\"https:\/\/staging.lucky-hunter.com\/fr\/product\/gadwalls-pro-grade-ghg-6-pieces\/#primaryimage\",\"url\":\"https:\/\/staging.lucky-hunter.com\/wp-content\/uploads\/2018\/05\/LF-76.png\",\"contentUrl\":\"https:\/\/staging.lucky-hunter.com\/wp-content\/uploads\/2018\/05\/LF-76.png\",\"width\":1000,\"height\":1000},{\"@type\":\"BreadcrumbList\",\"@id\":\"https:\/\/staging.lucky-hunter.com\/fr\/product\/gadwalls-pro-grade-ghg-6-pieces\/#breadcrumb\",\"itemListElement\":[{\"@type\":\"ListItem\",\"position\":1,\"name\":\"Home\",\"item\":\"https:\/\/staging.lucky-hunter.com\/fr\/\"},{\"@type\":\"ListItem\",\"position\":2,\"name\":\"Boutique\",\"item\":\"https:\/\/staging.lucky-hunter.com\/fr\/shop\/\"},{\"@type\":\"ListItem\",\"position\":3,\"name\":\"Gadwalls Pro Grade &#8211; GHG 6 pi\u00e8ces\"}]},{\"@type\":\"WebSite\",\"@id\":\"https:\/\/staging.lucky-hunter.com\/#website\",\"url\":\"https:\/\/staging.lucky-hunter.com\/\",\"name\":\"Lucky-Hunter\",\"description\":\"Gear Up or Give Up\",\"potentialAction\":[{\"@type\":\"SearchAction\",\"target\":{\"@type\":\"EntryPoint\",\"urlTemplate\":\"https:\/\/staging.lucky-hunter.com\/?s={search_term_string}\"},\"query-input\":{\"@type\":\"PropertyValueSpecification\",\"valueRequired\":true,\"valueName\":\"search_term_string\"}}],\"inLanguage\":\"fr-FR\"}]}<\/script>\n<!-- \/ Yoast SEO plugin. -->","yoast_head_json":{"title":"GHG Pro Grade Gadwalls - Leurres de canard r\u00e9alistes | Chasseur chanceux","description":"American GHG a cr\u00e9\u00e9 la s\u00e9rie Pro Grade avec un seul objectif en t\u00eate, cr\u00e9er un leurre qui ressemble r\u00e9ellement \u00e0 un vrai canard Canard chipeau !","robots":{"index":"noindex","follow":"follow","max-snippet":"max-snippet:-1","max-image-preview":"max-image-preview:large","max-video-preview":"max-video-preview:-1"},"og_locale":"fr_FR","og_type":"article","og_title":"Canards Chipeaux GHG Life-Size Leurres grandeur nature r\u00e9alistes | Chasseur chanceux","og_description":"Canards Canards GHG Life Size : parfaits pour votre prochaine chasse ! La s\u00e9rie Life Size a \u00e9t\u00e9 con\u00e7ue pour ressembler \u00e9troitement \u00e0 des oiseaux r\u00e9els afin de tromper les oiseaux vivants.","og_url":"https:\/\/staging.lucky-hunter.com\/fr\/product\/gadwalls-pro-grade-ghg-6-pieces\/","og_site_name":"Lucky-Hunter","article_modified_time":"2025-07-01T10:36:30+00:00","og_image":[{"width":1000,"height":1000,"url":"https:\/\/staging.lucky-hunter.com\/wp-content\/uploads\/2018\/05\/LF-76.png","type":"image\/png"}],"twitter_card":"summary_large_image","twitter_title":"Canards Chipeaux GHG Life-Size Leurres grandeur nature r\u00e9alistes | Chasseur chanceux","twitter_description":"Canards Canards GHG Life Size : parfaits pour votre prochaine chasse ! La s\u00e9rie Life Size a \u00e9t\u00e9 con\u00e7ue pour ressembler \u00e9troitement \u00e0 des oiseaux r\u00e9els afin de tromper les oiseaux vivants.","twitter_misc":{"Dur\u00e9e de lecture estim\u00e9e":"2 minutes"},"schema":{"@context":"https:\/\/schema.org","@graph":[{"@type":"WebPage","@id":"https:\/\/staging.lucky-hunter.com\/fr\/product\/gadwalls-pro-grade-ghg-6-pieces\/","url":"https:\/\/staging.lucky-hunter.com\/fr\/product\/gadwalls-pro-grade-ghg-6-pieces\/","name":"GHG Pro Grade Gadwalls - Leurres de canard r\u00e9alistes | Chasseur chanceux","isPartOf":{"@id":"https:\/\/staging.lucky-hunter.com\/#website"},"primaryImageOfPage":{"@id":"https:\/\/staging.lucky-hunter.com\/fr\/product\/gadwalls-pro-grade-ghg-6-pieces\/#primaryimage"},"image":{"@id":"https:\/\/staging.lucky-hunter.com\/fr\/product\/gadwalls-pro-grade-ghg-6-pieces\/#primaryimage"},"thumbnailUrl":"https:\/\/staging.lucky-hunter.com\/wp-content\/uploads\/2018\/05\/LF-76.png","datePublished":"2018-05-08T13:16:09+00:00","dateModified":"2025-07-01T10:36:30+00:00","description":"American GHG a cr\u00e9\u00e9 la s\u00e9rie Pro Grade avec un seul objectif en t\u00eate, cr\u00e9er un leurre qui ressemble r\u00e9ellement \u00e0 un vrai canard Canard chipeau !","breadcrumb":{"@id":"https:\/\/staging.lucky-hunter.com\/fr\/product\/gadwalls-pro-grade-ghg-6-pieces\/#breadcrumb"},"inLanguage":"fr-FR","potentialAction":[{"@type":"ReadAction","target":["https:\/\/staging.lucky-hunter.com\/fr\/product\/gadwalls-pro-grade-ghg-6-pieces\/"]}]},{"@type":"ImageObject","inLanguage":"fr-FR","@id":"https:\/\/staging.lucky-hunter.com\/fr\/product\/gadwalls-pro-grade-ghg-6-pieces\/#primaryimage","url":"https:\/\/staging.lucky-hunter.com\/wp-content\/uploads\/2018\/05\/LF-76.png","contentUrl":"https:\/\/staging.lucky-hunter.com\/wp-content\/uploads\/2018\/05\/LF-76.png","width":1000,"height":1000},{"@type":"BreadcrumbList","@id":"https:\/\/staging.lucky-hunter.com\/fr\/product\/gadwalls-pro-grade-ghg-6-pieces\/#breadcrumb","itemListElement":[{"@type":"ListItem","position":1,"name":"Home","item":"https:\/\/staging.lucky-hunter.com\/fr\/"},{"@type":"ListItem","position":2,"name":"Boutique","item":"https:\/\/staging.lucky-hunter.com\/fr\/shop\/"},{"@type":"ListItem","position":3,"name":"Gadwalls Pro Grade &#8211; GHG 6 pi\u00e8ces"}]},{"@type":"WebSite","@id":"https:\/\/staging.lucky-hunter.com\/#website","url":"https:\/\/staging.lucky-hunter.com\/","name":"Lucky-Hunter","description":"Gear Up or Give Up","potentialAction":[{"@type":"SearchAction","target":{"@type":"EntryPoint","urlTemplate":"https:\/\/staging.lucky-hunter.com\/?s={search_term_string}"},"query-input":{"@type":"PropertyValueSpecification","valueRequired":true,"valueName":"search_term_string"}}],"inLanguage":"fr-FR"}]}},"_links":{"self":[{"href":"https:\/\/staging.lucky-hunter.com\/fr\/wp-json\/wp\/v2\/product\/56610"}],"collection":[{"href":"https:\/\/staging.lucky-hunter.com\/fr\/wp-json\/wp\/v2\/product"}],"about":[{"href":"https:\/\/staging.lucky-hunter.com\/fr\/wp-json\/wp\/v2\/types\/product"}],"wp:featuredmedia":[{"embeddable":true,"href":"https:\/\/staging.lucky-hunter.com\/fr\/wp-json\/wp\/v2\/media\/30420"}],"wp:attachment":[{"href":"https:\/\/staging.lucky-hunter.com\/fr\/wp-json\/wp\/v2\/media?parent=56610"}],"wp:term":[{"taxonomy":"product_brand","embeddable":true,"href":"https:\/\/staging.lucky-hunter.com\/fr\/wp-json\/wp\/v2\/product_brand?post=56610"},{"taxonomy":"product_cat","embeddable":true,"href":"https:\/\/staging.lucky-hunter.com\/fr\/wp-json\/wp\/v2\/product_cat?post=56610"},{"taxonomy":"product_tag","embeddable":true,"href":"https:\/\/staging.lucky-hunter.com\/fr\/wp-json\/wp\/v2\/product_tag?post=56610"}],"curies":[{"name":"wp","href":"https:\/\/api.w.org\/{rel}","templated":true}]}}