{"id":56608,"date":"2018-08-29T12:23:19","date_gmt":"2018-08-29T10:23:19","guid":{"rendered":"https:\/\/staging.lucky-hunter.com\/product\/beavertail-final-attack-pit-cover\/"},"modified":"2025-06-30T15:41:34","modified_gmt":"2025-06-30T13:41:34","slug":"couvercle-beavertail-final-attack","status":"publish","type":"product","link":"https:\/\/staging.lucky-hunter.com\/fr\/product\/couvercle-beavertail-final-attack\/","title":{"rendered":"Couvercle Beavertail Final Attack"},"content":{"rendered":"<h2><strong>Couvercle Beavertail Final Attack &#8211; Parfait pour les sauvaginiers<\/strong><\/h2>\n<p>Prot\u00e9gez votre bateau Beavertail Final Attack contre l\u2019eau, les bestioles et les objets ind\u00e9sirables lorsque vous ne l\u2019utilisez pas. Ce couvercle est parfait pour prot\u00e9ger l&#8217;int\u00e9rieur du bateau en bloquant l\u2019acc\u00e8s \u00e0 tout ce qui pourrait essayer de s&#8217;installer pendant que votre bateau est entrepos\u00e9.<\/p>\n<p>Le couvercle est fabriqu\u00e9 avec un m\u00e9lange de poly\u00e9thyl\u00e8ne sur mesure et il est disponible dans une couleur gris clair assortie \u00e0 votre bateau Beavertail.<\/p>\n<p>Parfait pour les sauvaginiers d\u00e9butants ou chevronn\u00e9s.<\/p>\n<p><strong>Caract\u00e9ristiques\u00a0:<\/strong><br \/>\nCouleur : Gris clair<br \/>\nDimensions approximatives\u00a0: 158 x 79 x 13 cm<br \/>\nPoids : Environ 6,5 kg<\/p>\n","protected":false},"excerpt":{"rendered":"<p>Couvercle amovible pour votre bateau\/aff\u00fbt Final Attack.\u00a0Prot\u00e8ge le bateau contre l\u2019eau et les bestioles lorsqu\u2019il n&#8217;est pas utilis\u00e9, ce qui lui permet d&#8217;\u00eatre entrepos\u00e9 en toute s\u00e9curit\u00e9.<\/p>\n","protected":false},"featured_media":30710,"template":"","meta":[],"product_brand":[8133],"product_cat":[8171],"product_tag":[],"yoast_head":"<!-- This site is optimized with the Yoast SEO plugin v24.3 - https:\/\/yoast.com\/wordpress\/plugins\/seo\/ -->\n<title>Couvercle Beavertail Final Attack - Bateau sans entretien | Lucky Hunter<\/title>\n<meta name=\"description\" content=\"Entreposez votre bateau en toute s\u00e9curit\u00e9. Le couvercle Beavertail Final Attack est parfait pour entreposer votre bateau Beavertail car il emp\u00eache l&#039;eau et les bestioles d&#039;entrer !\" \/>\n<meta name=\"robots\" content=\"noindex, follow, max-snippet:-1, max-image-preview:large, max-video-preview:-1\" \/>\n<meta property=\"og:locale\" content=\"fr_FR\" \/>\n<meta property=\"og:type\" content=\"article\" \/>\n<meta property=\"og:title\" content=\"Couvercle Beavertail Final Attack - Bateau sans entretien | Lucky Hunter\" \/>\n<meta property=\"og:description\" content=\"Entreposez votre bateau en toute s\u00e9curit\u00e9. Le couvercle Beavertail Final Attack est parfait pour entreposer votre bateau Beavertail car il emp\u00eache l&#039;eau et les bestioles d&#039;entrer !\" \/>\n<meta property=\"og:url\" content=\"https:\/\/staging.lucky-hunter.com\/product\/beavertail-final-attack-pit-cover\/\" \/>\n<meta property=\"og:site_name\" content=\"Lucky-Hunter\" \/>\n<meta property=\"article:modified_time\" content=\"2025-06-30T13:41:34+00:00\" \/>\n<meta property=\"og:image\" content=\"https:\/\/staging.lucky-hunter.com\/wp-content\/uploads\/2018\/08\/JP-27.png\" \/>\n\t<meta property=\"og:image:width\" content=\"1000\" \/>\n\t<meta property=\"og:image:height\" content=\"1000\" \/>\n\t<meta property=\"og:image:type\" content=\"image\/png\" \/>\n<meta name=\"twitter:card\" content=\"summary_large_image\" \/>\n<meta name=\"twitter:title\" content=\"Couvercle Beavertail Final Attack - Bateau sans entretien | Lucky Hunter\" \/>\n<meta name=\"twitter:description\" content=\"Entreposez votre bateau en toute s\u00e9curit\u00e9. Le couvercle Beavertail Final Attack est parfait pour entreposer votre bateau Beavertail car il emp\u00eache l&#039;eau et les bestioles d&#039;entrer !\" \/>\n<meta name=\"twitter:label1\" content=\"Dur\u00e9e de lecture estim\u00e9e\" \/>\n\t<meta name=\"twitter:data1\" content=\"1 minute\" \/>\n<script type=\"application\/ld+json\" class=\"yoast-schema-graph\">{\"@context\":\"https:\/\/schema.org\",\"@graph\":[{\"@type\":\"WebPage\",\"@id\":\"https:\/\/staging.lucky-hunter.com\/product\/beavertail-final-attack-pit-cover\/\",\"url\":\"https:\/\/staging.lucky-hunter.com\/product\/beavertail-final-attack-pit-cover\/\",\"name\":\"Couvercle Beavertail Final Attack - Bateau sans entretien | Lucky Hunter\",\"isPartOf\":{\"@id\":\"https:\/\/staging.lucky-hunter.com\/#website\"},\"primaryImageOfPage\":{\"@id\":\"https:\/\/staging.lucky-hunter.com\/product\/beavertail-final-attack-pit-cover\/#primaryimage\"},\"image\":{\"@id\":\"https:\/\/staging.lucky-hunter.com\/product\/beavertail-final-attack-pit-cover\/#primaryimage\"},\"thumbnailUrl\":\"https:\/\/staging.lucky-hunter.com\/wp-content\/uploads\/2018\/08\/JP-27.png\",\"datePublished\":\"2018-08-29T10:23:19+00:00\",\"dateModified\":\"2025-06-30T13:41:34+00:00\",\"description\":\"Entreposez votre bateau en toute s\u00e9curit\u00e9. Le couvercle Beavertail Final Attack est parfait pour entreposer votre bateau Beavertail car il emp\u00eache l'eau et les bestioles d'entrer !\",\"breadcrumb\":{\"@id\":\"https:\/\/staging.lucky-hunter.com\/product\/beavertail-final-attack-pit-cover\/#breadcrumb\"},\"inLanguage\":\"fr-FR\",\"potentialAction\":[{\"@type\":\"ReadAction\",\"target\":[\"https:\/\/staging.lucky-hunter.com\/product\/beavertail-final-attack-pit-cover\/\"]}]},{\"@type\":\"ImageObject\",\"inLanguage\":\"fr-FR\",\"@id\":\"https:\/\/staging.lucky-hunter.com\/product\/beavertail-final-attack-pit-cover\/#primaryimage\",\"url\":\"https:\/\/staging.lucky-hunter.com\/wp-content\/uploads\/2018\/08\/JP-27.png\",\"contentUrl\":\"https:\/\/staging.lucky-hunter.com\/wp-content\/uploads\/2018\/08\/JP-27.png\",\"width\":1000,\"height\":1000},{\"@type\":\"BreadcrumbList\",\"@id\":\"https:\/\/staging.lucky-hunter.com\/product\/beavertail-final-attack-pit-cover\/#breadcrumb\",\"itemListElement\":[{\"@type\":\"ListItem\",\"position\":1,\"name\":\"Home\",\"item\":\"https:\/\/staging.lucky-hunter.com\/fr\/\"},{\"@type\":\"ListItem\",\"position\":2,\"name\":\"Boutique\",\"item\":\"https:\/\/staging.lucky-hunter.com\/fr\/shop\/\"},{\"@type\":\"ListItem\",\"position\":3,\"name\":\"Couvercle Beavertail Final Attack\"}]},{\"@type\":\"WebSite\",\"@id\":\"https:\/\/staging.lucky-hunter.com\/#website\",\"url\":\"https:\/\/staging.lucky-hunter.com\/\",\"name\":\"Lucky-Hunter\",\"description\":\"Gear Up or Give Up\",\"potentialAction\":[{\"@type\":\"SearchAction\",\"target\":{\"@type\":\"EntryPoint\",\"urlTemplate\":\"https:\/\/staging.lucky-hunter.com\/?s={search_term_string}\"},\"query-input\":{\"@type\":\"PropertyValueSpecification\",\"valueRequired\":true,\"valueName\":\"search_term_string\"}}],\"inLanguage\":\"fr-FR\"}]}<\/script>\n<!-- \/ Yoast SEO plugin. -->","yoast_head_json":{"title":"Couvercle Beavertail Final Attack - Bateau sans entretien | Lucky Hunter","description":"Entreposez votre bateau en toute s\u00e9curit\u00e9. Le couvercle Beavertail Final Attack est parfait pour entreposer votre bateau Beavertail car il emp\u00eache l'eau et les bestioles d'entrer !","robots":{"index":"noindex","follow":"follow","max-snippet":"max-snippet:-1","max-image-preview":"max-image-preview:large","max-video-preview":"max-video-preview:-1"},"og_locale":"fr_FR","og_type":"article","og_title":"Couvercle Beavertail Final Attack - Bateau sans entretien | Lucky Hunter","og_description":"Entreposez votre bateau en toute s\u00e9curit\u00e9. Le couvercle Beavertail Final Attack est parfait pour entreposer votre bateau Beavertail car il emp\u00eache l'eau et les bestioles d'entrer !","og_url":"https:\/\/staging.lucky-hunter.com\/product\/beavertail-final-attack-pit-cover\/","og_site_name":"Lucky-Hunter","article_modified_time":"2025-06-30T13:41:34+00:00","og_image":[{"width":1000,"height":1000,"url":"https:\/\/staging.lucky-hunter.com\/wp-content\/uploads\/2018\/08\/JP-27.png","type":"image\/png"}],"twitter_card":"summary_large_image","twitter_title":"Couvercle Beavertail Final Attack - Bateau sans entretien | Lucky Hunter","twitter_description":"Entreposez votre bateau en toute s\u00e9curit\u00e9. Le couvercle Beavertail Final Attack est parfait pour entreposer votre bateau Beavertail car il emp\u00eache l'eau et les bestioles d'entrer !","twitter_misc":{"Dur\u00e9e de lecture estim\u00e9e":"1 minute"},"schema":{"@context":"https:\/\/schema.org","@graph":[{"@type":"WebPage","@id":"https:\/\/staging.lucky-hunter.com\/product\/beavertail-final-attack-pit-cover\/","url":"https:\/\/staging.lucky-hunter.com\/product\/beavertail-final-attack-pit-cover\/","name":"Couvercle Beavertail Final Attack - Bateau sans entretien | Lucky Hunter","isPartOf":{"@id":"https:\/\/staging.lucky-hunter.com\/#website"},"primaryImageOfPage":{"@id":"https:\/\/staging.lucky-hunter.com\/product\/beavertail-final-attack-pit-cover\/#primaryimage"},"image":{"@id":"https:\/\/staging.lucky-hunter.com\/product\/beavertail-final-attack-pit-cover\/#primaryimage"},"thumbnailUrl":"https:\/\/staging.lucky-hunter.com\/wp-content\/uploads\/2018\/08\/JP-27.png","datePublished":"2018-08-29T10:23:19+00:00","dateModified":"2025-06-30T13:41:34+00:00","description":"Entreposez votre bateau en toute s\u00e9curit\u00e9. Le couvercle Beavertail Final Attack est parfait pour entreposer votre bateau Beavertail car il emp\u00eache l'eau et les bestioles d'entrer !","breadcrumb":{"@id":"https:\/\/staging.lucky-hunter.com\/product\/beavertail-final-attack-pit-cover\/#breadcrumb"},"inLanguage":"fr-FR","potentialAction":[{"@type":"ReadAction","target":["https:\/\/staging.lucky-hunter.com\/product\/beavertail-final-attack-pit-cover\/"]}]},{"@type":"ImageObject","inLanguage":"fr-FR","@id":"https:\/\/staging.lucky-hunter.com\/product\/beavertail-final-attack-pit-cover\/#primaryimage","url":"https:\/\/staging.lucky-hunter.com\/wp-content\/uploads\/2018\/08\/JP-27.png","contentUrl":"https:\/\/staging.lucky-hunter.com\/wp-content\/uploads\/2018\/08\/JP-27.png","width":1000,"height":1000},{"@type":"BreadcrumbList","@id":"https:\/\/staging.lucky-hunter.com\/product\/beavertail-final-attack-pit-cover\/#breadcrumb","itemListElement":[{"@type":"ListItem","position":1,"name":"Home","item":"https:\/\/staging.lucky-hunter.com\/fr\/"},{"@type":"ListItem","position":2,"name":"Boutique","item":"https:\/\/staging.lucky-hunter.com\/fr\/shop\/"},{"@type":"ListItem","position":3,"name":"Couvercle Beavertail Final Attack"}]},{"@type":"WebSite","@id":"https:\/\/staging.lucky-hunter.com\/#website","url":"https:\/\/staging.lucky-hunter.com\/","name":"Lucky-Hunter","description":"Gear Up or Give Up","potentialAction":[{"@type":"SearchAction","target":{"@type":"EntryPoint","urlTemplate":"https:\/\/staging.lucky-hunter.com\/?s={search_term_string}"},"query-input":{"@type":"PropertyValueSpecification","valueRequired":true,"valueName":"search_term_string"}}],"inLanguage":"fr-FR"}]}},"_links":{"self":[{"href":"https:\/\/staging.lucky-hunter.com\/fr\/wp-json\/wp\/v2\/product\/56608"}],"collection":[{"href":"https:\/\/staging.lucky-hunter.com\/fr\/wp-json\/wp\/v2\/product"}],"about":[{"href":"https:\/\/staging.lucky-hunter.com\/fr\/wp-json\/wp\/v2\/types\/product"}],"wp:featuredmedia":[{"embeddable":true,"href":"https:\/\/staging.lucky-hunter.com\/fr\/wp-json\/wp\/v2\/media\/30710"}],"wp:attachment":[{"href":"https:\/\/staging.lucky-hunter.com\/fr\/wp-json\/wp\/v2\/media?parent=56608"}],"wp:term":[{"taxonomy":"product_brand","embeddable":true,"href":"https:\/\/staging.lucky-hunter.com\/fr\/wp-json\/wp\/v2\/product_brand?post=56608"},{"taxonomy":"product_cat","embeddable":true,"href":"https:\/\/staging.lucky-hunter.com\/fr\/wp-json\/wp\/v2\/product_cat?post=56608"},{"taxonomy":"product_tag","embeddable":true,"href":"https:\/\/staging.lucky-hunter.com\/fr\/wp-json\/wp\/v2\/product_tag?post=56608"}],"curies":[{"name":"wp","href":"https:\/\/api.w.org\/{rel}","templated":true}]}}