{"id":56598,"date":"2020-06-24T15:27:50","date_gmt":"2020-06-24T13:27:50","guid":{"rendered":"https:\/\/staging.lucky-hunter.com\/product\/avery-die-cut-nylap-camo-net\/"},"modified":"2025-06-26T15:24:22","modified_gmt":"2025-06-26T13:24:22","slug":"tissu-de-camouflage-die-cut-avery","status":"publish","type":"product","link":"https:\/\/staging.lucky-hunter.com\/fr\/product\/tissu-de-camouflage-die-cut-avery\/","title":{"rendered":"Tissu de Camouflage Die Cut &#8211; Avery"},"content":{"rendered":"<h2><strong>Tissu de Camouflage Cisaill\u00e9 &#8211; camouflez-vous efficacement avec votre \u00e9quipement<\/strong><\/h2>\n<p>Tissu de camouflage de haute qualit\u00e9 par le fabricant am\u00e9ricain Avery. Fait en polyester l\u00e9ger r\u00e9sistant \u00e0 la pourriture, \u00e0 la moisissure et \u00e0 l&#8217;eau.<\/p>\n<p>Extr\u00eamement l\u00e9ger et durable, parfait \u00e0 emporter pour de nombreuses situations. Que vous chassiez, p\u00eachiez ou utilisiez votre bateau ou votre arbre, ce tissu est con\u00e7u pour \u00eatre efficace.<\/p>\n<p>Le filet de camouflage est trait\u00e9 pour que le tissu ne brille pas, et ses effets de feuilles en 3D le rendent particuli\u00e8rement adapt\u00e9 au camouflage des aff\u00fbts de chasse, des v\u00e9hicules tout-terrain, des bateaux, etc.<\/p>\n<p>Cisaill\u00e9 pour dissimuler toutes sortes de formes en 3D.<\/p>\n<p>Dimensions : 3,6 m x 152 cm<\/p>\n<p>Design camouflage Max5.<\/p>\n","protected":false},"excerpt":{"rendered":"<p>Tissu de Camouflage Cisaill\u00e9 NYLAP d\u2019Avery, fabriqu\u00e9 en polyester fil\u00e9 l\u00e9ger. R\u00e9sistant \u00e0 la pourriture, \u00e0 la moisissure et \u00e0 l&#8217;eau.<\/p>\n","protected":false},"featured_media":30394,"template":"","meta":[],"product_brand":[8125],"product_cat":[8164],"product_tag":[9446,9235],"yoast_head":"<!-- This site is optimized with the Yoast SEO plugin v24.3 - https:\/\/yoast.com\/wordpress\/plugins\/seo\/ -->\n<title>Tissu de Camouflage Die Cut - Avery<\/title>\n<meta name=\"description\" content=\"Tissu de Camouflage Cisaill\u00e9 NYLAP d\u2019Avery, fabriqu\u00e9 en polyester fil\u00e9 l\u00e9ger. R\u00e9sistant \u00e0 la pourriture, \u00e0 la moisissure et \u00e0 l&#039;eau.\" \/>\n<meta name=\"robots\" content=\"noindex, follow, max-snippet:-1, max-image-preview:large, max-video-preview:-1\" \/>\n<meta property=\"og:locale\" content=\"fr_FR\" \/>\n<meta property=\"og:type\" content=\"article\" \/>\n<meta property=\"og:title\" content=\"Tissu de Camouflage Cisaill\u00e9 NYLAP d\u2019Avery - Chasse, Bateaux, P\u00eache | Lucky Hunter\" \/>\n<meta property=\"og:description\" content=\"Tissu de Camouflage Cisaill\u00e9 NYLAP d\u2019Avery, fabriqu\u00e9 en polyester fil\u00e9 l\u00e9ger. R\u00e9sistant \u00e0 la pourriture, \u00e0 la moisissure et \u00e0 l&#039;eau. Haute qualit\u00e9 et longue dur\u00e9e de vie.\" \/>\n<meta property=\"og:url\" content=\"https:\/\/staging.lucky-hunter.com\/product\/avery-die-cut-nylap-camo-net\/\" \/>\n<meta property=\"og:site_name\" content=\"Lucky-Hunter\" \/>\n<meta property=\"article:modified_time\" content=\"2025-06-26T13:24:22+00:00\" \/>\n<meta property=\"og:image\" content=\"https:\/\/staging.lucky-hunter.com\/wp-content\/uploads\/2020\/06\/PU-534.png.webp\" \/>\n\t<meta property=\"og:image:width\" content=\"1000\" \/>\n\t<meta property=\"og:image:height\" content=\"1000\" \/>\n\t<meta property=\"og:image:type\" content=\"image\/webp\" \/>\n<meta name=\"twitter:card\" content=\"summary_large_image\" \/>\n<meta name=\"twitter:title\" content=\"Tissu de Camouflage Cisaill\u00e9 NYLAP d\u2019Avery - Chasse, Bateaux, P\u00eache | Lucky Hunter\" \/>\n<meta name=\"twitter:description\" content=\"Tissu de Camouflage Cisaill\u00e9 NYLAP d\u2019Avery, fabriqu\u00e9 en polyester fil\u00e9 l\u00e9ger. R\u00e9sistant \u00e0 la pourriture, \u00e0 la moisissure et \u00e0 l&#039;eau. Haute qualit\u00e9 et longue dur\u00e9e de vie.\" \/>\n<meta name=\"twitter:label1\" content=\"Dur\u00e9e de lecture estim\u00e9e\" \/>\n\t<meta name=\"twitter:data1\" content=\"1 minute\" \/>\n<script type=\"application\/ld+json\" class=\"yoast-schema-graph\">{\"@context\":\"https:\/\/schema.org\",\"@graph\":[{\"@type\":\"WebPage\",\"@id\":\"https:\/\/staging.lucky-hunter.com\/product\/avery-die-cut-nylap-camo-net\/\",\"url\":\"https:\/\/staging.lucky-hunter.com\/product\/avery-die-cut-nylap-camo-net\/\",\"name\":\"Tissu de Camouflage Die Cut - Avery\",\"isPartOf\":{\"@id\":\"https:\/\/staging.lucky-hunter.com\/#website\"},\"primaryImageOfPage\":{\"@id\":\"https:\/\/staging.lucky-hunter.com\/product\/avery-die-cut-nylap-camo-net\/#primaryimage\"},\"image\":{\"@id\":\"https:\/\/staging.lucky-hunter.com\/product\/avery-die-cut-nylap-camo-net\/#primaryimage\"},\"thumbnailUrl\":\"https:\/\/staging.lucky-hunter.com\/wp-content\/uploads\/2020\/06\/PU-534.png.webp\",\"datePublished\":\"2020-06-24T13:27:50+00:00\",\"dateModified\":\"2025-06-26T13:24:22+00:00\",\"description\":\"Tissu de Camouflage Cisaill\u00e9 NYLAP d\u2019Avery, fabriqu\u00e9 en polyester fil\u00e9 l\u00e9ger. R\u00e9sistant \u00e0 la pourriture, \u00e0 la moisissure et \u00e0 l'eau.\",\"breadcrumb\":{\"@id\":\"https:\/\/staging.lucky-hunter.com\/product\/avery-die-cut-nylap-camo-net\/#breadcrumb\"},\"inLanguage\":\"fr-FR\",\"potentialAction\":[{\"@type\":\"ReadAction\",\"target\":[\"https:\/\/staging.lucky-hunter.com\/product\/avery-die-cut-nylap-camo-net\/\"]}]},{\"@type\":\"ImageObject\",\"inLanguage\":\"fr-FR\",\"@id\":\"https:\/\/staging.lucky-hunter.com\/product\/avery-die-cut-nylap-camo-net\/#primaryimage\",\"url\":\"https:\/\/staging.lucky-hunter.com\/wp-content\/uploads\/2020\/06\/PU-534.png.webp\",\"contentUrl\":\"https:\/\/staging.lucky-hunter.com\/wp-content\/uploads\/2020\/06\/PU-534.png.webp\",\"width\":1000,\"height\":1000},{\"@type\":\"BreadcrumbList\",\"@id\":\"https:\/\/staging.lucky-hunter.com\/product\/avery-die-cut-nylap-camo-net\/#breadcrumb\",\"itemListElement\":[{\"@type\":\"ListItem\",\"position\":1,\"name\":\"Home\",\"item\":\"https:\/\/staging.lucky-hunter.com\/fr\/\"},{\"@type\":\"ListItem\",\"position\":2,\"name\":\"Boutique\",\"item\":\"https:\/\/staging.lucky-hunter.com\/fr\/shop\/\"},{\"@type\":\"ListItem\",\"position\":3,\"name\":\"Tissu de Camouflage Die Cut &#8211; Avery\"}]},{\"@type\":\"WebSite\",\"@id\":\"https:\/\/staging.lucky-hunter.com\/#website\",\"url\":\"https:\/\/staging.lucky-hunter.com\/\",\"name\":\"Lucky-Hunter\",\"description\":\"Gear Up or Give Up\",\"potentialAction\":[{\"@type\":\"SearchAction\",\"target\":{\"@type\":\"EntryPoint\",\"urlTemplate\":\"https:\/\/staging.lucky-hunter.com\/?s={search_term_string}\"},\"query-input\":{\"@type\":\"PropertyValueSpecification\",\"valueRequired\":true,\"valueName\":\"search_term_string\"}}],\"inLanguage\":\"fr-FR\"}]}<\/script>\n<!-- \/ Yoast SEO plugin. -->","yoast_head_json":{"title":"Tissu de Camouflage Die Cut - Avery","description":"Tissu de Camouflage Cisaill\u00e9 NYLAP d\u2019Avery, fabriqu\u00e9 en polyester fil\u00e9 l\u00e9ger. R\u00e9sistant \u00e0 la pourriture, \u00e0 la moisissure et \u00e0 l'eau.","robots":{"index":"noindex","follow":"follow","max-snippet":"max-snippet:-1","max-image-preview":"max-image-preview:large","max-video-preview":"max-video-preview:-1"},"og_locale":"fr_FR","og_type":"article","og_title":"Tissu de Camouflage Cisaill\u00e9 NYLAP d\u2019Avery - Chasse, Bateaux, P\u00eache | Lucky Hunter","og_description":"Tissu de Camouflage Cisaill\u00e9 NYLAP d\u2019Avery, fabriqu\u00e9 en polyester fil\u00e9 l\u00e9ger. R\u00e9sistant \u00e0 la pourriture, \u00e0 la moisissure et \u00e0 l'eau. Haute qualit\u00e9 et longue dur\u00e9e de vie.","og_url":"https:\/\/staging.lucky-hunter.com\/product\/avery-die-cut-nylap-camo-net\/","og_site_name":"Lucky-Hunter","article_modified_time":"2025-06-26T13:24:22+00:00","og_image":[{"width":1000,"height":1000,"url":"https:\/\/staging.lucky-hunter.com\/wp-content\/uploads\/2020\/06\/PU-534.png.webp","type":"image\/webp"}],"twitter_card":"summary_large_image","twitter_title":"Tissu de Camouflage Cisaill\u00e9 NYLAP d\u2019Avery - Chasse, Bateaux, P\u00eache | Lucky Hunter","twitter_description":"Tissu de Camouflage Cisaill\u00e9 NYLAP d\u2019Avery, fabriqu\u00e9 en polyester fil\u00e9 l\u00e9ger. R\u00e9sistant \u00e0 la pourriture, \u00e0 la moisissure et \u00e0 l'eau. Haute qualit\u00e9 et longue dur\u00e9e de vie.","twitter_misc":{"Dur\u00e9e de lecture estim\u00e9e":"1 minute"},"schema":{"@context":"https:\/\/schema.org","@graph":[{"@type":"WebPage","@id":"https:\/\/staging.lucky-hunter.com\/product\/avery-die-cut-nylap-camo-net\/","url":"https:\/\/staging.lucky-hunter.com\/product\/avery-die-cut-nylap-camo-net\/","name":"Tissu de Camouflage Die Cut - Avery","isPartOf":{"@id":"https:\/\/staging.lucky-hunter.com\/#website"},"primaryImageOfPage":{"@id":"https:\/\/staging.lucky-hunter.com\/product\/avery-die-cut-nylap-camo-net\/#primaryimage"},"image":{"@id":"https:\/\/staging.lucky-hunter.com\/product\/avery-die-cut-nylap-camo-net\/#primaryimage"},"thumbnailUrl":"https:\/\/staging.lucky-hunter.com\/wp-content\/uploads\/2020\/06\/PU-534.png.webp","datePublished":"2020-06-24T13:27:50+00:00","dateModified":"2025-06-26T13:24:22+00:00","description":"Tissu de Camouflage Cisaill\u00e9 NYLAP d\u2019Avery, fabriqu\u00e9 en polyester fil\u00e9 l\u00e9ger. R\u00e9sistant \u00e0 la pourriture, \u00e0 la moisissure et \u00e0 l'eau.","breadcrumb":{"@id":"https:\/\/staging.lucky-hunter.com\/product\/avery-die-cut-nylap-camo-net\/#breadcrumb"},"inLanguage":"fr-FR","potentialAction":[{"@type":"ReadAction","target":["https:\/\/staging.lucky-hunter.com\/product\/avery-die-cut-nylap-camo-net\/"]}]},{"@type":"ImageObject","inLanguage":"fr-FR","@id":"https:\/\/staging.lucky-hunter.com\/product\/avery-die-cut-nylap-camo-net\/#primaryimage","url":"https:\/\/staging.lucky-hunter.com\/wp-content\/uploads\/2020\/06\/PU-534.png.webp","contentUrl":"https:\/\/staging.lucky-hunter.com\/wp-content\/uploads\/2020\/06\/PU-534.png.webp","width":1000,"height":1000},{"@type":"BreadcrumbList","@id":"https:\/\/staging.lucky-hunter.com\/product\/avery-die-cut-nylap-camo-net\/#breadcrumb","itemListElement":[{"@type":"ListItem","position":1,"name":"Home","item":"https:\/\/staging.lucky-hunter.com\/fr\/"},{"@type":"ListItem","position":2,"name":"Boutique","item":"https:\/\/staging.lucky-hunter.com\/fr\/shop\/"},{"@type":"ListItem","position":3,"name":"Tissu de Camouflage Die Cut &#8211; Avery"}]},{"@type":"WebSite","@id":"https:\/\/staging.lucky-hunter.com\/#website","url":"https:\/\/staging.lucky-hunter.com\/","name":"Lucky-Hunter","description":"Gear Up or Give Up","potentialAction":[{"@type":"SearchAction","target":{"@type":"EntryPoint","urlTemplate":"https:\/\/staging.lucky-hunter.com\/?s={search_term_string}"},"query-input":{"@type":"PropertyValueSpecification","valueRequired":true,"valueName":"search_term_string"}}],"inLanguage":"fr-FR"}]}},"_links":{"self":[{"href":"https:\/\/staging.lucky-hunter.com\/fr\/wp-json\/wp\/v2\/product\/56598"}],"collection":[{"href":"https:\/\/staging.lucky-hunter.com\/fr\/wp-json\/wp\/v2\/product"}],"about":[{"href":"https:\/\/staging.lucky-hunter.com\/fr\/wp-json\/wp\/v2\/types\/product"}],"wp:featuredmedia":[{"embeddable":true,"href":"https:\/\/staging.lucky-hunter.com\/fr\/wp-json\/wp\/v2\/media\/30394"}],"wp:attachment":[{"href":"https:\/\/staging.lucky-hunter.com\/fr\/wp-json\/wp\/v2\/media?parent=56598"}],"wp:term":[{"taxonomy":"product_brand","embeddable":true,"href":"https:\/\/staging.lucky-hunter.com\/fr\/wp-json\/wp\/v2\/product_brand?post=56598"},{"taxonomy":"product_cat","embeddable":true,"href":"https:\/\/staging.lucky-hunter.com\/fr\/wp-json\/wp\/v2\/product_cat?post=56598"},{"taxonomy":"product_tag","embeddable":true,"href":"https:\/\/staging.lucky-hunter.com\/fr\/wp-json\/wp\/v2\/product_tag?post=56598"}],"curies":[{"name":"wp","href":"https:\/\/api.w.org\/{rel}","templated":true}]}}