{"id":56203,"date":"2017-02-28T12:06:12","date_gmt":"2017-02-28T11:06:12","guid":{"rendered":"https:\/\/staging.lucky-hunter.com\/product\/lerduekaster\/"},"modified":"2025-07-01T15:09:05","modified_gmt":"2025-07-01T13:09:05","slug":"lanceur-de-plateaux-dargile-manuel","status":"publish","type":"product","link":"https:\/\/staging.lucky-hunter.com\/fr\/product\/lanceur-de-plateaux-dargile-manuel\/","title":{"rendered":"Lanceur de Plateaux d\u2019Argile Manuel"},"content":{"rendered":"<h2><strong>Optimisez votre entra\u00eenement au tir<\/strong><\/h2>\n<p>Un tr\u00e8s bon lanceur de ball-trap \u00e0 un prix avantageux par le fabricant am\u00e9ricain Do All Outdoors.<\/p>\n<p>Les plateaux peuvent \u00eatre lanc\u00e9s individuellement ou simultan\u00e9ment selon plusieurs angles.<\/p>\n<p>Nous vous recommandons de monter le lanceur sur un pneu de voiture ou \u00e9quivalent pour en assurer la stabilit\u00e9. Il est \u00e9galement possible de le fixer sur une plaque avec un gros clou ou au sol \u00e0 l\u2019aide de piquets.<\/p>\n<p>Le produit est accompagn\u00e9 d\u2019un guide avec diff\u00e9rentes options de mise en place pour vous entra\u00eener \u00e0 tirer sur des faisans, sur des pigeons ou sur des canards.<\/p>\n<p>Fabriqu\u00e9 en acier et en aluminium avec une surface enduite de poudre.<\/p>\n<p>Poids : 4,5 kg.<\/p>\n","protected":false},"excerpt":{"rendered":"<p>Un tr\u00e8s bon lanceur de ball-trap par le fabricant am\u00e9ricain Do All Outdoors. Les plateaux peuvent \u00eatre lanc\u00e9s individuellement ou simultan\u00e9ment selon plusieurs angles.<\/p>\n","protected":false},"featured_media":29574,"template":"","meta":[],"product_brand":[8134],"product_cat":[8172],"product_tag":[],"yoast_head":"<!-- This site is optimized with the Yoast SEO plugin v24.3 - https:\/\/yoast.com\/wordpress\/plugins\/seo\/ -->\n<title>Lanceur de Plateaux d\u2019Argile Manuel<\/title>\n<meta name=\"description\" content=\"Un super lanceur de pigeons d&#039;argile pour le prix d&#039;American Do All Outdoors. Les pigeons d&#039;argile peuvent \u00eatre envoy\u00e9s individuellement ou plusieurs \u00e0 la fois sous plusieurs angles.\" \/>\n<meta name=\"robots\" content=\"noindex, follow, max-snippet:-1, max-image-preview:large, max-video-preview:-1\" \/>\n<meta property=\"og:locale\" content=\"fr_FR\" \/>\n<meta property=\"og:type\" content=\"article\" \/>\n<meta property=\"og:title\" content=\"Lanceur de Plateaux d\u2019Argile Manuel\" \/>\n<meta property=\"og:description\" content=\"Un super lanceur de pigeons d&#039;argile pour le prix d&#039;American Do All Outdoors. Les pigeons d&#039;argile peuvent \u00eatre envoy\u00e9s individuellement ou plusieurs \u00e0 la fois sous plusieurs angles.\" \/>\n<meta property=\"og:url\" content=\"https:\/\/staging.lucky-hunter.com\/product\/lerduekaster\/\" \/>\n<meta property=\"og:site_name\" content=\"Lucky-Hunter\" \/>\n<meta property=\"article:modified_time\" content=\"2025-07-01T13:09:05+00:00\" \/>\n<meta property=\"og:image\" content=\"https:\/\/staging.lucky-hunter.com\/wp-content\/uploads\/2017\/11\/st-15.png\" \/>\n\t<meta property=\"og:image:width\" content=\"500\" \/>\n\t<meta property=\"og:image:height\" content=\"500\" \/>\n\t<meta property=\"og:image:type\" content=\"image\/png\" \/>\n<meta name=\"twitter:card\" content=\"summary_large_image\" \/>\n<meta name=\"twitter:label1\" content=\"Dur\u00e9e de lecture estim\u00e9e\" \/>\n\t<meta name=\"twitter:data1\" content=\"1 minute\" \/>\n<script type=\"application\/ld+json\" class=\"yoast-schema-graph\">{\"@context\":\"https:\/\/schema.org\",\"@graph\":[{\"@type\":\"WebPage\",\"@id\":\"https:\/\/staging.lucky-hunter.com\/product\/lerduekaster\/\",\"url\":\"https:\/\/staging.lucky-hunter.com\/product\/lerduekaster\/\",\"name\":\"Lanceur de Plateaux d\u2019Argile Manuel\",\"isPartOf\":{\"@id\":\"https:\/\/staging.lucky-hunter.com\/#website\"},\"primaryImageOfPage\":{\"@id\":\"https:\/\/staging.lucky-hunter.com\/product\/lerduekaster\/#primaryimage\"},\"image\":{\"@id\":\"https:\/\/staging.lucky-hunter.com\/product\/lerduekaster\/#primaryimage\"},\"thumbnailUrl\":\"https:\/\/staging.lucky-hunter.com\/wp-content\/uploads\/2017\/11\/st-15.png\",\"datePublished\":\"2017-02-28T11:06:12+00:00\",\"dateModified\":\"2025-07-01T13:09:05+00:00\",\"description\":\"Un super lanceur de pigeons d'argile pour le prix d'American Do All Outdoors. Les pigeons d'argile peuvent \u00eatre envoy\u00e9s individuellement ou plusieurs \u00e0 la fois sous plusieurs angles.\",\"breadcrumb\":{\"@id\":\"https:\/\/staging.lucky-hunter.com\/product\/lerduekaster\/#breadcrumb\"},\"inLanguage\":\"fr-FR\",\"potentialAction\":[{\"@type\":\"ReadAction\",\"target\":[\"https:\/\/staging.lucky-hunter.com\/product\/lerduekaster\/\"]}]},{\"@type\":\"ImageObject\",\"inLanguage\":\"fr-FR\",\"@id\":\"https:\/\/staging.lucky-hunter.com\/product\/lerduekaster\/#primaryimage\",\"url\":\"https:\/\/staging.lucky-hunter.com\/wp-content\/uploads\/2017\/11\/st-15.png\",\"contentUrl\":\"https:\/\/staging.lucky-hunter.com\/wp-content\/uploads\/2017\/11\/st-15.png\",\"width\":500,\"height\":500},{\"@type\":\"BreadcrumbList\",\"@id\":\"https:\/\/staging.lucky-hunter.com\/product\/lerduekaster\/#breadcrumb\",\"itemListElement\":[{\"@type\":\"ListItem\",\"position\":1,\"name\":\"Home\",\"item\":\"https:\/\/staging.lucky-hunter.com\/fr\/\"},{\"@type\":\"ListItem\",\"position\":2,\"name\":\"Boutique\",\"item\":\"https:\/\/staging.lucky-hunter.com\/fr\/shop\/\"},{\"@type\":\"ListItem\",\"position\":3,\"name\":\"Lanceur de Plateaux d\u2019Argile Manuel\"}]},{\"@type\":\"WebSite\",\"@id\":\"https:\/\/staging.lucky-hunter.com\/#website\",\"url\":\"https:\/\/staging.lucky-hunter.com\/\",\"name\":\"Lucky-Hunter\",\"description\":\"Gear Up or Give Up\",\"potentialAction\":[{\"@type\":\"SearchAction\",\"target\":{\"@type\":\"EntryPoint\",\"urlTemplate\":\"https:\/\/staging.lucky-hunter.com\/?s={search_term_string}\"},\"query-input\":{\"@type\":\"PropertyValueSpecification\",\"valueRequired\":true,\"valueName\":\"search_term_string\"}}],\"inLanguage\":\"fr-FR\"}]}<\/script>\n<!-- \/ Yoast SEO plugin. -->","yoast_head_json":{"title":"Lanceur de Plateaux d\u2019Argile Manuel","description":"Un super lanceur de pigeons d'argile pour le prix d'American Do All Outdoors. Les pigeons d'argile peuvent \u00eatre envoy\u00e9s individuellement ou plusieurs \u00e0 la fois sous plusieurs angles.","robots":{"index":"noindex","follow":"follow","max-snippet":"max-snippet:-1","max-image-preview":"max-image-preview:large","max-video-preview":"max-video-preview:-1"},"og_locale":"fr_FR","og_type":"article","og_title":"Lanceur de Plateaux d\u2019Argile Manuel","og_description":"Un super lanceur de pigeons d'argile pour le prix d'American Do All Outdoors. Les pigeons d'argile peuvent \u00eatre envoy\u00e9s individuellement ou plusieurs \u00e0 la fois sous plusieurs angles.","og_url":"https:\/\/staging.lucky-hunter.com\/product\/lerduekaster\/","og_site_name":"Lucky-Hunter","article_modified_time":"2025-07-01T13:09:05+00:00","og_image":[{"width":500,"height":500,"url":"https:\/\/staging.lucky-hunter.com\/wp-content\/uploads\/2017\/11\/st-15.png","type":"image\/png"}],"twitter_card":"summary_large_image","twitter_misc":{"Dur\u00e9e de lecture estim\u00e9e":"1 minute"},"schema":{"@context":"https:\/\/schema.org","@graph":[{"@type":"WebPage","@id":"https:\/\/staging.lucky-hunter.com\/product\/lerduekaster\/","url":"https:\/\/staging.lucky-hunter.com\/product\/lerduekaster\/","name":"Lanceur de Plateaux d\u2019Argile Manuel","isPartOf":{"@id":"https:\/\/staging.lucky-hunter.com\/#website"},"primaryImageOfPage":{"@id":"https:\/\/staging.lucky-hunter.com\/product\/lerduekaster\/#primaryimage"},"image":{"@id":"https:\/\/staging.lucky-hunter.com\/product\/lerduekaster\/#primaryimage"},"thumbnailUrl":"https:\/\/staging.lucky-hunter.com\/wp-content\/uploads\/2017\/11\/st-15.png","datePublished":"2017-02-28T11:06:12+00:00","dateModified":"2025-07-01T13:09:05+00:00","description":"Un super lanceur de pigeons d'argile pour le prix d'American Do All Outdoors. Les pigeons d'argile peuvent \u00eatre envoy\u00e9s individuellement ou plusieurs \u00e0 la fois sous plusieurs angles.","breadcrumb":{"@id":"https:\/\/staging.lucky-hunter.com\/product\/lerduekaster\/#breadcrumb"},"inLanguage":"fr-FR","potentialAction":[{"@type":"ReadAction","target":["https:\/\/staging.lucky-hunter.com\/product\/lerduekaster\/"]}]},{"@type":"ImageObject","inLanguage":"fr-FR","@id":"https:\/\/staging.lucky-hunter.com\/product\/lerduekaster\/#primaryimage","url":"https:\/\/staging.lucky-hunter.com\/wp-content\/uploads\/2017\/11\/st-15.png","contentUrl":"https:\/\/staging.lucky-hunter.com\/wp-content\/uploads\/2017\/11\/st-15.png","width":500,"height":500},{"@type":"BreadcrumbList","@id":"https:\/\/staging.lucky-hunter.com\/product\/lerduekaster\/#breadcrumb","itemListElement":[{"@type":"ListItem","position":1,"name":"Home","item":"https:\/\/staging.lucky-hunter.com\/fr\/"},{"@type":"ListItem","position":2,"name":"Boutique","item":"https:\/\/staging.lucky-hunter.com\/fr\/shop\/"},{"@type":"ListItem","position":3,"name":"Lanceur de Plateaux d\u2019Argile Manuel"}]},{"@type":"WebSite","@id":"https:\/\/staging.lucky-hunter.com\/#website","url":"https:\/\/staging.lucky-hunter.com\/","name":"Lucky-Hunter","description":"Gear Up or Give Up","potentialAction":[{"@type":"SearchAction","target":{"@type":"EntryPoint","urlTemplate":"https:\/\/staging.lucky-hunter.com\/?s={search_term_string}"},"query-input":{"@type":"PropertyValueSpecification","valueRequired":true,"valueName":"search_term_string"}}],"inLanguage":"fr-FR"}]}},"_links":{"self":[{"href":"https:\/\/staging.lucky-hunter.com\/fr\/wp-json\/wp\/v2\/product\/56203"}],"collection":[{"href":"https:\/\/staging.lucky-hunter.com\/fr\/wp-json\/wp\/v2\/product"}],"about":[{"href":"https:\/\/staging.lucky-hunter.com\/fr\/wp-json\/wp\/v2\/types\/product"}],"wp:featuredmedia":[{"embeddable":true,"href":"https:\/\/staging.lucky-hunter.com\/fr\/wp-json\/wp\/v2\/media\/29574"}],"wp:attachment":[{"href":"https:\/\/staging.lucky-hunter.com\/fr\/wp-json\/wp\/v2\/media?parent=56203"}],"wp:term":[{"taxonomy":"product_brand","embeddable":true,"href":"https:\/\/staging.lucky-hunter.com\/fr\/wp-json\/wp\/v2\/product_brand?post=56203"},{"taxonomy":"product_cat","embeddable":true,"href":"https:\/\/staging.lucky-hunter.com\/fr\/wp-json\/wp\/v2\/product_cat?post=56203"},{"taxonomy":"product_tag","embeddable":true,"href":"https:\/\/staging.lucky-hunter.com\/fr\/wp-json\/wp\/v2\/product_tag?post=56203"}],"curies":[{"name":"wp","href":"https:\/\/api.w.org\/{rel}","templated":true}]}}