{"id":56201,"date":"2018-05-16T09:13:10","date_gmt":"2018-05-16T07:13:10","guid":{"rendered":"https:\/\/staging.lucky-hunter.com\/product\/avery-trainers-lead\/"},"modified":"2025-07-01T11:37:08","modified_gmt":"2025-07-01T09:37:08","slug":"laisse-de-dressage-avery-sporting-dog","status":"publish","type":"product","link":"https:\/\/staging.lucky-hunter.com\/fr\/product\/laisse-de-dressage-avery-sporting-dog\/","title":{"rendered":"Laisse de dressage &#8211; Avery Sporting Dog"},"content":{"rendered":"<p><iframe title=\"Avery Trainers Lead\" width=\"1020\" height=\"574\" src=\"https:\/\/www.youtube.com\/embed\/7tEv6dwepNc?wmode=transparent&amp;rel=0&amp;feature=oembed&#038;enablejsapi=1&#038;origin=https:\/\/staging.lucky-hunter.com\" frameborder=\"0\" allow=\"accelerometer; autoplay; clipboard-write; encrypted-media; gyroscope; picture-in-picture; web-share\" referrerpolicy=\"strict-origin-when-cross-origin\" allowfullscreen><\/iframe><\/p>\n<h1><strong>Laisse de dressage Avery d\u2019Avery Sporting Dog<\/strong><\/h1>\n<p>L&#8217;une des comp\u00e9tences les plus importantes du chasseur est de garder le chien calme pendant le tir et alors que le gibier tombe. Ce n&#8217;est que lorsque vous l\u00e2chez le chien avec un ordre appropri\u00e9 qu&#8217;il doit partir et faire son travail.<\/p>\n<p>Cette laisse pour chien du fabricant am\u00e9ricain Avery Outdoors poss\u00e8de une boucle rapide.<\/p>\n<p>Rev\u00eatu de zinc, le mousqueton est con\u00e7u pour ne pas briller ni n\u2019\u00e9mettre de reflets.<\/p>\n<p>Le cordon est fabriqu\u00e9 en polyester durable dans un tr\u00e8s joli motif camouflage. De quoi garantir qu&#8217;il ne se d\u00e9marque pas dans la nature.<\/p>\n<p><strong>Caract\u00e9ristiques\u00a0:<\/strong><\/p>\n<p>Mat\u00e9riau : Sangle en polyester solide, mousqueton \u00e0 g\u00e2chette rev\u00eatu de zinc.<br \/>\nLongueur\u00a0: env. 60 cm<br \/>\nD\u00e9tach\u00e9e\u00a0: env. 15 cm (6&#8243;).<\/p>\n","protected":false},"excerpt":{"rendered":"<p>L&#8217;une des comp\u00e9tences les plus importantes du chasseur est de garder le chien calme pendant le tir et alors que le gibier tombe.<\/p>\n","protected":false},"featured_media":30462,"template":"","meta":[],"product_brand":[9097],"product_cat":[9340],"product_tag":[],"yoast_head":"<!-- This site is optimized with the Yoast SEO plugin v24.3 - https:\/\/yoast.com\/wordpress\/plugins\/seo\/ -->\n<title>Laisse de dressage - Avery Sporting Dog<\/title>\n<meta name=\"description\" content=\"Gardez votre chien calme, pr\u00eat \u00e0 se d\u00e9tacher. Avec la laisse Avery Trainers, il y a une boucle de d\u00e9tachement rapide pour lib\u00e9rer le chien en cas de besoin.\" \/>\n<meta name=\"robots\" content=\"noindex, follow, max-snippet:-1, max-image-preview:large, max-video-preview:-1\" \/>\n<meta property=\"og:locale\" content=\"fr_FR\" \/>\n<meta property=\"og:type\" content=\"article\" \/>\n<meta property=\"og:title\" content=\"Avery Trainers Lead - Laisse pour chien camouflage | Chasseur chanceux\" \/>\n<meta property=\"og:description\" content=\"Gardez votre chien calme, pr\u00eat \u00e0 se d\u00e9tacher. Avec la laisse Avery Trainers, il y a une boucle de d\u00e9tachement rapide pour lib\u00e9rer le chien en cas de besoin.\" \/>\n<meta property=\"og:url\" content=\"https:\/\/staging.lucky-hunter.com\/fr\/product\/laisse-de-dressage-avery-sporting-dog\/\" \/>\n<meta property=\"og:site_name\" content=\"Lucky-Hunter\" \/>\n<meta property=\"article:modified_time\" content=\"2025-07-01T09:37:08+00:00\" \/>\n<meta property=\"og:image\" content=\"https:\/\/staging.lucky-hunter.com\/wp-content\/uploads\/2018\/05\/JH-90.png\" \/>\n\t<meta property=\"og:image:width\" content=\"1000\" \/>\n\t<meta property=\"og:image:height\" content=\"1000\" \/>\n\t<meta property=\"og:image:type\" content=\"image\/png\" \/>\n<meta name=\"twitter:card\" content=\"summary_large_image\" \/>\n<meta name=\"twitter:title\" content=\"Avery Trainers Lead - Laisse pour chien camouflage | Chasseur chanceux\" \/>\n<meta name=\"twitter:description\" content=\"Gardez votre chien calme, pr\u00eat \u00e0 se d\u00e9tacher. Avec la laisse Avery Trainers, il y a une boucle de d\u00e9tachement rapide pour lib\u00e9rer le chien en cas de besoin.\" \/>\n<meta name=\"twitter:label1\" content=\"Dur\u00e9e de lecture estim\u00e9e\" \/>\n\t<meta name=\"twitter:data1\" content=\"1 minute\" \/>\n<script type=\"application\/ld+json\" class=\"yoast-schema-graph\">{\"@context\":\"https:\/\/schema.org\",\"@graph\":[{\"@type\":\"WebPage\",\"@id\":\"https:\/\/staging.lucky-hunter.com\/fr\/product\/laisse-de-dressage-avery-sporting-dog\/\",\"url\":\"https:\/\/staging.lucky-hunter.com\/fr\/product\/laisse-de-dressage-avery-sporting-dog\/\",\"name\":\"Laisse de dressage - Avery Sporting Dog\",\"isPartOf\":{\"@id\":\"https:\/\/staging.lucky-hunter.com\/#website\"},\"primaryImageOfPage\":{\"@id\":\"https:\/\/staging.lucky-hunter.com\/fr\/product\/laisse-de-dressage-avery-sporting-dog\/#primaryimage\"},\"image\":{\"@id\":\"https:\/\/staging.lucky-hunter.com\/fr\/product\/laisse-de-dressage-avery-sporting-dog\/#primaryimage\"},\"thumbnailUrl\":\"https:\/\/staging.lucky-hunter.com\/wp-content\/uploads\/2018\/05\/JH-90.png\",\"datePublished\":\"2018-05-16T07:13:10+00:00\",\"dateModified\":\"2025-07-01T09:37:08+00:00\",\"description\":\"Gardez votre chien calme, pr\u00eat \u00e0 se d\u00e9tacher. Avec la laisse Avery Trainers, il y a une boucle de d\u00e9tachement rapide pour lib\u00e9rer le chien en cas de besoin.\",\"breadcrumb\":{\"@id\":\"https:\/\/staging.lucky-hunter.com\/fr\/product\/laisse-de-dressage-avery-sporting-dog\/#breadcrumb\"},\"inLanguage\":\"fr-FR\",\"potentialAction\":[{\"@type\":\"ReadAction\",\"target\":[\"https:\/\/staging.lucky-hunter.com\/fr\/product\/laisse-de-dressage-avery-sporting-dog\/\"]}]},{\"@type\":\"ImageObject\",\"inLanguage\":\"fr-FR\",\"@id\":\"https:\/\/staging.lucky-hunter.com\/fr\/product\/laisse-de-dressage-avery-sporting-dog\/#primaryimage\",\"url\":\"https:\/\/staging.lucky-hunter.com\/wp-content\/uploads\/2018\/05\/JH-90.png\",\"contentUrl\":\"https:\/\/staging.lucky-hunter.com\/wp-content\/uploads\/2018\/05\/JH-90.png\",\"width\":1000,\"height\":1000},{\"@type\":\"BreadcrumbList\",\"@id\":\"https:\/\/staging.lucky-hunter.com\/fr\/product\/laisse-de-dressage-avery-sporting-dog\/#breadcrumb\",\"itemListElement\":[{\"@type\":\"ListItem\",\"position\":1,\"name\":\"Home\",\"item\":\"https:\/\/staging.lucky-hunter.com\/fr\/\"},{\"@type\":\"ListItem\",\"position\":2,\"name\":\"Boutique\",\"item\":\"https:\/\/staging.lucky-hunter.com\/fr\/shop\/\"},{\"@type\":\"ListItem\",\"position\":3,\"name\":\"Laisse de dressage &#8211; Avery Sporting Dog\"}]},{\"@type\":\"WebSite\",\"@id\":\"https:\/\/staging.lucky-hunter.com\/#website\",\"url\":\"https:\/\/staging.lucky-hunter.com\/\",\"name\":\"Lucky-Hunter\",\"description\":\"Gear Up or Give Up\",\"potentialAction\":[{\"@type\":\"SearchAction\",\"target\":{\"@type\":\"EntryPoint\",\"urlTemplate\":\"https:\/\/staging.lucky-hunter.com\/?s={search_term_string}\"},\"query-input\":{\"@type\":\"PropertyValueSpecification\",\"valueRequired\":true,\"valueName\":\"search_term_string\"}}],\"inLanguage\":\"fr-FR\"}]}<\/script>\n<!-- \/ Yoast SEO plugin. -->","yoast_head_json":{"title":"Laisse de dressage - Avery Sporting Dog","description":"Gardez votre chien calme, pr\u00eat \u00e0 se d\u00e9tacher. Avec la laisse Avery Trainers, il y a une boucle de d\u00e9tachement rapide pour lib\u00e9rer le chien en cas de besoin.","robots":{"index":"noindex","follow":"follow","max-snippet":"max-snippet:-1","max-image-preview":"max-image-preview:large","max-video-preview":"max-video-preview:-1"},"og_locale":"fr_FR","og_type":"article","og_title":"Avery Trainers Lead - Laisse pour chien camouflage | Chasseur chanceux","og_description":"Gardez votre chien calme, pr\u00eat \u00e0 se d\u00e9tacher. Avec la laisse Avery Trainers, il y a une boucle de d\u00e9tachement rapide pour lib\u00e9rer le chien en cas de besoin.","og_url":"https:\/\/staging.lucky-hunter.com\/fr\/product\/laisse-de-dressage-avery-sporting-dog\/","og_site_name":"Lucky-Hunter","article_modified_time":"2025-07-01T09:37:08+00:00","og_image":[{"width":1000,"height":1000,"url":"https:\/\/staging.lucky-hunter.com\/wp-content\/uploads\/2018\/05\/JH-90.png","type":"image\/png"}],"twitter_card":"summary_large_image","twitter_title":"Avery Trainers Lead - Laisse pour chien camouflage | Chasseur chanceux","twitter_description":"Gardez votre chien calme, pr\u00eat \u00e0 se d\u00e9tacher. Avec la laisse Avery Trainers, il y a une boucle de d\u00e9tachement rapide pour lib\u00e9rer le chien en cas de besoin.","twitter_misc":{"Dur\u00e9e de lecture estim\u00e9e":"1 minute"},"schema":{"@context":"https:\/\/schema.org","@graph":[{"@type":"WebPage","@id":"https:\/\/staging.lucky-hunter.com\/fr\/product\/laisse-de-dressage-avery-sporting-dog\/","url":"https:\/\/staging.lucky-hunter.com\/fr\/product\/laisse-de-dressage-avery-sporting-dog\/","name":"Laisse de dressage - Avery Sporting Dog","isPartOf":{"@id":"https:\/\/staging.lucky-hunter.com\/#website"},"primaryImageOfPage":{"@id":"https:\/\/staging.lucky-hunter.com\/fr\/product\/laisse-de-dressage-avery-sporting-dog\/#primaryimage"},"image":{"@id":"https:\/\/staging.lucky-hunter.com\/fr\/product\/laisse-de-dressage-avery-sporting-dog\/#primaryimage"},"thumbnailUrl":"https:\/\/staging.lucky-hunter.com\/wp-content\/uploads\/2018\/05\/JH-90.png","datePublished":"2018-05-16T07:13:10+00:00","dateModified":"2025-07-01T09:37:08+00:00","description":"Gardez votre chien calme, pr\u00eat \u00e0 se d\u00e9tacher. Avec la laisse Avery Trainers, il y a une boucle de d\u00e9tachement rapide pour lib\u00e9rer le chien en cas de besoin.","breadcrumb":{"@id":"https:\/\/staging.lucky-hunter.com\/fr\/product\/laisse-de-dressage-avery-sporting-dog\/#breadcrumb"},"inLanguage":"fr-FR","potentialAction":[{"@type":"ReadAction","target":["https:\/\/staging.lucky-hunter.com\/fr\/product\/laisse-de-dressage-avery-sporting-dog\/"]}]},{"@type":"ImageObject","inLanguage":"fr-FR","@id":"https:\/\/staging.lucky-hunter.com\/fr\/product\/laisse-de-dressage-avery-sporting-dog\/#primaryimage","url":"https:\/\/staging.lucky-hunter.com\/wp-content\/uploads\/2018\/05\/JH-90.png","contentUrl":"https:\/\/staging.lucky-hunter.com\/wp-content\/uploads\/2018\/05\/JH-90.png","width":1000,"height":1000},{"@type":"BreadcrumbList","@id":"https:\/\/staging.lucky-hunter.com\/fr\/product\/laisse-de-dressage-avery-sporting-dog\/#breadcrumb","itemListElement":[{"@type":"ListItem","position":1,"name":"Home","item":"https:\/\/staging.lucky-hunter.com\/fr\/"},{"@type":"ListItem","position":2,"name":"Boutique","item":"https:\/\/staging.lucky-hunter.com\/fr\/shop\/"},{"@type":"ListItem","position":3,"name":"Laisse de dressage &#8211; Avery Sporting Dog"}]},{"@type":"WebSite","@id":"https:\/\/staging.lucky-hunter.com\/#website","url":"https:\/\/staging.lucky-hunter.com\/","name":"Lucky-Hunter","description":"Gear Up or Give Up","potentialAction":[{"@type":"SearchAction","target":{"@type":"EntryPoint","urlTemplate":"https:\/\/staging.lucky-hunter.com\/?s={search_term_string}"},"query-input":{"@type":"PropertyValueSpecification","valueRequired":true,"valueName":"search_term_string"}}],"inLanguage":"fr-FR"}]}},"_links":{"self":[{"href":"https:\/\/staging.lucky-hunter.com\/fr\/wp-json\/wp\/v2\/product\/56201"}],"collection":[{"href":"https:\/\/staging.lucky-hunter.com\/fr\/wp-json\/wp\/v2\/product"}],"about":[{"href":"https:\/\/staging.lucky-hunter.com\/fr\/wp-json\/wp\/v2\/types\/product"}],"wp:featuredmedia":[{"embeddable":true,"href":"https:\/\/staging.lucky-hunter.com\/fr\/wp-json\/wp\/v2\/media\/30462"}],"wp:attachment":[{"href":"https:\/\/staging.lucky-hunter.com\/fr\/wp-json\/wp\/v2\/media?parent=56201"}],"wp:term":[{"taxonomy":"product_brand","embeddable":true,"href":"https:\/\/staging.lucky-hunter.com\/fr\/wp-json\/wp\/v2\/product_brand?post=56201"},{"taxonomy":"product_cat","embeddable":true,"href":"https:\/\/staging.lucky-hunter.com\/fr\/wp-json\/wp\/v2\/product_cat?post=56201"},{"taxonomy":"product_tag","embeddable":true,"href":"https:\/\/staging.lucky-hunter.com\/fr\/wp-json\/wp\/v2\/product_tag?post=56201"}],"curies":[{"name":"wp","href":"https:\/\/api.w.org\/{rel}","templated":true}]}}