{"id":56199,"date":"2021-12-20T12:13:49","date_gmt":"2021-12-20T11:13:49","guid":{"rendered":"https:\/\/staging.lucky-hunter.com\/product\/lucky-duck-injection-molded-wings\/"},"modified":"2025-06-24T15:03:20","modified_gmt":"2025-06-24T13:03:20","slug":"ailes-moulees-par-injection-lucky-duck-3","status":"publish","type":"product","link":"https:\/\/staging.lucky-hunter.com\/fr\/product\/ailes-moulees-par-injection-lucky-duck-3\/","title":{"rendered":"Ailes Moul\u00e9es par Injection &#8211; Lucky Duck"},"content":{"rendered":"<h2><strong>Jeu d&#8217;ailes de rechange pour votre Blette \u00e0 Ailes Tournantes Lucky Duck<\/strong><\/h2>\n<p>Cette paire d&#8217;ailes magn\u00e9tiques originales Lucky Duck s&#8217;est av\u00e9r\u00e9 plus durable que n&#8217;importe quelles autres ailes ondul\u00e9es. De plus, elle vous offre une dur\u00e9e de fonctionnement plus longue pour une m\u00eame charge.<\/p>\n<p>Comprend les ailes gauche et droite ainsi que 2 adaptateurs d&#8217;aile.<\/p>\n<p>Design ultra r\u00e9aliste imprim\u00e9 en 3D.<\/p>\n<p><strong>Compatible avec :<\/strong><\/p>\n<ul>\n<li>Lucky Waterproof HDi<\/li>\n<li>Lucky HD Drake<\/li>\n<li>Lucky HD Hen<\/li>\n<li>Hot Shot<\/li>\n<li>Lucky Junior.<\/li>\n<\/ul>\n","protected":false},"excerpt":{"rendered":"<p>Jeu d&#8217;ailes de rechange pour votre Blette \u00e0 Ailes Tournantes Lucky Duck Plus durable, elles vous offrent \u00e9galement une dur\u00e9e de fonctionnement plus longue pour une m\u00eame charge.<\/p>\n","protected":false},"featured_media":30702,"template":"","meta":[],"product_brand":[8124],"product_cat":[8165,9683],"product_tag":[],"yoast_head":"<!-- This site is optimized with the Yoast SEO plugin v24.3 - https:\/\/yoast.com\/wordpress\/plugins\/seo\/ -->\n<title>Ailes Moul\u00e9es par Injection - Lucky Duck<\/title>\n<meta name=\"description\" content=\"Jeu d&#039;ailes de rechange pour votre Blette \u00e0 Ailes Tournantes Lucky Duck Plus durable, elles vous offrent \u00e9galement une dur\u00e9e de fonctionnement plus longue.\" \/>\n<meta name=\"robots\" content=\"noindex, follow, max-snippet:-1, max-image-preview:large, max-video-preview:-1\" \/>\n<meta property=\"og:locale\" content=\"fr_FR\" \/>\n<meta property=\"og:type\" content=\"article\" \/>\n<meta property=\"og:title\" content=\"Ailes Moul\u00e9es par Injection - Lucky Duck\" \/>\n<meta property=\"og:description\" content=\"Jeu d&#039;ailes de rechange pour votre Blette \u00e0 Ailes Tournantes Lucky Duck Plus durable, elles vous offrent \u00e9galement une dur\u00e9e de fonctionnement plus longue.\" \/>\n<meta property=\"og:url\" content=\"https:\/\/staging.lucky-hunter.com\/product\/lucky-duck-replacement-wings-mallard-spinning-wing\/\" \/>\n<meta property=\"og:site_name\" content=\"Lucky-Hunter\" \/>\n<meta property=\"article:modified_time\" content=\"2025-06-24T13:03:20+00:00\" \/>\n<meta property=\"og:image\" content=\"https:\/\/staging.lucky-hunter.com\/wp-content\/uploads\/2021\/11\/lf-288.png\" \/>\n\t<meta property=\"og:image:width\" content=\"1000\" \/>\n\t<meta property=\"og:image:height\" content=\"1000\" \/>\n\t<meta property=\"og:image:type\" content=\"image\/png\" \/>\n<meta name=\"twitter:card\" content=\"summary_large_image\" \/>\n<meta name=\"twitter:label1\" content=\"Dur\u00e9e de lecture estim\u00e9e\" \/>\n\t<meta name=\"twitter:data1\" content=\"1 minute\" \/>\n<script type=\"application\/ld+json\" class=\"yoast-schema-graph\">{\"@context\":\"https:\/\/schema.org\",\"@graph\":[{\"@type\":\"WebPage\",\"@id\":\"https:\/\/staging.lucky-hunter.com\/product\/lucky-duck-replacement-wings-mallard-spinning-wing\/\",\"url\":\"https:\/\/staging.lucky-hunter.com\/product\/lucky-duck-replacement-wings-mallard-spinning-wing\/\",\"name\":\"Ailes Moul\u00e9es par Injection - Lucky Duck\",\"isPartOf\":{\"@id\":\"https:\/\/staging.lucky-hunter.com\/#website\"},\"primaryImageOfPage\":{\"@id\":\"https:\/\/staging.lucky-hunter.com\/product\/lucky-duck-replacement-wings-mallard-spinning-wing\/#primaryimage\"},\"image\":{\"@id\":\"https:\/\/staging.lucky-hunter.com\/product\/lucky-duck-replacement-wings-mallard-spinning-wing\/#primaryimage\"},\"thumbnailUrl\":\"https:\/\/staging.lucky-hunter.com\/wp-content\/uploads\/2021\/11\/lf-288.png\",\"datePublished\":\"2021-12-20T11:13:49+00:00\",\"dateModified\":\"2025-06-24T13:03:20+00:00\",\"description\":\"Jeu d'ailes de rechange pour votre Blette \u00e0 Ailes Tournantes Lucky Duck Plus durable, elles vous offrent \u00e9galement une dur\u00e9e de fonctionnement plus longue.\",\"breadcrumb\":{\"@id\":\"https:\/\/staging.lucky-hunter.com\/product\/lucky-duck-replacement-wings-mallard-spinning-wing\/#breadcrumb\"},\"inLanguage\":\"fr-FR\",\"potentialAction\":[{\"@type\":\"ReadAction\",\"target\":[\"https:\/\/staging.lucky-hunter.com\/product\/lucky-duck-replacement-wings-mallard-spinning-wing\/\"]}]},{\"@type\":\"ImageObject\",\"inLanguage\":\"fr-FR\",\"@id\":\"https:\/\/staging.lucky-hunter.com\/product\/lucky-duck-replacement-wings-mallard-spinning-wing\/#primaryimage\",\"url\":\"https:\/\/staging.lucky-hunter.com\/wp-content\/uploads\/2021\/11\/lf-288.png\",\"contentUrl\":\"https:\/\/staging.lucky-hunter.com\/wp-content\/uploads\/2021\/11\/lf-288.png\",\"width\":1000,\"height\":1000},{\"@type\":\"BreadcrumbList\",\"@id\":\"https:\/\/staging.lucky-hunter.com\/product\/lucky-duck-replacement-wings-mallard-spinning-wing\/#breadcrumb\",\"itemListElement\":[{\"@type\":\"ListItem\",\"position\":1,\"name\":\"Home\",\"item\":\"https:\/\/staging.lucky-hunter.com\/fr\/\"},{\"@type\":\"ListItem\",\"position\":2,\"name\":\"Boutique\",\"item\":\"https:\/\/staging.lucky-hunter.com\/fr\/shop\/\"},{\"@type\":\"ListItem\",\"position\":3,\"name\":\"Ailes Moul\u00e9es par Injection &#8211; Lucky Duck\"}]},{\"@type\":\"WebSite\",\"@id\":\"https:\/\/staging.lucky-hunter.com\/#website\",\"url\":\"https:\/\/staging.lucky-hunter.com\/\",\"name\":\"Lucky-Hunter\",\"description\":\"Gear Up or Give Up\",\"potentialAction\":[{\"@type\":\"SearchAction\",\"target\":{\"@type\":\"EntryPoint\",\"urlTemplate\":\"https:\/\/staging.lucky-hunter.com\/?s={search_term_string}\"},\"query-input\":{\"@type\":\"PropertyValueSpecification\",\"valueRequired\":true,\"valueName\":\"search_term_string\"}}],\"inLanguage\":\"fr-FR\"}]}<\/script>\n<!-- \/ Yoast SEO plugin. -->","yoast_head_json":{"title":"Ailes Moul\u00e9es par Injection - Lucky Duck","description":"Jeu d'ailes de rechange pour votre Blette \u00e0 Ailes Tournantes Lucky Duck Plus durable, elles vous offrent \u00e9galement une dur\u00e9e de fonctionnement plus longue.","robots":{"index":"noindex","follow":"follow","max-snippet":"max-snippet:-1","max-image-preview":"max-image-preview:large","max-video-preview":"max-video-preview:-1"},"og_locale":"fr_FR","og_type":"article","og_title":"Ailes Moul\u00e9es par Injection - Lucky Duck","og_description":"Jeu d'ailes de rechange pour votre Blette \u00e0 Ailes Tournantes Lucky Duck Plus durable, elles vous offrent \u00e9galement une dur\u00e9e de fonctionnement plus longue.","og_url":"https:\/\/staging.lucky-hunter.com\/product\/lucky-duck-replacement-wings-mallard-spinning-wing\/","og_site_name":"Lucky-Hunter","article_modified_time":"2025-06-24T13:03:20+00:00","og_image":[{"width":1000,"height":1000,"url":"https:\/\/staging.lucky-hunter.com\/wp-content\/uploads\/2021\/11\/lf-288.png","type":"image\/png"}],"twitter_card":"summary_large_image","twitter_misc":{"Dur\u00e9e de lecture estim\u00e9e":"1 minute"},"schema":{"@context":"https:\/\/schema.org","@graph":[{"@type":"WebPage","@id":"https:\/\/staging.lucky-hunter.com\/product\/lucky-duck-replacement-wings-mallard-spinning-wing\/","url":"https:\/\/staging.lucky-hunter.com\/product\/lucky-duck-replacement-wings-mallard-spinning-wing\/","name":"Ailes Moul\u00e9es par Injection - Lucky Duck","isPartOf":{"@id":"https:\/\/staging.lucky-hunter.com\/#website"},"primaryImageOfPage":{"@id":"https:\/\/staging.lucky-hunter.com\/product\/lucky-duck-replacement-wings-mallard-spinning-wing\/#primaryimage"},"image":{"@id":"https:\/\/staging.lucky-hunter.com\/product\/lucky-duck-replacement-wings-mallard-spinning-wing\/#primaryimage"},"thumbnailUrl":"https:\/\/staging.lucky-hunter.com\/wp-content\/uploads\/2021\/11\/lf-288.png","datePublished":"2021-12-20T11:13:49+00:00","dateModified":"2025-06-24T13:03:20+00:00","description":"Jeu d'ailes de rechange pour votre Blette \u00e0 Ailes Tournantes Lucky Duck Plus durable, elles vous offrent \u00e9galement une dur\u00e9e de fonctionnement plus longue.","breadcrumb":{"@id":"https:\/\/staging.lucky-hunter.com\/product\/lucky-duck-replacement-wings-mallard-spinning-wing\/#breadcrumb"},"inLanguage":"fr-FR","potentialAction":[{"@type":"ReadAction","target":["https:\/\/staging.lucky-hunter.com\/product\/lucky-duck-replacement-wings-mallard-spinning-wing\/"]}]},{"@type":"ImageObject","inLanguage":"fr-FR","@id":"https:\/\/staging.lucky-hunter.com\/product\/lucky-duck-replacement-wings-mallard-spinning-wing\/#primaryimage","url":"https:\/\/staging.lucky-hunter.com\/wp-content\/uploads\/2021\/11\/lf-288.png","contentUrl":"https:\/\/staging.lucky-hunter.com\/wp-content\/uploads\/2021\/11\/lf-288.png","width":1000,"height":1000},{"@type":"BreadcrumbList","@id":"https:\/\/staging.lucky-hunter.com\/product\/lucky-duck-replacement-wings-mallard-spinning-wing\/#breadcrumb","itemListElement":[{"@type":"ListItem","position":1,"name":"Home","item":"https:\/\/staging.lucky-hunter.com\/fr\/"},{"@type":"ListItem","position":2,"name":"Boutique","item":"https:\/\/staging.lucky-hunter.com\/fr\/shop\/"},{"@type":"ListItem","position":3,"name":"Ailes Moul\u00e9es par Injection &#8211; Lucky Duck"}]},{"@type":"WebSite","@id":"https:\/\/staging.lucky-hunter.com\/#website","url":"https:\/\/staging.lucky-hunter.com\/","name":"Lucky-Hunter","description":"Gear Up or Give Up","potentialAction":[{"@type":"SearchAction","target":{"@type":"EntryPoint","urlTemplate":"https:\/\/staging.lucky-hunter.com\/?s={search_term_string}"},"query-input":{"@type":"PropertyValueSpecification","valueRequired":true,"valueName":"search_term_string"}}],"inLanguage":"fr-FR"}]}},"_links":{"self":[{"href":"https:\/\/staging.lucky-hunter.com\/fr\/wp-json\/wp\/v2\/product\/56199"}],"collection":[{"href":"https:\/\/staging.lucky-hunter.com\/fr\/wp-json\/wp\/v2\/product"}],"about":[{"href":"https:\/\/staging.lucky-hunter.com\/fr\/wp-json\/wp\/v2\/types\/product"}],"wp:featuredmedia":[{"embeddable":true,"href":"https:\/\/staging.lucky-hunter.com\/fr\/wp-json\/wp\/v2\/media\/30702"}],"wp:attachment":[{"href":"https:\/\/staging.lucky-hunter.com\/fr\/wp-json\/wp\/v2\/media?parent=56199"}],"wp:term":[{"taxonomy":"product_brand","embeddable":true,"href":"https:\/\/staging.lucky-hunter.com\/fr\/wp-json\/wp\/v2\/product_brand?post=56199"},{"taxonomy":"product_cat","embeddable":true,"href":"https:\/\/staging.lucky-hunter.com\/fr\/wp-json\/wp\/v2\/product_cat?post=56199"},{"taxonomy":"product_tag","embeddable":true,"href":"https:\/\/staging.lucky-hunter.com\/fr\/wp-json\/wp\/v2\/product_tag?post=56199"}],"curies":[{"name":"wp","href":"https:\/\/api.w.org\/{rel}","templated":true}]}}