{"id":56196,"date":"2018-05-16T11:22:12","date_gmt":"2018-05-16T09:22:12","guid":{"rendered":"https:\/\/staging.lucky-hunter.com\/product\/avery-floating-dog-leash\/"},"modified":"2024-05-01T08:38:58","modified_gmt":"2024-05-01T06:38:58","slug":"avery-floating-dog-leash","status":"publish","type":"product","link":"https:\/\/staging.lucky-hunter.com\/fr\/product\/avery-floating-dog-leash\/","title":{"rendered":"Laisse flottante Avery"},"content":{"rendered":"<h2><strong><span style=\"vertical-align: inherit;\"><span style=\"vertical-align: inherit;\">Laisse flottante Avery &#8211; Un produit de qualit\u00e9 d&#8217;Avery Sporting Dog<\/span><\/span><\/strong><\/h2>\n<p>Le dressage dans l&#8217;eau est une \u00e9tape importante pour arriver \u00e0 un chien de chasse parfaitement dress\u00e9. Ce produit vous garantit d\u2019y parvenir en toute s\u00e9curit\u00e9.<\/p>\n<p>Ce collier pour chien en corde de polypropyl\u00e8ne de 1,3 cm d&#8217;\u00e9paisseur est parfait pour le dressage des chiens dans l&#8217;eau. La corde est solide, durable et fluide. Donc, si vous avez besoin de lib\u00e9rer votre chien, vous savez que cela coulera. C&#8217;est donc l&#8217;un des meilleurs choix pour entra\u00eener votre chien \u00e0 ramasser les oiseaux.<\/p>\n<p>Orange blaze haute visibilit\u00e9.<\/p>\n<p>Mousqueton en laiton robuste.<\/p>\n<p>Longueur\u00a0: env. 9 m\u00e8tres (30 pieds).<\/p>\n<p><iframe title=\"Avery Floating Dog Leash\" width=\"1020\" height=\"574\" src=\"https:\/\/www.youtube.com\/embed\/tWVl4j9WSbk?wmode=transparent&amp;rel=0&amp;feature=oembed&#038;enablejsapi=1&#038;origin=https:\/\/staging.lucky-hunter.com\" frameborder=\"0\" allow=\"accelerometer; autoplay; clipboard-write; encrypted-media; gyroscope; picture-in-picture; web-share\" allowfullscreen><\/iframe><\/p>\n","protected":false},"excerpt":{"rendered":"<p>Le dressage dans l&#8217;eau est une \u00e9tape importante pour arriver \u00e0 un chien de chasse parfaitement dress\u00e9. Ce collier pour chien en corde de polypropyl\u00e8ne robuste de 1,3 cm est parfait pour le dressage des chiens dans l&#8217;eau.<\/p>\n","protected":false},"featured_media":30631,"template":"","meta":[],"product_brand":[8123],"product_cat":[9340],"product_tag":[9502],"yoast_head":"<!-- This site is optimized with the Yoast SEO plugin v24.3 - https:\/\/yoast.com\/wordpress\/plugins\/seo\/ -->\n<title>Avery Laisse flottante pour chien Avery Sporting Dog | Chasseur chanceux<\/title>\n<meta name=\"description\" content=\"Laisse flottante haute visibilit\u00e9. La laisse flottante pour chien Avery d&#039;Avery Sporting Dog est le compagnon id\u00e9al pour vos exercices de dressage de chiens.\" \/>\n<meta name=\"robots\" content=\"noindex, follow, max-snippet:-1, max-image-preview:large, max-video-preview:-1\" \/>\n<meta property=\"og:locale\" content=\"fr_FR\" \/>\n<meta property=\"og:type\" content=\"article\" \/>\n<meta property=\"og:title\" content=\"Avery Laisse flottante pour chien Avery Sporting Dog | Chasseur chanceux\" \/>\n<meta property=\"og:description\" content=\"Laisse flottante haute visibilit\u00e9. La laisse flottante pour chien Avery d&#039;Avery Sporting Dog est le compagnon id\u00e9al pour vos exercices de dressage de chiens.\" \/>\n<meta property=\"og:url\" content=\"https:\/\/staging.lucky-hunter.com\/fr\/product\/avery-floating-dog-leash\/\" \/>\n<meta property=\"og:site_name\" content=\"Lucky-Hunter\" \/>\n<meta property=\"article:modified_time\" content=\"2024-05-01T06:38:58+00:00\" \/>\n<meta property=\"og:image\" content=\"https:\/\/staging.lucky-hunter.com\/wp-content\/uploads\/2018\/05\/JH-94.png.webp\" \/>\n\t<meta property=\"og:image:width\" content=\"1000\" \/>\n\t<meta property=\"og:image:height\" content=\"1000\" \/>\n\t<meta property=\"og:image:type\" content=\"image\/webp\" \/>\n<meta name=\"twitter:card\" content=\"summary_large_image\" \/>\n<meta name=\"twitter:title\" content=\"Laisse flottante pour chien Avery | Chasseur chanceux\" \/>\n<meta name=\"twitter:description\" content=\"Laisse flottante haute visibilit\u00e9. La laisse flottante pour chien Avery d&#039;Avery Sporting Dog est le compagnon id\u00e9al pour vos exercices de dressage de chiens.\" \/>\n<meta name=\"twitter:label1\" content=\"Dur\u00e9e de lecture estim\u00e9e\" \/>\n\t<meta name=\"twitter:data1\" content=\"1 minute\" \/>\n<script type=\"application\/ld+json\" class=\"yoast-schema-graph\">{\"@context\":\"https:\/\/schema.org\",\"@graph\":[{\"@type\":\"WebPage\",\"@id\":\"https:\/\/staging.lucky-hunter.com\/fr\/product\/avery-floating-dog-leash\/\",\"url\":\"https:\/\/staging.lucky-hunter.com\/fr\/product\/avery-floating-dog-leash\/\",\"name\":\"Avery Laisse flottante pour chien Avery Sporting Dog | Chasseur chanceux\",\"isPartOf\":{\"@id\":\"https:\/\/staging.lucky-hunter.com\/#website\"},\"primaryImageOfPage\":{\"@id\":\"https:\/\/staging.lucky-hunter.com\/fr\/product\/avery-floating-dog-leash\/#primaryimage\"},\"image\":{\"@id\":\"https:\/\/staging.lucky-hunter.com\/fr\/product\/avery-floating-dog-leash\/#primaryimage\"},\"thumbnailUrl\":\"https:\/\/staging.lucky-hunter.com\/wp-content\/uploads\/2018\/05\/JH-94.png.webp\",\"datePublished\":\"2018-05-16T09:22:12+00:00\",\"dateModified\":\"2024-05-01T06:38:58+00:00\",\"description\":\"Laisse flottante haute visibilit\u00e9. La laisse flottante pour chien Avery d'Avery Sporting Dog est le compagnon id\u00e9al pour vos exercices de dressage de chiens.\",\"breadcrumb\":{\"@id\":\"https:\/\/staging.lucky-hunter.com\/fr\/product\/avery-floating-dog-leash\/#breadcrumb\"},\"inLanguage\":\"fr-FR\",\"potentialAction\":[{\"@type\":\"ReadAction\",\"target\":[\"https:\/\/staging.lucky-hunter.com\/fr\/product\/avery-floating-dog-leash\/\"]}]},{\"@type\":\"ImageObject\",\"inLanguage\":\"fr-FR\",\"@id\":\"https:\/\/staging.lucky-hunter.com\/fr\/product\/avery-floating-dog-leash\/#primaryimage\",\"url\":\"https:\/\/staging.lucky-hunter.com\/wp-content\/uploads\/2018\/05\/JH-94.png.webp\",\"contentUrl\":\"https:\/\/staging.lucky-hunter.com\/wp-content\/uploads\/2018\/05\/JH-94.png.webp\",\"width\":1000,\"height\":1000},{\"@type\":\"BreadcrumbList\",\"@id\":\"https:\/\/staging.lucky-hunter.com\/fr\/product\/avery-floating-dog-leash\/#breadcrumb\",\"itemListElement\":[{\"@type\":\"ListItem\",\"position\":1,\"name\":\"Home\",\"item\":\"https:\/\/staging.lucky-hunter.com\/fr\/\"},{\"@type\":\"ListItem\",\"position\":2,\"name\":\"Boutique\",\"item\":\"https:\/\/staging.lucky-hunter.com\/fr\/shop\/\"},{\"@type\":\"ListItem\",\"position\":3,\"name\":\"Laisse flottante Avery\"}]},{\"@type\":\"WebSite\",\"@id\":\"https:\/\/staging.lucky-hunter.com\/#website\",\"url\":\"https:\/\/staging.lucky-hunter.com\/\",\"name\":\"Lucky-Hunter\",\"description\":\"Gear Up or Give Up\",\"potentialAction\":[{\"@type\":\"SearchAction\",\"target\":{\"@type\":\"EntryPoint\",\"urlTemplate\":\"https:\/\/staging.lucky-hunter.com\/?s={search_term_string}\"},\"query-input\":{\"@type\":\"PropertyValueSpecification\",\"valueRequired\":true,\"valueName\":\"search_term_string\"}}],\"inLanguage\":\"fr-FR\"}]}<\/script>\n<!-- \/ Yoast SEO plugin. -->","yoast_head_json":{"title":"Avery Laisse flottante pour chien Avery Sporting Dog | Chasseur chanceux","description":"Laisse flottante haute visibilit\u00e9. La laisse flottante pour chien Avery d'Avery Sporting Dog est le compagnon id\u00e9al pour vos exercices de dressage de chiens.","robots":{"index":"noindex","follow":"follow","max-snippet":"max-snippet:-1","max-image-preview":"max-image-preview:large","max-video-preview":"max-video-preview:-1"},"og_locale":"fr_FR","og_type":"article","og_title":"Avery Laisse flottante pour chien Avery Sporting Dog | Chasseur chanceux","og_description":"Laisse flottante haute visibilit\u00e9. La laisse flottante pour chien Avery d'Avery Sporting Dog est le compagnon id\u00e9al pour vos exercices de dressage de chiens.","og_url":"https:\/\/staging.lucky-hunter.com\/fr\/product\/avery-floating-dog-leash\/","og_site_name":"Lucky-Hunter","article_modified_time":"2024-05-01T06:38:58+00:00","og_image":[{"width":1000,"height":1000,"url":"https:\/\/staging.lucky-hunter.com\/wp-content\/uploads\/2018\/05\/JH-94.png.webp","type":"image\/webp"}],"twitter_card":"summary_large_image","twitter_title":"Laisse flottante pour chien Avery | Chasseur chanceux","twitter_description":"Laisse flottante haute visibilit\u00e9. La laisse flottante pour chien Avery d'Avery Sporting Dog est le compagnon id\u00e9al pour vos exercices de dressage de chiens.","twitter_misc":{"Dur\u00e9e de lecture estim\u00e9e":"1 minute"},"schema":{"@context":"https:\/\/schema.org","@graph":[{"@type":"WebPage","@id":"https:\/\/staging.lucky-hunter.com\/fr\/product\/avery-floating-dog-leash\/","url":"https:\/\/staging.lucky-hunter.com\/fr\/product\/avery-floating-dog-leash\/","name":"Avery Laisse flottante pour chien Avery Sporting Dog | Chasseur chanceux","isPartOf":{"@id":"https:\/\/staging.lucky-hunter.com\/#website"},"primaryImageOfPage":{"@id":"https:\/\/staging.lucky-hunter.com\/fr\/product\/avery-floating-dog-leash\/#primaryimage"},"image":{"@id":"https:\/\/staging.lucky-hunter.com\/fr\/product\/avery-floating-dog-leash\/#primaryimage"},"thumbnailUrl":"https:\/\/staging.lucky-hunter.com\/wp-content\/uploads\/2018\/05\/JH-94.png.webp","datePublished":"2018-05-16T09:22:12+00:00","dateModified":"2024-05-01T06:38:58+00:00","description":"Laisse flottante haute visibilit\u00e9. La laisse flottante pour chien Avery d'Avery Sporting Dog est le compagnon id\u00e9al pour vos exercices de dressage de chiens.","breadcrumb":{"@id":"https:\/\/staging.lucky-hunter.com\/fr\/product\/avery-floating-dog-leash\/#breadcrumb"},"inLanguage":"fr-FR","potentialAction":[{"@type":"ReadAction","target":["https:\/\/staging.lucky-hunter.com\/fr\/product\/avery-floating-dog-leash\/"]}]},{"@type":"ImageObject","inLanguage":"fr-FR","@id":"https:\/\/staging.lucky-hunter.com\/fr\/product\/avery-floating-dog-leash\/#primaryimage","url":"https:\/\/staging.lucky-hunter.com\/wp-content\/uploads\/2018\/05\/JH-94.png.webp","contentUrl":"https:\/\/staging.lucky-hunter.com\/wp-content\/uploads\/2018\/05\/JH-94.png.webp","width":1000,"height":1000},{"@type":"BreadcrumbList","@id":"https:\/\/staging.lucky-hunter.com\/fr\/product\/avery-floating-dog-leash\/#breadcrumb","itemListElement":[{"@type":"ListItem","position":1,"name":"Home","item":"https:\/\/staging.lucky-hunter.com\/fr\/"},{"@type":"ListItem","position":2,"name":"Boutique","item":"https:\/\/staging.lucky-hunter.com\/fr\/shop\/"},{"@type":"ListItem","position":3,"name":"Laisse flottante Avery"}]},{"@type":"WebSite","@id":"https:\/\/staging.lucky-hunter.com\/#website","url":"https:\/\/staging.lucky-hunter.com\/","name":"Lucky-Hunter","description":"Gear Up or Give Up","potentialAction":[{"@type":"SearchAction","target":{"@type":"EntryPoint","urlTemplate":"https:\/\/staging.lucky-hunter.com\/?s={search_term_string}"},"query-input":{"@type":"PropertyValueSpecification","valueRequired":true,"valueName":"search_term_string"}}],"inLanguage":"fr-FR"}]}},"_links":{"self":[{"href":"https:\/\/staging.lucky-hunter.com\/fr\/wp-json\/wp\/v2\/product\/56196"}],"collection":[{"href":"https:\/\/staging.lucky-hunter.com\/fr\/wp-json\/wp\/v2\/product"}],"about":[{"href":"https:\/\/staging.lucky-hunter.com\/fr\/wp-json\/wp\/v2\/types\/product"}],"wp:featuredmedia":[{"embeddable":true,"href":"https:\/\/staging.lucky-hunter.com\/fr\/wp-json\/wp\/v2\/media\/30631"}],"wp:attachment":[{"href":"https:\/\/staging.lucky-hunter.com\/fr\/wp-json\/wp\/v2\/media?parent=56196"}],"wp:term":[{"taxonomy":"product_brand","embeddable":true,"href":"https:\/\/staging.lucky-hunter.com\/fr\/wp-json\/wp\/v2\/product_brand?post=56196"},{"taxonomy":"product_cat","embeddable":true,"href":"https:\/\/staging.lucky-hunter.com\/fr\/wp-json\/wp\/v2\/product_cat?post=56196"},{"taxonomy":"product_tag","embeddable":true,"href":"https:\/\/staging.lucky-hunter.com\/fr\/wp-json\/wp\/v2\/product_tag?post=56196"}],"curies":[{"name":"wp","href":"https:\/\/api.w.org\/{rel}","templated":true}]}}