{"id":56194,"date":"2018-05-16T12:43:56","date_gmt":"2018-05-16T10:43:56","guid":{"rendered":"https:\/\/staging.lucky-hunter.com\/product\/avery-cut-fit-collar-blades\/"},"modified":"2025-07-01T11:32:01","modified_gmt":"2025-07-01T09:32:01","slug":"collier-cut-to-fit-avery-sporting-dog","status":"publish","type":"product","link":"https:\/\/staging.lucky-hunter.com\/fr\/product\/collier-cut-to-fit-avery-sporting-dog\/","title":{"rendered":"Collier Cut-To-Fit &#8211; Avery Sporting Dog"},"content":{"rendered":"<h2><strong>Collier Avery &#8211; coup\u00e9 sur mesure, parfait pour les chiens de chasse \u00e0 la sauvagine<\/strong><\/h2>\n<p>Chien de qualit\u00e9 \u200bCollier de American Avery Sporting Dog avec un magnifique motif camouflage Blades. Coup\u00e9 \u00e0 la taille, le collier peut s&#8217;adapter \u00e0 presque tous les chiens. Super r\u00e9sistant, m\u00eame si le mat\u00e9riau est expos\u00e9 aux \u00e9l\u00e9ments, il reste solide sans dommage. Par cons\u00e9quent, il continuera d&#8217;avoir l&#8217;air neuf.<\/p>\n<p>Le motif de camouflage des lames aidera \u00e0 garantir que votre chien reste cach\u00e9 lorsque vous \u00eates dans la nature car il n&#8217;y a pas de motifs color\u00e9s ou clairs sur l&#8217;exigence r\u00e9elle.<\/p>\n<p>L&#8217;anneau en D est soud\u00e9 pour une durabilit\u00e9 accrue. Cela le rend super solide lorsqu&#8217;il est utilis\u00e9 encore et encore.<\/p>\n<p>Fabriqu\u00e9 en polyester TPU solide et durable, avec boucle en alliage de zinc enduit. Par cons\u00e9quent, les exigences resteront fortes. La boucle enduite garantira \u00e9galement que le m\u00e9tal ne brille pas lors de la chasse.<\/p>\n<p>Convient \u00e0 la taille du cou env. 33 &#8211; 63,50 cm (13&#8243; \u00e0 25&#8243;). Cela conviendra \u00e0 la plupart des types de chiens de chasse. Le collier &#8220;s&#8217;\u00e9tendra&#8221; pour s&#8217;adapter \u00e0 la taille du cou du chien.<\/p>\n","protected":false},"excerpt":{"rendered":"<p>Collier pour chien de haute qualit\u00e9 d&#8217;American Avery Sporting Dog avec un beau motif de camouflage Blades. Convient \u00e0 la taille du cou des chiens env. 33 &#8211; 63,50 cm (13&#8243; \u00e0 25&#8243;).<\/p>\n","protected":false},"featured_media":30557,"template":"","meta":[],"product_brand":[8123],"product_cat":[8261],"product_tag":[],"yoast_head":"<!-- This site is optimized with the Yoast SEO plugin v24.3 - https:\/\/yoast.com\/wordpress\/plugins\/seo\/ -->\n<title>Avery Collier \u00e0 d\u00e9couper - Avery Sporting Dog | Chasseur chanceux<\/title>\n<meta name=\"description\" content=\"Imprim\u00e9 camouflage Blades pour le collier Avery. Le collier le plus flexible d&#039;Avery, et aussi le plus r\u00e9sistant. Montrera peu ou pas d&#039;usure.\" \/>\n<meta name=\"robots\" content=\"noindex, follow, max-snippet:-1, max-image-preview:large, max-video-preview:-1\" \/>\n<meta property=\"og:locale\" content=\"fr_FR\" \/>\n<meta property=\"og:type\" content=\"article\" \/>\n<meta property=\"og:title\" content=\"Avery Collier \u00e0 d\u00e9couper - Avery Sporting Dog | Chasseur chanceux\" \/>\n<meta property=\"og:description\" content=\"Imprim\u00e9 camouflage Blades pour le collier Avery. Le collier le plus flexible d&#039;Avery, et aussi le plus r\u00e9sistant. Montrera peu ou pas d&#039;usure.\" \/>\n<meta property=\"og:url\" content=\"https:\/\/staging.lucky-hunter.com\/fr\/product\/collier-cut-to-fit-avery-sporting-dog\/\" \/>\n<meta property=\"og:site_name\" content=\"Lucky-Hunter\" \/>\n<meta property=\"article:modified_time\" content=\"2025-07-01T09:32:01+00:00\" \/>\n<meta property=\"og:image\" content=\"https:\/\/staging.lucky-hunter.com\/wp-content\/uploads\/2018\/05\/JH-99-ny.png\" \/>\n\t<meta property=\"og:image:width\" content=\"1000\" \/>\n\t<meta property=\"og:image:height\" content=\"1000\" \/>\n\t<meta property=\"og:image:type\" content=\"image\/png\" \/>\n<meta name=\"twitter:card\" content=\"summary_large_image\" \/>\n<meta name=\"twitter:title\" content=\"Avery Collier \u00e0 d\u00e9couper - Avery Sporting Dog | Chasseur chanceux\" \/>\n<meta name=\"twitter:description\" content=\"Imprim\u00e9 camouflage Blades pour le collier Avery. Le collier le plus flexible d&#039;Avery, et aussi le plus r\u00e9sistant. Montrera peu ou pas d&#039;usure.\" \/>\n<meta name=\"twitter:label1\" content=\"Dur\u00e9e de lecture estim\u00e9e\" \/>\n\t<meta name=\"twitter:data1\" content=\"2 minutes\" \/>\n<script type=\"application\/ld+json\" class=\"yoast-schema-graph\">{\"@context\":\"https:\/\/schema.org\",\"@graph\":[{\"@type\":\"WebPage\",\"@id\":\"https:\/\/staging.lucky-hunter.com\/fr\/product\/collier-cut-to-fit-avery-sporting-dog\/\",\"url\":\"https:\/\/staging.lucky-hunter.com\/fr\/product\/collier-cut-to-fit-avery-sporting-dog\/\",\"name\":\"Avery Collier \u00e0 d\u00e9couper - Avery Sporting Dog | Chasseur chanceux\",\"isPartOf\":{\"@id\":\"https:\/\/staging.lucky-hunter.com\/#website\"},\"primaryImageOfPage\":{\"@id\":\"https:\/\/staging.lucky-hunter.com\/fr\/product\/collier-cut-to-fit-avery-sporting-dog\/#primaryimage\"},\"image\":{\"@id\":\"https:\/\/staging.lucky-hunter.com\/fr\/product\/collier-cut-to-fit-avery-sporting-dog\/#primaryimage\"},\"thumbnailUrl\":\"https:\/\/staging.lucky-hunter.com\/wp-content\/uploads\/2018\/05\/JH-99-ny.png\",\"datePublished\":\"2018-05-16T10:43:56+00:00\",\"dateModified\":\"2025-07-01T09:32:01+00:00\",\"description\":\"Imprim\u00e9 camouflage Blades pour le collier Avery. Le collier le plus flexible d'Avery, et aussi le plus r\u00e9sistant. Montrera peu ou pas d'usure.\",\"breadcrumb\":{\"@id\":\"https:\/\/staging.lucky-hunter.com\/fr\/product\/collier-cut-to-fit-avery-sporting-dog\/#breadcrumb\"},\"inLanguage\":\"fr-FR\",\"potentialAction\":[{\"@type\":\"ReadAction\",\"target\":[\"https:\/\/staging.lucky-hunter.com\/fr\/product\/collier-cut-to-fit-avery-sporting-dog\/\"]}]},{\"@type\":\"ImageObject\",\"inLanguage\":\"fr-FR\",\"@id\":\"https:\/\/staging.lucky-hunter.com\/fr\/product\/collier-cut-to-fit-avery-sporting-dog\/#primaryimage\",\"url\":\"https:\/\/staging.lucky-hunter.com\/wp-content\/uploads\/2018\/05\/JH-99-ny.png\",\"contentUrl\":\"https:\/\/staging.lucky-hunter.com\/wp-content\/uploads\/2018\/05\/JH-99-ny.png\",\"width\":1000,\"height\":1000},{\"@type\":\"BreadcrumbList\",\"@id\":\"https:\/\/staging.lucky-hunter.com\/fr\/product\/collier-cut-to-fit-avery-sporting-dog\/#breadcrumb\",\"itemListElement\":[{\"@type\":\"ListItem\",\"position\":1,\"name\":\"Home\",\"item\":\"https:\/\/staging.lucky-hunter.com\/fr\/\"},{\"@type\":\"ListItem\",\"position\":2,\"name\":\"Boutique\",\"item\":\"https:\/\/staging.lucky-hunter.com\/fr\/shop\/\"},{\"@type\":\"ListItem\",\"position\":3,\"name\":\"Collier Cut-To-Fit &#8211; Avery Sporting Dog\"}]},{\"@type\":\"WebSite\",\"@id\":\"https:\/\/staging.lucky-hunter.com\/#website\",\"url\":\"https:\/\/staging.lucky-hunter.com\/\",\"name\":\"Lucky-Hunter\",\"description\":\"Gear Up or Give Up\",\"potentialAction\":[{\"@type\":\"SearchAction\",\"target\":{\"@type\":\"EntryPoint\",\"urlTemplate\":\"https:\/\/staging.lucky-hunter.com\/?s={search_term_string}\"},\"query-input\":{\"@type\":\"PropertyValueSpecification\",\"valueRequired\":true,\"valueName\":\"search_term_string\"}}],\"inLanguage\":\"fr-FR\"}]}<\/script>\n<!-- \/ Yoast SEO plugin. -->","yoast_head_json":{"title":"Avery Collier \u00e0 d\u00e9couper - Avery Sporting Dog | Chasseur chanceux","description":"Imprim\u00e9 camouflage Blades pour le collier Avery. Le collier le plus flexible d'Avery, et aussi le plus r\u00e9sistant. Montrera peu ou pas d'usure.","robots":{"index":"noindex","follow":"follow","max-snippet":"max-snippet:-1","max-image-preview":"max-image-preview:large","max-video-preview":"max-video-preview:-1"},"og_locale":"fr_FR","og_type":"article","og_title":"Avery Collier \u00e0 d\u00e9couper - Avery Sporting Dog | Chasseur chanceux","og_description":"Imprim\u00e9 camouflage Blades pour le collier Avery. Le collier le plus flexible d'Avery, et aussi le plus r\u00e9sistant. Montrera peu ou pas d'usure.","og_url":"https:\/\/staging.lucky-hunter.com\/fr\/product\/collier-cut-to-fit-avery-sporting-dog\/","og_site_name":"Lucky-Hunter","article_modified_time":"2025-07-01T09:32:01+00:00","og_image":[{"width":1000,"height":1000,"url":"https:\/\/staging.lucky-hunter.com\/wp-content\/uploads\/2018\/05\/JH-99-ny.png","type":"image\/png"}],"twitter_card":"summary_large_image","twitter_title":"Avery Collier \u00e0 d\u00e9couper - Avery Sporting Dog | Chasseur chanceux","twitter_description":"Imprim\u00e9 camouflage Blades pour le collier Avery. Le collier le plus flexible d'Avery, et aussi le plus r\u00e9sistant. Montrera peu ou pas d'usure.","twitter_misc":{"Dur\u00e9e de lecture estim\u00e9e":"2 minutes"},"schema":{"@context":"https:\/\/schema.org","@graph":[{"@type":"WebPage","@id":"https:\/\/staging.lucky-hunter.com\/fr\/product\/collier-cut-to-fit-avery-sporting-dog\/","url":"https:\/\/staging.lucky-hunter.com\/fr\/product\/collier-cut-to-fit-avery-sporting-dog\/","name":"Avery Collier \u00e0 d\u00e9couper - Avery Sporting Dog | Chasseur chanceux","isPartOf":{"@id":"https:\/\/staging.lucky-hunter.com\/#website"},"primaryImageOfPage":{"@id":"https:\/\/staging.lucky-hunter.com\/fr\/product\/collier-cut-to-fit-avery-sporting-dog\/#primaryimage"},"image":{"@id":"https:\/\/staging.lucky-hunter.com\/fr\/product\/collier-cut-to-fit-avery-sporting-dog\/#primaryimage"},"thumbnailUrl":"https:\/\/staging.lucky-hunter.com\/wp-content\/uploads\/2018\/05\/JH-99-ny.png","datePublished":"2018-05-16T10:43:56+00:00","dateModified":"2025-07-01T09:32:01+00:00","description":"Imprim\u00e9 camouflage Blades pour le collier Avery. Le collier le plus flexible d'Avery, et aussi le plus r\u00e9sistant. Montrera peu ou pas d'usure.","breadcrumb":{"@id":"https:\/\/staging.lucky-hunter.com\/fr\/product\/collier-cut-to-fit-avery-sporting-dog\/#breadcrumb"},"inLanguage":"fr-FR","potentialAction":[{"@type":"ReadAction","target":["https:\/\/staging.lucky-hunter.com\/fr\/product\/collier-cut-to-fit-avery-sporting-dog\/"]}]},{"@type":"ImageObject","inLanguage":"fr-FR","@id":"https:\/\/staging.lucky-hunter.com\/fr\/product\/collier-cut-to-fit-avery-sporting-dog\/#primaryimage","url":"https:\/\/staging.lucky-hunter.com\/wp-content\/uploads\/2018\/05\/JH-99-ny.png","contentUrl":"https:\/\/staging.lucky-hunter.com\/wp-content\/uploads\/2018\/05\/JH-99-ny.png","width":1000,"height":1000},{"@type":"BreadcrumbList","@id":"https:\/\/staging.lucky-hunter.com\/fr\/product\/collier-cut-to-fit-avery-sporting-dog\/#breadcrumb","itemListElement":[{"@type":"ListItem","position":1,"name":"Home","item":"https:\/\/staging.lucky-hunter.com\/fr\/"},{"@type":"ListItem","position":2,"name":"Boutique","item":"https:\/\/staging.lucky-hunter.com\/fr\/shop\/"},{"@type":"ListItem","position":3,"name":"Collier Cut-To-Fit &#8211; Avery Sporting Dog"}]},{"@type":"WebSite","@id":"https:\/\/staging.lucky-hunter.com\/#website","url":"https:\/\/staging.lucky-hunter.com\/","name":"Lucky-Hunter","description":"Gear Up or Give Up","potentialAction":[{"@type":"SearchAction","target":{"@type":"EntryPoint","urlTemplate":"https:\/\/staging.lucky-hunter.com\/?s={search_term_string}"},"query-input":{"@type":"PropertyValueSpecification","valueRequired":true,"valueName":"search_term_string"}}],"inLanguage":"fr-FR"}]}},"_links":{"self":[{"href":"https:\/\/staging.lucky-hunter.com\/fr\/wp-json\/wp\/v2\/product\/56194"}],"collection":[{"href":"https:\/\/staging.lucky-hunter.com\/fr\/wp-json\/wp\/v2\/product"}],"about":[{"href":"https:\/\/staging.lucky-hunter.com\/fr\/wp-json\/wp\/v2\/types\/product"}],"wp:featuredmedia":[{"embeddable":true,"href":"https:\/\/staging.lucky-hunter.com\/fr\/wp-json\/wp\/v2\/media\/30557"}],"wp:attachment":[{"href":"https:\/\/staging.lucky-hunter.com\/fr\/wp-json\/wp\/v2\/media?parent=56194"}],"wp:term":[{"taxonomy":"product_brand","embeddable":true,"href":"https:\/\/staging.lucky-hunter.com\/fr\/wp-json\/wp\/v2\/product_brand?post=56194"},{"taxonomy":"product_cat","embeddable":true,"href":"https:\/\/staging.lucky-hunter.com\/fr\/wp-json\/wp\/v2\/product_cat?post=56194"},{"taxonomy":"product_tag","embeddable":true,"href":"https:\/\/staging.lucky-hunter.com\/fr\/wp-json\/wp\/v2\/product_tag?post=56194"}],"curies":[{"name":"wp","href":"https:\/\/api.w.org\/{rel}","templated":true}]}}