{"id":56193,"date":"2018-05-07T16:56:49","date_gmt":"2018-05-07T14:56:49","guid":{"rendered":"https:\/\/staging.lucky-hunter.com\/product\/ghg-pro-grade-pintails\/"},"modified":"2025-07-01T12:37:55","modified_gmt":"2025-07-01T10:37:55","slug":"canards-pilets-pro-grade-ghg-6-pieces","status":"publish","type":"product","link":"https:\/\/staging.lucky-hunter.com\/fr\/product\/canards-pilets-pro-grade-ghg-6-pieces\/","title":{"rendered":"Canards Pilets Pro-Grade &#8211; GHG 6 pi\u00e8ces"},"content":{"rendered":"<p><iframe title=\"GHG Pro-Grade Pintails | Duck Decoys from GreenHead Gear\" width=\"1020\" height=\"574\" src=\"https:\/\/www.youtube.com\/embed\/PdeoUiQRFKA?wmode=transparent&amp;rel=0&amp;feature=oembed&#038;enablejsapi=1&#038;origin=https:\/\/staging.lucky-hunter.com\" frameborder=\"0\" allow=\"accelerometer; autoplay; clipboard-write; encrypted-media; gyroscope; picture-in-picture; web-share\" referrerpolicy=\"strict-origin-when-cross-origin\" allowfullscreen><\/iframe><\/p>\n<h2><strong>Canards Pilets GHG Pro-Grade &#8211; formes haut de gamme de Greenhead Gear<\/strong><\/h2>\n<p>\u00c0 force de placer la barre de plus en plus haut, GHG a fini par cr\u00e9er les formes haut de gamme de la s\u00e9rie Pro-Grade.<\/p>\n<p>Les d\u00e9tails du plumage, la durabilit\u00e9 et les finitions de ces formes les s\u00e9parent du reste.<\/p>\n<p>Leurs positions corporelles uniques cr\u00e9ent la diversit\u00e9 n\u00e9cessaire au sein de votre troupeau pour attirer les canards du d\u00e9but \u00e0 la fin de la saison.<\/p>\n<p>Elles sont si belles que vous aurez envie de les exhiber, mais elles sont con\u00e7ues pour la chasse.<\/p>\n<p><strong>Contenu de la bo\u00eete\u00a0:<\/strong><\/p>\n<ul>\n<li>1 canard t\u00eate lev\u00e9e<\/li>\n<li>2 canards d\u00e9tendus<\/li>\n<li>1 canard en train de se nourrir \u00e0 la surface<\/li>\n<li>1 cane en train de se nourrir \u00e0 la surface<\/li>\n<li>1 cane satisfaite<\/li>\n<\/ul>\n<p>Quilles 60\/40 Dura-Keel\u2122<\/p>\n","protected":false},"excerpt":{"rendered":"<p>\u00c0 force de placer la barre de plus en plus haut, GHG a fini par cr\u00e9er les formes haut de gamme de la s\u00e9rie Pro-Grade.<\/p>\n","protected":false},"featured_media":41774,"template":"","meta":[],"product_brand":[8125],"product_cat":[8184],"product_tag":[],"yoast_head":"<!-- This site is optimized with the Yoast SEO plugin v24.3 - https:\/\/yoast.com\/wordpress\/plugins\/seo\/ -->\n<title>Canards Pilets GHG Pro-Grade - Formes de canards de haute qualit\u00e9 | Lucky Hunter<\/title>\n<meta name=\"description\" content=\"Canards Pilets GHG Pro-Grade - Formes de canards de haute qualit\u00e9. Formes de qualit\u00e9 sup\u00e9rieure de la marque am\u00e9ricaine Greenhead Gear.\" \/>\n<meta name=\"robots\" content=\"noindex, follow, max-snippet:-1, max-image-preview:large, max-video-preview:-1\" \/>\n<meta property=\"og:locale\" content=\"fr_FR\" \/>\n<meta property=\"og:type\" content=\"article\" \/>\n<meta property=\"og:title\" content=\"Canards Pilets GHG Pro-Grade - Formes de canards de haute qualit\u00e9 | Lucky Hunter\" \/>\n<meta property=\"og:description\" content=\"Canards Pilets GHG Pro-Grade - Formes de canards de haute qualit\u00e9. Formes de qualit\u00e9 sup\u00e9rieure de la marque am\u00e9ricaine Greenhead Gear.\" \/>\n<meta property=\"og:url\" content=\"https:\/\/staging.lucky-hunter.com\/fr\/product\/canards-pilets-pro-grade-ghg-6-pieces\/\" \/>\n<meta property=\"og:site_name\" content=\"Lucky-Hunter\" \/>\n<meta property=\"article:modified_time\" content=\"2025-07-01T10:37:55+00:00\" \/>\n<meta property=\"og:image\" content=\"https:\/\/staging.lucky-hunter.com\/wp-content\/uploads\/2018\/05\/lf-35sammen.png.webp\" \/>\n\t<meta property=\"og:image:width\" content=\"1000\" \/>\n\t<meta property=\"og:image:height\" content=\"1000\" \/>\n\t<meta property=\"og:image:type\" content=\"image\/webp\" \/>\n<meta name=\"twitter:card\" content=\"summary_large_image\" \/>\n<meta name=\"twitter:label1\" content=\"Dur\u00e9e de lecture estim\u00e9e\" \/>\n\t<meta name=\"twitter:data1\" content=\"1 minute\" \/>\n<script type=\"application\/ld+json\" class=\"yoast-schema-graph\">{\"@context\":\"https:\/\/schema.org\",\"@graph\":[{\"@type\":\"WebPage\",\"@id\":\"https:\/\/staging.lucky-hunter.com\/fr\/product\/canards-pilets-pro-grade-ghg-6-pieces\/\",\"url\":\"https:\/\/staging.lucky-hunter.com\/fr\/product\/canards-pilets-pro-grade-ghg-6-pieces\/\",\"name\":\"Canards Pilets GHG Pro-Grade - Formes de canards de haute qualit\u00e9 | Lucky Hunter\",\"isPartOf\":{\"@id\":\"https:\/\/staging.lucky-hunter.com\/#website\"},\"primaryImageOfPage\":{\"@id\":\"https:\/\/staging.lucky-hunter.com\/fr\/product\/canards-pilets-pro-grade-ghg-6-pieces\/#primaryimage\"},\"image\":{\"@id\":\"https:\/\/staging.lucky-hunter.com\/fr\/product\/canards-pilets-pro-grade-ghg-6-pieces\/#primaryimage\"},\"thumbnailUrl\":\"https:\/\/staging.lucky-hunter.com\/wp-content\/uploads\/2018\/05\/lf-35sammen.png.webp\",\"datePublished\":\"2018-05-07T14:56:49+00:00\",\"dateModified\":\"2025-07-01T10:37:55+00:00\",\"description\":\"Canards Pilets GHG Pro-Grade - Formes de canards de haute qualit\u00e9. Formes de qualit\u00e9 sup\u00e9rieure de la marque am\u00e9ricaine Greenhead Gear.\",\"breadcrumb\":{\"@id\":\"https:\/\/staging.lucky-hunter.com\/fr\/product\/canards-pilets-pro-grade-ghg-6-pieces\/#breadcrumb\"},\"inLanguage\":\"fr-FR\",\"potentialAction\":[{\"@type\":\"ReadAction\",\"target\":[\"https:\/\/staging.lucky-hunter.com\/fr\/product\/canards-pilets-pro-grade-ghg-6-pieces\/\"]}]},{\"@type\":\"ImageObject\",\"inLanguage\":\"fr-FR\",\"@id\":\"https:\/\/staging.lucky-hunter.com\/fr\/product\/canards-pilets-pro-grade-ghg-6-pieces\/#primaryimage\",\"url\":\"https:\/\/staging.lucky-hunter.com\/wp-content\/uploads\/2018\/05\/lf-35sammen.png.webp\",\"contentUrl\":\"https:\/\/staging.lucky-hunter.com\/wp-content\/uploads\/2018\/05\/lf-35sammen.png.webp\",\"width\":1000,\"height\":1000},{\"@type\":\"BreadcrumbList\",\"@id\":\"https:\/\/staging.lucky-hunter.com\/fr\/product\/canards-pilets-pro-grade-ghg-6-pieces\/#breadcrumb\",\"itemListElement\":[{\"@type\":\"ListItem\",\"position\":1,\"name\":\"Home\",\"item\":\"https:\/\/staging.lucky-hunter.com\/fr\/\"},{\"@type\":\"ListItem\",\"position\":2,\"name\":\"Boutique\",\"item\":\"https:\/\/staging.lucky-hunter.com\/fr\/shop\/\"},{\"@type\":\"ListItem\",\"position\":3,\"name\":\"Canards Pilets Pro-Grade &#8211; GHG 6 pi\u00e8ces\"}]},{\"@type\":\"WebSite\",\"@id\":\"https:\/\/staging.lucky-hunter.com\/#website\",\"url\":\"https:\/\/staging.lucky-hunter.com\/\",\"name\":\"Lucky-Hunter\",\"description\":\"Gear Up or Give Up\",\"potentialAction\":[{\"@type\":\"SearchAction\",\"target\":{\"@type\":\"EntryPoint\",\"urlTemplate\":\"https:\/\/staging.lucky-hunter.com\/?s={search_term_string}\"},\"query-input\":{\"@type\":\"PropertyValueSpecification\",\"valueRequired\":true,\"valueName\":\"search_term_string\"}}],\"inLanguage\":\"fr-FR\"}]}<\/script>\n<!-- \/ Yoast SEO plugin. -->","yoast_head_json":{"title":"Canards Pilets GHG Pro-Grade - Formes de canards de haute qualit\u00e9 | Lucky Hunter","description":"Canards Pilets GHG Pro-Grade - Formes de canards de haute qualit\u00e9. Formes de qualit\u00e9 sup\u00e9rieure de la marque am\u00e9ricaine Greenhead Gear.","robots":{"index":"noindex","follow":"follow","max-snippet":"max-snippet:-1","max-image-preview":"max-image-preview:large","max-video-preview":"max-video-preview:-1"},"og_locale":"fr_FR","og_type":"article","og_title":"Canards Pilets GHG Pro-Grade - Formes de canards de haute qualit\u00e9 | Lucky Hunter","og_description":"Canards Pilets GHG Pro-Grade - Formes de canards de haute qualit\u00e9. Formes de qualit\u00e9 sup\u00e9rieure de la marque am\u00e9ricaine Greenhead Gear.","og_url":"https:\/\/staging.lucky-hunter.com\/fr\/product\/canards-pilets-pro-grade-ghg-6-pieces\/","og_site_name":"Lucky-Hunter","article_modified_time":"2025-07-01T10:37:55+00:00","og_image":[{"width":1000,"height":1000,"url":"https:\/\/staging.lucky-hunter.com\/wp-content\/uploads\/2018\/05\/lf-35sammen.png.webp","type":"image\/webp"}],"twitter_card":"summary_large_image","twitter_misc":{"Dur\u00e9e de lecture estim\u00e9e":"1 minute"},"schema":{"@context":"https:\/\/schema.org","@graph":[{"@type":"WebPage","@id":"https:\/\/staging.lucky-hunter.com\/fr\/product\/canards-pilets-pro-grade-ghg-6-pieces\/","url":"https:\/\/staging.lucky-hunter.com\/fr\/product\/canards-pilets-pro-grade-ghg-6-pieces\/","name":"Canards Pilets GHG Pro-Grade - Formes de canards de haute qualit\u00e9 | Lucky Hunter","isPartOf":{"@id":"https:\/\/staging.lucky-hunter.com\/#website"},"primaryImageOfPage":{"@id":"https:\/\/staging.lucky-hunter.com\/fr\/product\/canards-pilets-pro-grade-ghg-6-pieces\/#primaryimage"},"image":{"@id":"https:\/\/staging.lucky-hunter.com\/fr\/product\/canards-pilets-pro-grade-ghg-6-pieces\/#primaryimage"},"thumbnailUrl":"https:\/\/staging.lucky-hunter.com\/wp-content\/uploads\/2018\/05\/lf-35sammen.png.webp","datePublished":"2018-05-07T14:56:49+00:00","dateModified":"2025-07-01T10:37:55+00:00","description":"Canards Pilets GHG Pro-Grade - Formes de canards de haute qualit\u00e9. Formes de qualit\u00e9 sup\u00e9rieure de la marque am\u00e9ricaine Greenhead Gear.","breadcrumb":{"@id":"https:\/\/staging.lucky-hunter.com\/fr\/product\/canards-pilets-pro-grade-ghg-6-pieces\/#breadcrumb"},"inLanguage":"fr-FR","potentialAction":[{"@type":"ReadAction","target":["https:\/\/staging.lucky-hunter.com\/fr\/product\/canards-pilets-pro-grade-ghg-6-pieces\/"]}]},{"@type":"ImageObject","inLanguage":"fr-FR","@id":"https:\/\/staging.lucky-hunter.com\/fr\/product\/canards-pilets-pro-grade-ghg-6-pieces\/#primaryimage","url":"https:\/\/staging.lucky-hunter.com\/wp-content\/uploads\/2018\/05\/lf-35sammen.png.webp","contentUrl":"https:\/\/staging.lucky-hunter.com\/wp-content\/uploads\/2018\/05\/lf-35sammen.png.webp","width":1000,"height":1000},{"@type":"BreadcrumbList","@id":"https:\/\/staging.lucky-hunter.com\/fr\/product\/canards-pilets-pro-grade-ghg-6-pieces\/#breadcrumb","itemListElement":[{"@type":"ListItem","position":1,"name":"Home","item":"https:\/\/staging.lucky-hunter.com\/fr\/"},{"@type":"ListItem","position":2,"name":"Boutique","item":"https:\/\/staging.lucky-hunter.com\/fr\/shop\/"},{"@type":"ListItem","position":3,"name":"Canards Pilets Pro-Grade &#8211; GHG 6 pi\u00e8ces"}]},{"@type":"WebSite","@id":"https:\/\/staging.lucky-hunter.com\/#website","url":"https:\/\/staging.lucky-hunter.com\/","name":"Lucky-Hunter","description":"Gear Up or Give Up","potentialAction":[{"@type":"SearchAction","target":{"@type":"EntryPoint","urlTemplate":"https:\/\/staging.lucky-hunter.com\/?s={search_term_string}"},"query-input":{"@type":"PropertyValueSpecification","valueRequired":true,"valueName":"search_term_string"}}],"inLanguage":"fr-FR"}]}},"_links":{"self":[{"href":"https:\/\/staging.lucky-hunter.com\/fr\/wp-json\/wp\/v2\/product\/56193"}],"collection":[{"href":"https:\/\/staging.lucky-hunter.com\/fr\/wp-json\/wp\/v2\/product"}],"about":[{"href":"https:\/\/staging.lucky-hunter.com\/fr\/wp-json\/wp\/v2\/types\/product"}],"wp:featuredmedia":[{"embeddable":true,"href":"https:\/\/staging.lucky-hunter.com\/fr\/wp-json\/wp\/v2\/media\/41774"}],"wp:attachment":[{"href":"https:\/\/staging.lucky-hunter.com\/fr\/wp-json\/wp\/v2\/media?parent=56193"}],"wp:term":[{"taxonomy":"product_brand","embeddable":true,"href":"https:\/\/staging.lucky-hunter.com\/fr\/wp-json\/wp\/v2\/product_brand?post=56193"},{"taxonomy":"product_cat","embeddable":true,"href":"https:\/\/staging.lucky-hunter.com\/fr\/wp-json\/wp\/v2\/product_cat?post=56193"},{"taxonomy":"product_tag","embeddable":true,"href":"https:\/\/staging.lucky-hunter.com\/fr\/wp-json\/wp\/v2\/product_tag?post=56193"}],"curies":[{"name":"wp","href":"https:\/\/api.w.org\/{rel}","templated":true}]}}