{"id":56191,"date":"2018-08-08T11:37:49","date_gmt":"2018-08-08T09:37:49","guid":{"rendered":"https:\/\/staging.lucky-hunter.com\/product\/dogtra-pl1\/"},"modified":"2025-06-30T15:46:43","modified_gmt":"2025-06-30T13:46:43","slug":"lanceur-doiseaux-avec-telecommande-dogtra-pl1","status":"publish","type":"product","link":"https:\/\/staging.lucky-hunter.com\/fr\/product\/lanceur-doiseaux-avec-telecommande-dogtra-pl1\/","title":{"rendered":"Lanceur d&#8217;Oiseaux avec T\u00e9l\u00e9commande &#8211; Dogtra PL1"},"content":{"rendered":"<h1><strong>Dogtra PL1 &#8211; du dressage ordinaire au dressage\u200bextraordinaire<\/strong><\/h1>\n<p>Depuis plus de 30 ans, le fabricant am\u00e9ricain Dogtra collabore avec des professionnels et des chasseurs pour d\u00e9velopper de l\u2019\u00e9quipement de dressage canin qui renforce les comp\u00e9tences du chien pour les t\u00e2ches de r\u00e9cup\u00e9ration et de recherche.<\/p>\n<p>Cet ing\u00e9nieux \u00ab\u00a0lanceur d&#8217;oiseaux\u00a0\u00bb est utilis\u00e9 pour dresser le chien en utilisant des oiseaux vivants tels que des faisans, des pigeons, des corbeaux ou autres, mais vous pouvez \u00e9galement utiliser des mannequins traditionnels. Le Lanceur d\u2019Oiseaux Dogtra PL est compatible avec la plupart des mannequins sur le march\u00e9.<\/p>\n<p>Lorsque vous dressez votre chien pour la r\u00e9cup\u00e9ration ou pour la recherche, vous pouvez contr\u00f4ler tr\u00e8s pr\u00e9cis\u00e9ment le moment auquel l\u2019oiseau s\u2019envole et ainsi r\u00e9duire le risque qu&#8217;un chien de chasse enthousiaste ne l&#8217;attrape au sol.<\/p>\n<p>Le lanceur Dogtra PL laisse passer suffisamment d\u2019air pour une bonne diffusion des odeurs, ce qui permet au chien de flairer plus facilement l&#8217;oiseau.<\/p>\n<p>Le syst\u00e8me brevet\u00e9 \u00e0 ressort permet d&#8217;ajuster la hauteur de projection et d\u2019effectuer un lancement tr\u00e8s silencieux, faisant de ce lanceur un incontournable pour d\u00e9buter le dressage d\u2019un chien timide.<\/p>\n<p>T\u00e9l\u00e9commande incluse.<\/p>\n<p>L&#8217;appareil peut \u00e9mettre, au choix, un bip fort ou un cancanement de canards, signalant au chien qu&#8217;un oiseau est en train d&#8217;\u00eatre lanc\u00e9.<\/p>\n<p>Dimensions 33,5 x 17,50 x 17,50 cm.<\/p>\n<p><iframe title=\"Pheasant Forever TV - Ep.13: Bird Launcher\" width=\"1020\" height=\"574\" src=\"https:\/\/www.youtube.com\/embed\/9IPNw3MMfi4?wmode=transparent&amp;rel=0&amp;feature=oembed&#038;enablejsapi=1&#038;origin=https:\/\/staging.lucky-hunter.com\" frameborder=\"0\" allow=\"accelerometer; autoplay; clipboard-write; encrypted-media; gyroscope; picture-in-picture; web-share\" referrerpolicy=\"strict-origin-when-cross-origin\" allowfullscreen><\/iframe><\/p>\n","protected":false},"excerpt":{"rendered":"<p>Cet ing\u00e9nieux \u00ab lanceur d&#8217;oiseaux \u00bb est utilis\u00e9 pour dresser le chien en utilisant des oiseaux vivants tels que des faisans, des pigeons, des corbeaux ou autres, mais vous pouvez \u00e9galement utiliser des mannequins traditionnels.<\/p>\n","protected":false},"featured_media":29859,"template":"","meta":[],"product_brand":[8224],"product_cat":[8188],"product_tag":[],"yoast_head":"<!-- This site is optimized with the Yoast SEO plugin v24.3 - https:\/\/yoast.com\/wordpress\/plugins\/seo\/ -->\n<title>Lanceur d&#039;Oiseaux avec T\u00e9l\u00e9commande - Dogtra PL1<\/title>\n<meta name=\"description\" content=\"Le Dogtra PL1 est la version plus grande des lanceurs Dogtra. Il est assez grand pour lancer des faisans, des canards et des poulets.\" \/>\n<meta name=\"robots\" content=\"noindex, follow, max-snippet:-1, max-image-preview:large, max-video-preview:-1\" \/>\n<meta property=\"og:locale\" content=\"fr_FR\" \/>\n<meta property=\"og:type\" content=\"article\" \/>\n<meta property=\"og:title\" content=\"Lanceur d&#039;Oiseaux avec T\u00e9l\u00e9commande Dogtra PL1\" \/>\n<meta property=\"og:description\" content=\"Le Dogtra PL1 est la version plus grande des lanceurs Dogtra. Il est assez grand pour lancer des faisans, des canards et des poulets de petites races pour le dressage des chiens de chasse.\" \/>\n<meta property=\"og:url\" content=\"https:\/\/staging.lucky-hunter.com\/fr\/product\/lanceur-doiseaux-avec-telecommande-dogtra-pl1\/\" \/>\n<meta property=\"og:site_name\" content=\"Lucky-Hunter\" \/>\n<meta property=\"article:modified_time\" content=\"2025-06-30T13:46:43+00:00\" \/>\n<meta property=\"og:image\" content=\"https:\/\/staging.lucky-hunter.com\/wp-content\/uploads\/2018\/08\/JH-205-2.png\" \/>\n\t<meta property=\"og:image:width\" content=\"1000\" \/>\n\t<meta property=\"og:image:height\" content=\"1000\" \/>\n\t<meta property=\"og:image:type\" content=\"image\/png\" \/>\n<meta name=\"twitter:card\" content=\"summary_large_image\" \/>\n<meta name=\"twitter:title\" content=\"Lanceur d&#039;Oiseaux avec T\u00e9l\u00e9commande Dogtra PL1\" \/>\n<meta name=\"twitter:description\" content=\"Le Dogtra PL1 est la version plus grande des lanceurs Dogtra. Il est assez grand pour lancer des faisans, des canards et des poulets de petites races pour le dressage des chiens de chasse.\" \/>\n<meta name=\"twitter:label1\" content=\"Dur\u00e9e de lecture estim\u00e9e\" \/>\n\t<meta name=\"twitter:data1\" content=\"2 minutes\" \/>\n<script type=\"application\/ld+json\" class=\"yoast-schema-graph\">{\"@context\":\"https:\/\/schema.org\",\"@graph\":[{\"@type\":\"WebPage\",\"@id\":\"https:\/\/staging.lucky-hunter.com\/fr\/product\/lanceur-doiseaux-avec-telecommande-dogtra-pl1\/\",\"url\":\"https:\/\/staging.lucky-hunter.com\/fr\/product\/lanceur-doiseaux-avec-telecommande-dogtra-pl1\/\",\"name\":\"Lanceur d'Oiseaux avec T\u00e9l\u00e9commande - Dogtra PL1\",\"isPartOf\":{\"@id\":\"https:\/\/staging.lucky-hunter.com\/#website\"},\"primaryImageOfPage\":{\"@id\":\"https:\/\/staging.lucky-hunter.com\/fr\/product\/lanceur-doiseaux-avec-telecommande-dogtra-pl1\/#primaryimage\"},\"image\":{\"@id\":\"https:\/\/staging.lucky-hunter.com\/fr\/product\/lanceur-doiseaux-avec-telecommande-dogtra-pl1\/#primaryimage\"},\"thumbnailUrl\":\"https:\/\/staging.lucky-hunter.com\/wp-content\/uploads\/2018\/08\/JH-205-2.png\",\"datePublished\":\"2018-08-08T09:37:49+00:00\",\"dateModified\":\"2025-06-30T13:46:43+00:00\",\"description\":\"Le Dogtra PL1 est la version plus grande des lanceurs Dogtra. Il est assez grand pour lancer des faisans, des canards et des poulets.\",\"breadcrumb\":{\"@id\":\"https:\/\/staging.lucky-hunter.com\/fr\/product\/lanceur-doiseaux-avec-telecommande-dogtra-pl1\/#breadcrumb\"},\"inLanguage\":\"fr-FR\",\"potentialAction\":[{\"@type\":\"ReadAction\",\"target\":[\"https:\/\/staging.lucky-hunter.com\/fr\/product\/lanceur-doiseaux-avec-telecommande-dogtra-pl1\/\"]}]},{\"@type\":\"ImageObject\",\"inLanguage\":\"fr-FR\",\"@id\":\"https:\/\/staging.lucky-hunter.com\/fr\/product\/lanceur-doiseaux-avec-telecommande-dogtra-pl1\/#primaryimage\",\"url\":\"https:\/\/staging.lucky-hunter.com\/wp-content\/uploads\/2018\/08\/JH-205-2.png\",\"contentUrl\":\"https:\/\/staging.lucky-hunter.com\/wp-content\/uploads\/2018\/08\/JH-205-2.png\",\"width\":1000,\"height\":1000,\"caption\":\"Image of the Dogtra PL1\"},{\"@type\":\"BreadcrumbList\",\"@id\":\"https:\/\/staging.lucky-hunter.com\/fr\/product\/lanceur-doiseaux-avec-telecommande-dogtra-pl1\/#breadcrumb\",\"itemListElement\":[{\"@type\":\"ListItem\",\"position\":1,\"name\":\"Home\",\"item\":\"https:\/\/staging.lucky-hunter.com\/fr\/\"},{\"@type\":\"ListItem\",\"position\":2,\"name\":\"Boutique\",\"item\":\"https:\/\/staging.lucky-hunter.com\/fr\/shop\/\"},{\"@type\":\"ListItem\",\"position\":3,\"name\":\"Lanceur d&#8217;Oiseaux avec T\u00e9l\u00e9commande &#8211; Dogtra PL1\"}]},{\"@type\":\"WebSite\",\"@id\":\"https:\/\/staging.lucky-hunter.com\/#website\",\"url\":\"https:\/\/staging.lucky-hunter.com\/\",\"name\":\"Lucky-Hunter\",\"description\":\"Gear Up or Give Up\",\"potentialAction\":[{\"@type\":\"SearchAction\",\"target\":{\"@type\":\"EntryPoint\",\"urlTemplate\":\"https:\/\/staging.lucky-hunter.com\/?s={search_term_string}\"},\"query-input\":{\"@type\":\"PropertyValueSpecification\",\"valueRequired\":true,\"valueName\":\"search_term_string\"}}],\"inLanguage\":\"fr-FR\"}]}<\/script>\n<!-- \/ Yoast SEO plugin. -->","yoast_head_json":{"title":"Lanceur d'Oiseaux avec T\u00e9l\u00e9commande - Dogtra PL1","description":"Le Dogtra PL1 est la version plus grande des lanceurs Dogtra. Il est assez grand pour lancer des faisans, des canards et des poulets.","robots":{"index":"noindex","follow":"follow","max-snippet":"max-snippet:-1","max-image-preview":"max-image-preview:large","max-video-preview":"max-video-preview:-1"},"og_locale":"fr_FR","og_type":"article","og_title":"Lanceur d'Oiseaux avec T\u00e9l\u00e9commande Dogtra PL1","og_description":"Le Dogtra PL1 est la version plus grande des lanceurs Dogtra. Il est assez grand pour lancer des faisans, des canards et des poulets de petites races pour le dressage des chiens de chasse.","og_url":"https:\/\/staging.lucky-hunter.com\/fr\/product\/lanceur-doiseaux-avec-telecommande-dogtra-pl1\/","og_site_name":"Lucky-Hunter","article_modified_time":"2025-06-30T13:46:43+00:00","og_image":[{"width":1000,"height":1000,"url":"https:\/\/staging.lucky-hunter.com\/wp-content\/uploads\/2018\/08\/JH-205-2.png","type":"image\/png"}],"twitter_card":"summary_large_image","twitter_title":"Lanceur d'Oiseaux avec T\u00e9l\u00e9commande Dogtra PL1","twitter_description":"Le Dogtra PL1 est la version plus grande des lanceurs Dogtra. Il est assez grand pour lancer des faisans, des canards et des poulets de petites races pour le dressage des chiens de chasse.","twitter_misc":{"Dur\u00e9e de lecture estim\u00e9e":"2 minutes"},"schema":{"@context":"https:\/\/schema.org","@graph":[{"@type":"WebPage","@id":"https:\/\/staging.lucky-hunter.com\/fr\/product\/lanceur-doiseaux-avec-telecommande-dogtra-pl1\/","url":"https:\/\/staging.lucky-hunter.com\/fr\/product\/lanceur-doiseaux-avec-telecommande-dogtra-pl1\/","name":"Lanceur d'Oiseaux avec T\u00e9l\u00e9commande - Dogtra PL1","isPartOf":{"@id":"https:\/\/staging.lucky-hunter.com\/#website"},"primaryImageOfPage":{"@id":"https:\/\/staging.lucky-hunter.com\/fr\/product\/lanceur-doiseaux-avec-telecommande-dogtra-pl1\/#primaryimage"},"image":{"@id":"https:\/\/staging.lucky-hunter.com\/fr\/product\/lanceur-doiseaux-avec-telecommande-dogtra-pl1\/#primaryimage"},"thumbnailUrl":"https:\/\/staging.lucky-hunter.com\/wp-content\/uploads\/2018\/08\/JH-205-2.png","datePublished":"2018-08-08T09:37:49+00:00","dateModified":"2025-06-30T13:46:43+00:00","description":"Le Dogtra PL1 est la version plus grande des lanceurs Dogtra. Il est assez grand pour lancer des faisans, des canards et des poulets.","breadcrumb":{"@id":"https:\/\/staging.lucky-hunter.com\/fr\/product\/lanceur-doiseaux-avec-telecommande-dogtra-pl1\/#breadcrumb"},"inLanguage":"fr-FR","potentialAction":[{"@type":"ReadAction","target":["https:\/\/staging.lucky-hunter.com\/fr\/product\/lanceur-doiseaux-avec-telecommande-dogtra-pl1\/"]}]},{"@type":"ImageObject","inLanguage":"fr-FR","@id":"https:\/\/staging.lucky-hunter.com\/fr\/product\/lanceur-doiseaux-avec-telecommande-dogtra-pl1\/#primaryimage","url":"https:\/\/staging.lucky-hunter.com\/wp-content\/uploads\/2018\/08\/JH-205-2.png","contentUrl":"https:\/\/staging.lucky-hunter.com\/wp-content\/uploads\/2018\/08\/JH-205-2.png","width":1000,"height":1000,"caption":"Image of the Dogtra PL1"},{"@type":"BreadcrumbList","@id":"https:\/\/staging.lucky-hunter.com\/fr\/product\/lanceur-doiseaux-avec-telecommande-dogtra-pl1\/#breadcrumb","itemListElement":[{"@type":"ListItem","position":1,"name":"Home","item":"https:\/\/staging.lucky-hunter.com\/fr\/"},{"@type":"ListItem","position":2,"name":"Boutique","item":"https:\/\/staging.lucky-hunter.com\/fr\/shop\/"},{"@type":"ListItem","position":3,"name":"Lanceur d&#8217;Oiseaux avec T\u00e9l\u00e9commande &#8211; Dogtra PL1"}]},{"@type":"WebSite","@id":"https:\/\/staging.lucky-hunter.com\/#website","url":"https:\/\/staging.lucky-hunter.com\/","name":"Lucky-Hunter","description":"Gear Up or Give Up","potentialAction":[{"@type":"SearchAction","target":{"@type":"EntryPoint","urlTemplate":"https:\/\/staging.lucky-hunter.com\/?s={search_term_string}"},"query-input":{"@type":"PropertyValueSpecification","valueRequired":true,"valueName":"search_term_string"}}],"inLanguage":"fr-FR"}]}},"_links":{"self":[{"href":"https:\/\/staging.lucky-hunter.com\/fr\/wp-json\/wp\/v2\/product\/56191"}],"collection":[{"href":"https:\/\/staging.lucky-hunter.com\/fr\/wp-json\/wp\/v2\/product"}],"about":[{"href":"https:\/\/staging.lucky-hunter.com\/fr\/wp-json\/wp\/v2\/types\/product"}],"wp:featuredmedia":[{"embeddable":true,"href":"https:\/\/staging.lucky-hunter.com\/fr\/wp-json\/wp\/v2\/media\/29859"}],"wp:attachment":[{"href":"https:\/\/staging.lucky-hunter.com\/fr\/wp-json\/wp\/v2\/media?parent=56191"}],"wp:term":[{"taxonomy":"product_brand","embeddable":true,"href":"https:\/\/staging.lucky-hunter.com\/fr\/wp-json\/wp\/v2\/product_brand?post=56191"},{"taxonomy":"product_cat","embeddable":true,"href":"https:\/\/staging.lucky-hunter.com\/fr\/wp-json\/wp\/v2\/product_cat?post=56191"},{"taxonomy":"product_tag","embeddable":true,"href":"https:\/\/staging.lucky-hunter.com\/fr\/wp-json\/wp\/v2\/product_tag?post=56191"}],"curies":[{"name":"wp","href":"https:\/\/api.w.org\/{rel}","templated":true}]}}