{"id":56188,"date":"2018-09-11T13:46:15","date_gmt":"2018-09-11T11:46:15","guid":{"rendered":"https:\/\/staging.lucky-hunter.com\/product\/avery-killerweed-golden-harvest\/"},"modified":"2025-06-30T15:40:04","modified_gmt":"2025-06-30T13:40:04","slug":"camouflage-killerweed-golden-harvest-avery","status":"publish","type":"product","link":"https:\/\/staging.lucky-hunter.com\/fr\/product\/camouflage-killerweed-golden-harvest-avery\/","title":{"rendered":"Camouflage KillerWeed Golden Harvest &#8211; Avery"},"content":{"rendered":"<h1><strong><span style=\"vertical-align: inherit;\"><span style=\"vertical-align: inherit;\"><span style=\"vertical-align: inherit;\"><span style=\"vertical-align: inherit;\">Avery KillerWeed Golden Harvest &#8211; La couverture la plus efficace pour les aff\u00fbts couch\u00e9s !<\/span><\/span><\/span><\/span><\/strong><\/h1>\n<p><span style=\"vertical-align: inherit;\">Mat\u00e9riau de couverture ultra-r\u00e9aliste qui se fondra parfaitement dans les champs apr\u00e8s la r\u00e9colte dans presque toutes les situations possibles.<\/span><\/p>\n<p><span style=\"vertical-align: inherit;\">La couverture est suffisamment grande pour recouvrir et cacher compl\u00e8tement un aff\u00fbt de taille normale ou deux de taille moyenne.<\/span><\/p>\n<p>La couverture est fabriqu\u00e9e \u00e0 partir de mat\u00e9riaux naturels qui s&#8217;int\u00e9greront parfaitement \u00e0 l&#8217;environnement une fois celle-ci positionn\u00e9e sur un terrain. Il est toutefois \u00e9galement possible de colorer vous-m\u00eame la couverture si vous en ressentez le besoin, ou de la peindre \u00e0 la bombe pour mieux l&#8217;adapter \u00e0 l&#8217;environnement sp\u00e9cifique dans lequel vous chassez habituellement. Vous pouvez donc facilement l&#8217;adapter \u00e0 vos besoins.<\/p>\n<p>Chaque housse ne p\u00e8se que 2 kilogrammes et est facile \u00e0 enrouler et \u00e0 attacher, pour un transport ais\u00e9.<\/p>\n","protected":false},"excerpt":{"rendered":"<p><span style=\"vertical-align: inherit;\">Mat\u00e9riau de couverture ultra-r\u00e9aliste qui se fondra parfaitement dans les champs apr\u00e8s la r\u00e9colte dans presque toutes les situations possibles.\u00a0<\/span><\/p>\n","protected":false},"featured_media":133987,"template":"","meta":[],"product_brand":[8123],"product_cat":[8164],"product_tag":[9446],"yoast_head":"<!-- This site is optimized with the Yoast SEO plugin v24.3 - https:\/\/yoast.com\/wordpress\/plugins\/seo\/ -->\n<title>Avery KillerWeed Golden Harvest - Dissimulation parfaite<\/title>\n<meta name=\"description\" content=\"Avery KillerWeed Golden Harvest Le mat\u00e9riau de dissimulation ultra-r\u00e9aliste se fondra dans les champs de c\u00e9r\u00e9ales coup\u00e9es\/inond\u00e9s.\" \/>\n<meta name=\"robots\" content=\"noindex, follow, max-snippet:-1, max-image-preview:large, max-video-preview:-1\" \/>\n<meta property=\"og:locale\" content=\"fr_FR\" \/>\n<meta property=\"og:type\" content=\"article\" \/>\n<meta property=\"og:title\" content=\"Avery KillerWeed Golden Harvest - Dissimulation parfaite | Chasseur chanceux\" \/>\n<meta property=\"og:description\" content=\"Avery KillerWeed Golden Harvest Le mat\u00e9riau de dissimulation ultra-r\u00e9aliste se fondra dans les champs de c\u00e9r\u00e9ales coup\u00e9es\/inond\u00e9s, les saules et la plupart des autres situations de terrain.\" \/>\n<meta property=\"og:url\" content=\"https:\/\/staging.lucky-hunter.com\/fr\/product\/camouflage-killerweed-golden-harvest-avery\/\" \/>\n<meta property=\"og:site_name\" content=\"Lucky-Hunter\" \/>\n<meta property=\"article:modified_time\" content=\"2025-06-30T13:40:04+00:00\" \/>\n<meta property=\"og:image\" content=\"https:\/\/staging.lucky-hunter.com\/wp-content\/uploads\/2018\/09\/LS-67-1.png\" \/>\n\t<meta property=\"og:image:width\" content=\"433\" \/>\n\t<meta property=\"og:image:height\" content=\"577\" \/>\n\t<meta property=\"og:image:type\" content=\"image\/png\" \/>\n<meta name=\"twitter:card\" content=\"summary_large_image\" \/>\n<meta name=\"twitter:title\" content=\"Avery KillerWeed Golden Harvest - Dissimulation parfaite | Chasseur chanceux\" \/>\n<meta name=\"twitter:description\" content=\"Avery KillerWeed Golden Harvest Le mat\u00e9riau de dissimulation ultra-r\u00e9aliste se fondra dans les champs de c\u00e9r\u00e9ales coup\u00e9es\/inond\u00e9s, les saules et la plupart des autres situations de terrain.\" \/>\n<meta name=\"twitter:label1\" content=\"Dur\u00e9e de lecture estim\u00e9e\" \/>\n\t<meta name=\"twitter:data1\" content=\"1 minute\" \/>\n<script type=\"application\/ld+json\" class=\"yoast-schema-graph\">{\"@context\":\"https:\/\/schema.org\",\"@graph\":[{\"@type\":\"WebPage\",\"@id\":\"https:\/\/staging.lucky-hunter.com\/fr\/product\/camouflage-killerweed-golden-harvest-avery\/\",\"url\":\"https:\/\/staging.lucky-hunter.com\/fr\/product\/camouflage-killerweed-golden-harvest-avery\/\",\"name\":\"Avery KillerWeed Golden Harvest - Dissimulation parfaite\",\"isPartOf\":{\"@id\":\"https:\/\/staging.lucky-hunter.com\/#website\"},\"primaryImageOfPage\":{\"@id\":\"https:\/\/staging.lucky-hunter.com\/fr\/product\/camouflage-killerweed-golden-harvest-avery\/#primaryimage\"},\"image\":{\"@id\":\"https:\/\/staging.lucky-hunter.com\/fr\/product\/camouflage-killerweed-golden-harvest-avery\/#primaryimage\"},\"thumbnailUrl\":\"https:\/\/staging.lucky-hunter.com\/wp-content\/uploads\/2018\/09\/LS-67-1.png\",\"datePublished\":\"2018-09-11T11:46:15+00:00\",\"dateModified\":\"2025-06-30T13:40:04+00:00\",\"description\":\"Avery KillerWeed Golden Harvest Le mat\u00e9riau de dissimulation ultra-r\u00e9aliste se fondra dans les champs de c\u00e9r\u00e9ales coup\u00e9es\/inond\u00e9s.\",\"breadcrumb\":{\"@id\":\"https:\/\/staging.lucky-hunter.com\/fr\/product\/camouflage-killerweed-golden-harvest-avery\/#breadcrumb\"},\"inLanguage\":\"fr-FR\",\"potentialAction\":[{\"@type\":\"ReadAction\",\"target\":[\"https:\/\/staging.lucky-hunter.com\/fr\/product\/camouflage-killerweed-golden-harvest-avery\/\"]}]},{\"@type\":\"ImageObject\",\"inLanguage\":\"fr-FR\",\"@id\":\"https:\/\/staging.lucky-hunter.com\/fr\/product\/camouflage-killerweed-golden-harvest-avery\/#primaryimage\",\"url\":\"https:\/\/staging.lucky-hunter.com\/wp-content\/uploads\/2018\/09\/LS-67-1.png\",\"contentUrl\":\"https:\/\/staging.lucky-hunter.com\/wp-content\/uploads\/2018\/09\/LS-67-1.png\",\"width\":433,\"height\":577},{\"@type\":\"BreadcrumbList\",\"@id\":\"https:\/\/staging.lucky-hunter.com\/fr\/product\/camouflage-killerweed-golden-harvest-avery\/#breadcrumb\",\"itemListElement\":[{\"@type\":\"ListItem\",\"position\":1,\"name\":\"Home\",\"item\":\"https:\/\/staging.lucky-hunter.com\/fr\/\"},{\"@type\":\"ListItem\",\"position\":2,\"name\":\"Boutique\",\"item\":\"https:\/\/staging.lucky-hunter.com\/fr\/shop\/\"},{\"@type\":\"ListItem\",\"position\":3,\"name\":\"Camouflage KillerWeed Golden Harvest &#8211; Avery\"}]},{\"@type\":\"WebSite\",\"@id\":\"https:\/\/staging.lucky-hunter.com\/#website\",\"url\":\"https:\/\/staging.lucky-hunter.com\/\",\"name\":\"Lucky-Hunter\",\"description\":\"Gear Up or Give Up\",\"potentialAction\":[{\"@type\":\"SearchAction\",\"target\":{\"@type\":\"EntryPoint\",\"urlTemplate\":\"https:\/\/staging.lucky-hunter.com\/?s={search_term_string}\"},\"query-input\":{\"@type\":\"PropertyValueSpecification\",\"valueRequired\":true,\"valueName\":\"search_term_string\"}}],\"inLanguage\":\"fr-FR\"}]}<\/script>\n<!-- \/ Yoast SEO plugin. -->","yoast_head_json":{"title":"Avery KillerWeed Golden Harvest - Dissimulation parfaite","description":"Avery KillerWeed Golden Harvest Le mat\u00e9riau de dissimulation ultra-r\u00e9aliste se fondra dans les champs de c\u00e9r\u00e9ales coup\u00e9es\/inond\u00e9s.","robots":{"index":"noindex","follow":"follow","max-snippet":"max-snippet:-1","max-image-preview":"max-image-preview:large","max-video-preview":"max-video-preview:-1"},"og_locale":"fr_FR","og_type":"article","og_title":"Avery KillerWeed Golden Harvest - Dissimulation parfaite | Chasseur chanceux","og_description":"Avery KillerWeed Golden Harvest Le mat\u00e9riau de dissimulation ultra-r\u00e9aliste se fondra dans les champs de c\u00e9r\u00e9ales coup\u00e9es\/inond\u00e9s, les saules et la plupart des autres situations de terrain.","og_url":"https:\/\/staging.lucky-hunter.com\/fr\/product\/camouflage-killerweed-golden-harvest-avery\/","og_site_name":"Lucky-Hunter","article_modified_time":"2025-06-30T13:40:04+00:00","og_image":[{"width":433,"height":577,"url":"https:\/\/staging.lucky-hunter.com\/wp-content\/uploads\/2018\/09\/LS-67-1.png","type":"image\/png"}],"twitter_card":"summary_large_image","twitter_title":"Avery KillerWeed Golden Harvest - Dissimulation parfaite | Chasseur chanceux","twitter_description":"Avery KillerWeed Golden Harvest Le mat\u00e9riau de dissimulation ultra-r\u00e9aliste se fondra dans les champs de c\u00e9r\u00e9ales coup\u00e9es\/inond\u00e9s, les saules et la plupart des autres situations de terrain.","twitter_misc":{"Dur\u00e9e de lecture estim\u00e9e":"1 minute"},"schema":{"@context":"https:\/\/schema.org","@graph":[{"@type":"WebPage","@id":"https:\/\/staging.lucky-hunter.com\/fr\/product\/camouflage-killerweed-golden-harvest-avery\/","url":"https:\/\/staging.lucky-hunter.com\/fr\/product\/camouflage-killerweed-golden-harvest-avery\/","name":"Avery KillerWeed Golden Harvest - Dissimulation parfaite","isPartOf":{"@id":"https:\/\/staging.lucky-hunter.com\/#website"},"primaryImageOfPage":{"@id":"https:\/\/staging.lucky-hunter.com\/fr\/product\/camouflage-killerweed-golden-harvest-avery\/#primaryimage"},"image":{"@id":"https:\/\/staging.lucky-hunter.com\/fr\/product\/camouflage-killerweed-golden-harvest-avery\/#primaryimage"},"thumbnailUrl":"https:\/\/staging.lucky-hunter.com\/wp-content\/uploads\/2018\/09\/LS-67-1.png","datePublished":"2018-09-11T11:46:15+00:00","dateModified":"2025-06-30T13:40:04+00:00","description":"Avery KillerWeed Golden Harvest Le mat\u00e9riau de dissimulation ultra-r\u00e9aliste se fondra dans les champs de c\u00e9r\u00e9ales coup\u00e9es\/inond\u00e9s.","breadcrumb":{"@id":"https:\/\/staging.lucky-hunter.com\/fr\/product\/camouflage-killerweed-golden-harvest-avery\/#breadcrumb"},"inLanguage":"fr-FR","potentialAction":[{"@type":"ReadAction","target":["https:\/\/staging.lucky-hunter.com\/fr\/product\/camouflage-killerweed-golden-harvest-avery\/"]}]},{"@type":"ImageObject","inLanguage":"fr-FR","@id":"https:\/\/staging.lucky-hunter.com\/fr\/product\/camouflage-killerweed-golden-harvest-avery\/#primaryimage","url":"https:\/\/staging.lucky-hunter.com\/wp-content\/uploads\/2018\/09\/LS-67-1.png","contentUrl":"https:\/\/staging.lucky-hunter.com\/wp-content\/uploads\/2018\/09\/LS-67-1.png","width":433,"height":577},{"@type":"BreadcrumbList","@id":"https:\/\/staging.lucky-hunter.com\/fr\/product\/camouflage-killerweed-golden-harvest-avery\/#breadcrumb","itemListElement":[{"@type":"ListItem","position":1,"name":"Home","item":"https:\/\/staging.lucky-hunter.com\/fr\/"},{"@type":"ListItem","position":2,"name":"Boutique","item":"https:\/\/staging.lucky-hunter.com\/fr\/shop\/"},{"@type":"ListItem","position":3,"name":"Camouflage KillerWeed Golden Harvest &#8211; Avery"}]},{"@type":"WebSite","@id":"https:\/\/staging.lucky-hunter.com\/#website","url":"https:\/\/staging.lucky-hunter.com\/","name":"Lucky-Hunter","description":"Gear Up or Give Up","potentialAction":[{"@type":"SearchAction","target":{"@type":"EntryPoint","urlTemplate":"https:\/\/staging.lucky-hunter.com\/?s={search_term_string}"},"query-input":{"@type":"PropertyValueSpecification","valueRequired":true,"valueName":"search_term_string"}}],"inLanguage":"fr-FR"}]}},"_links":{"self":[{"href":"https:\/\/staging.lucky-hunter.com\/fr\/wp-json\/wp\/v2\/product\/56188"}],"collection":[{"href":"https:\/\/staging.lucky-hunter.com\/fr\/wp-json\/wp\/v2\/product"}],"about":[{"href":"https:\/\/staging.lucky-hunter.com\/fr\/wp-json\/wp\/v2\/types\/product"}],"wp:featuredmedia":[{"embeddable":true,"href":"https:\/\/staging.lucky-hunter.com\/fr\/wp-json\/wp\/v2\/media\/133987"}],"wp:attachment":[{"href":"https:\/\/staging.lucky-hunter.com\/fr\/wp-json\/wp\/v2\/media?parent=56188"}],"wp:term":[{"taxonomy":"product_brand","embeddable":true,"href":"https:\/\/staging.lucky-hunter.com\/fr\/wp-json\/wp\/v2\/product_brand?post=56188"},{"taxonomy":"product_cat","embeddable":true,"href":"https:\/\/staging.lucky-hunter.com\/fr\/wp-json\/wp\/v2\/product_cat?post=56188"},{"taxonomy":"product_tag","embeddable":true,"href":"https:\/\/staging.lucky-hunter.com\/fr\/wp-json\/wp\/v2\/product_tag?post=56188"}],"curies":[{"name":"wp","href":"https:\/\/api.w.org\/{rel}","templated":true}]}}