{"id":56187,"date":"2020-05-27T08:58:40","date_gmt":"2020-05-27T06:58:40","guid":{"rendered":"https:\/\/staging.lucky-hunter.com\/product\/beavertail-final-attack-quick-cover\/"},"modified":"2025-06-26T15:38:21","modified_gmt":"2025-06-26T13:38:21","slug":"beavertail-quick-cover-affut-pour-votre-bateau-final-attack","status":"publish","type":"product","link":"https:\/\/staging.lucky-hunter.com\/fr\/product\/beavertail-quick-cover-affut-pour-votre-bateau-final-attack\/","title":{"rendered":"Final Attack Quick Cover Gris &#8211; Beavertail"},"content":{"rendered":"<h2><strong>Beavertail Quick Cover &#8211; aff\u00fbt pour votre bateau Final Attack<\/strong><\/h2>\n<p>La couleur gris clair est parfaite pour la chasse au canard et \u00e0 l&#8217;oie en eau libre avec votre bateau furtif Beavertail Final Attack.<\/p>\n<p>L\u2019aff\u00fbt est dot\u00e9 d\u2019une structure solide et l\u00e9g\u00e8re en aluminium.<\/p>\n<p>Les portes battantes permettent de passer \u00e0 l\u2019action rapidement et le profil surbaiss\u00e9 rend votre bateau presque invisible sur l&#8217;eau.<\/p>\n<p>Poids : 4 kg<\/p>\n<p>Taille :\u00a0101 x 35,5 x 10 cm<\/p>\n<p>Les vis sur les supports peuvent \u00eatre remplac\u00e9es par des goupilles, il suffit de percer un trou plus grand pour la goupille. De cette mani\u00e8re, l\u2019aff\u00fbt est plus facile et plus rapide \u00e0 monter et \u00e0 d\u00e9monter.<\/p>\n<p>Ne rangez pas l\u2019aff\u00fbt mouill\u00e9. Laissez-le s\u00e9cher avant de le ranger.<\/p>\n","protected":false},"excerpt":{"rendered":"<p>La couleur gris clair est parfaite pour la chasse au canard et \u00e0 l&#8217;oie en eau libre avec votre bateau furtif Beavertail Final Attack.<\/p>\n","protected":false},"featured_media":30556,"template":"","meta":[],"product_brand":[8133],"product_cat":[8171],"product_tag":[9235],"yoast_head":"<!-- This site is optimized with the Yoast SEO plugin v24.3 - https:\/\/yoast.com\/wordpress\/plugins\/seo\/ -->\n<title>Beavertail Quick Cover - aff\u00fbt pour votre bateau Final Attack<\/title>\n<meta name=\"description\" content=\"La couleur gris clair est parfaite pour la chasse au canard et \u00e0 l&#039;oie en eau libre avec votre bateau furtif Beavertail Final Attack.\" \/>\n<meta name=\"robots\" content=\"noindex, follow, max-snippet:-1, max-image-preview:large, max-video-preview:-1\" \/>\n<meta property=\"og:locale\" content=\"fr_FR\" \/>\n<meta property=\"og:type\" content=\"article\" \/>\n<meta property=\"og:title\" content=\"Beavertail Final Attack Quick Cover - Gris Clair\" \/>\n<meta property=\"og:description\" content=\"Beavertail Final Attack Quick Cover - Gris Clair Soyez encore plus cach\u00e9 sur l&#039;eau. Parfait pour la chasse en eau libre dans votre bateau Final Attack\" \/>\n<meta property=\"og:url\" content=\"https:\/\/staging.lucky-hunter.com\/fr\/product\/beavertail-quick-cover-affut-pour-votre-bateau-final-attack\/\" \/>\n<meta property=\"og:site_name\" content=\"Lucky-Hunter\" \/>\n<meta property=\"article:modified_time\" content=\"2025-06-26T13:38:21+00:00\" \/>\n<meta property=\"og:image\" content=\"https:\/\/staging.lucky-hunter.com\/wp-content\/uploads\/2020\/05\/JP-28.png\" \/>\n\t<meta property=\"og:image:width\" content=\"1000\" \/>\n\t<meta property=\"og:image:height\" content=\"1000\" \/>\n\t<meta property=\"og:image:type\" content=\"image\/png\" \/>\n<meta name=\"twitter:card\" content=\"summary_large_image\" \/>\n<meta name=\"twitter:title\" content=\"Beavertail Final Attack Quick Cover - Gris Clair\" \/>\n<meta name=\"twitter:description\" content=\"Beavertail Final Attack Quick Cover - Gris Clair Soyez encore plus cach\u00e9 sur l&#039;eau. Parfait pour la chasse en eau libre dans votre bateau Final Attack\" \/>\n<meta name=\"twitter:label1\" content=\"Dur\u00e9e de lecture estim\u00e9e\" \/>\n\t<meta name=\"twitter:data1\" content=\"1 minute\" \/>\n<script type=\"application\/ld+json\" class=\"yoast-schema-graph\">{\"@context\":\"https:\/\/schema.org\",\"@graph\":[{\"@type\":\"WebPage\",\"@id\":\"https:\/\/staging.lucky-hunter.com\/fr\/product\/beavertail-quick-cover-affut-pour-votre-bateau-final-attack\/\",\"url\":\"https:\/\/staging.lucky-hunter.com\/fr\/product\/beavertail-quick-cover-affut-pour-votre-bateau-final-attack\/\",\"name\":\"Beavertail Quick Cover - aff\u00fbt pour votre bateau Final Attack\",\"isPartOf\":{\"@id\":\"https:\/\/staging.lucky-hunter.com\/#website\"},\"primaryImageOfPage\":{\"@id\":\"https:\/\/staging.lucky-hunter.com\/fr\/product\/beavertail-quick-cover-affut-pour-votre-bateau-final-attack\/#primaryimage\"},\"image\":{\"@id\":\"https:\/\/staging.lucky-hunter.com\/fr\/product\/beavertail-quick-cover-affut-pour-votre-bateau-final-attack\/#primaryimage\"},\"thumbnailUrl\":\"https:\/\/staging.lucky-hunter.com\/wp-content\/uploads\/2020\/05\/JP-28.png\",\"datePublished\":\"2020-05-27T06:58:40+00:00\",\"dateModified\":\"2025-06-26T13:38:21+00:00\",\"description\":\"La couleur gris clair est parfaite pour la chasse au canard et \u00e0 l'oie en eau libre avec votre bateau furtif Beavertail Final Attack.\",\"breadcrumb\":{\"@id\":\"https:\/\/staging.lucky-hunter.com\/fr\/product\/beavertail-quick-cover-affut-pour-votre-bateau-final-attack\/#breadcrumb\"},\"inLanguage\":\"fr-FR\",\"potentialAction\":[{\"@type\":\"ReadAction\",\"target\":[\"https:\/\/staging.lucky-hunter.com\/fr\/product\/beavertail-quick-cover-affut-pour-votre-bateau-final-attack\/\"]}]},{\"@type\":\"ImageObject\",\"inLanguage\":\"fr-FR\",\"@id\":\"https:\/\/staging.lucky-hunter.com\/fr\/product\/beavertail-quick-cover-affut-pour-votre-bateau-final-attack\/#primaryimage\",\"url\":\"https:\/\/staging.lucky-hunter.com\/wp-content\/uploads\/2020\/05\/JP-28.png\",\"contentUrl\":\"https:\/\/staging.lucky-hunter.com\/wp-content\/uploads\/2020\/05\/JP-28.png\",\"width\":1000,\"height\":1000},{\"@type\":\"BreadcrumbList\",\"@id\":\"https:\/\/staging.lucky-hunter.com\/fr\/product\/beavertail-quick-cover-affut-pour-votre-bateau-final-attack\/#breadcrumb\",\"itemListElement\":[{\"@type\":\"ListItem\",\"position\":1,\"name\":\"Home\",\"item\":\"https:\/\/staging.lucky-hunter.com\/fr\/\"},{\"@type\":\"ListItem\",\"position\":2,\"name\":\"Boutique\",\"item\":\"https:\/\/staging.lucky-hunter.com\/fr\/shop\/\"},{\"@type\":\"ListItem\",\"position\":3,\"name\":\"Final Attack Quick Cover Gris &#8211; Beavertail\"}]},{\"@type\":\"WebSite\",\"@id\":\"https:\/\/staging.lucky-hunter.com\/#website\",\"url\":\"https:\/\/staging.lucky-hunter.com\/\",\"name\":\"Lucky-Hunter\",\"description\":\"Gear Up or Give Up\",\"potentialAction\":[{\"@type\":\"SearchAction\",\"target\":{\"@type\":\"EntryPoint\",\"urlTemplate\":\"https:\/\/staging.lucky-hunter.com\/?s={search_term_string}\"},\"query-input\":{\"@type\":\"PropertyValueSpecification\",\"valueRequired\":true,\"valueName\":\"search_term_string\"}}],\"inLanguage\":\"fr-FR\"}]}<\/script>\n<!-- \/ Yoast SEO plugin. -->","yoast_head_json":{"title":"Beavertail Quick Cover - aff\u00fbt pour votre bateau Final Attack","description":"La couleur gris clair est parfaite pour la chasse au canard et \u00e0 l'oie en eau libre avec votre bateau furtif Beavertail Final Attack.","robots":{"index":"noindex","follow":"follow","max-snippet":"max-snippet:-1","max-image-preview":"max-image-preview:large","max-video-preview":"max-video-preview:-1"},"og_locale":"fr_FR","og_type":"article","og_title":"Beavertail Final Attack Quick Cover - Gris Clair","og_description":"Beavertail Final Attack Quick Cover - Gris Clair Soyez encore plus cach\u00e9 sur l'eau. Parfait pour la chasse en eau libre dans votre bateau Final Attack","og_url":"https:\/\/staging.lucky-hunter.com\/fr\/product\/beavertail-quick-cover-affut-pour-votre-bateau-final-attack\/","og_site_name":"Lucky-Hunter","article_modified_time":"2025-06-26T13:38:21+00:00","og_image":[{"width":1000,"height":1000,"url":"https:\/\/staging.lucky-hunter.com\/wp-content\/uploads\/2020\/05\/JP-28.png","type":"image\/png"}],"twitter_card":"summary_large_image","twitter_title":"Beavertail Final Attack Quick Cover - Gris Clair","twitter_description":"Beavertail Final Attack Quick Cover - Gris Clair Soyez encore plus cach\u00e9 sur l'eau. Parfait pour la chasse en eau libre dans votre bateau Final Attack","twitter_misc":{"Dur\u00e9e de lecture estim\u00e9e":"1 minute"},"schema":{"@context":"https:\/\/schema.org","@graph":[{"@type":"WebPage","@id":"https:\/\/staging.lucky-hunter.com\/fr\/product\/beavertail-quick-cover-affut-pour-votre-bateau-final-attack\/","url":"https:\/\/staging.lucky-hunter.com\/fr\/product\/beavertail-quick-cover-affut-pour-votre-bateau-final-attack\/","name":"Beavertail Quick Cover - aff\u00fbt pour votre bateau Final Attack","isPartOf":{"@id":"https:\/\/staging.lucky-hunter.com\/#website"},"primaryImageOfPage":{"@id":"https:\/\/staging.lucky-hunter.com\/fr\/product\/beavertail-quick-cover-affut-pour-votre-bateau-final-attack\/#primaryimage"},"image":{"@id":"https:\/\/staging.lucky-hunter.com\/fr\/product\/beavertail-quick-cover-affut-pour-votre-bateau-final-attack\/#primaryimage"},"thumbnailUrl":"https:\/\/staging.lucky-hunter.com\/wp-content\/uploads\/2020\/05\/JP-28.png","datePublished":"2020-05-27T06:58:40+00:00","dateModified":"2025-06-26T13:38:21+00:00","description":"La couleur gris clair est parfaite pour la chasse au canard et \u00e0 l'oie en eau libre avec votre bateau furtif Beavertail Final Attack.","breadcrumb":{"@id":"https:\/\/staging.lucky-hunter.com\/fr\/product\/beavertail-quick-cover-affut-pour-votre-bateau-final-attack\/#breadcrumb"},"inLanguage":"fr-FR","potentialAction":[{"@type":"ReadAction","target":["https:\/\/staging.lucky-hunter.com\/fr\/product\/beavertail-quick-cover-affut-pour-votre-bateau-final-attack\/"]}]},{"@type":"ImageObject","inLanguage":"fr-FR","@id":"https:\/\/staging.lucky-hunter.com\/fr\/product\/beavertail-quick-cover-affut-pour-votre-bateau-final-attack\/#primaryimage","url":"https:\/\/staging.lucky-hunter.com\/wp-content\/uploads\/2020\/05\/JP-28.png","contentUrl":"https:\/\/staging.lucky-hunter.com\/wp-content\/uploads\/2020\/05\/JP-28.png","width":1000,"height":1000},{"@type":"BreadcrumbList","@id":"https:\/\/staging.lucky-hunter.com\/fr\/product\/beavertail-quick-cover-affut-pour-votre-bateau-final-attack\/#breadcrumb","itemListElement":[{"@type":"ListItem","position":1,"name":"Home","item":"https:\/\/staging.lucky-hunter.com\/fr\/"},{"@type":"ListItem","position":2,"name":"Boutique","item":"https:\/\/staging.lucky-hunter.com\/fr\/shop\/"},{"@type":"ListItem","position":3,"name":"Final Attack Quick Cover Gris &#8211; Beavertail"}]},{"@type":"WebSite","@id":"https:\/\/staging.lucky-hunter.com\/#website","url":"https:\/\/staging.lucky-hunter.com\/","name":"Lucky-Hunter","description":"Gear Up or Give Up","potentialAction":[{"@type":"SearchAction","target":{"@type":"EntryPoint","urlTemplate":"https:\/\/staging.lucky-hunter.com\/?s={search_term_string}"},"query-input":{"@type":"PropertyValueSpecification","valueRequired":true,"valueName":"search_term_string"}}],"inLanguage":"fr-FR"}]}},"_links":{"self":[{"href":"https:\/\/staging.lucky-hunter.com\/fr\/wp-json\/wp\/v2\/product\/56187"}],"collection":[{"href":"https:\/\/staging.lucky-hunter.com\/fr\/wp-json\/wp\/v2\/product"}],"about":[{"href":"https:\/\/staging.lucky-hunter.com\/fr\/wp-json\/wp\/v2\/types\/product"}],"wp:featuredmedia":[{"embeddable":true,"href":"https:\/\/staging.lucky-hunter.com\/fr\/wp-json\/wp\/v2\/media\/30556"}],"wp:attachment":[{"href":"https:\/\/staging.lucky-hunter.com\/fr\/wp-json\/wp\/v2\/media?parent=56187"}],"wp:term":[{"taxonomy":"product_brand","embeddable":true,"href":"https:\/\/staging.lucky-hunter.com\/fr\/wp-json\/wp\/v2\/product_brand?post=56187"},{"taxonomy":"product_cat","embeddable":true,"href":"https:\/\/staging.lucky-hunter.com\/fr\/wp-json\/wp\/v2\/product_cat?post=56187"},{"taxonomy":"product_tag","embeddable":true,"href":"https:\/\/staging.lucky-hunter.com\/fr\/wp-json\/wp\/v2\/product_tag?post=56187"}],"curies":[{"name":"wp","href":"https:\/\/api.w.org\/{rel}","templated":true}]}}