{"id":56181,"date":"2022-12-12T14:03:42","date_gmt":"2022-12-12T13:03:42","guid":{"rendered":"https:\/\/staging.lucky-hunter.com\/product\/banded-womens-soft-shell-glove-bottomland\/"},"modified":"2022-12-12T14:03:42","modified_gmt":"2022-12-12T13:03:42","slug":"banded-womens-soft-shell-glove-bottomland","status":"publish","type":"product","link":"https:\/\/staging.lucky-hunter.com\/fr\/product\/banded-womens-soft-shell-glove-bottomland\/","title":{"rendered":"Gants en Soft-Shell Banded Women &#8211; Bottomland"},"content":{"rendered":"<h2><strong>Gants respirants Banded qui s\u00e8chent en un rien de temps<\/strong><\/h2>\n<p><iframe title=\"Banded\u00ae Women&#039;s Soft-Shell Glove\" width=\"1020\" height=\"574\" src=\"https:\/\/www.youtube.com\/embed\/6N-gIGgDp_c?start=7&#038;wmode=transparent&amp;rel=0&amp;feature=oembed&#038;enablejsapi=1&#038;origin=https:\/\/staging.lucky-hunter.com\" frameborder=\"0\" allow=\"accelerometer; autoplay; clipboard-write; encrypted-media; gyroscope; picture-in-picture\" allowfullscreen><\/iframe><\/p>\n<div>Une tr\u00e8s belle paire de gants de chasse Banded avec Soft-shell, doigts et paume renforc\u00e9s en daim et poignets \u00e9lastiques pour un ajustement flexible.<\/div>\n<div><\/div>\n<div>Les gants sont respirants, r\u00e9sistants \u00e0 l&#8217;humidit\u00e9 et ils s\u00e8chent en un rien de temps.<\/div>\n<div><\/div>\n<div>Vous pouvez utiliser votre t\u00e9l\u00e9phone portable avec ces gants<\/div>\n","protected":false},"excerpt":{"rendered":"<p>Une tr\u00e8s belle paire de gants de chasse Banded avec Soft-shell, doigts et paume renforc\u00e9s en cuir de vache et poignets \u00e9lastiques pour un ajustement flexible.<\/p>\n","protected":false},"featured_media":55359,"template":"","meta":[],"product_brand":[8137],"product_cat":[9264],"product_tag":[9446,9235,9442],"yoast_head":"<!-- This site is optimized with the Yoast SEO plugin v24.3 - https:\/\/yoast.com\/wordpress\/plugins\/seo\/ -->\n<title>Gants d\u2019Aff\u00fbt en Soft-Shell Banded Women - Bottomland<\/title>\n<meta name=\"description\" content=\"Une tr\u00e8s belle paire de gants de chasse Banded avec Soft-shell, doigts et paume renforc\u00e9s en daim et poignets \u00e9lastiques pour un ajustement flexible.\" \/>\n<meta name=\"robots\" content=\"noindex, follow, max-snippet:-1, max-image-preview:large, max-video-preview:-1\" \/>\n<meta property=\"og:locale\" content=\"fr_FR\" \/>\n<meta property=\"og:type\" content=\"article\" \/>\n<meta property=\"og:title\" content=\"Gants d\u2019Aff\u00fbt en Soft-Shell Banded Women - Bottomland\" \/>\n<meta property=\"og:description\" content=\"Une tr\u00e8s belle paire de gants de chasse Banded avec Soft-shell, doigts et paume renforc\u00e9s en daim et poignets \u00e9lastiques pour un ajustement flexible.\" \/>\n<meta property=\"og:url\" content=\"https:\/\/staging.lucky-hunter.com\/fr\/product\/banded-womens-soft-shell-glove-bottomland\/\" \/>\n<meta property=\"og:site_name\" content=\"Lucky-Hunter\" \/>\n<meta property=\"og:image\" content=\"https:\/\/staging.lucky-hunter.com\/wp-content\/uploads\/2022\/12\/JB-0533.png\" \/>\n\t<meta property=\"og:image:width\" content=\"1000\" \/>\n\t<meta property=\"og:image:height\" content=\"1000\" \/>\n\t<meta property=\"og:image:type\" content=\"image\/png\" \/>\n<meta name=\"twitter:card\" content=\"summary_large_image\" \/>\n<meta name=\"twitter:label1\" content=\"Dur\u00e9e de lecture estim\u00e9e\" \/>\n\t<meta name=\"twitter:data1\" content=\"1 minute\" \/>\n<script type=\"application\/ld+json\" class=\"yoast-schema-graph\">{\"@context\":\"https:\/\/schema.org\",\"@graph\":[{\"@type\":\"WebPage\",\"@id\":\"https:\/\/staging.lucky-hunter.com\/fr\/product\/banded-womens-soft-shell-glove-bottomland\/\",\"url\":\"https:\/\/staging.lucky-hunter.com\/fr\/product\/banded-womens-soft-shell-glove-bottomland\/\",\"name\":\"Gants d\u2019Aff\u00fbt en Soft-Shell Banded Women - Bottomland\",\"isPartOf\":{\"@id\":\"https:\/\/staging.lucky-hunter.com\/#website\"},\"primaryImageOfPage\":{\"@id\":\"https:\/\/staging.lucky-hunter.com\/fr\/product\/banded-womens-soft-shell-glove-bottomland\/#primaryimage\"},\"image\":{\"@id\":\"https:\/\/staging.lucky-hunter.com\/fr\/product\/banded-womens-soft-shell-glove-bottomland\/#primaryimage\"},\"thumbnailUrl\":\"https:\/\/staging.lucky-hunter.com\/wp-content\/uploads\/2022\/12\/JB-0533.png\",\"datePublished\":\"2022-12-12T13:03:42+00:00\",\"dateModified\":\"2022-12-12T13:03:42+00:00\",\"description\":\"Une tr\u00e8s belle paire de gants de chasse Banded avec Soft-shell, doigts et paume renforc\u00e9s en daim et poignets \u00e9lastiques pour un ajustement flexible.\",\"breadcrumb\":{\"@id\":\"https:\/\/staging.lucky-hunter.com\/fr\/product\/banded-womens-soft-shell-glove-bottomland\/#breadcrumb\"},\"inLanguage\":\"fr-FR\",\"potentialAction\":[{\"@type\":\"ReadAction\",\"target\":[\"https:\/\/staging.lucky-hunter.com\/fr\/product\/banded-womens-soft-shell-glove-bottomland\/\"]}]},{\"@type\":\"ImageObject\",\"inLanguage\":\"fr-FR\",\"@id\":\"https:\/\/staging.lucky-hunter.com\/fr\/product\/banded-womens-soft-shell-glove-bottomland\/#primaryimage\",\"url\":\"https:\/\/staging.lucky-hunter.com\/wp-content\/uploads\/2022\/12\/JB-0533.png\",\"contentUrl\":\"https:\/\/staging.lucky-hunter.com\/wp-content\/uploads\/2022\/12\/JB-0533.png\",\"width\":1000,\"height\":1000},{\"@type\":\"BreadcrumbList\",\"@id\":\"https:\/\/staging.lucky-hunter.com\/fr\/product\/banded-womens-soft-shell-glove-bottomland\/#breadcrumb\",\"itemListElement\":[{\"@type\":\"ListItem\",\"position\":1,\"name\":\"Home\",\"item\":\"https:\/\/staging.lucky-hunter.com\/fr\/\"},{\"@type\":\"ListItem\",\"position\":2,\"name\":\"Boutique\",\"item\":\"https:\/\/staging.lucky-hunter.com\/fr\/shop\/\"},{\"@type\":\"ListItem\",\"position\":3,\"name\":\"Gants en Soft-Shell Banded Women &#8211; Bottomland\"}]},{\"@type\":\"WebSite\",\"@id\":\"https:\/\/staging.lucky-hunter.com\/#website\",\"url\":\"https:\/\/staging.lucky-hunter.com\/\",\"name\":\"Lucky-Hunter\",\"description\":\"Gear Up or Give Up\",\"potentialAction\":[{\"@type\":\"SearchAction\",\"target\":{\"@type\":\"EntryPoint\",\"urlTemplate\":\"https:\/\/staging.lucky-hunter.com\/?s={search_term_string}\"},\"query-input\":{\"@type\":\"PropertyValueSpecification\",\"valueRequired\":true,\"valueName\":\"search_term_string\"}}],\"inLanguage\":\"fr-FR\"}]}<\/script>\n<!-- \/ Yoast SEO plugin. -->","yoast_head_json":{"title":"Gants d\u2019Aff\u00fbt en Soft-Shell Banded Women - Bottomland","description":"Une tr\u00e8s belle paire de gants de chasse Banded avec Soft-shell, doigts et paume renforc\u00e9s en daim et poignets \u00e9lastiques pour un ajustement flexible.","robots":{"index":"noindex","follow":"follow","max-snippet":"max-snippet:-1","max-image-preview":"max-image-preview:large","max-video-preview":"max-video-preview:-1"},"og_locale":"fr_FR","og_type":"article","og_title":"Gants d\u2019Aff\u00fbt en Soft-Shell Banded Women - Bottomland","og_description":"Une tr\u00e8s belle paire de gants de chasse Banded avec Soft-shell, doigts et paume renforc\u00e9s en daim et poignets \u00e9lastiques pour un ajustement flexible.","og_url":"https:\/\/staging.lucky-hunter.com\/fr\/product\/banded-womens-soft-shell-glove-bottomland\/","og_site_name":"Lucky-Hunter","og_image":[{"width":1000,"height":1000,"url":"https:\/\/staging.lucky-hunter.com\/wp-content\/uploads\/2022\/12\/JB-0533.png","type":"image\/png"}],"twitter_card":"summary_large_image","twitter_misc":{"Dur\u00e9e de lecture estim\u00e9e":"1 minute"},"schema":{"@context":"https:\/\/schema.org","@graph":[{"@type":"WebPage","@id":"https:\/\/staging.lucky-hunter.com\/fr\/product\/banded-womens-soft-shell-glove-bottomland\/","url":"https:\/\/staging.lucky-hunter.com\/fr\/product\/banded-womens-soft-shell-glove-bottomland\/","name":"Gants d\u2019Aff\u00fbt en Soft-Shell Banded Women - Bottomland","isPartOf":{"@id":"https:\/\/staging.lucky-hunter.com\/#website"},"primaryImageOfPage":{"@id":"https:\/\/staging.lucky-hunter.com\/fr\/product\/banded-womens-soft-shell-glove-bottomland\/#primaryimage"},"image":{"@id":"https:\/\/staging.lucky-hunter.com\/fr\/product\/banded-womens-soft-shell-glove-bottomland\/#primaryimage"},"thumbnailUrl":"https:\/\/staging.lucky-hunter.com\/wp-content\/uploads\/2022\/12\/JB-0533.png","datePublished":"2022-12-12T13:03:42+00:00","dateModified":"2022-12-12T13:03:42+00:00","description":"Une tr\u00e8s belle paire de gants de chasse Banded avec Soft-shell, doigts et paume renforc\u00e9s en daim et poignets \u00e9lastiques pour un ajustement flexible.","breadcrumb":{"@id":"https:\/\/staging.lucky-hunter.com\/fr\/product\/banded-womens-soft-shell-glove-bottomland\/#breadcrumb"},"inLanguage":"fr-FR","potentialAction":[{"@type":"ReadAction","target":["https:\/\/staging.lucky-hunter.com\/fr\/product\/banded-womens-soft-shell-glove-bottomland\/"]}]},{"@type":"ImageObject","inLanguage":"fr-FR","@id":"https:\/\/staging.lucky-hunter.com\/fr\/product\/banded-womens-soft-shell-glove-bottomland\/#primaryimage","url":"https:\/\/staging.lucky-hunter.com\/wp-content\/uploads\/2022\/12\/JB-0533.png","contentUrl":"https:\/\/staging.lucky-hunter.com\/wp-content\/uploads\/2022\/12\/JB-0533.png","width":1000,"height":1000},{"@type":"BreadcrumbList","@id":"https:\/\/staging.lucky-hunter.com\/fr\/product\/banded-womens-soft-shell-glove-bottomland\/#breadcrumb","itemListElement":[{"@type":"ListItem","position":1,"name":"Home","item":"https:\/\/staging.lucky-hunter.com\/fr\/"},{"@type":"ListItem","position":2,"name":"Boutique","item":"https:\/\/staging.lucky-hunter.com\/fr\/shop\/"},{"@type":"ListItem","position":3,"name":"Gants en Soft-Shell Banded Women &#8211; Bottomland"}]},{"@type":"WebSite","@id":"https:\/\/staging.lucky-hunter.com\/#website","url":"https:\/\/staging.lucky-hunter.com\/","name":"Lucky-Hunter","description":"Gear Up or Give Up","potentialAction":[{"@type":"SearchAction","target":{"@type":"EntryPoint","urlTemplate":"https:\/\/staging.lucky-hunter.com\/?s={search_term_string}"},"query-input":{"@type":"PropertyValueSpecification","valueRequired":true,"valueName":"search_term_string"}}],"inLanguage":"fr-FR"}]}},"_links":{"self":[{"href":"https:\/\/staging.lucky-hunter.com\/fr\/wp-json\/wp\/v2\/product\/56181"}],"collection":[{"href":"https:\/\/staging.lucky-hunter.com\/fr\/wp-json\/wp\/v2\/product"}],"about":[{"href":"https:\/\/staging.lucky-hunter.com\/fr\/wp-json\/wp\/v2\/types\/product"}],"wp:featuredmedia":[{"embeddable":true,"href":"https:\/\/staging.lucky-hunter.com\/fr\/wp-json\/wp\/v2\/media\/55359"}],"wp:attachment":[{"href":"https:\/\/staging.lucky-hunter.com\/fr\/wp-json\/wp\/v2\/media?parent=56181"}],"wp:term":[{"taxonomy":"product_brand","embeddable":true,"href":"https:\/\/staging.lucky-hunter.com\/fr\/wp-json\/wp\/v2\/product_brand?post=56181"},{"taxonomy":"product_cat","embeddable":true,"href":"https:\/\/staging.lucky-hunter.com\/fr\/wp-json\/wp\/v2\/product_cat?post=56181"},{"taxonomy":"product_tag","embeddable":true,"href":"https:\/\/staging.lucky-hunter.com\/fr\/wp-json\/wp\/v2\/product_tag?post=56181"}],"curies":[{"name":"wp","href":"https:\/\/api.w.org\/{rel}","templated":true}]}}