{"id":56175,"date":"2019-04-04T09:51:12","date_gmt":"2019-04-04T07:51:12","guid":{"rendered":"https:\/\/staging.lucky-hunter.com\/product\/deerhunter-sneaky-3d-gloves-w-dots\/"},"modified":"2025-06-26T16:07:41","modified_gmt":"2025-06-26T14:07:41","slug":"gants-sneaky-3d-avec-points-deerhunter","status":"publish","type":"product","link":"https:\/\/staging.lucky-hunter.com\/fr\/product\/gants-sneaky-3d-avec-points-deerhunter\/","title":{"rendered":"Gants Sneaky 3D avec points &#8211; Deerhunter"},"content":{"rendered":"<div class=\"col-sm-6 hk-description\">\n<h1><b>Gants Sneaky 3D Deerhunter &#8211; Font partie de l&#8217;ensemble de v\u00eatements le plus silencieux sur le march\u00e9<\/b><\/h1>\n<p>Les gants Sneaky 3D de Deerhunter font partie d&#8217;une s\u00e9rie plus large de v\u00eatements de camouflage, compos\u00e9e de cinq \u00e9l\u00e9ments\u00a0: veste, pantalon, gants, masque facial + masque facial avec casquette.<\/p>\n<p>L&#8217;ensemble Sneaky 3D est principalement destin\u00e9 \u00e0 une utilisation comme camouflage, pour se fondre dans la nature.<\/p>\n<p>La s\u00e9rie Sneaky 3D a \u00e9t\u00e9 d\u00e9velopp\u00e9e pour les chasseurs actifs, mais les ornithologues la trouveront \u00e9galement tr\u00e8s utile lors de l&#8217;\u00e9tude de la vie des oiseaux et des animaux.<\/p>\n<p>Le motif de camouflage Innovation de Deerhunter a \u00e9t\u00e9 d\u00e9velopp\u00e9 pour fournir un camouflage maximal, du sol jusqu&#8217;\u00e0 une hauteur de 180 cm.<\/p>\n<p>L&#8217;ensemble a \u00e9t\u00e9 con\u00e7u avec un mat\u00e9riau extr\u00eamement l\u00e9ger et silencieux.<\/p>\n<p><strong>Caract\u00e9ristiques\u00a0:<\/strong><\/p>\n<\/div>\n<div id=\"hikashop_product_technical_details\" class=\"col-sm-6\">\n<ul>\n<li>Avec points antid\u00e9rapants<\/li>\n<li>Gants avec des feuilles sur le dessus<\/li>\n<li>Ext\u00e9rieur 100% polyester<\/li>\n<li>Taille unique.<\/li>\n<\/ul>\n<\/div>\n","protected":false},"excerpt":{"rendered":"<p>Gants Sneaky 3D Deerhunter &#8211; Font partie de l&#8217;ensemble de v\u00eatements le plus silencieux sur le march\u00e9.<\/p>\n","protected":false},"featured_media":29967,"template":"","meta":[],"product_brand":[8194],"product_cat":[9215],"product_tag":[9443,9445],"yoast_head":"<!-- This site is optimized with the Yoast SEO plugin v24.3 - https:\/\/yoast.com\/wordpress\/plugins\/seo\/ -->\n<title>Gants Sneaky 3D avec points - Deerhunter | Chasseur chanceux<\/title>\n<meta name=\"description\" content=\"Gants Sneaky 3D Deerhunter - Font partie de l&#039;ensemble de v\u00eatements le plus silencieux sur le march\u00e9.\" \/>\n<meta name=\"robots\" content=\"noindex, follow, max-snippet:-1, max-image-preview:large, max-video-preview:-1\" \/>\n<meta property=\"og:locale\" content=\"fr_FR\" \/>\n<meta property=\"og:type\" content=\"article\" \/>\n<meta property=\"og:title\" content=\"Gants Deerhunter Sneaky 3D \u00e0 pois | Chasseur chanceux\" \/>\n<meta property=\"og:description\" content=\"Soyez cach\u00e9 en silence dans la nature. Les gants Deerhunter Sneaky 3D font partie d&#039;un ensemble con\u00e7u pour vous garder cach\u00e9 lorsque vous \u00eates dans la nature.\" \/>\n<meta property=\"og:url\" content=\"https:\/\/staging.lucky-hunter.com\/fr\/product\/gants-sneaky-3d-avec-points-deerhunter\/\" \/>\n<meta property=\"og:site_name\" content=\"Lucky-Hunter\" \/>\n<meta property=\"article:modified_time\" content=\"2025-06-26T14:07:41+00:00\" \/>\n<meta property=\"og:image\" content=\"https:\/\/staging.lucky-hunter.com\/wp-content\/uploads\/2019\/04\/DH-8168.png\" \/>\n\t<meta property=\"og:image:width\" content=\"1000\" \/>\n\t<meta property=\"og:image:height\" content=\"1000\" \/>\n\t<meta property=\"og:image:type\" content=\"image\/png\" \/>\n<meta name=\"twitter:card\" content=\"summary_large_image\" \/>\n<meta name=\"twitter:title\" content=\"Gants Deerhunter Sneaky 3D \u00e0 pois | Chasseur chanceux\" \/>\n<meta name=\"twitter:description\" content=\"Soyez cach\u00e9 en silence dans la nature. Les gants Deerhunter Sneaky 3D font partie d&#039;un ensemble con\u00e7u pour vous garder cach\u00e9 lorsque vous \u00eates dans la nature.\" \/>\n<meta name=\"twitter:label1\" content=\"Dur\u00e9e de lecture estim\u00e9e\" \/>\n\t<meta name=\"twitter:data1\" content=\"1 minute\" \/>\n<script type=\"application\/ld+json\" class=\"yoast-schema-graph\">{\"@context\":\"https:\/\/schema.org\",\"@graph\":[{\"@type\":\"WebPage\",\"@id\":\"https:\/\/staging.lucky-hunter.com\/fr\/product\/gants-sneaky-3d-avec-points-deerhunter\/\",\"url\":\"https:\/\/staging.lucky-hunter.com\/fr\/product\/gants-sneaky-3d-avec-points-deerhunter\/\",\"name\":\"Gants Sneaky 3D avec points - Deerhunter | Chasseur chanceux\",\"isPartOf\":{\"@id\":\"https:\/\/staging.lucky-hunter.com\/#website\"},\"primaryImageOfPage\":{\"@id\":\"https:\/\/staging.lucky-hunter.com\/fr\/product\/gants-sneaky-3d-avec-points-deerhunter\/#primaryimage\"},\"image\":{\"@id\":\"https:\/\/staging.lucky-hunter.com\/fr\/product\/gants-sneaky-3d-avec-points-deerhunter\/#primaryimage\"},\"thumbnailUrl\":\"https:\/\/staging.lucky-hunter.com\/wp-content\/uploads\/2019\/04\/DH-8168.png\",\"datePublished\":\"2019-04-04T07:51:12+00:00\",\"dateModified\":\"2025-06-26T14:07:41+00:00\",\"description\":\"Gants Sneaky 3D Deerhunter - Font partie de l'ensemble de v\u00eatements le plus silencieux sur le march\u00e9.\",\"breadcrumb\":{\"@id\":\"https:\/\/staging.lucky-hunter.com\/fr\/product\/gants-sneaky-3d-avec-points-deerhunter\/#breadcrumb\"},\"inLanguage\":\"fr-FR\",\"potentialAction\":[{\"@type\":\"ReadAction\",\"target\":[\"https:\/\/staging.lucky-hunter.com\/fr\/product\/gants-sneaky-3d-avec-points-deerhunter\/\"]}]},{\"@type\":\"ImageObject\",\"inLanguage\":\"fr-FR\",\"@id\":\"https:\/\/staging.lucky-hunter.com\/fr\/product\/gants-sneaky-3d-avec-points-deerhunter\/#primaryimage\",\"url\":\"https:\/\/staging.lucky-hunter.com\/wp-content\/uploads\/2019\/04\/DH-8168.png\",\"contentUrl\":\"https:\/\/staging.lucky-hunter.com\/wp-content\/uploads\/2019\/04\/DH-8168.png\",\"width\":1000,\"height\":1000,\"caption\":\"Image of Deerhunter Sneaky 3D Gloves with Dots\"},{\"@type\":\"BreadcrumbList\",\"@id\":\"https:\/\/staging.lucky-hunter.com\/fr\/product\/gants-sneaky-3d-avec-points-deerhunter\/#breadcrumb\",\"itemListElement\":[{\"@type\":\"ListItem\",\"position\":1,\"name\":\"Home\",\"item\":\"https:\/\/staging.lucky-hunter.com\/fr\/\"},{\"@type\":\"ListItem\",\"position\":2,\"name\":\"Boutique\",\"item\":\"https:\/\/staging.lucky-hunter.com\/fr\/shop\/\"},{\"@type\":\"ListItem\",\"position\":3,\"name\":\"Gants Sneaky 3D avec points &#8211; Deerhunter\"}]},{\"@type\":\"WebSite\",\"@id\":\"https:\/\/staging.lucky-hunter.com\/#website\",\"url\":\"https:\/\/staging.lucky-hunter.com\/\",\"name\":\"Lucky-Hunter\",\"description\":\"Gear Up or Give Up\",\"potentialAction\":[{\"@type\":\"SearchAction\",\"target\":{\"@type\":\"EntryPoint\",\"urlTemplate\":\"https:\/\/staging.lucky-hunter.com\/?s={search_term_string}\"},\"query-input\":{\"@type\":\"PropertyValueSpecification\",\"valueRequired\":true,\"valueName\":\"search_term_string\"}}],\"inLanguage\":\"fr-FR\"}]}<\/script>\n<!-- \/ Yoast SEO plugin. -->","yoast_head_json":{"title":"Gants Sneaky 3D avec points - Deerhunter | Chasseur chanceux","description":"Gants Sneaky 3D Deerhunter - Font partie de l'ensemble de v\u00eatements le plus silencieux sur le march\u00e9.","robots":{"index":"noindex","follow":"follow","max-snippet":"max-snippet:-1","max-image-preview":"max-image-preview:large","max-video-preview":"max-video-preview:-1"},"og_locale":"fr_FR","og_type":"article","og_title":"Gants Deerhunter Sneaky 3D \u00e0 pois | Chasseur chanceux","og_description":"Soyez cach\u00e9 en silence dans la nature. Les gants Deerhunter Sneaky 3D font partie d'un ensemble con\u00e7u pour vous garder cach\u00e9 lorsque vous \u00eates dans la nature.","og_url":"https:\/\/staging.lucky-hunter.com\/fr\/product\/gants-sneaky-3d-avec-points-deerhunter\/","og_site_name":"Lucky-Hunter","article_modified_time":"2025-06-26T14:07:41+00:00","og_image":[{"width":1000,"height":1000,"url":"https:\/\/staging.lucky-hunter.com\/wp-content\/uploads\/2019\/04\/DH-8168.png","type":"image\/png"}],"twitter_card":"summary_large_image","twitter_title":"Gants Deerhunter Sneaky 3D \u00e0 pois | Chasseur chanceux","twitter_description":"Soyez cach\u00e9 en silence dans la nature. Les gants Deerhunter Sneaky 3D font partie d'un ensemble con\u00e7u pour vous garder cach\u00e9 lorsque vous \u00eates dans la nature.","twitter_misc":{"Dur\u00e9e de lecture estim\u00e9e":"1 minute"},"schema":{"@context":"https:\/\/schema.org","@graph":[{"@type":"WebPage","@id":"https:\/\/staging.lucky-hunter.com\/fr\/product\/gants-sneaky-3d-avec-points-deerhunter\/","url":"https:\/\/staging.lucky-hunter.com\/fr\/product\/gants-sneaky-3d-avec-points-deerhunter\/","name":"Gants Sneaky 3D avec points - Deerhunter | Chasseur chanceux","isPartOf":{"@id":"https:\/\/staging.lucky-hunter.com\/#website"},"primaryImageOfPage":{"@id":"https:\/\/staging.lucky-hunter.com\/fr\/product\/gants-sneaky-3d-avec-points-deerhunter\/#primaryimage"},"image":{"@id":"https:\/\/staging.lucky-hunter.com\/fr\/product\/gants-sneaky-3d-avec-points-deerhunter\/#primaryimage"},"thumbnailUrl":"https:\/\/staging.lucky-hunter.com\/wp-content\/uploads\/2019\/04\/DH-8168.png","datePublished":"2019-04-04T07:51:12+00:00","dateModified":"2025-06-26T14:07:41+00:00","description":"Gants Sneaky 3D Deerhunter - Font partie de l'ensemble de v\u00eatements le plus silencieux sur le march\u00e9.","breadcrumb":{"@id":"https:\/\/staging.lucky-hunter.com\/fr\/product\/gants-sneaky-3d-avec-points-deerhunter\/#breadcrumb"},"inLanguage":"fr-FR","potentialAction":[{"@type":"ReadAction","target":["https:\/\/staging.lucky-hunter.com\/fr\/product\/gants-sneaky-3d-avec-points-deerhunter\/"]}]},{"@type":"ImageObject","inLanguage":"fr-FR","@id":"https:\/\/staging.lucky-hunter.com\/fr\/product\/gants-sneaky-3d-avec-points-deerhunter\/#primaryimage","url":"https:\/\/staging.lucky-hunter.com\/wp-content\/uploads\/2019\/04\/DH-8168.png","contentUrl":"https:\/\/staging.lucky-hunter.com\/wp-content\/uploads\/2019\/04\/DH-8168.png","width":1000,"height":1000,"caption":"Image of Deerhunter Sneaky 3D Gloves with Dots"},{"@type":"BreadcrumbList","@id":"https:\/\/staging.lucky-hunter.com\/fr\/product\/gants-sneaky-3d-avec-points-deerhunter\/#breadcrumb","itemListElement":[{"@type":"ListItem","position":1,"name":"Home","item":"https:\/\/staging.lucky-hunter.com\/fr\/"},{"@type":"ListItem","position":2,"name":"Boutique","item":"https:\/\/staging.lucky-hunter.com\/fr\/shop\/"},{"@type":"ListItem","position":3,"name":"Gants Sneaky 3D avec points &#8211; Deerhunter"}]},{"@type":"WebSite","@id":"https:\/\/staging.lucky-hunter.com\/#website","url":"https:\/\/staging.lucky-hunter.com\/","name":"Lucky-Hunter","description":"Gear Up or Give Up","potentialAction":[{"@type":"SearchAction","target":{"@type":"EntryPoint","urlTemplate":"https:\/\/staging.lucky-hunter.com\/?s={search_term_string}"},"query-input":{"@type":"PropertyValueSpecification","valueRequired":true,"valueName":"search_term_string"}}],"inLanguage":"fr-FR"}]}},"_links":{"self":[{"href":"https:\/\/staging.lucky-hunter.com\/fr\/wp-json\/wp\/v2\/product\/56175"}],"collection":[{"href":"https:\/\/staging.lucky-hunter.com\/fr\/wp-json\/wp\/v2\/product"}],"about":[{"href":"https:\/\/staging.lucky-hunter.com\/fr\/wp-json\/wp\/v2\/types\/product"}],"wp:featuredmedia":[{"embeddable":true,"href":"https:\/\/staging.lucky-hunter.com\/fr\/wp-json\/wp\/v2\/media\/29967"}],"wp:attachment":[{"href":"https:\/\/staging.lucky-hunter.com\/fr\/wp-json\/wp\/v2\/media?parent=56175"}],"wp:term":[{"taxonomy":"product_brand","embeddable":true,"href":"https:\/\/staging.lucky-hunter.com\/fr\/wp-json\/wp\/v2\/product_brand?post=56175"},{"taxonomy":"product_cat","embeddable":true,"href":"https:\/\/staging.lucky-hunter.com\/fr\/wp-json\/wp\/v2\/product_cat?post=56175"},{"taxonomy":"product_tag","embeddable":true,"href":"https:\/\/staging.lucky-hunter.com\/fr\/wp-json\/wp\/v2\/product_tag?post=56175"}],"curies":[{"name":"wp","href":"https:\/\/api.w.org\/{rel}","templated":true}]}}