{"id":56174,"date":"2019-04-04T09:55:48","date_gmt":"2019-04-04T07:55:48","guid":{"rendered":"https:\/\/staging.lucky-hunter.com\/product\/deerhunter-sneaky-3d-face-mask\/"},"modified":"2023-03-15T10:50:27","modified_gmt":"2023-03-15T09:50:27","slug":"deerhunter-sneaky-3d-face-mask","status":"publish","type":"product","link":"https:\/\/staging.lucky-hunter.com\/fr\/product\/deerhunter-sneaky-3d-face-mask\/","title":{"rendered":"Masque Sneaky 3D Deerhunter"},"content":{"rendered":"<div class=\"col-sm-6 hk-description\">\n<h2><b>Rapprochez-vous du gibier gr\u00e2ce \u00e0 ce masque facial Sneaky 3D de Deerhunter<\/b><\/h2>\n<p>Ce masque facial, ainsi que les autres \u00e9l\u00e9ments de l\u2019ensemble Sneaky Deerhunter, vous fourniront le camouflage ultime : un choix parfait pour le chasseur actif et l&#8217;ornithologue qui souhaitent se rapprocher du gibier.<\/p>\n<p>Parfait pour \u00e9viter les reflets sur votre visage tout en b\u00e9n\u00e9ficiant de la respirabilit\u00e9. Dispose de cordelettes d\u2019ajustement, pour un confort maximal. Comme il est \u00e0 100% en polyester, il restera confortable et l\u00e9ger toute la journ\u00e9e. Il est \u00e9galement tr\u00e8s facile \u00e0 nettoyer et \u00e0 entretenir.<\/p>\n<p><strong>Caract\u00e9ristiques\u00a0:<\/strong><\/p>\n<\/div>\n<div id=\"hikashop_product_technical_details\" class=\"col-sm-6\">\n<ul>\n<li>Camouflage maximal<\/li>\n<li>Cordelettes d\u2019ajustement<\/li>\n<li>Ext\u00e9rieur 100% polyester<\/li>\n<li>Laver s\u00e9par\u00e9ment \u00e0 l&#8217;envers<\/li>\n<li>Ne pas utiliser d&#8217;adoucissant<\/li>\n<li>Taille unique.<\/li>\n<\/ul>\n<\/div>\n","protected":false},"excerpt":{"rendered":"<p>Ce masque facial, ainsi que les autres \u00e9l\u00e9ments de l\u2019ensemble Sneaky Deerhunter, vous fourniront le camouflage ultime : un choix parfait pour le chasseur actif et l&#8217;ornithologue qui souhaitent se rapprocher du gibier.<\/p>\n","protected":false},"featured_media":29968,"template":"","meta":[],"product_brand":[8194],"product_cat":[9141],"product_tag":[9443,9445],"yoast_head":"<!-- This site is optimized with the Yoast SEO plugin v24.3 - https:\/\/yoast.com\/wordpress\/plugins\/seo\/ -->\n<title>Masque facial 3D sournois Deerhunter | NOUVEAU chez Lucky Hunter<\/title>\n<meta name=\"description\" content=\"Gardez-vous camoufl\u00e9. Ce masque facial de Deerhunter vous permettra de vous rapprocher de la faune, que vous soyez chasseur ou ornithologue.\" \/>\n<meta name=\"robots\" content=\"noindex, follow, max-snippet:-1, max-image-preview:large, max-video-preview:-1\" \/>\n<meta property=\"og:locale\" content=\"fr_FR\" \/>\n<meta property=\"og:type\" content=\"article\" \/>\n<meta property=\"og:title\" content=\"Masque facial 3D sournois Deerhunter | NOUVEAU chez Lucky Hunter\" \/>\n<meta property=\"og:description\" content=\"Gardez-vous camoufl\u00e9. Ce masque facial de Deerhunter vous permettra de vous rapprocher de la faune, que vous soyez chasseur ou ornithologue.\" \/>\n<meta property=\"og:url\" content=\"https:\/\/staging.lucky-hunter.com\/fr\/product\/deerhunter-sneaky-3d-face-mask\/\" \/>\n<meta property=\"og:site_name\" content=\"Lucky-Hunter\" \/>\n<meta property=\"article:modified_time\" content=\"2023-03-15T09:50:27+00:00\" \/>\n<meta property=\"og:image\" content=\"https:\/\/staging.lucky-hunter.com\/wp-content\/uploads\/2019\/04\/DH-6268.png\" \/>\n\t<meta property=\"og:image:width\" content=\"1000\" \/>\n\t<meta property=\"og:image:height\" content=\"1000\" \/>\n\t<meta property=\"og:image:type\" content=\"image\/png\" \/>\n<meta name=\"twitter:card\" content=\"summary_large_image\" \/>\n<meta name=\"twitter:title\" content=\"Masque facial 3D sournois Deerhunter | NOUVEAU chez Lucky Hunter\" \/>\n<meta name=\"twitter:description\" content=\"Gardez-vous camoufl\u00e9. Ce masque facial de Deerhunter vous permettra de vous rapprocher de la faune, que vous soyez chasseur ou ornithologue.\" \/>\n<meta name=\"twitter:label1\" content=\"Dur\u00e9e de lecture estim\u00e9e\" \/>\n\t<meta name=\"twitter:data1\" content=\"1 minute\" \/>\n<script type=\"application\/ld+json\" class=\"yoast-schema-graph\">{\"@context\":\"https:\/\/schema.org\",\"@graph\":[{\"@type\":\"WebPage\",\"@id\":\"https:\/\/staging.lucky-hunter.com\/fr\/product\/deerhunter-sneaky-3d-face-mask\/\",\"url\":\"https:\/\/staging.lucky-hunter.com\/fr\/product\/deerhunter-sneaky-3d-face-mask\/\",\"name\":\"Masque facial 3D sournois Deerhunter | NOUVEAU chez Lucky Hunter\",\"isPartOf\":{\"@id\":\"https:\/\/staging.lucky-hunter.com\/#website\"},\"primaryImageOfPage\":{\"@id\":\"https:\/\/staging.lucky-hunter.com\/fr\/product\/deerhunter-sneaky-3d-face-mask\/#primaryimage\"},\"image\":{\"@id\":\"https:\/\/staging.lucky-hunter.com\/fr\/product\/deerhunter-sneaky-3d-face-mask\/#primaryimage\"},\"thumbnailUrl\":\"https:\/\/staging.lucky-hunter.com\/wp-content\/uploads\/2019\/04\/DH-6268.png\",\"datePublished\":\"2019-04-04T07:55:48+00:00\",\"dateModified\":\"2023-03-15T09:50:27+00:00\",\"description\":\"Gardez-vous camoufl\u00e9. Ce masque facial de Deerhunter vous permettra de vous rapprocher de la faune, que vous soyez chasseur ou ornithologue.\",\"breadcrumb\":{\"@id\":\"https:\/\/staging.lucky-hunter.com\/fr\/product\/deerhunter-sneaky-3d-face-mask\/#breadcrumb\"},\"inLanguage\":\"fr-FR\",\"potentialAction\":[{\"@type\":\"ReadAction\",\"target\":[\"https:\/\/staging.lucky-hunter.com\/fr\/product\/deerhunter-sneaky-3d-face-mask\/\"]}]},{\"@type\":\"ImageObject\",\"inLanguage\":\"fr-FR\",\"@id\":\"https:\/\/staging.lucky-hunter.com\/fr\/product\/deerhunter-sneaky-3d-face-mask\/#primaryimage\",\"url\":\"https:\/\/staging.lucky-hunter.com\/wp-content\/uploads\/2019\/04\/DH-6268.png\",\"contentUrl\":\"https:\/\/staging.lucky-hunter.com\/wp-content\/uploads\/2019\/04\/DH-6268.png\",\"width\":1000,\"height\":1000,\"caption\":\"Image of the Deerhunter Sneaky 3D Face Mask\"},{\"@type\":\"BreadcrumbList\",\"@id\":\"https:\/\/staging.lucky-hunter.com\/fr\/product\/deerhunter-sneaky-3d-face-mask\/#breadcrumb\",\"itemListElement\":[{\"@type\":\"ListItem\",\"position\":1,\"name\":\"Home\",\"item\":\"https:\/\/staging.lucky-hunter.com\/fr\/\"},{\"@type\":\"ListItem\",\"position\":2,\"name\":\"Boutique\",\"item\":\"https:\/\/staging.lucky-hunter.com\/fr\/shop\/\"},{\"@type\":\"ListItem\",\"position\":3,\"name\":\"Masque Sneaky 3D Deerhunter\"}]},{\"@type\":\"WebSite\",\"@id\":\"https:\/\/staging.lucky-hunter.com\/#website\",\"url\":\"https:\/\/staging.lucky-hunter.com\/\",\"name\":\"Lucky-Hunter\",\"description\":\"Gear Up or Give Up\",\"potentialAction\":[{\"@type\":\"SearchAction\",\"target\":{\"@type\":\"EntryPoint\",\"urlTemplate\":\"https:\/\/staging.lucky-hunter.com\/?s={search_term_string}\"},\"query-input\":{\"@type\":\"PropertyValueSpecification\",\"valueRequired\":true,\"valueName\":\"search_term_string\"}}],\"inLanguage\":\"fr-FR\"}]}<\/script>\n<!-- \/ Yoast SEO plugin. -->","yoast_head_json":{"title":"Masque facial 3D sournois Deerhunter | NOUVEAU chez Lucky Hunter","description":"Gardez-vous camoufl\u00e9. Ce masque facial de Deerhunter vous permettra de vous rapprocher de la faune, que vous soyez chasseur ou ornithologue.","robots":{"index":"noindex","follow":"follow","max-snippet":"max-snippet:-1","max-image-preview":"max-image-preview:large","max-video-preview":"max-video-preview:-1"},"og_locale":"fr_FR","og_type":"article","og_title":"Masque facial 3D sournois Deerhunter | NOUVEAU chez Lucky Hunter","og_description":"Gardez-vous camoufl\u00e9. Ce masque facial de Deerhunter vous permettra de vous rapprocher de la faune, que vous soyez chasseur ou ornithologue.","og_url":"https:\/\/staging.lucky-hunter.com\/fr\/product\/deerhunter-sneaky-3d-face-mask\/","og_site_name":"Lucky-Hunter","article_modified_time":"2023-03-15T09:50:27+00:00","og_image":[{"width":1000,"height":1000,"url":"https:\/\/staging.lucky-hunter.com\/wp-content\/uploads\/2019\/04\/DH-6268.png","type":"image\/png"}],"twitter_card":"summary_large_image","twitter_title":"Masque facial 3D sournois Deerhunter | NOUVEAU chez Lucky Hunter","twitter_description":"Gardez-vous camoufl\u00e9. Ce masque facial de Deerhunter vous permettra de vous rapprocher de la faune, que vous soyez chasseur ou ornithologue.","twitter_misc":{"Dur\u00e9e de lecture estim\u00e9e":"1 minute"},"schema":{"@context":"https:\/\/schema.org","@graph":[{"@type":"WebPage","@id":"https:\/\/staging.lucky-hunter.com\/fr\/product\/deerhunter-sneaky-3d-face-mask\/","url":"https:\/\/staging.lucky-hunter.com\/fr\/product\/deerhunter-sneaky-3d-face-mask\/","name":"Masque facial 3D sournois Deerhunter | NOUVEAU chez Lucky Hunter","isPartOf":{"@id":"https:\/\/staging.lucky-hunter.com\/#website"},"primaryImageOfPage":{"@id":"https:\/\/staging.lucky-hunter.com\/fr\/product\/deerhunter-sneaky-3d-face-mask\/#primaryimage"},"image":{"@id":"https:\/\/staging.lucky-hunter.com\/fr\/product\/deerhunter-sneaky-3d-face-mask\/#primaryimage"},"thumbnailUrl":"https:\/\/staging.lucky-hunter.com\/wp-content\/uploads\/2019\/04\/DH-6268.png","datePublished":"2019-04-04T07:55:48+00:00","dateModified":"2023-03-15T09:50:27+00:00","description":"Gardez-vous camoufl\u00e9. Ce masque facial de Deerhunter vous permettra de vous rapprocher de la faune, que vous soyez chasseur ou ornithologue.","breadcrumb":{"@id":"https:\/\/staging.lucky-hunter.com\/fr\/product\/deerhunter-sneaky-3d-face-mask\/#breadcrumb"},"inLanguage":"fr-FR","potentialAction":[{"@type":"ReadAction","target":["https:\/\/staging.lucky-hunter.com\/fr\/product\/deerhunter-sneaky-3d-face-mask\/"]}]},{"@type":"ImageObject","inLanguage":"fr-FR","@id":"https:\/\/staging.lucky-hunter.com\/fr\/product\/deerhunter-sneaky-3d-face-mask\/#primaryimage","url":"https:\/\/staging.lucky-hunter.com\/wp-content\/uploads\/2019\/04\/DH-6268.png","contentUrl":"https:\/\/staging.lucky-hunter.com\/wp-content\/uploads\/2019\/04\/DH-6268.png","width":1000,"height":1000,"caption":"Image of the Deerhunter Sneaky 3D Face Mask"},{"@type":"BreadcrumbList","@id":"https:\/\/staging.lucky-hunter.com\/fr\/product\/deerhunter-sneaky-3d-face-mask\/#breadcrumb","itemListElement":[{"@type":"ListItem","position":1,"name":"Home","item":"https:\/\/staging.lucky-hunter.com\/fr\/"},{"@type":"ListItem","position":2,"name":"Boutique","item":"https:\/\/staging.lucky-hunter.com\/fr\/shop\/"},{"@type":"ListItem","position":3,"name":"Masque Sneaky 3D Deerhunter"}]},{"@type":"WebSite","@id":"https:\/\/staging.lucky-hunter.com\/#website","url":"https:\/\/staging.lucky-hunter.com\/","name":"Lucky-Hunter","description":"Gear Up or Give Up","potentialAction":[{"@type":"SearchAction","target":{"@type":"EntryPoint","urlTemplate":"https:\/\/staging.lucky-hunter.com\/?s={search_term_string}"},"query-input":{"@type":"PropertyValueSpecification","valueRequired":true,"valueName":"search_term_string"}}],"inLanguage":"fr-FR"}]}},"_links":{"self":[{"href":"https:\/\/staging.lucky-hunter.com\/fr\/wp-json\/wp\/v2\/product\/56174"}],"collection":[{"href":"https:\/\/staging.lucky-hunter.com\/fr\/wp-json\/wp\/v2\/product"}],"about":[{"href":"https:\/\/staging.lucky-hunter.com\/fr\/wp-json\/wp\/v2\/types\/product"}],"wp:featuredmedia":[{"embeddable":true,"href":"https:\/\/staging.lucky-hunter.com\/fr\/wp-json\/wp\/v2\/media\/29968"}],"wp:attachment":[{"href":"https:\/\/staging.lucky-hunter.com\/fr\/wp-json\/wp\/v2\/media?parent=56174"}],"wp:term":[{"taxonomy":"product_brand","embeddable":true,"href":"https:\/\/staging.lucky-hunter.com\/fr\/wp-json\/wp\/v2\/product_brand?post=56174"},{"taxonomy":"product_cat","embeddable":true,"href":"https:\/\/staging.lucky-hunter.com\/fr\/wp-json\/wp\/v2\/product_cat?post=56174"},{"taxonomy":"product_tag","embeddable":true,"href":"https:\/\/staging.lucky-hunter.com\/fr\/wp-json\/wp\/v2\/product_tag?post=56174"}],"curies":[{"name":"wp","href":"https:\/\/api.w.org\/{rel}","templated":true}]}}