{"id":56166,"date":"2019-09-11T15:25:09","date_gmt":"2019-09-11T13:25:09","guid":{"rendered":"https:\/\/staging.lucky-hunter.com\/product\/avery-silhouette-satchel\/"},"modified":"2025-06-26T15:58:59","modified_gmt":"2025-06-26T13:58:59","slug":"sac-pour-formes-silhouettes-avery","status":"publish","type":"product","link":"https:\/\/staging.lucky-hunter.com\/fr\/product\/sac-pour-formes-silhouettes-avery\/","title":{"rendered":"Sac pour formes silhouettes &#8211; Avery"},"content":{"rendered":"<h2><strong>Sac pour Silhouettes Avery &#8211; transportez facilement vos formes silhouettes !\u00a0<\/strong><\/h2>\n<p>Une nouvelle fa\u00e7on de transporter facilement jusqu&#8217;\u00e0 48 formes silhouettes \u00e0 la fois.<\/p>\n<p>Cette sac est parfaitement dimensionn\u00e9e et elle dispose d&#8217;une bandouli\u00e8re rembourr\u00e9e pour assurer un transport confortable de vos formes lorsque vous allez \u00e0 la chasse ou que vous en revenez. Vous pouvez donc les transporter confortablement et facilement lorsque vous voyagez vers des lieux plus \u00e9loign\u00e9s.<\/p>\n<p>Facile \u00e0 remplir et \u00e0 vider gr\u00e2ce \u00e0 l\u2019ample trappe de chargement lat\u00e9rale. Si facile que vous pouvez m\u00eame le faire dans l&#8217;obscurit\u00e9.<\/p>\n<p>Vous vous y attendez, ce sac est de haute qualit\u00e9 : il est fabriqu\u00e9 \u00e0 partir de polyester r\u00e9sistant de 600 et 1 800 deniers et il comporte des ferrures robustes. Avec cette qualit\u00e9 fantastique, il durera saison apr\u00e8s saison.<\/p>\n<p>Le meilleur moyen de prot\u00e9ger et de transporter vos formes silhouettes est aussi le plus simple.<\/p>\n<h4>Caract\u00e9ristiques\u00a0:<\/h4>\n<ul>\n<li>Peut facilement contenir jusqu&#8217;\u00e0 48 formes silhouettes standards et leurs piquets.<\/li>\n<li>Mat\u00e9riaux en polyester r\u00e9sistant<\/li>\n<li>La bandouli\u00e8re rembourr\u00e9e aide \u00e0 r\u00e9partir le poids<\/li>\n<\/ul>\n<p>Remarque : ce sac peut contenir jusqu&#8217;\u00e0 48 formes silhouettes standards et leurs piquets, pas 48 formes full-body standards.<\/p>\n","protected":false},"excerpt":{"rendered":"<p>Cette sac est parfaitement dimensionn\u00e9e et elle dispose d&#8217;une bandouli\u00e8re rembourr\u00e9e pour assurer un transport confortable de vos formes lorsque vous allez \u00e0 la chasse ou que vous en revenez.<\/p>\n","protected":false},"featured_media":278669,"template":"","meta":[],"product_brand":[8123],"product_cat":[8159],"product_tag":[],"yoast_head":"<!-- This site is optimized with the Yoast SEO plugin v24.3 - https:\/\/yoast.com\/wordpress\/plugins\/seo\/ -->\n<title>Sac pour formes silhouettes - Avery<\/title>\n<meta name=\"description\" content=\"Cette sac est parfaitement dimensionn\u00e9e et elle dispose d&#039;une bandouli\u00e8re rembourr\u00e9e pour assurer un transport confortable de vos formes lorsque vous allez \u00e0 la chasse ou que vous en revenez\" \/>\n<meta name=\"robots\" content=\"noindex, follow, max-snippet:-1, max-image-preview:large, max-video-preview:-1\" \/>\n<meta property=\"og:locale\" content=\"fr_FR\" \/>\n<meta property=\"og:type\" content=\"article\" \/>\n<meta property=\"og:title\" content=\"Avery Silhouette Satchel - Transportez jusqu&#039;\u00e0 48 leurres Silhouette pleine grandeur! | Chasseur chanceux\" \/>\n<meta property=\"og:description\" content=\"Avery Silhouette Satchel vous permet de transporter facilement et confortablement jusqu&#039;\u00e0 48 leurres et piquets silhouette pleine grandeur. R\u00e9sistant, grande qualit\u00e9.\" \/>\n<meta property=\"og:url\" content=\"https:\/\/staging.lucky-hunter.com\/fr\/product\/sac-pour-formes-silhouettes-avery\/\" \/>\n<meta property=\"og:site_name\" content=\"Lucky-Hunter\" \/>\n<meta property=\"article:modified_time\" content=\"2025-06-26T13:58:59+00:00\" \/>\n<meta property=\"og:image\" content=\"https:\/\/staging.lucky-hunter.com\/wp-content\/uploads\/2019\/09\/PU-62-1-removebg.png\" \/>\n\t<meta property=\"og:image:width\" content=\"750\" \/>\n\t<meta property=\"og:image:height\" content=\"938\" \/>\n\t<meta property=\"og:image:type\" content=\"image\/png\" \/>\n<meta name=\"twitter:card\" content=\"summary_large_image\" \/>\n<meta name=\"twitter:title\" content=\"Avery Silhouette Satchel - Transport Silhouette Leurres! | Chasseur chanceux\" \/>\n<meta name=\"twitter:description\" content=\"Avery Silhouette Satchel vous permet de transporter facilement et confortablement jusqu&#039;\u00e0 48 leurres et piquets silhouette pleine grandeur. R\u00e9sistant, grande qualit\u00e9.\" \/>\n<meta name=\"twitter:label1\" content=\"Dur\u00e9e de lecture estim\u00e9e\" \/>\n\t<meta name=\"twitter:data1\" content=\"2 minutes\" \/>\n<script type=\"application\/ld+json\" class=\"yoast-schema-graph\">{\"@context\":\"https:\/\/schema.org\",\"@graph\":[{\"@type\":\"WebPage\",\"@id\":\"https:\/\/staging.lucky-hunter.com\/fr\/product\/sac-pour-formes-silhouettes-avery\/\",\"url\":\"https:\/\/staging.lucky-hunter.com\/fr\/product\/sac-pour-formes-silhouettes-avery\/\",\"name\":\"Sac pour formes silhouettes - Avery\",\"isPartOf\":{\"@id\":\"https:\/\/staging.lucky-hunter.com\/#website\"},\"primaryImageOfPage\":{\"@id\":\"https:\/\/staging.lucky-hunter.com\/fr\/product\/sac-pour-formes-silhouettes-avery\/#primaryimage\"},\"image\":{\"@id\":\"https:\/\/staging.lucky-hunter.com\/fr\/product\/sac-pour-formes-silhouettes-avery\/#primaryimage\"},\"thumbnailUrl\":\"https:\/\/staging.lucky-hunter.com\/wp-content\/uploads\/2019\/09\/PU-62-1-removebg.png\",\"datePublished\":\"2019-09-11T13:25:09+00:00\",\"dateModified\":\"2025-06-26T13:58:59+00:00\",\"description\":\"Cette sac est parfaitement dimensionn\u00e9e et elle dispose d'une bandouli\u00e8re rembourr\u00e9e pour assurer un transport confortable de vos formes lorsque vous allez \u00e0 la chasse ou que vous en revenez\",\"breadcrumb\":{\"@id\":\"https:\/\/staging.lucky-hunter.com\/fr\/product\/sac-pour-formes-silhouettes-avery\/#breadcrumb\"},\"inLanguage\":\"fr-FR\",\"potentialAction\":[{\"@type\":\"ReadAction\",\"target\":[\"https:\/\/staging.lucky-hunter.com\/fr\/product\/sac-pour-formes-silhouettes-avery\/\"]}]},{\"@type\":\"ImageObject\",\"inLanguage\":\"fr-FR\",\"@id\":\"https:\/\/staging.lucky-hunter.com\/fr\/product\/sac-pour-formes-silhouettes-avery\/#primaryimage\",\"url\":\"https:\/\/staging.lucky-hunter.com\/wp-content\/uploads\/2019\/09\/PU-62-1-removebg.png\",\"contentUrl\":\"https:\/\/staging.lucky-hunter.com\/wp-content\/uploads\/2019\/09\/PU-62-1-removebg.png\",\"width\":750,\"height\":938},{\"@type\":\"BreadcrumbList\",\"@id\":\"https:\/\/staging.lucky-hunter.com\/fr\/product\/sac-pour-formes-silhouettes-avery\/#breadcrumb\",\"itemListElement\":[{\"@type\":\"ListItem\",\"position\":1,\"name\":\"Home\",\"item\":\"https:\/\/staging.lucky-hunter.com\/fr\/\"},{\"@type\":\"ListItem\",\"position\":2,\"name\":\"Boutique\",\"item\":\"https:\/\/staging.lucky-hunter.com\/fr\/shop\/\"},{\"@type\":\"ListItem\",\"position\":3,\"name\":\"Sac pour formes silhouettes &#8211; Avery\"}]},{\"@type\":\"WebSite\",\"@id\":\"https:\/\/staging.lucky-hunter.com\/#website\",\"url\":\"https:\/\/staging.lucky-hunter.com\/\",\"name\":\"Lucky-Hunter\",\"description\":\"Gear Up or Give Up\",\"potentialAction\":[{\"@type\":\"SearchAction\",\"target\":{\"@type\":\"EntryPoint\",\"urlTemplate\":\"https:\/\/staging.lucky-hunter.com\/?s={search_term_string}\"},\"query-input\":{\"@type\":\"PropertyValueSpecification\",\"valueRequired\":true,\"valueName\":\"search_term_string\"}}],\"inLanguage\":\"fr-FR\"}]}<\/script>\n<!-- \/ Yoast SEO plugin. -->","yoast_head_json":{"title":"Sac pour formes silhouettes - Avery","description":"Cette sac est parfaitement dimensionn\u00e9e et elle dispose d'une bandouli\u00e8re rembourr\u00e9e pour assurer un transport confortable de vos formes lorsque vous allez \u00e0 la chasse ou que vous en revenez","robots":{"index":"noindex","follow":"follow","max-snippet":"max-snippet:-1","max-image-preview":"max-image-preview:large","max-video-preview":"max-video-preview:-1"},"og_locale":"fr_FR","og_type":"article","og_title":"Avery Silhouette Satchel - Transportez jusqu'\u00e0 48 leurres Silhouette pleine grandeur! | Chasseur chanceux","og_description":"Avery Silhouette Satchel vous permet de transporter facilement et confortablement jusqu'\u00e0 48 leurres et piquets silhouette pleine grandeur. R\u00e9sistant, grande qualit\u00e9.","og_url":"https:\/\/staging.lucky-hunter.com\/fr\/product\/sac-pour-formes-silhouettes-avery\/","og_site_name":"Lucky-Hunter","article_modified_time":"2025-06-26T13:58:59+00:00","og_image":[{"width":750,"height":938,"url":"https:\/\/staging.lucky-hunter.com\/wp-content\/uploads\/2019\/09\/PU-62-1-removebg.png","type":"image\/png"}],"twitter_card":"summary_large_image","twitter_title":"Avery Silhouette Satchel - Transport Silhouette Leurres! | Chasseur chanceux","twitter_description":"Avery Silhouette Satchel vous permet de transporter facilement et confortablement jusqu'\u00e0 48 leurres et piquets silhouette pleine grandeur. R\u00e9sistant, grande qualit\u00e9.","twitter_misc":{"Dur\u00e9e de lecture estim\u00e9e":"2 minutes"},"schema":{"@context":"https:\/\/schema.org","@graph":[{"@type":"WebPage","@id":"https:\/\/staging.lucky-hunter.com\/fr\/product\/sac-pour-formes-silhouettes-avery\/","url":"https:\/\/staging.lucky-hunter.com\/fr\/product\/sac-pour-formes-silhouettes-avery\/","name":"Sac pour formes silhouettes - Avery","isPartOf":{"@id":"https:\/\/staging.lucky-hunter.com\/#website"},"primaryImageOfPage":{"@id":"https:\/\/staging.lucky-hunter.com\/fr\/product\/sac-pour-formes-silhouettes-avery\/#primaryimage"},"image":{"@id":"https:\/\/staging.lucky-hunter.com\/fr\/product\/sac-pour-formes-silhouettes-avery\/#primaryimage"},"thumbnailUrl":"https:\/\/staging.lucky-hunter.com\/wp-content\/uploads\/2019\/09\/PU-62-1-removebg.png","datePublished":"2019-09-11T13:25:09+00:00","dateModified":"2025-06-26T13:58:59+00:00","description":"Cette sac est parfaitement dimensionn\u00e9e et elle dispose d'une bandouli\u00e8re rembourr\u00e9e pour assurer un transport confortable de vos formes lorsque vous allez \u00e0 la chasse ou que vous en revenez","breadcrumb":{"@id":"https:\/\/staging.lucky-hunter.com\/fr\/product\/sac-pour-formes-silhouettes-avery\/#breadcrumb"},"inLanguage":"fr-FR","potentialAction":[{"@type":"ReadAction","target":["https:\/\/staging.lucky-hunter.com\/fr\/product\/sac-pour-formes-silhouettes-avery\/"]}]},{"@type":"ImageObject","inLanguage":"fr-FR","@id":"https:\/\/staging.lucky-hunter.com\/fr\/product\/sac-pour-formes-silhouettes-avery\/#primaryimage","url":"https:\/\/staging.lucky-hunter.com\/wp-content\/uploads\/2019\/09\/PU-62-1-removebg.png","contentUrl":"https:\/\/staging.lucky-hunter.com\/wp-content\/uploads\/2019\/09\/PU-62-1-removebg.png","width":750,"height":938},{"@type":"BreadcrumbList","@id":"https:\/\/staging.lucky-hunter.com\/fr\/product\/sac-pour-formes-silhouettes-avery\/#breadcrumb","itemListElement":[{"@type":"ListItem","position":1,"name":"Home","item":"https:\/\/staging.lucky-hunter.com\/fr\/"},{"@type":"ListItem","position":2,"name":"Boutique","item":"https:\/\/staging.lucky-hunter.com\/fr\/shop\/"},{"@type":"ListItem","position":3,"name":"Sac pour formes silhouettes &#8211; Avery"}]},{"@type":"WebSite","@id":"https:\/\/staging.lucky-hunter.com\/#website","url":"https:\/\/staging.lucky-hunter.com\/","name":"Lucky-Hunter","description":"Gear Up or Give Up","potentialAction":[{"@type":"SearchAction","target":{"@type":"EntryPoint","urlTemplate":"https:\/\/staging.lucky-hunter.com\/?s={search_term_string}"},"query-input":{"@type":"PropertyValueSpecification","valueRequired":true,"valueName":"search_term_string"}}],"inLanguage":"fr-FR"}]}},"_links":{"self":[{"href":"https:\/\/staging.lucky-hunter.com\/fr\/wp-json\/wp\/v2\/product\/56166"}],"collection":[{"href":"https:\/\/staging.lucky-hunter.com\/fr\/wp-json\/wp\/v2\/product"}],"about":[{"href":"https:\/\/staging.lucky-hunter.com\/fr\/wp-json\/wp\/v2\/types\/product"}],"wp:featuredmedia":[{"embeddable":true,"href":"https:\/\/staging.lucky-hunter.com\/fr\/wp-json\/wp\/v2\/media\/278669"}],"wp:attachment":[{"href":"https:\/\/staging.lucky-hunter.com\/fr\/wp-json\/wp\/v2\/media?parent=56166"}],"wp:term":[{"taxonomy":"product_brand","embeddable":true,"href":"https:\/\/staging.lucky-hunter.com\/fr\/wp-json\/wp\/v2\/product_brand?post=56166"},{"taxonomy":"product_cat","embeddable":true,"href":"https:\/\/staging.lucky-hunter.com\/fr\/wp-json\/wp\/v2\/product_cat?post=56166"},{"taxonomy":"product_tag","embeddable":true,"href":"https:\/\/staging.lucky-hunter.com\/fr\/wp-json\/wp\/v2\/product_tag?post=56166"}],"curies":[{"name":"wp","href":"https:\/\/api.w.org\/{rel}","templated":true}]}}