{"id":56164,"date":"2019-02-27T10:02:59","date_gmt":"2019-02-27T09:02:59","guid":{"rendered":"https:\/\/staging.lucky-hunter.com\/product\/dan-thompson-pup-squaller\/"},"modified":"2025-06-26T16:09:25","modified_gmt":"2025-06-26T14:09:25","slug":"dan-thompson-pup-squaller","status":"publish","type":"product","link":"https:\/\/staging.lucky-hunter.com\/fr\/product\/dan-thompson-pup-squaller\/","title":{"rendered":"Dan Thompson Pup Squaller"},"content":{"rendered":"<h2><strong>Dan Thompson Pup Squaller &#8211; appels mains libres<\/strong><\/h2>\n<p>Avec l&#8217;appeau \u00e0 pr\u00e9dateurs Pup Squaller de Dan Thompson, vous pouvez facilement reproduire le son des petites proies, telles que les souris, les \u00e9cureuils, les li\u00e8vres, etc.<\/p>\n<p>L&#8217;appeau se distingue par sa capacit\u00e9 \u00e0 tenir facilement entre les l\u00e8vres et \u00e0 permettre d\u2019appeler tout en ayant les mains libres pour tirer.<\/p>\n<p>Il est parfait pour chasser les jeunes sp\u00e9cimens en d\u00e9but de saison. Sa port\u00e9e est d&#8217;env. 200 \u00e0 400 m\u00e8tres selon le vent.<\/p>\n<p>Cet appeau est particuli\u00e8rement utile pour leurrer le pr\u00e9dateur que vous avez d\u00e9j\u00e0 rep\u00e9r\u00e9 et que vous aimeriez approcher.<\/p>\n<p>Commencez par appeler avec un volume relativement bas et augmentez progressivement. Appelez pendant 1 minute et faites une pause de 2 \u00e0 3 minutes. Soufflez quelques s\u00e9quences courtes et aigu\u00ebs suivies d&#8217;une longue plainte pour imiter un li\u00e8vre bless\u00e9.<\/p>\n<p>Variez le son pour qu&#8217;il ne devienne pas monotone.<\/p>\n","protected":false},"excerpt":{"rendered":"<p>Reproduisez facilement le son de proies plus petites. Dan Thompson Pup Squaller est id\u00e9al pour le tir mains libres en d\u00e9but de saison.<\/p>\n","protected":false},"featured_media":29924,"template":"","meta":[],"product_brand":[9605],"product_cat":[8234],"product_tag":[],"yoast_head":"<!-- This site is optimized with the Yoast SEO plugin v24.3 - https:\/\/yoast.com\/wordpress\/plugins\/seo\/ -->\n<title>Dan Thompson Pup Squaller Predator Appel | Chasseur chanceux<\/title>\n<meta name=\"description\" content=\"Reproduisez facilement le son de proies plus petites. Dan Thompson Pup Squaller est id\u00e9al pour le tir mains libres en d\u00e9but de saison.\" \/>\n<meta name=\"robots\" content=\"noindex, follow, max-snippet:-1, max-image-preview:large, max-video-preview:-1\" \/>\n<meta property=\"og:locale\" content=\"fr_FR\" \/>\n<meta property=\"og:type\" content=\"article\" \/>\n<meta property=\"og:title\" content=\"Dan Thompson Pup Squaller Predator Appel | Chasseur chanceux\" \/>\n<meta property=\"og:description\" content=\"Reproduisez facilement le son de proies plus petites. Dan Thompson Pup Squaller est id\u00e9al pour le tir mains libres en d\u00e9but de saison. Port\u00e9e d&#039;environ 200 \u00e0 400 m\u00e8tres.\" \/>\n<meta property=\"og:url\" content=\"https:\/\/staging.lucky-hunter.com\/fr\/product\/dan-thompson-pup-squaller\/\" \/>\n<meta property=\"og:site_name\" content=\"Lucky-Hunter\" \/>\n<meta property=\"article:modified_time\" content=\"2025-06-26T14:09:25+00:00\" \/>\n<meta property=\"og:image\" content=\"https:\/\/staging.lucky-hunter.com\/wp-content\/uploads\/2019\/02\/LK-157.png\" \/>\n\t<meta property=\"og:image:width\" content=\"1000\" \/>\n\t<meta property=\"og:image:height\" content=\"1000\" \/>\n\t<meta property=\"og:image:type\" content=\"image\/png\" \/>\n<meta name=\"twitter:card\" content=\"summary_large_image\" \/>\n<meta name=\"twitter:title\" content=\"Appeau Dan Thompson Pup Squaller | Chasseur chanceux\" \/>\n<meta name=\"twitter:description\" content=\"Reproduisez facilement le son de proies plus petites. Dan Thompson Pup Squaller est id\u00e9al pour le tir mains libres en d\u00e9but de saison. Port\u00e9e d&#039;environ 200 \u00e0 400 m\u00e8tres.\" \/>\n<meta name=\"twitter:label1\" content=\"Dur\u00e9e de lecture estim\u00e9e\" \/>\n\t<meta name=\"twitter:data1\" content=\"1 minute\" \/>\n<script type=\"application\/ld+json\" class=\"yoast-schema-graph\">{\"@context\":\"https:\/\/schema.org\",\"@graph\":[{\"@type\":\"WebPage\",\"@id\":\"https:\/\/staging.lucky-hunter.com\/fr\/product\/dan-thompson-pup-squaller\/\",\"url\":\"https:\/\/staging.lucky-hunter.com\/fr\/product\/dan-thompson-pup-squaller\/\",\"name\":\"Dan Thompson Pup Squaller Predator Appel | Chasseur chanceux\",\"isPartOf\":{\"@id\":\"https:\/\/staging.lucky-hunter.com\/#website\"},\"primaryImageOfPage\":{\"@id\":\"https:\/\/staging.lucky-hunter.com\/fr\/product\/dan-thompson-pup-squaller\/#primaryimage\"},\"image\":{\"@id\":\"https:\/\/staging.lucky-hunter.com\/fr\/product\/dan-thompson-pup-squaller\/#primaryimage\"},\"thumbnailUrl\":\"https:\/\/staging.lucky-hunter.com\/wp-content\/uploads\/2019\/02\/LK-157.png\",\"datePublished\":\"2019-02-27T09:02:59+00:00\",\"dateModified\":\"2025-06-26T14:09:25+00:00\",\"description\":\"Reproduisez facilement le son de proies plus petites. Dan Thompson Pup Squaller est id\u00e9al pour le tir mains libres en d\u00e9but de saison.\",\"breadcrumb\":{\"@id\":\"https:\/\/staging.lucky-hunter.com\/fr\/product\/dan-thompson-pup-squaller\/#breadcrumb\"},\"inLanguage\":\"fr-FR\",\"potentialAction\":[{\"@type\":\"ReadAction\",\"target\":[\"https:\/\/staging.lucky-hunter.com\/fr\/product\/dan-thompson-pup-squaller\/\"]}]},{\"@type\":\"ImageObject\",\"inLanguage\":\"fr-FR\",\"@id\":\"https:\/\/staging.lucky-hunter.com\/fr\/product\/dan-thompson-pup-squaller\/#primaryimage\",\"url\":\"https:\/\/staging.lucky-hunter.com\/wp-content\/uploads\/2019\/02\/LK-157.png\",\"contentUrl\":\"https:\/\/staging.lucky-hunter.com\/wp-content\/uploads\/2019\/02\/LK-157.png\",\"width\":1000,\"height\":1000,\"caption\":\"Image of Dan Thompson Pup Squaller\"},{\"@type\":\"BreadcrumbList\",\"@id\":\"https:\/\/staging.lucky-hunter.com\/fr\/product\/dan-thompson-pup-squaller\/#breadcrumb\",\"itemListElement\":[{\"@type\":\"ListItem\",\"position\":1,\"name\":\"Home\",\"item\":\"https:\/\/staging.lucky-hunter.com\/fr\/\"},{\"@type\":\"ListItem\",\"position\":2,\"name\":\"Boutique\",\"item\":\"https:\/\/staging.lucky-hunter.com\/fr\/shop\/\"},{\"@type\":\"ListItem\",\"position\":3,\"name\":\"Dan Thompson Pup Squaller\"}]},{\"@type\":\"WebSite\",\"@id\":\"https:\/\/staging.lucky-hunter.com\/#website\",\"url\":\"https:\/\/staging.lucky-hunter.com\/\",\"name\":\"Lucky-Hunter\",\"description\":\"Gear Up or Give Up\",\"potentialAction\":[{\"@type\":\"SearchAction\",\"target\":{\"@type\":\"EntryPoint\",\"urlTemplate\":\"https:\/\/staging.lucky-hunter.com\/?s={search_term_string}\"},\"query-input\":{\"@type\":\"PropertyValueSpecification\",\"valueRequired\":true,\"valueName\":\"search_term_string\"}}],\"inLanguage\":\"fr-FR\"}]}<\/script>\n<!-- \/ Yoast SEO plugin. -->","yoast_head_json":{"title":"Dan Thompson Pup Squaller Predator Appel | Chasseur chanceux","description":"Reproduisez facilement le son de proies plus petites. Dan Thompson Pup Squaller est id\u00e9al pour le tir mains libres en d\u00e9but de saison.","robots":{"index":"noindex","follow":"follow","max-snippet":"max-snippet:-1","max-image-preview":"max-image-preview:large","max-video-preview":"max-video-preview:-1"},"og_locale":"fr_FR","og_type":"article","og_title":"Dan Thompson Pup Squaller Predator Appel | Chasseur chanceux","og_description":"Reproduisez facilement le son de proies plus petites. Dan Thompson Pup Squaller est id\u00e9al pour le tir mains libres en d\u00e9but de saison. Port\u00e9e d'environ 200 \u00e0 400 m\u00e8tres.","og_url":"https:\/\/staging.lucky-hunter.com\/fr\/product\/dan-thompson-pup-squaller\/","og_site_name":"Lucky-Hunter","article_modified_time":"2025-06-26T14:09:25+00:00","og_image":[{"width":1000,"height":1000,"url":"https:\/\/staging.lucky-hunter.com\/wp-content\/uploads\/2019\/02\/LK-157.png","type":"image\/png"}],"twitter_card":"summary_large_image","twitter_title":"Appeau Dan Thompson Pup Squaller | Chasseur chanceux","twitter_description":"Reproduisez facilement le son de proies plus petites. Dan Thompson Pup Squaller est id\u00e9al pour le tir mains libres en d\u00e9but de saison. Port\u00e9e d'environ 200 \u00e0 400 m\u00e8tres.","twitter_misc":{"Dur\u00e9e de lecture estim\u00e9e":"1 minute"},"schema":{"@context":"https:\/\/schema.org","@graph":[{"@type":"WebPage","@id":"https:\/\/staging.lucky-hunter.com\/fr\/product\/dan-thompson-pup-squaller\/","url":"https:\/\/staging.lucky-hunter.com\/fr\/product\/dan-thompson-pup-squaller\/","name":"Dan Thompson Pup Squaller Predator Appel | Chasseur chanceux","isPartOf":{"@id":"https:\/\/staging.lucky-hunter.com\/#website"},"primaryImageOfPage":{"@id":"https:\/\/staging.lucky-hunter.com\/fr\/product\/dan-thompson-pup-squaller\/#primaryimage"},"image":{"@id":"https:\/\/staging.lucky-hunter.com\/fr\/product\/dan-thompson-pup-squaller\/#primaryimage"},"thumbnailUrl":"https:\/\/staging.lucky-hunter.com\/wp-content\/uploads\/2019\/02\/LK-157.png","datePublished":"2019-02-27T09:02:59+00:00","dateModified":"2025-06-26T14:09:25+00:00","description":"Reproduisez facilement le son de proies plus petites. Dan Thompson Pup Squaller est id\u00e9al pour le tir mains libres en d\u00e9but de saison.","breadcrumb":{"@id":"https:\/\/staging.lucky-hunter.com\/fr\/product\/dan-thompson-pup-squaller\/#breadcrumb"},"inLanguage":"fr-FR","potentialAction":[{"@type":"ReadAction","target":["https:\/\/staging.lucky-hunter.com\/fr\/product\/dan-thompson-pup-squaller\/"]}]},{"@type":"ImageObject","inLanguage":"fr-FR","@id":"https:\/\/staging.lucky-hunter.com\/fr\/product\/dan-thompson-pup-squaller\/#primaryimage","url":"https:\/\/staging.lucky-hunter.com\/wp-content\/uploads\/2019\/02\/LK-157.png","contentUrl":"https:\/\/staging.lucky-hunter.com\/wp-content\/uploads\/2019\/02\/LK-157.png","width":1000,"height":1000,"caption":"Image of Dan Thompson Pup Squaller"},{"@type":"BreadcrumbList","@id":"https:\/\/staging.lucky-hunter.com\/fr\/product\/dan-thompson-pup-squaller\/#breadcrumb","itemListElement":[{"@type":"ListItem","position":1,"name":"Home","item":"https:\/\/staging.lucky-hunter.com\/fr\/"},{"@type":"ListItem","position":2,"name":"Boutique","item":"https:\/\/staging.lucky-hunter.com\/fr\/shop\/"},{"@type":"ListItem","position":3,"name":"Dan Thompson Pup Squaller"}]},{"@type":"WebSite","@id":"https:\/\/staging.lucky-hunter.com\/#website","url":"https:\/\/staging.lucky-hunter.com\/","name":"Lucky-Hunter","description":"Gear Up or Give Up","potentialAction":[{"@type":"SearchAction","target":{"@type":"EntryPoint","urlTemplate":"https:\/\/staging.lucky-hunter.com\/?s={search_term_string}"},"query-input":{"@type":"PropertyValueSpecification","valueRequired":true,"valueName":"search_term_string"}}],"inLanguage":"fr-FR"}]}},"_links":{"self":[{"href":"https:\/\/staging.lucky-hunter.com\/fr\/wp-json\/wp\/v2\/product\/56164"}],"collection":[{"href":"https:\/\/staging.lucky-hunter.com\/fr\/wp-json\/wp\/v2\/product"}],"about":[{"href":"https:\/\/staging.lucky-hunter.com\/fr\/wp-json\/wp\/v2\/types\/product"}],"wp:featuredmedia":[{"embeddable":true,"href":"https:\/\/staging.lucky-hunter.com\/fr\/wp-json\/wp\/v2\/media\/29924"}],"wp:attachment":[{"href":"https:\/\/staging.lucky-hunter.com\/fr\/wp-json\/wp\/v2\/media?parent=56164"}],"wp:term":[{"taxonomy":"product_brand","embeddable":true,"href":"https:\/\/staging.lucky-hunter.com\/fr\/wp-json\/wp\/v2\/product_brand?post=56164"},{"taxonomy":"product_cat","embeddable":true,"href":"https:\/\/staging.lucky-hunter.com\/fr\/wp-json\/wp\/v2\/product_cat?post=56164"},{"taxonomy":"product_tag","embeddable":true,"href":"https:\/\/staging.lucky-hunter.com\/fr\/wp-json\/wp\/v2\/product_tag?post=56164"}],"curies":[{"name":"wp","href":"https:\/\/api.w.org\/{rel}","templated":true}]}}