{"id":56163,"date":"2018-11-01T13:28:10","date_gmt":"2018-11-01T12:28:10","guid":{"rendered":"https:\/\/staging.lucky-hunter.com\/product\/dan-thompson-weems-cottontail\/"},"modified":"2025-06-30T15:36:35","modified_gmt":"2025-06-30T13:36:35","slug":"appeau-a-predateurs-dan-thompson-weems-cottontail","status":"publish","type":"product","link":"https:\/\/staging.lucky-hunter.com\/fr\/product\/appeau-a-predateurs-dan-thompson-weems-cottontail\/","title":{"rendered":"Appeau \u00e0 Pr\u00e9dateurs Dan Thompson &#8211; Weems Cottontail"},"content":{"rendered":"<h1><strong>Chasse aux pr\u00e9dateurs \u00e0 longue distance<\/strong><\/h1>\n<p>Le Weems Cottontail de Dan Thompson est parfait pour la chasse au renard, au chacal, au loup, ou pour attirer l&#8217;attention des corbeaux.<\/p>\n<p>Cet appeau offre un bon volume et produit un son de li\u00e8vre bless\u00e9 plus aigu qui se r\u00e9v\u00e8le particuli\u00e8rement utile les jours de vent fort.<\/p>\n<p>Le Weems Cottontail de Dan Thompson est parfait pour les grandes zones bois\u00e9es dans lesquelles le renard peut venir de loin, parfois plus de 1000 m\u00e8tres.<\/p>\n<p>Placez-vous en terrain d\u00e9couvert, \u00e0 80-100 m\u00e8tres de la lisi\u00e8re de la for\u00eat, et commencez \u00e0 appeler avec un volume plut\u00f4t bas en augmentant progressivement. Appelez pendant 1 minute et faites une pause de 2 \u00e0 3 minutes. Soufflez 3 s\u00e9quences courtes et aigu\u00ebs suivies d&#8217;une longue plainte pour imiter un li\u00e8vre bless\u00e9. Un animal bless\u00e9 hurle, alors donnez tout ce que vous avez !<\/p>\n<p>Veillez \u00e0 varier le son afin qu&#8217;il ne devienne pas monotone.<\/p>\n<p>Les appeaux Dan Thompson sont fabriqu\u00e9s exclusivement en bois de noyer am\u00e9ricain, ce qui garantit un son pr\u00e9cis et de qualit\u00e9.<\/p>\n<p>Les appeaux Dan Thompson sont parmi les plus faciles \u00e0 utiliser correctement, ils sont donc recommand\u00e9s par certains des plus \u00e9minents sp\u00e9cialistes de la chasse au renard, dont le danois Sandor Hestb\u00e6k Markus et le producteur de films su\u00e9dois Ulf Lindroth.<\/p>\n<div class=\"video video-fit mb\" style=\"padding-top:56.25%;\"><p><iframe title=\"LOKKEKALD TIL R\u00c6V FRA DAN THOMPSON OG VERMINATOR\" width=\"1020\" height=\"574\" src=\"https:\/\/www.youtube.com\/embed\/QZhc0SQflyw?wmode=transparent&amp;rel=0&amp;feature=oembed&#038;enablejsapi=1&#038;origin=https:\/\/staging.lucky-hunter.com\" frameborder=\"0\" allow=\"accelerometer; autoplay; clipboard-write; encrypted-media; gyroscope; picture-in-picture; web-share\" allowfullscreen><\/iframe><\/p>\n<\/div>\n","protected":false},"excerpt":{"rendered":"<p>Le Weems Cottontail de Dan Thompson est parfait pour la chasse au renard, au chacal, au loup, ou pour attirer l&#8217;attention des corbeaux.<\/p>\n","protected":false},"featured_media":29876,"template":"","meta":[],"product_brand":[8211],"product_cat":[8234],"product_tag":[9441,9445],"yoast_head":"<!-- This site is optimized with the Yoast SEO plugin v24.3 - https:\/\/yoast.com\/wordpress\/plugins\/seo\/ -->\n<title>Appeau \u00e0 Pr\u00e9dateurs Dan Thompson - Weems Cottontail<\/title>\n<meta name=\"description\" content=\"Le Weems Cottontail de Dan Thompson est parfait pour les grandes zones bois\u00e9es dans lesquelles le renard peut venir de loin, parfois plus de 1000 m\u00e8tres.\" \/>\n<meta name=\"robots\" content=\"noindex, follow, max-snippet:-1, max-image-preview:large, max-video-preview:-1\" \/>\n<meta property=\"og:locale\" content=\"fr_FR\" \/>\n<meta property=\"og:type\" content=\"article\" \/>\n<meta property=\"og:title\" content=\"Appeau \u00e0 Pr\u00e9dateurs Dan Thompson - Weems Cottontail\" \/>\n<meta property=\"og:description\" content=\"Le Weems Cottontail de Dan Thompson est parfait pour les grandes zones bois\u00e9es dans lesquelles le renard peut venir de loin, parfois plus de 1000 m\u00e8tres.\" \/>\n<meta property=\"og:url\" content=\"https:\/\/staging.lucky-hunter.com\/fr\/product\/appeau-a-predateurs-dan-thompson-weems-cottontail\/\" \/>\n<meta property=\"og:site_name\" content=\"Lucky-Hunter\" \/>\n<meta property=\"article:modified_time\" content=\"2025-06-30T13:36:35+00:00\" \/>\n<meta property=\"og:image\" content=\"https:\/\/staging.lucky-hunter.com\/wp-content\/uploads\/2018\/11\/LK-156.png\" \/>\n\t<meta property=\"og:image:width\" content=\"1000\" \/>\n\t<meta property=\"og:image:height\" content=\"1000\" \/>\n\t<meta property=\"og:image:type\" content=\"image\/png\" \/>\n<meta name=\"twitter:card\" content=\"summary_large_image\" \/>\n<meta name=\"twitter:label1\" content=\"Dur\u00e9e de lecture estim\u00e9e\" \/>\n\t<meta name=\"twitter:data1\" content=\"2 minutes\" \/>\n<script type=\"application\/ld+json\" class=\"yoast-schema-graph\">{\"@context\":\"https:\/\/schema.org\",\"@graph\":[{\"@type\":\"WebPage\",\"@id\":\"https:\/\/staging.lucky-hunter.com\/fr\/product\/appeau-a-predateurs-dan-thompson-weems-cottontail\/\",\"url\":\"https:\/\/staging.lucky-hunter.com\/fr\/product\/appeau-a-predateurs-dan-thompson-weems-cottontail\/\",\"name\":\"Appeau \u00e0 Pr\u00e9dateurs Dan Thompson - Weems Cottontail\",\"isPartOf\":{\"@id\":\"https:\/\/staging.lucky-hunter.com\/#website\"},\"primaryImageOfPage\":{\"@id\":\"https:\/\/staging.lucky-hunter.com\/fr\/product\/appeau-a-predateurs-dan-thompson-weems-cottontail\/#primaryimage\"},\"image\":{\"@id\":\"https:\/\/staging.lucky-hunter.com\/fr\/product\/appeau-a-predateurs-dan-thompson-weems-cottontail\/#primaryimage\"},\"thumbnailUrl\":\"https:\/\/staging.lucky-hunter.com\/wp-content\/uploads\/2018\/11\/LK-156.png\",\"datePublished\":\"2018-11-01T12:28:10+00:00\",\"dateModified\":\"2025-06-30T13:36:35+00:00\",\"description\":\"Le Weems Cottontail de Dan Thompson est parfait pour les grandes zones bois\u00e9es dans lesquelles le renard peut venir de loin, parfois plus de 1000 m\u00e8tres.\",\"breadcrumb\":{\"@id\":\"https:\/\/staging.lucky-hunter.com\/fr\/product\/appeau-a-predateurs-dan-thompson-weems-cottontail\/#breadcrumb\"},\"inLanguage\":\"fr-FR\",\"potentialAction\":[{\"@type\":\"ReadAction\",\"target\":[\"https:\/\/staging.lucky-hunter.com\/fr\/product\/appeau-a-predateurs-dan-thompson-weems-cottontail\/\"]}]},{\"@type\":\"ImageObject\",\"inLanguage\":\"fr-FR\",\"@id\":\"https:\/\/staging.lucky-hunter.com\/fr\/product\/appeau-a-predateurs-dan-thompson-weems-cottontail\/#primaryimage\",\"url\":\"https:\/\/staging.lucky-hunter.com\/wp-content\/uploads\/2018\/11\/LK-156.png\",\"contentUrl\":\"https:\/\/staging.lucky-hunter.com\/wp-content\/uploads\/2018\/11\/LK-156.png\",\"width\":1000,\"height\":1000},{\"@type\":\"BreadcrumbList\",\"@id\":\"https:\/\/staging.lucky-hunter.com\/fr\/product\/appeau-a-predateurs-dan-thompson-weems-cottontail\/#breadcrumb\",\"itemListElement\":[{\"@type\":\"ListItem\",\"position\":1,\"name\":\"Home\",\"item\":\"https:\/\/staging.lucky-hunter.com\/fr\/\"},{\"@type\":\"ListItem\",\"position\":2,\"name\":\"Boutique\",\"item\":\"https:\/\/staging.lucky-hunter.com\/fr\/shop\/\"},{\"@type\":\"ListItem\",\"position\":3,\"name\":\"Appeau \u00e0 Pr\u00e9dateurs Dan Thompson &#8211; Weems Cottontail\"}]},{\"@type\":\"WebSite\",\"@id\":\"https:\/\/staging.lucky-hunter.com\/#website\",\"url\":\"https:\/\/staging.lucky-hunter.com\/\",\"name\":\"Lucky-Hunter\",\"description\":\"Gear Up or Give Up\",\"potentialAction\":[{\"@type\":\"SearchAction\",\"target\":{\"@type\":\"EntryPoint\",\"urlTemplate\":\"https:\/\/staging.lucky-hunter.com\/?s={search_term_string}\"},\"query-input\":{\"@type\":\"PropertyValueSpecification\",\"valueRequired\":true,\"valueName\":\"search_term_string\"}}],\"inLanguage\":\"fr-FR\"}]}<\/script>\n<!-- \/ Yoast SEO plugin. -->","yoast_head_json":{"title":"Appeau \u00e0 Pr\u00e9dateurs Dan Thompson - Weems Cottontail","description":"Le Weems Cottontail de Dan Thompson est parfait pour les grandes zones bois\u00e9es dans lesquelles le renard peut venir de loin, parfois plus de 1000 m\u00e8tres.","robots":{"index":"noindex","follow":"follow","max-snippet":"max-snippet:-1","max-image-preview":"max-image-preview:large","max-video-preview":"max-video-preview:-1"},"og_locale":"fr_FR","og_type":"article","og_title":"Appeau \u00e0 Pr\u00e9dateurs Dan Thompson - Weems Cottontail","og_description":"Le Weems Cottontail de Dan Thompson est parfait pour les grandes zones bois\u00e9es dans lesquelles le renard peut venir de loin, parfois plus de 1000 m\u00e8tres.","og_url":"https:\/\/staging.lucky-hunter.com\/fr\/product\/appeau-a-predateurs-dan-thompson-weems-cottontail\/","og_site_name":"Lucky-Hunter","article_modified_time":"2025-06-30T13:36:35+00:00","og_image":[{"width":1000,"height":1000,"url":"https:\/\/staging.lucky-hunter.com\/wp-content\/uploads\/2018\/11\/LK-156.png","type":"image\/png"}],"twitter_card":"summary_large_image","twitter_misc":{"Dur\u00e9e de lecture estim\u00e9e":"2 minutes"},"schema":{"@context":"https:\/\/schema.org","@graph":[{"@type":"WebPage","@id":"https:\/\/staging.lucky-hunter.com\/fr\/product\/appeau-a-predateurs-dan-thompson-weems-cottontail\/","url":"https:\/\/staging.lucky-hunter.com\/fr\/product\/appeau-a-predateurs-dan-thompson-weems-cottontail\/","name":"Appeau \u00e0 Pr\u00e9dateurs Dan Thompson - Weems Cottontail","isPartOf":{"@id":"https:\/\/staging.lucky-hunter.com\/#website"},"primaryImageOfPage":{"@id":"https:\/\/staging.lucky-hunter.com\/fr\/product\/appeau-a-predateurs-dan-thompson-weems-cottontail\/#primaryimage"},"image":{"@id":"https:\/\/staging.lucky-hunter.com\/fr\/product\/appeau-a-predateurs-dan-thompson-weems-cottontail\/#primaryimage"},"thumbnailUrl":"https:\/\/staging.lucky-hunter.com\/wp-content\/uploads\/2018\/11\/LK-156.png","datePublished":"2018-11-01T12:28:10+00:00","dateModified":"2025-06-30T13:36:35+00:00","description":"Le Weems Cottontail de Dan Thompson est parfait pour les grandes zones bois\u00e9es dans lesquelles le renard peut venir de loin, parfois plus de 1000 m\u00e8tres.","breadcrumb":{"@id":"https:\/\/staging.lucky-hunter.com\/fr\/product\/appeau-a-predateurs-dan-thompson-weems-cottontail\/#breadcrumb"},"inLanguage":"fr-FR","potentialAction":[{"@type":"ReadAction","target":["https:\/\/staging.lucky-hunter.com\/fr\/product\/appeau-a-predateurs-dan-thompson-weems-cottontail\/"]}]},{"@type":"ImageObject","inLanguage":"fr-FR","@id":"https:\/\/staging.lucky-hunter.com\/fr\/product\/appeau-a-predateurs-dan-thompson-weems-cottontail\/#primaryimage","url":"https:\/\/staging.lucky-hunter.com\/wp-content\/uploads\/2018\/11\/LK-156.png","contentUrl":"https:\/\/staging.lucky-hunter.com\/wp-content\/uploads\/2018\/11\/LK-156.png","width":1000,"height":1000},{"@type":"BreadcrumbList","@id":"https:\/\/staging.lucky-hunter.com\/fr\/product\/appeau-a-predateurs-dan-thompson-weems-cottontail\/#breadcrumb","itemListElement":[{"@type":"ListItem","position":1,"name":"Home","item":"https:\/\/staging.lucky-hunter.com\/fr\/"},{"@type":"ListItem","position":2,"name":"Boutique","item":"https:\/\/staging.lucky-hunter.com\/fr\/shop\/"},{"@type":"ListItem","position":3,"name":"Appeau \u00e0 Pr\u00e9dateurs Dan Thompson &#8211; Weems Cottontail"}]},{"@type":"WebSite","@id":"https:\/\/staging.lucky-hunter.com\/#website","url":"https:\/\/staging.lucky-hunter.com\/","name":"Lucky-Hunter","description":"Gear Up or Give Up","potentialAction":[{"@type":"SearchAction","target":{"@type":"EntryPoint","urlTemplate":"https:\/\/staging.lucky-hunter.com\/?s={search_term_string}"},"query-input":{"@type":"PropertyValueSpecification","valueRequired":true,"valueName":"search_term_string"}}],"inLanguage":"fr-FR"}]}},"_links":{"self":[{"href":"https:\/\/staging.lucky-hunter.com\/fr\/wp-json\/wp\/v2\/product\/56163"}],"collection":[{"href":"https:\/\/staging.lucky-hunter.com\/fr\/wp-json\/wp\/v2\/product"}],"about":[{"href":"https:\/\/staging.lucky-hunter.com\/fr\/wp-json\/wp\/v2\/types\/product"}],"wp:featuredmedia":[{"embeddable":true,"href":"https:\/\/staging.lucky-hunter.com\/fr\/wp-json\/wp\/v2\/media\/29876"}],"wp:attachment":[{"href":"https:\/\/staging.lucky-hunter.com\/fr\/wp-json\/wp\/v2\/media?parent=56163"}],"wp:term":[{"taxonomy":"product_brand","embeddable":true,"href":"https:\/\/staging.lucky-hunter.com\/fr\/wp-json\/wp\/v2\/product_brand?post=56163"},{"taxonomy":"product_cat","embeddable":true,"href":"https:\/\/staging.lucky-hunter.com\/fr\/wp-json\/wp\/v2\/product_cat?post=56163"},{"taxonomy":"product_tag","embeddable":true,"href":"https:\/\/staging.lucky-hunter.com\/fr\/wp-json\/wp\/v2\/product_tag?post=56163"}],"curies":[{"name":"wp","href":"https:\/\/api.w.org\/{rel}","templated":true}]}}