{"id":56162,"date":"2020-01-29T11:51:00","date_gmt":"2020-01-29T10:51:00","guid":{"rendered":"https:\/\/staging.lucky-hunter.com\/product\/dan-thompson-raccoon-dog-call\/"},"modified":"2025-06-26T15:46:10","modified_gmt":"2025-06-26T13:46:10","slug":"appeau-a-chiens-viverrins-dan-thompson-rd1","status":"publish","type":"product","link":"https:\/\/staging.lucky-hunter.com\/fr\/product\/appeau-a-chiens-viverrins-dan-thompson-rd1\/","title":{"rendered":"Appeau \u00e0 Chiens Viverrins Dan Thompson RD1"},"content":{"rendered":"<div class=\"video video-fit mb\" style=\"padding-top:56.25%;\"><p><iframe title=\"Dan Thompson Racoon Dog Call RD1\" width=\"1020\" height=\"574\" src=\"https:\/\/www.youtube.com\/embed\/X2au-yEiJ0Y?wmode=transparent&amp;rel=0&amp;feature=oembed&#038;enablejsapi=1&#038;origin=https:\/\/staging.lucky-hunter.com\" frameborder=\"0\" allow=\"accelerometer; autoplay; clipboard-write; encrypted-media; gyroscope; picture-in-picture; web-share\" allowfullscreen><\/iframe><\/p>\n<\/div>\n<h2 style=\"font-weight: 400;\"><strong>Appeau \u00e0 Chiens Viverrins &#8211; app\u00e2tez-les<\/strong><\/h2>\n<p style=\"font-weight: 400;\">Nous avons d\u00e9velopp\u00e9 ce nouvel appeau \u00e0 chiens viverrinsen collaboration avec le fabricant am\u00e9ricain Dan Thompson Calls. Celui qui fabrique les c\u00e9l\u00e8bres appeaux PC pour la chasse au renard et aux autres pr\u00e9dateurs.<\/p>\n<p style=\"font-weight: 400;\">Nous avons envoy\u00e9 des enregistrements de nos cam\u00e9ras de chasse \u00e0 John Haslem, de Dan Thompson Calls, qui a ensuite choisi la forme de l&#8217;appeau et a accord\u00e9 les sons \u00e0 la perfection. Et voil\u00e0, d\u00e9sormais vous pouvez reproduire les sons que les chiens viverrins utilisent pour communiquer.<\/p>\n<p>S&#8217;ils sont l\u00e2ch\u00e9s dans la nature, les chiens viverrins peuvent \u00eatre extr\u00eamement pr\u00e9judiciables pour l&#8217;environnement et pour les esp\u00e8ces indig\u00e8nes de la r\u00e9gion. Malgr\u00e9 leur apparence, ils ne sont pas r\u00e9ellement li\u00e9s au raton laveur.<\/p>\n<p style=\"font-weight: 400;\">John Haslem accorde personnellement et \u00e0 la main tous les appeaux \u00e0 pr\u00e9dateurs PC.<\/p>\n<p><strong>Comment utiliser votre appeau RD1\u00a0: <\/strong><\/p>\n<ul>\n<li style=\"font-weight: 400;\">Port\u00e9e allant jusqu&#8217;\u00e0 300 m\u00e8tres, selon le vent et le terrain.<\/li>\n<li style=\"font-weight: 400;\">Placez-vous en bordure de la zone en ayant une bonne vue d&#8217;ensemble.<\/li>\n<li>Commencez \u00e0 appeler avec un volume peu \u00e9lev\u00e9 et augmentez progressivement.<\/li>\n<li>Appelez pendant 1 minute et faites une pause de 2 \u00e0 3 minutes.<\/li>\n<li>Variez les sons pour qu&#8217;ils ne deviennent pas monotones<\/li>\n<\/ul>\n<p>Si vous poss\u00e9dez d\u00e9j\u00e0 un appeau \u00e0 pr\u00e9dateurs PC, vous savez \u00e0 quel point les appeaux Dan Thompson sont faciles \u00e0 utiliser.<\/p>\n<p>Fabriqu\u00e9 \u00e0 la main avec le meilleur bois dur am\u00e9ricain.<\/p>\n<div class=\"video video-fit mb\" style=\"padding-top:56.25%;\"><p><iframe title=\"Kald til m\u00e5rhund fra Dan Thompson - lydoptagelse\" width=\"1020\" height=\"765\" src=\"https:\/\/www.youtube.com\/embed\/N7Ir08oFs5c?wmode=transparent&amp;rel=0&amp;feature=oembed&#038;enablejsapi=1&#038;origin=https:\/\/staging.lucky-hunter.com\" frameborder=\"0\" allow=\"accelerometer; autoplay; clipboard-write; encrypted-media; gyroscope; picture-in-picture; web-share\" allowfullscreen><\/iframe><\/p>\n<\/div>\n","protected":false},"excerpt":{"rendered":"<p>Nous avons d\u00e9velopp\u00e9 ce nouvel appeau \u00e0 chiens viverrinsen collaboration avec le fabricant am\u00e9ricain Dan Thompson Calls.<\/p>\n","protected":false},"featured_media":30052,"template":"","meta":[],"product_brand":[8211],"product_cat":[8234],"product_tag":[9445],"yoast_head":"<!-- This site is optimized with the Yoast SEO plugin v24.3 - https:\/\/yoast.com\/wordpress\/plugins\/seo\/ -->\n<title>Appeau \u00e0 Chiens Viverrins Dan Thompson RD1<\/title>\n<meta name=\"description\" content=\"Appeau de chien viverrin de Dan Thompson Calls. Produit pour attirer le chien viverrin dans la nature afin de contr\u00f4ler les esp\u00e8ces envahissantes.\" \/>\n<meta name=\"robots\" content=\"noindex, follow, max-snippet:-1, max-image-preview:large, max-video-preview:-1\" \/>\n<meta property=\"og:locale\" content=\"fr_FR\" \/>\n<meta property=\"og:type\" content=\"article\" \/>\n<meta property=\"og:title\" content=\"Appeau \u00e0 Chiens Viverrins Dan Thompson RD1\" \/>\n<meta property=\"og:description\" content=\"Appeau de chien viverrin de Dan Thompson Calls. Produit pour attirer le chien viverrin dans la nature afin de contr\u00f4ler les esp\u00e8ces envahissantes.\" \/>\n<meta property=\"og:url\" content=\"https:\/\/staging.lucky-hunter.com\/fr\/product\/appeau-a-chiens-viverrins-dan-thompson-rd1\/\" \/>\n<meta property=\"og:site_name\" content=\"Lucky-Hunter\" \/>\n<meta property=\"article:modified_time\" content=\"2025-06-26T13:46:10+00:00\" \/>\n<meta property=\"og:image\" content=\"https:\/\/staging.lucky-hunter.com\/wp-content\/uploads\/2020\/01\/LK-185.png\" \/>\n\t<meta property=\"og:image:width\" content=\"1000\" \/>\n\t<meta property=\"og:image:height\" content=\"1000\" \/>\n\t<meta property=\"og:image:type\" content=\"image\/png\" \/>\n<meta name=\"twitter:card\" content=\"summary_large_image\" \/>\n<meta name=\"twitter:title\" content=\"Appeau \u00e0 Chiens Viverrins Dan Thompson RD1\" \/>\n<meta name=\"twitter:label1\" content=\"Dur\u00e9e de lecture estim\u00e9e\" \/>\n\t<meta name=\"twitter:data1\" content=\"2 minutes\" \/>\n<script type=\"application\/ld+json\" class=\"yoast-schema-graph\">{\"@context\":\"https:\/\/schema.org\",\"@graph\":[{\"@type\":\"WebPage\",\"@id\":\"https:\/\/staging.lucky-hunter.com\/fr\/product\/appeau-a-chiens-viverrins-dan-thompson-rd1\/\",\"url\":\"https:\/\/staging.lucky-hunter.com\/fr\/product\/appeau-a-chiens-viverrins-dan-thompson-rd1\/\",\"name\":\"Appeau \u00e0 Chiens Viverrins Dan Thompson RD1\",\"isPartOf\":{\"@id\":\"https:\/\/staging.lucky-hunter.com\/#website\"},\"primaryImageOfPage\":{\"@id\":\"https:\/\/staging.lucky-hunter.com\/fr\/product\/appeau-a-chiens-viverrins-dan-thompson-rd1\/#primaryimage\"},\"image\":{\"@id\":\"https:\/\/staging.lucky-hunter.com\/fr\/product\/appeau-a-chiens-viverrins-dan-thompson-rd1\/#primaryimage\"},\"thumbnailUrl\":\"https:\/\/staging.lucky-hunter.com\/wp-content\/uploads\/2020\/01\/LK-185.png\",\"datePublished\":\"2020-01-29T10:51:00+00:00\",\"dateModified\":\"2025-06-26T13:46:10+00:00\",\"description\":\"Appeau de chien viverrin de Dan Thompson Calls. Produit pour attirer le chien viverrin dans la nature afin de contr\u00f4ler les esp\u00e8ces envahissantes.\",\"breadcrumb\":{\"@id\":\"https:\/\/staging.lucky-hunter.com\/fr\/product\/appeau-a-chiens-viverrins-dan-thompson-rd1\/#breadcrumb\"},\"inLanguage\":\"fr-FR\",\"potentialAction\":[{\"@type\":\"ReadAction\",\"target\":[\"https:\/\/staging.lucky-hunter.com\/fr\/product\/appeau-a-chiens-viverrins-dan-thompson-rd1\/\"]}]},{\"@type\":\"ImageObject\",\"inLanguage\":\"fr-FR\",\"@id\":\"https:\/\/staging.lucky-hunter.com\/fr\/product\/appeau-a-chiens-viverrins-dan-thompson-rd1\/#primaryimage\",\"url\":\"https:\/\/staging.lucky-hunter.com\/wp-content\/uploads\/2020\/01\/LK-185.png\",\"contentUrl\":\"https:\/\/staging.lucky-hunter.com\/wp-content\/uploads\/2020\/01\/LK-185.png\",\"width\":1000,\"height\":1000},{\"@type\":\"BreadcrumbList\",\"@id\":\"https:\/\/staging.lucky-hunter.com\/fr\/product\/appeau-a-chiens-viverrins-dan-thompson-rd1\/#breadcrumb\",\"itemListElement\":[{\"@type\":\"ListItem\",\"position\":1,\"name\":\"Home\",\"item\":\"https:\/\/staging.lucky-hunter.com\/fr\/\"},{\"@type\":\"ListItem\",\"position\":2,\"name\":\"Boutique\",\"item\":\"https:\/\/staging.lucky-hunter.com\/fr\/shop\/\"},{\"@type\":\"ListItem\",\"position\":3,\"name\":\"Appeau \u00e0 Chiens Viverrins Dan Thompson RD1\"}]},{\"@type\":\"WebSite\",\"@id\":\"https:\/\/staging.lucky-hunter.com\/#website\",\"url\":\"https:\/\/staging.lucky-hunter.com\/\",\"name\":\"Lucky-Hunter\",\"description\":\"Gear Up or Give Up\",\"potentialAction\":[{\"@type\":\"SearchAction\",\"target\":{\"@type\":\"EntryPoint\",\"urlTemplate\":\"https:\/\/staging.lucky-hunter.com\/?s={search_term_string}\"},\"query-input\":{\"@type\":\"PropertyValueSpecification\",\"valueRequired\":true,\"valueName\":\"search_term_string\"}}],\"inLanguage\":\"fr-FR\"}]}<\/script>\n<!-- \/ Yoast SEO plugin. -->","yoast_head_json":{"title":"Appeau \u00e0 Chiens Viverrins Dan Thompson RD1","description":"Appeau de chien viverrin de Dan Thompson Calls. Produit pour attirer le chien viverrin dans la nature afin de contr\u00f4ler les esp\u00e8ces envahissantes.","robots":{"index":"noindex","follow":"follow","max-snippet":"max-snippet:-1","max-image-preview":"max-image-preview:large","max-video-preview":"max-video-preview:-1"},"og_locale":"fr_FR","og_type":"article","og_title":"Appeau \u00e0 Chiens Viverrins Dan Thompson RD1","og_description":"Appeau de chien viverrin de Dan Thompson Calls. Produit pour attirer le chien viverrin dans la nature afin de contr\u00f4ler les esp\u00e8ces envahissantes.","og_url":"https:\/\/staging.lucky-hunter.com\/fr\/product\/appeau-a-chiens-viverrins-dan-thompson-rd1\/","og_site_name":"Lucky-Hunter","article_modified_time":"2025-06-26T13:46:10+00:00","og_image":[{"width":1000,"height":1000,"url":"https:\/\/staging.lucky-hunter.com\/wp-content\/uploads\/2020\/01\/LK-185.png","type":"image\/png"}],"twitter_card":"summary_large_image","twitter_title":"Appeau \u00e0 Chiens Viverrins Dan Thompson RD1","twitter_misc":{"Dur\u00e9e de lecture estim\u00e9e":"2 minutes"},"schema":{"@context":"https:\/\/schema.org","@graph":[{"@type":"WebPage","@id":"https:\/\/staging.lucky-hunter.com\/fr\/product\/appeau-a-chiens-viverrins-dan-thompson-rd1\/","url":"https:\/\/staging.lucky-hunter.com\/fr\/product\/appeau-a-chiens-viverrins-dan-thompson-rd1\/","name":"Appeau \u00e0 Chiens Viverrins Dan Thompson RD1","isPartOf":{"@id":"https:\/\/staging.lucky-hunter.com\/#website"},"primaryImageOfPage":{"@id":"https:\/\/staging.lucky-hunter.com\/fr\/product\/appeau-a-chiens-viverrins-dan-thompson-rd1\/#primaryimage"},"image":{"@id":"https:\/\/staging.lucky-hunter.com\/fr\/product\/appeau-a-chiens-viverrins-dan-thompson-rd1\/#primaryimage"},"thumbnailUrl":"https:\/\/staging.lucky-hunter.com\/wp-content\/uploads\/2020\/01\/LK-185.png","datePublished":"2020-01-29T10:51:00+00:00","dateModified":"2025-06-26T13:46:10+00:00","description":"Appeau de chien viverrin de Dan Thompson Calls. Produit pour attirer le chien viverrin dans la nature afin de contr\u00f4ler les esp\u00e8ces envahissantes.","breadcrumb":{"@id":"https:\/\/staging.lucky-hunter.com\/fr\/product\/appeau-a-chiens-viverrins-dan-thompson-rd1\/#breadcrumb"},"inLanguage":"fr-FR","potentialAction":[{"@type":"ReadAction","target":["https:\/\/staging.lucky-hunter.com\/fr\/product\/appeau-a-chiens-viverrins-dan-thompson-rd1\/"]}]},{"@type":"ImageObject","inLanguage":"fr-FR","@id":"https:\/\/staging.lucky-hunter.com\/fr\/product\/appeau-a-chiens-viverrins-dan-thompson-rd1\/#primaryimage","url":"https:\/\/staging.lucky-hunter.com\/wp-content\/uploads\/2020\/01\/LK-185.png","contentUrl":"https:\/\/staging.lucky-hunter.com\/wp-content\/uploads\/2020\/01\/LK-185.png","width":1000,"height":1000},{"@type":"BreadcrumbList","@id":"https:\/\/staging.lucky-hunter.com\/fr\/product\/appeau-a-chiens-viverrins-dan-thompson-rd1\/#breadcrumb","itemListElement":[{"@type":"ListItem","position":1,"name":"Home","item":"https:\/\/staging.lucky-hunter.com\/fr\/"},{"@type":"ListItem","position":2,"name":"Boutique","item":"https:\/\/staging.lucky-hunter.com\/fr\/shop\/"},{"@type":"ListItem","position":3,"name":"Appeau \u00e0 Chiens Viverrins Dan Thompson RD1"}]},{"@type":"WebSite","@id":"https:\/\/staging.lucky-hunter.com\/#website","url":"https:\/\/staging.lucky-hunter.com\/","name":"Lucky-Hunter","description":"Gear Up or Give Up","potentialAction":[{"@type":"SearchAction","target":{"@type":"EntryPoint","urlTemplate":"https:\/\/staging.lucky-hunter.com\/?s={search_term_string}"},"query-input":{"@type":"PropertyValueSpecification","valueRequired":true,"valueName":"search_term_string"}}],"inLanguage":"fr-FR"}]}},"_links":{"self":[{"href":"https:\/\/staging.lucky-hunter.com\/fr\/wp-json\/wp\/v2\/product\/56162"}],"collection":[{"href":"https:\/\/staging.lucky-hunter.com\/fr\/wp-json\/wp\/v2\/product"}],"about":[{"href":"https:\/\/staging.lucky-hunter.com\/fr\/wp-json\/wp\/v2\/types\/product"}],"wp:featuredmedia":[{"embeddable":true,"href":"https:\/\/staging.lucky-hunter.com\/fr\/wp-json\/wp\/v2\/media\/30052"}],"wp:attachment":[{"href":"https:\/\/staging.lucky-hunter.com\/fr\/wp-json\/wp\/v2\/media?parent=56162"}],"wp:term":[{"taxonomy":"product_brand","embeddable":true,"href":"https:\/\/staging.lucky-hunter.com\/fr\/wp-json\/wp\/v2\/product_brand?post=56162"},{"taxonomy":"product_cat","embeddable":true,"href":"https:\/\/staging.lucky-hunter.com\/fr\/wp-json\/wp\/v2\/product_cat?post=56162"},{"taxonomy":"product_tag","embeddable":true,"href":"https:\/\/staging.lucky-hunter.com\/fr\/wp-json\/wp\/v2\/product_tag?post=56162"}],"curies":[{"name":"wp","href":"https:\/\/api.w.org\/{rel}","templated":true}]}}