{"id":56161,"date":"2021-10-12T08:38:12","date_gmt":"2021-10-12T06:38:12","guid":{"rendered":"https:\/\/staging.lucky-hunter.com\/product\/flocked-decoy-crow-with-wings\/"},"modified":"2025-06-24T15:52:27","modified_gmt":"2025-06-24T13:52:27","slug":"forme-de-corbeau-floquee-avec-ailes","status":"publish","type":"product","link":"https:\/\/staging.lucky-hunter.com\/fr\/product\/forme-de-corbeau-floquee-avec-ailes\/","title":{"rendered":"Forme de Corbeau Floqu\u00e9e avec Ailes"},"content":{"rendered":"<h2><strong><span class=\"VIiyi\" lang=\"en\"><span class=\"JLqJ4b ChMk0b\" data-language-for-alternatives=\"en\" data-language-to-translate-into=\"da\" data-phrase-index=\"0\">Forme de corbeau floqu\u00e9e &#8211; id\u00e9ale pour attirer les corbeaux\u00a0!<\/span><\/span><\/strong><\/h2>\n<p><span class=\"VIiyi\" lang=\"en\"><span class=\"JLqJ4b ChMk0b\" data-language-for-alternatives=\"en\" data-language-to-translate-into=\"da\" data-phrase-index=\"2\">Les corbeaux sont des oiseaux rus\u00e9s et alertes, et ils constituent \u00e0 tous \u00e9gards des proies int\u00e9ressantes.<\/span> <\/span><\/p>\n<p><span class=\"VIiyi\" lang=\"en\"><span class=\"JLqJ4b ChMk0b\" data-language-for-alternatives=\"en\" data-language-to-translate-into=\"da\" data-phrase-index=\"3\">De plus en plus de chasseurs d\u00e9couvrent l&#8217;excellence de la chasse au corbeau, et si vous vous y prenez correctement, de nombreuses heures et exp\u00e9riences fantastiques vous attendent.<\/span><\/span><\/p>\n<p><span class=\"VIiyi\" lang=\"en\"> <span class=\"JLqJ4b ChMk0b\" data-language-for-alternatives=\"en\" data-language-to-translate-into=\"da\" data-phrase-index=\"5\">Afin de d\u00e9jouer les corbeaux alertes, il est important d&#8217;avoir une configuration r\u00e9aliste de formes de corbeaux.<\/span> <\/span><\/p>\n<p>Avec un ensemble de formes adapt\u00e9, vous pouvez donner l&#8217;illusion que leur emplacement est un endroit int\u00e9ressant. Peut-\u00eatre qu&#8217;il y a un cadavre frais ou une autre source de nourriture \u00e0 proximit\u00e9. Quoi qu&#8217;il en soit, vous pouvez utiliser une forme floqu\u00e9e de corneille mantel\u00e9e pour convaincre les corbeaux qu&#8217;ils devraient jeter un coup d&#8217;\u0153il. Quelques formes comme celle-ci feront croire aux autres corbeaux que l\u2019endroit est s\u00fbr.<\/p>\n<p>Id\u00e9ales lorsqu&#8217;ils sont utilis\u00e9es en conjonction avec un appeau \u00e0 corbeaux derri\u00e8re un panneau d\u2019aff\u00fbt.<\/p>\n<p><span class=\"VIiyi\" lang=\"en\"><span class=\"JLqJ4b ChMk0b\" data-language-for-alternatives=\"en\" data-language-to-translate-into=\"da\" data-phrase-index=\"6\">Il s\u2019agit d\u2019une forme de corbeau grandeur nature, enti\u00e8rement floqu\u00e9e, et avec des ailes.<\/span> <\/span><\/p>\n<p><span class=\"VIiyi\" lang=\"en\"><span class=\"JLqJ4b ChMk0b\" data-language-for-alternatives=\"en\" data-language-to-translate-into=\"da\" data-phrase-index=\"8\">La forme est livr\u00e9e avec un piquet de montage et un socle.<\/span> <\/span><\/p>\n<p><span class=\"VIiyi\" lang=\"en\"><span class=\"JLqJ4b ChMk0b\" data-language-for-alternatives=\"en\" data-language-to-translate-into=\"da\" data-phrase-index=\"10\">Vendue \u00e0 l\u2019unit\u00e9.<\/span><\/span><\/p>\n","protected":false},"excerpt":{"rendered":"<p>Forme de corbeau floqu\u00e9e &#8211; id\u00e9ale pour votre prochaine chasse ! Livr\u00e9e avec un piquet de montage et un socle pour une utilisation facile.<\/p>\n","protected":false},"featured_media":30324,"template":"","meta":[],"product_brand":[8121],"product_cat":[8243],"product_tag":[9443],"yoast_head":"<!-- This site is optimized with the Yoast SEO plugin v24.3 - https:\/\/yoast.com\/wordpress\/plugins\/seo\/ -->\n<title>Forme de Corbeau Enti\u00e8rement Floqu\u00e9e avec Ailes | Lucky Hunter<\/title>\n<meta name=\"description\" content=\"Forme de corbeau floqu\u00e9e - id\u00e9ale pour votre prochaine chasse ! Livr\u00e9e avec un piquet de montage et un socle pour une utilisation facile.\" \/>\n<meta name=\"robots\" content=\"noindex, follow, max-snippet:-1, max-image-preview:large, max-video-preview:-1\" \/>\n<meta property=\"og:locale\" content=\"fr_FR\" \/>\n<meta property=\"og:type\" content=\"article\" \/>\n<meta property=\"og:title\" content=\"Forme de corneille mantel\u00e9e floqu\u00e9e - Forme de chasse enti\u00e8rement floqu\u00e9e | Lucky Hunter\" \/>\n<meta property=\"og:description\" content=\"Forme de corneille mantel\u00e9e floqu\u00e9e - id\u00e9ale pour votre prochaine chasse ! Livr\u00e9e avec un piquet de montage et un socle pour une utilisation facile. Environ. 40cm de longueur.\" \/>\n<meta property=\"og:url\" content=\"https:\/\/staging.lucky-hunter.com\/fr\/product\/forme-de-corbeau-floquee-avec-ailes\/\" \/>\n<meta property=\"og:site_name\" content=\"Lucky-Hunter\" \/>\n<meta property=\"article:modified_time\" content=\"2025-06-24T13:52:27+00:00\" \/>\n<meta property=\"og:image\" content=\"https:\/\/staging.lucky-hunter.com\/wp-content\/uploads\/2021\/10\/510060-1.png\" \/>\n\t<meta property=\"og:image:width\" content=\"1000\" \/>\n\t<meta property=\"og:image:height\" content=\"1000\" \/>\n\t<meta property=\"og:image:type\" content=\"image\/png\" \/>\n<meta name=\"twitter:card\" content=\"summary_large_image\" \/>\n<meta name=\"twitter:title\" content=\"Forme de corneille mantel\u00e9e floqu\u00e9e - Forme de chasse enti\u00e8rement floqu\u00e9e | Lucky Hunter\" \/>\n<meta name=\"twitter:description\" content=\"Forme de corneille mantel\u00e9e floqu\u00e9e - id\u00e9ale pour votre prochaine chasse ! Livr\u00e9e avec un piquet de montage et un socle pour une utilisation facile. Environ. 40cm de longueur.\" \/>\n<meta name=\"twitter:label1\" content=\"Dur\u00e9e de lecture estim\u00e9e\" \/>\n\t<meta name=\"twitter:data1\" content=\"2 minutes\" \/>\n<script type=\"application\/ld+json\" class=\"yoast-schema-graph\">{\"@context\":\"https:\/\/schema.org\",\"@graph\":[{\"@type\":\"WebPage\",\"@id\":\"https:\/\/staging.lucky-hunter.com\/fr\/product\/forme-de-corbeau-floquee-avec-ailes\/\",\"url\":\"https:\/\/staging.lucky-hunter.com\/fr\/product\/forme-de-corbeau-floquee-avec-ailes\/\",\"name\":\"Forme de Corbeau Enti\u00e8rement Floqu\u00e9e avec Ailes | Lucky Hunter\",\"isPartOf\":{\"@id\":\"https:\/\/staging.lucky-hunter.com\/#website\"},\"primaryImageOfPage\":{\"@id\":\"https:\/\/staging.lucky-hunter.com\/fr\/product\/forme-de-corbeau-floquee-avec-ailes\/#primaryimage\"},\"image\":{\"@id\":\"https:\/\/staging.lucky-hunter.com\/fr\/product\/forme-de-corbeau-floquee-avec-ailes\/#primaryimage\"},\"thumbnailUrl\":\"https:\/\/staging.lucky-hunter.com\/wp-content\/uploads\/2021\/10\/510060-1.png\",\"datePublished\":\"2021-10-12T06:38:12+00:00\",\"dateModified\":\"2025-06-24T13:52:27+00:00\",\"description\":\"Forme de corbeau floqu\u00e9e - id\u00e9ale pour votre prochaine chasse ! Livr\u00e9e avec un piquet de montage et un socle pour une utilisation facile.\",\"breadcrumb\":{\"@id\":\"https:\/\/staging.lucky-hunter.com\/fr\/product\/forme-de-corbeau-floquee-avec-ailes\/#breadcrumb\"},\"inLanguage\":\"fr-FR\",\"potentialAction\":[{\"@type\":\"ReadAction\",\"target\":[\"https:\/\/staging.lucky-hunter.com\/fr\/product\/forme-de-corbeau-floquee-avec-ailes\/\"]}]},{\"@type\":\"ImageObject\",\"inLanguage\":\"fr-FR\",\"@id\":\"https:\/\/staging.lucky-hunter.com\/fr\/product\/forme-de-corbeau-floquee-avec-ailes\/#primaryimage\",\"url\":\"https:\/\/staging.lucky-hunter.com\/wp-content\/uploads\/2021\/10\/510060-1.png\",\"contentUrl\":\"https:\/\/staging.lucky-hunter.com\/wp-content\/uploads\/2021\/10\/510060-1.png\",\"width\":1000,\"height\":1000},{\"@type\":\"BreadcrumbList\",\"@id\":\"https:\/\/staging.lucky-hunter.com\/fr\/product\/forme-de-corbeau-floquee-avec-ailes\/#breadcrumb\",\"itemListElement\":[{\"@type\":\"ListItem\",\"position\":1,\"name\":\"Home\",\"item\":\"https:\/\/staging.lucky-hunter.com\/fr\/\"},{\"@type\":\"ListItem\",\"position\":2,\"name\":\"Boutique\",\"item\":\"https:\/\/staging.lucky-hunter.com\/fr\/shop\/\"},{\"@type\":\"ListItem\",\"position\":3,\"name\":\"Forme de Corbeau Floqu\u00e9e avec Ailes\"}]},{\"@type\":\"WebSite\",\"@id\":\"https:\/\/staging.lucky-hunter.com\/#website\",\"url\":\"https:\/\/staging.lucky-hunter.com\/\",\"name\":\"Lucky-Hunter\",\"description\":\"Gear Up or Give Up\",\"potentialAction\":[{\"@type\":\"SearchAction\",\"target\":{\"@type\":\"EntryPoint\",\"urlTemplate\":\"https:\/\/staging.lucky-hunter.com\/?s={search_term_string}\"},\"query-input\":{\"@type\":\"PropertyValueSpecification\",\"valueRequired\":true,\"valueName\":\"search_term_string\"}}],\"inLanguage\":\"fr-FR\"}]}<\/script>\n<!-- \/ Yoast SEO plugin. -->","yoast_head_json":{"title":"Forme de Corbeau Enti\u00e8rement Floqu\u00e9e avec Ailes | Lucky Hunter","description":"Forme de corbeau floqu\u00e9e - id\u00e9ale pour votre prochaine chasse ! Livr\u00e9e avec un piquet de montage et un socle pour une utilisation facile.","robots":{"index":"noindex","follow":"follow","max-snippet":"max-snippet:-1","max-image-preview":"max-image-preview:large","max-video-preview":"max-video-preview:-1"},"og_locale":"fr_FR","og_type":"article","og_title":"Forme de corneille mantel\u00e9e floqu\u00e9e - Forme de chasse enti\u00e8rement floqu\u00e9e | Lucky Hunter","og_description":"Forme de corneille mantel\u00e9e floqu\u00e9e - id\u00e9ale pour votre prochaine chasse ! Livr\u00e9e avec un piquet de montage et un socle pour une utilisation facile. Environ. 40cm de longueur.","og_url":"https:\/\/staging.lucky-hunter.com\/fr\/product\/forme-de-corbeau-floquee-avec-ailes\/","og_site_name":"Lucky-Hunter","article_modified_time":"2025-06-24T13:52:27+00:00","og_image":[{"width":1000,"height":1000,"url":"https:\/\/staging.lucky-hunter.com\/wp-content\/uploads\/2021\/10\/510060-1.png","type":"image\/png"}],"twitter_card":"summary_large_image","twitter_title":"Forme de corneille mantel\u00e9e floqu\u00e9e - Forme de chasse enti\u00e8rement floqu\u00e9e | Lucky Hunter","twitter_description":"Forme de corneille mantel\u00e9e floqu\u00e9e - id\u00e9ale pour votre prochaine chasse ! Livr\u00e9e avec un piquet de montage et un socle pour une utilisation facile. Environ. 40cm de longueur.","twitter_misc":{"Dur\u00e9e de lecture estim\u00e9e":"2 minutes"},"schema":{"@context":"https:\/\/schema.org","@graph":[{"@type":"WebPage","@id":"https:\/\/staging.lucky-hunter.com\/fr\/product\/forme-de-corbeau-floquee-avec-ailes\/","url":"https:\/\/staging.lucky-hunter.com\/fr\/product\/forme-de-corbeau-floquee-avec-ailes\/","name":"Forme de Corbeau Enti\u00e8rement Floqu\u00e9e avec Ailes | Lucky Hunter","isPartOf":{"@id":"https:\/\/staging.lucky-hunter.com\/#website"},"primaryImageOfPage":{"@id":"https:\/\/staging.lucky-hunter.com\/fr\/product\/forme-de-corbeau-floquee-avec-ailes\/#primaryimage"},"image":{"@id":"https:\/\/staging.lucky-hunter.com\/fr\/product\/forme-de-corbeau-floquee-avec-ailes\/#primaryimage"},"thumbnailUrl":"https:\/\/staging.lucky-hunter.com\/wp-content\/uploads\/2021\/10\/510060-1.png","datePublished":"2021-10-12T06:38:12+00:00","dateModified":"2025-06-24T13:52:27+00:00","description":"Forme de corbeau floqu\u00e9e - id\u00e9ale pour votre prochaine chasse ! Livr\u00e9e avec un piquet de montage et un socle pour une utilisation facile.","breadcrumb":{"@id":"https:\/\/staging.lucky-hunter.com\/fr\/product\/forme-de-corbeau-floquee-avec-ailes\/#breadcrumb"},"inLanguage":"fr-FR","potentialAction":[{"@type":"ReadAction","target":["https:\/\/staging.lucky-hunter.com\/fr\/product\/forme-de-corbeau-floquee-avec-ailes\/"]}]},{"@type":"ImageObject","inLanguage":"fr-FR","@id":"https:\/\/staging.lucky-hunter.com\/fr\/product\/forme-de-corbeau-floquee-avec-ailes\/#primaryimage","url":"https:\/\/staging.lucky-hunter.com\/wp-content\/uploads\/2021\/10\/510060-1.png","contentUrl":"https:\/\/staging.lucky-hunter.com\/wp-content\/uploads\/2021\/10\/510060-1.png","width":1000,"height":1000},{"@type":"BreadcrumbList","@id":"https:\/\/staging.lucky-hunter.com\/fr\/product\/forme-de-corbeau-floquee-avec-ailes\/#breadcrumb","itemListElement":[{"@type":"ListItem","position":1,"name":"Home","item":"https:\/\/staging.lucky-hunter.com\/fr\/"},{"@type":"ListItem","position":2,"name":"Boutique","item":"https:\/\/staging.lucky-hunter.com\/fr\/shop\/"},{"@type":"ListItem","position":3,"name":"Forme de Corbeau Floqu\u00e9e avec Ailes"}]},{"@type":"WebSite","@id":"https:\/\/staging.lucky-hunter.com\/#website","url":"https:\/\/staging.lucky-hunter.com\/","name":"Lucky-Hunter","description":"Gear Up or Give Up","potentialAction":[{"@type":"SearchAction","target":{"@type":"EntryPoint","urlTemplate":"https:\/\/staging.lucky-hunter.com\/?s={search_term_string}"},"query-input":{"@type":"PropertyValueSpecification","valueRequired":true,"valueName":"search_term_string"}}],"inLanguage":"fr-FR"}]}},"_links":{"self":[{"href":"https:\/\/staging.lucky-hunter.com\/fr\/wp-json\/wp\/v2\/product\/56161"}],"collection":[{"href":"https:\/\/staging.lucky-hunter.com\/fr\/wp-json\/wp\/v2\/product"}],"about":[{"href":"https:\/\/staging.lucky-hunter.com\/fr\/wp-json\/wp\/v2\/types\/product"}],"wp:featuredmedia":[{"embeddable":true,"href":"https:\/\/staging.lucky-hunter.com\/fr\/wp-json\/wp\/v2\/media\/30324"}],"wp:attachment":[{"href":"https:\/\/staging.lucky-hunter.com\/fr\/wp-json\/wp\/v2\/media?parent=56161"}],"wp:term":[{"taxonomy":"product_brand","embeddable":true,"href":"https:\/\/staging.lucky-hunter.com\/fr\/wp-json\/wp\/v2\/product_brand?post=56161"},{"taxonomy":"product_cat","embeddable":true,"href":"https:\/\/staging.lucky-hunter.com\/fr\/wp-json\/wp\/v2\/product_cat?post=56161"},{"taxonomy":"product_tag","embeddable":true,"href":"https:\/\/staging.lucky-hunter.com\/fr\/wp-json\/wp\/v2\/product_tag?post=56161"}],"curies":[{"name":"wp","href":"https:\/\/api.w.org\/{rel}","templated":true}]}}