{"id":56160,"date":"2021-04-07T08:25:20","date_gmt":"2021-04-07T06:25:20","guid":{"rendered":"https:\/\/staging.lucky-hunter.com\/product\/final-approach-last-pass-crow-decoys-fully-flocked\/"},"modified":"2025-06-26T14:26:16","modified_gmt":"2025-06-26T12:26:16","slug":"formes-de-corbeaux-final-approach-pack-de-3","status":"publish","type":"product","link":"https:\/\/staging.lucky-hunter.com\/fr\/product\/formes-de-corbeaux-final-approach-pack-de-3\/","title":{"rendered":"Formes de Corbeaux &#8211; Final Approach pack de 3"},"content":{"rendered":"<h1><strong>Formes de Corbeaux FA Last Pass enti\u00e8rement floqu\u00e9es<\/strong><\/h1>\n<p>Les corbeaux peuvent \u00eatre difficiles \u00e0 leurrer. Leur nature prudente en font des oiseaux difficiles \u00e0 chasser.<\/p>\n<p>Ces formes de corbeaux de Final Approach sont enti\u00e8rement floqu\u00e9es, pour un r\u00e9alisme accru, et surdimensionn\u00e9es, pour \u00eatre vues de plus loin.<\/p>\n<p>L\u2019ajout de ces formes \u00e0 votre d\u00e9ploiement vous apportera le r\u00e9alisme n\u00e9cessaire pour attirer les corbeaux fatigu\u00e9s.<\/p>\n<p>Ce pack comprend\u00a0: 1 guetteur, 1 appelant et 1 mangeur.<\/p>\n<ul>\n<li>Jolies formes de corbeaux<\/li>\n<li>Surdimensionn\u00e9es pour \u00eatre vues de plus loin<\/li>\n<li>Flocage noir plat et design textur\u00e9 pour augmenter le r\u00e9alisme.<\/li>\n<li>Design monobloc avec piquet<\/li>\n<li>3 positions de t\u00eate uniques : 1 guetteur, 1 appelant, 1 mangeur<\/li>\n<\/ul>\n","protected":false},"excerpt":{"rendered":"<p>Ces formes de corbeaux de Final Approach sont enti\u00e8rement floqu\u00e9es, pour un r\u00e9alisme accru, et surdimensionn\u00e9es, pour \u00eatre vues de plus loin.<\/p>\n","protected":false},"featured_media":30135,"template":"","meta":[],"product_brand":[8136],"product_cat":[8243],"product_tag":[9443],"yoast_head":"<!-- This site is optimized with the Yoast SEO plugin v24.3 - https:\/\/yoast.com\/wordpress\/plugins\/seo\/ -->\n<title>Formes de Corbeaux FA Last Pass enti\u00e8rement floqu\u00e9es<\/title>\n<meta name=\"description\" content=\"Ces formes de corbeaux de Final Approach sont enti\u00e8rement floqu\u00e9es, pour un r\u00e9alisme accru, et surdimensionn\u00e9es, pour \u00eatre vues de plus loin.\" \/>\n<meta name=\"robots\" content=\"noindex, follow, max-snippet:-1, max-image-preview:large, max-video-preview:-1\" \/>\n<meta property=\"og:locale\" content=\"fr_FR\" \/>\n<meta property=\"og:type\" content=\"article\" \/>\n<meta property=\"og:title\" content=\"Formes de Corbeaux FA Last Pass enti\u00e8rement floqu\u00e9es\" \/>\n<meta property=\"og:description\" content=\"Ces formes de corbeaux de Final Approach sont enti\u00e8rement floqu\u00e9es, pour un r\u00e9alisme accru, et surdimensionn\u00e9es, pour \u00eatre vues de plus loin.\" \/>\n<meta property=\"og:url\" content=\"https:\/\/staging.lucky-hunter.com\/fr\/product\/formes-de-corbeaux-final-approach-pack-de-3\/\" \/>\n<meta property=\"og:site_name\" content=\"Lucky-Hunter\" \/>\n<meta property=\"article:modified_time\" content=\"2025-06-26T12:26:16+00:00\" \/>\n<meta property=\"og:image\" content=\"https:\/\/staging.lucky-hunter.com\/wp-content\/uploads\/2021\/04\/kragelokkermedflock.png\" \/>\n\t<meta property=\"og:image:width\" content=\"1000\" \/>\n\t<meta property=\"og:image:height\" content=\"1000\" \/>\n\t<meta property=\"og:image:type\" content=\"image\/png\" \/>\n<meta name=\"twitter:card\" content=\"summary_large_image\" \/>\n<meta name=\"twitter:label1\" content=\"Dur\u00e9e de lecture estim\u00e9e\" \/>\n\t<meta name=\"twitter:data1\" content=\"1 minute\" \/>\n<script type=\"application\/ld+json\" class=\"yoast-schema-graph\">{\"@context\":\"https:\/\/schema.org\",\"@graph\":[{\"@type\":\"WebPage\",\"@id\":\"https:\/\/staging.lucky-hunter.com\/fr\/product\/formes-de-corbeaux-final-approach-pack-de-3\/\",\"url\":\"https:\/\/staging.lucky-hunter.com\/fr\/product\/formes-de-corbeaux-final-approach-pack-de-3\/\",\"name\":\"Formes de Corbeaux FA Last Pass enti\u00e8rement floqu\u00e9es\",\"isPartOf\":{\"@id\":\"https:\/\/staging.lucky-hunter.com\/#website\"},\"primaryImageOfPage\":{\"@id\":\"https:\/\/staging.lucky-hunter.com\/fr\/product\/formes-de-corbeaux-final-approach-pack-de-3\/#primaryimage\"},\"image\":{\"@id\":\"https:\/\/staging.lucky-hunter.com\/fr\/product\/formes-de-corbeaux-final-approach-pack-de-3\/#primaryimage\"},\"thumbnailUrl\":\"https:\/\/staging.lucky-hunter.com\/wp-content\/uploads\/2021\/04\/kragelokkermedflock.png\",\"datePublished\":\"2021-04-07T06:25:20+00:00\",\"dateModified\":\"2025-06-26T12:26:16+00:00\",\"description\":\"Ces formes de corbeaux de Final Approach sont enti\u00e8rement floqu\u00e9es, pour un r\u00e9alisme accru, et surdimensionn\u00e9es, pour \u00eatre vues de plus loin.\",\"breadcrumb\":{\"@id\":\"https:\/\/staging.lucky-hunter.com\/fr\/product\/formes-de-corbeaux-final-approach-pack-de-3\/#breadcrumb\"},\"inLanguage\":\"fr-FR\",\"potentialAction\":[{\"@type\":\"ReadAction\",\"target\":[\"https:\/\/staging.lucky-hunter.com\/fr\/product\/formes-de-corbeaux-final-approach-pack-de-3\/\"]}]},{\"@type\":\"ImageObject\",\"inLanguage\":\"fr-FR\",\"@id\":\"https:\/\/staging.lucky-hunter.com\/fr\/product\/formes-de-corbeaux-final-approach-pack-de-3\/#primaryimage\",\"url\":\"https:\/\/staging.lucky-hunter.com\/wp-content\/uploads\/2021\/04\/kragelokkermedflock.png\",\"contentUrl\":\"https:\/\/staging.lucky-hunter.com\/wp-content\/uploads\/2021\/04\/kragelokkermedflock.png\",\"width\":1000,\"height\":1000},{\"@type\":\"BreadcrumbList\",\"@id\":\"https:\/\/staging.lucky-hunter.com\/fr\/product\/formes-de-corbeaux-final-approach-pack-de-3\/#breadcrumb\",\"itemListElement\":[{\"@type\":\"ListItem\",\"position\":1,\"name\":\"Home\",\"item\":\"https:\/\/staging.lucky-hunter.com\/fr\/\"},{\"@type\":\"ListItem\",\"position\":2,\"name\":\"Boutique\",\"item\":\"https:\/\/staging.lucky-hunter.com\/fr\/shop\/\"},{\"@type\":\"ListItem\",\"position\":3,\"name\":\"Formes de Corbeaux &#8211; Final Approach pack de 3\"}]},{\"@type\":\"WebSite\",\"@id\":\"https:\/\/staging.lucky-hunter.com\/#website\",\"url\":\"https:\/\/staging.lucky-hunter.com\/\",\"name\":\"Lucky-Hunter\",\"description\":\"Gear Up or Give Up\",\"potentialAction\":[{\"@type\":\"SearchAction\",\"target\":{\"@type\":\"EntryPoint\",\"urlTemplate\":\"https:\/\/staging.lucky-hunter.com\/?s={search_term_string}\"},\"query-input\":{\"@type\":\"PropertyValueSpecification\",\"valueRequired\":true,\"valueName\":\"search_term_string\"}}],\"inLanguage\":\"fr-FR\"}]}<\/script>\n<!-- \/ Yoast SEO plugin. -->","yoast_head_json":{"title":"Formes de Corbeaux FA Last Pass enti\u00e8rement floqu\u00e9es","description":"Ces formes de corbeaux de Final Approach sont enti\u00e8rement floqu\u00e9es, pour un r\u00e9alisme accru, et surdimensionn\u00e9es, pour \u00eatre vues de plus loin.","robots":{"index":"noindex","follow":"follow","max-snippet":"max-snippet:-1","max-image-preview":"max-image-preview:large","max-video-preview":"max-video-preview:-1"},"og_locale":"fr_FR","og_type":"article","og_title":"Formes de Corbeaux FA Last Pass enti\u00e8rement floqu\u00e9es","og_description":"Ces formes de corbeaux de Final Approach sont enti\u00e8rement floqu\u00e9es, pour un r\u00e9alisme accru, et surdimensionn\u00e9es, pour \u00eatre vues de plus loin.","og_url":"https:\/\/staging.lucky-hunter.com\/fr\/product\/formes-de-corbeaux-final-approach-pack-de-3\/","og_site_name":"Lucky-Hunter","article_modified_time":"2025-06-26T12:26:16+00:00","og_image":[{"width":1000,"height":1000,"url":"https:\/\/staging.lucky-hunter.com\/wp-content\/uploads\/2021\/04\/kragelokkermedflock.png","type":"image\/png"}],"twitter_card":"summary_large_image","twitter_misc":{"Dur\u00e9e de lecture estim\u00e9e":"1 minute"},"schema":{"@context":"https:\/\/schema.org","@graph":[{"@type":"WebPage","@id":"https:\/\/staging.lucky-hunter.com\/fr\/product\/formes-de-corbeaux-final-approach-pack-de-3\/","url":"https:\/\/staging.lucky-hunter.com\/fr\/product\/formes-de-corbeaux-final-approach-pack-de-3\/","name":"Formes de Corbeaux FA Last Pass enti\u00e8rement floqu\u00e9es","isPartOf":{"@id":"https:\/\/staging.lucky-hunter.com\/#website"},"primaryImageOfPage":{"@id":"https:\/\/staging.lucky-hunter.com\/fr\/product\/formes-de-corbeaux-final-approach-pack-de-3\/#primaryimage"},"image":{"@id":"https:\/\/staging.lucky-hunter.com\/fr\/product\/formes-de-corbeaux-final-approach-pack-de-3\/#primaryimage"},"thumbnailUrl":"https:\/\/staging.lucky-hunter.com\/wp-content\/uploads\/2021\/04\/kragelokkermedflock.png","datePublished":"2021-04-07T06:25:20+00:00","dateModified":"2025-06-26T12:26:16+00:00","description":"Ces formes de corbeaux de Final Approach sont enti\u00e8rement floqu\u00e9es, pour un r\u00e9alisme accru, et surdimensionn\u00e9es, pour \u00eatre vues de plus loin.","breadcrumb":{"@id":"https:\/\/staging.lucky-hunter.com\/fr\/product\/formes-de-corbeaux-final-approach-pack-de-3\/#breadcrumb"},"inLanguage":"fr-FR","potentialAction":[{"@type":"ReadAction","target":["https:\/\/staging.lucky-hunter.com\/fr\/product\/formes-de-corbeaux-final-approach-pack-de-3\/"]}]},{"@type":"ImageObject","inLanguage":"fr-FR","@id":"https:\/\/staging.lucky-hunter.com\/fr\/product\/formes-de-corbeaux-final-approach-pack-de-3\/#primaryimage","url":"https:\/\/staging.lucky-hunter.com\/wp-content\/uploads\/2021\/04\/kragelokkermedflock.png","contentUrl":"https:\/\/staging.lucky-hunter.com\/wp-content\/uploads\/2021\/04\/kragelokkermedflock.png","width":1000,"height":1000},{"@type":"BreadcrumbList","@id":"https:\/\/staging.lucky-hunter.com\/fr\/product\/formes-de-corbeaux-final-approach-pack-de-3\/#breadcrumb","itemListElement":[{"@type":"ListItem","position":1,"name":"Home","item":"https:\/\/staging.lucky-hunter.com\/fr\/"},{"@type":"ListItem","position":2,"name":"Boutique","item":"https:\/\/staging.lucky-hunter.com\/fr\/shop\/"},{"@type":"ListItem","position":3,"name":"Formes de Corbeaux &#8211; Final Approach pack de 3"}]},{"@type":"WebSite","@id":"https:\/\/staging.lucky-hunter.com\/#website","url":"https:\/\/staging.lucky-hunter.com\/","name":"Lucky-Hunter","description":"Gear Up or Give Up","potentialAction":[{"@type":"SearchAction","target":{"@type":"EntryPoint","urlTemplate":"https:\/\/staging.lucky-hunter.com\/?s={search_term_string}"},"query-input":{"@type":"PropertyValueSpecification","valueRequired":true,"valueName":"search_term_string"}}],"inLanguage":"fr-FR"}]}},"_links":{"self":[{"href":"https:\/\/staging.lucky-hunter.com\/fr\/wp-json\/wp\/v2\/product\/56160"}],"collection":[{"href":"https:\/\/staging.lucky-hunter.com\/fr\/wp-json\/wp\/v2\/product"}],"about":[{"href":"https:\/\/staging.lucky-hunter.com\/fr\/wp-json\/wp\/v2\/types\/product"}],"wp:featuredmedia":[{"embeddable":true,"href":"https:\/\/staging.lucky-hunter.com\/fr\/wp-json\/wp\/v2\/media\/30135"}],"wp:attachment":[{"href":"https:\/\/staging.lucky-hunter.com\/fr\/wp-json\/wp\/v2\/media?parent=56160"}],"wp:term":[{"taxonomy":"product_brand","embeddable":true,"href":"https:\/\/staging.lucky-hunter.com\/fr\/wp-json\/wp\/v2\/product_brand?post=56160"},{"taxonomy":"product_cat","embeddable":true,"href":"https:\/\/staging.lucky-hunter.com\/fr\/wp-json\/wp\/v2\/product_cat?post=56160"},{"taxonomy":"product_tag","embeddable":true,"href":"https:\/\/staging.lucky-hunter.com\/fr\/wp-json\/wp\/v2\/product_tag?post=56160"}],"curies":[{"name":"wp","href":"https:\/\/api.w.org\/{rel}","templated":true}]}}