{"id":56159,"date":"2022-12-08T14:38:53","date_gmt":"2022-12-08T13:38:53","guid":{"rendered":"https:\/\/staging.lucky-hunter.com\/product\/banded-ufs-fleece-beanie-max5\/"},"modified":"2022-12-08T14:38:53","modified_gmt":"2022-12-08T13:38:53","slug":"banded-ufs-fleece-beanie-max5","status":"publish","type":"product","link":"https:\/\/staging.lucky-hunter.com\/fr\/product\/banded-ufs-fleece-beanie-max5\/","title":{"rendered":"Bonnet en Polaire UFS Banded &#8211; MAX5"},"content":{"rendered":"<h1>Bonnet en Polaire UFS Banded &#8211; MAX5<\/h1>\n<p style=\"font-weight: 300 !important;\">Protection incroyable contre les \u00e9l\u00e9ments, confort et \u00e9l\u00e9gance &#8211; voici les principaux objectifs de ce bonnet Banded. Le r\u00e9sultat de la philosophie Banded : une gamme de v\u00eatements qui excellent en termes de fonctionnalit\u00e9 et de chaleur. La confection en polaire UFS offre une protection efficace contre les vents froids et bloque les temp\u00e9ratures glaciales.<\/p>\n<p style=\"font-weight: 300 !important;\">Caract\u00e9ristiques principales\u00a0:<\/p>\n<ul style=\"font-weight: 400;\">\n<li style=\"font-weight: 300 !important;\">Polaire bross\u00e9e en polyester<\/li>\n<li style=\"font-weight: 300 !important;\">R\u00e9sistant au vent et aux intemp\u00e9ries<\/li>\n<li style=\"font-weight: 300 !important;\">Taille unique<\/li>\n<\/ul>\n","protected":false},"excerpt":{"rendered":"<p>Protection incroyable contre les \u00e9l\u00e9ments, confort et \u00e9l\u00e9gance &#8211; voici les principaux objectifs de ce bonnet Banded. Parfait pour le plein air<\/p>\n","protected":false},"featured_media":54597,"template":"","meta":[],"product_brand":[8137],"product_cat":[9141],"product_tag":[],"yoast_head":"<!-- This site is optimized with the Yoast SEO plugin v24.3 - https:\/\/yoast.com\/wordpress\/plugins\/seo\/ -->\n<title>Bonnet en Polaire UFS Banded - MAX5 - Lucky-Hunter<\/title>\n<meta name=\"description\" content=\"Protection incroyable contre les \u00e9l\u00e9ments, confort et \u00e9l\u00e9gance - voici les principaux objectifs de ce bonnet Banded. Parfait pour le plein air\" \/>\n<meta name=\"robots\" content=\"noindex, follow, max-snippet:-1, max-image-preview:large, max-video-preview:-1\" \/>\n<meta property=\"og:locale\" content=\"fr_FR\" \/>\n<meta property=\"og:type\" content=\"article\" \/>\n<meta property=\"og:title\" content=\"Bonnet en Polaire UFS Banded - MAX5 - Lucky-Hunter\" \/>\n<meta property=\"og:description\" content=\"Protection incroyable contre les \u00e9l\u00e9ments, confort et \u00e9l\u00e9gance - voici les principaux objectifs de ce bonnet Banded. Parfait pour le plein air\" \/>\n<meta property=\"og:url\" content=\"https:\/\/staging.lucky-hunter.com\/product\/banded-ufs-fleece-beanie-max5\/\" \/>\n<meta property=\"og:site_name\" content=\"Lucky-Hunter\" \/>\n<meta property=\"og:image\" content=\"https:\/\/staging.lucky-hunter.com\/wp-content\/uploads\/2022\/12\/JB-0524.png\" \/>\n\t<meta property=\"og:image:width\" content=\"1000\" \/>\n\t<meta property=\"og:image:height\" content=\"1000\" \/>\n\t<meta property=\"og:image:type\" content=\"image\/png\" \/>\n<meta name=\"twitter:card\" content=\"summary_large_image\" \/>\n<meta name=\"twitter:label1\" content=\"Dur\u00e9e de lecture estim\u00e9e\" \/>\n\t<meta name=\"twitter:data1\" content=\"1 minute\" \/>\n<script type=\"application\/ld+json\" class=\"yoast-schema-graph\">{\"@context\":\"https:\/\/schema.org\",\"@graph\":[{\"@type\":\"WebPage\",\"@id\":\"https:\/\/staging.lucky-hunter.com\/product\/banded-ufs-fleece-beanie-max5\/\",\"url\":\"https:\/\/staging.lucky-hunter.com\/product\/banded-ufs-fleece-beanie-max5\/\",\"name\":\"Bonnet en Polaire UFS Banded - MAX5 - Lucky-Hunter\",\"isPartOf\":{\"@id\":\"https:\/\/staging.lucky-hunter.com\/#website\"},\"primaryImageOfPage\":{\"@id\":\"https:\/\/staging.lucky-hunter.com\/product\/banded-ufs-fleece-beanie-max5\/#primaryimage\"},\"image\":{\"@id\":\"https:\/\/staging.lucky-hunter.com\/product\/banded-ufs-fleece-beanie-max5\/#primaryimage\"},\"thumbnailUrl\":\"https:\/\/staging.lucky-hunter.com\/wp-content\/uploads\/2022\/12\/JB-0524.png\",\"datePublished\":\"2022-12-08T13:38:53+00:00\",\"dateModified\":\"2022-12-08T13:38:53+00:00\",\"description\":\"Protection incroyable contre les \u00e9l\u00e9ments, confort et \u00e9l\u00e9gance - voici les principaux objectifs de ce bonnet Banded. Parfait pour le plein air\",\"breadcrumb\":{\"@id\":\"https:\/\/staging.lucky-hunter.com\/product\/banded-ufs-fleece-beanie-max5\/#breadcrumb\"},\"inLanguage\":\"fr-FR\",\"potentialAction\":[{\"@type\":\"ReadAction\",\"target\":[\"https:\/\/staging.lucky-hunter.com\/product\/banded-ufs-fleece-beanie-max5\/\"]}]},{\"@type\":\"ImageObject\",\"inLanguage\":\"fr-FR\",\"@id\":\"https:\/\/staging.lucky-hunter.com\/product\/banded-ufs-fleece-beanie-max5\/#primaryimage\",\"url\":\"https:\/\/staging.lucky-hunter.com\/wp-content\/uploads\/2022\/12\/JB-0524.png\",\"contentUrl\":\"https:\/\/staging.lucky-hunter.com\/wp-content\/uploads\/2022\/12\/JB-0524.png\",\"width\":1000,\"height\":1000},{\"@type\":\"BreadcrumbList\",\"@id\":\"https:\/\/staging.lucky-hunter.com\/product\/banded-ufs-fleece-beanie-max5\/#breadcrumb\",\"itemListElement\":[{\"@type\":\"ListItem\",\"position\":1,\"name\":\"Home\",\"item\":\"https:\/\/staging.lucky-hunter.com\/fr\/\"},{\"@type\":\"ListItem\",\"position\":2,\"name\":\"Boutique\",\"item\":\"https:\/\/staging.lucky-hunter.com\/fr\/shop\/\"},{\"@type\":\"ListItem\",\"position\":3,\"name\":\"Bonnet en Polaire UFS Banded &#8211; MAX5\"}]},{\"@type\":\"WebSite\",\"@id\":\"https:\/\/staging.lucky-hunter.com\/#website\",\"url\":\"https:\/\/staging.lucky-hunter.com\/\",\"name\":\"Lucky-Hunter\",\"description\":\"Gear Up or Give Up\",\"potentialAction\":[{\"@type\":\"SearchAction\",\"target\":{\"@type\":\"EntryPoint\",\"urlTemplate\":\"https:\/\/staging.lucky-hunter.com\/?s={search_term_string}\"},\"query-input\":{\"@type\":\"PropertyValueSpecification\",\"valueRequired\":true,\"valueName\":\"search_term_string\"}}],\"inLanguage\":\"fr-FR\"}]}<\/script>\n<!-- \/ Yoast SEO plugin. -->","yoast_head_json":{"title":"Bonnet en Polaire UFS Banded - MAX5 - Lucky-Hunter","description":"Protection incroyable contre les \u00e9l\u00e9ments, confort et \u00e9l\u00e9gance - voici les principaux objectifs de ce bonnet Banded. Parfait pour le plein air","robots":{"index":"noindex","follow":"follow","max-snippet":"max-snippet:-1","max-image-preview":"max-image-preview:large","max-video-preview":"max-video-preview:-1"},"og_locale":"fr_FR","og_type":"article","og_title":"Bonnet en Polaire UFS Banded - MAX5 - Lucky-Hunter","og_description":"Protection incroyable contre les \u00e9l\u00e9ments, confort et \u00e9l\u00e9gance - voici les principaux objectifs de ce bonnet Banded. Parfait pour le plein air","og_url":"https:\/\/staging.lucky-hunter.com\/product\/banded-ufs-fleece-beanie-max5\/","og_site_name":"Lucky-Hunter","og_image":[{"width":1000,"height":1000,"url":"https:\/\/staging.lucky-hunter.com\/wp-content\/uploads\/2022\/12\/JB-0524.png","type":"image\/png"}],"twitter_card":"summary_large_image","twitter_misc":{"Dur\u00e9e de lecture estim\u00e9e":"1 minute"},"schema":{"@context":"https:\/\/schema.org","@graph":[{"@type":"WebPage","@id":"https:\/\/staging.lucky-hunter.com\/product\/banded-ufs-fleece-beanie-max5\/","url":"https:\/\/staging.lucky-hunter.com\/product\/banded-ufs-fleece-beanie-max5\/","name":"Bonnet en Polaire UFS Banded - MAX5 - Lucky-Hunter","isPartOf":{"@id":"https:\/\/staging.lucky-hunter.com\/#website"},"primaryImageOfPage":{"@id":"https:\/\/staging.lucky-hunter.com\/product\/banded-ufs-fleece-beanie-max5\/#primaryimage"},"image":{"@id":"https:\/\/staging.lucky-hunter.com\/product\/banded-ufs-fleece-beanie-max5\/#primaryimage"},"thumbnailUrl":"https:\/\/staging.lucky-hunter.com\/wp-content\/uploads\/2022\/12\/JB-0524.png","datePublished":"2022-12-08T13:38:53+00:00","dateModified":"2022-12-08T13:38:53+00:00","description":"Protection incroyable contre les \u00e9l\u00e9ments, confort et \u00e9l\u00e9gance - voici les principaux objectifs de ce bonnet Banded. Parfait pour le plein air","breadcrumb":{"@id":"https:\/\/staging.lucky-hunter.com\/product\/banded-ufs-fleece-beanie-max5\/#breadcrumb"},"inLanguage":"fr-FR","potentialAction":[{"@type":"ReadAction","target":["https:\/\/staging.lucky-hunter.com\/product\/banded-ufs-fleece-beanie-max5\/"]}]},{"@type":"ImageObject","inLanguage":"fr-FR","@id":"https:\/\/staging.lucky-hunter.com\/product\/banded-ufs-fleece-beanie-max5\/#primaryimage","url":"https:\/\/staging.lucky-hunter.com\/wp-content\/uploads\/2022\/12\/JB-0524.png","contentUrl":"https:\/\/staging.lucky-hunter.com\/wp-content\/uploads\/2022\/12\/JB-0524.png","width":1000,"height":1000},{"@type":"BreadcrumbList","@id":"https:\/\/staging.lucky-hunter.com\/product\/banded-ufs-fleece-beanie-max5\/#breadcrumb","itemListElement":[{"@type":"ListItem","position":1,"name":"Home","item":"https:\/\/staging.lucky-hunter.com\/fr\/"},{"@type":"ListItem","position":2,"name":"Boutique","item":"https:\/\/staging.lucky-hunter.com\/fr\/shop\/"},{"@type":"ListItem","position":3,"name":"Bonnet en Polaire UFS Banded &#8211; MAX5"}]},{"@type":"WebSite","@id":"https:\/\/staging.lucky-hunter.com\/#website","url":"https:\/\/staging.lucky-hunter.com\/","name":"Lucky-Hunter","description":"Gear Up or Give Up","potentialAction":[{"@type":"SearchAction","target":{"@type":"EntryPoint","urlTemplate":"https:\/\/staging.lucky-hunter.com\/?s={search_term_string}"},"query-input":{"@type":"PropertyValueSpecification","valueRequired":true,"valueName":"search_term_string"}}],"inLanguage":"fr-FR"}]}},"_links":{"self":[{"href":"https:\/\/staging.lucky-hunter.com\/fr\/wp-json\/wp\/v2\/product\/56159"}],"collection":[{"href":"https:\/\/staging.lucky-hunter.com\/fr\/wp-json\/wp\/v2\/product"}],"about":[{"href":"https:\/\/staging.lucky-hunter.com\/fr\/wp-json\/wp\/v2\/types\/product"}],"wp:featuredmedia":[{"embeddable":true,"href":"https:\/\/staging.lucky-hunter.com\/fr\/wp-json\/wp\/v2\/media\/54597"}],"wp:attachment":[{"href":"https:\/\/staging.lucky-hunter.com\/fr\/wp-json\/wp\/v2\/media?parent=56159"}],"wp:term":[{"taxonomy":"product_brand","embeddable":true,"href":"https:\/\/staging.lucky-hunter.com\/fr\/wp-json\/wp\/v2\/product_brand?post=56159"},{"taxonomy":"product_cat","embeddable":true,"href":"https:\/\/staging.lucky-hunter.com\/fr\/wp-json\/wp\/v2\/product_cat?post=56159"},{"taxonomy":"product_tag","embeddable":true,"href":"https:\/\/staging.lucky-hunter.com\/fr\/wp-json\/wp\/v2\/product_tag?post=56159"}],"curies":[{"name":"wp","href":"https:\/\/api.w.org\/{rel}","templated":true}]}}