{"id":56157,"date":"2022-12-15T12:48:28","date_gmt":"2022-12-15T11:48:28","guid":{"rendered":"https:\/\/staging.lucky-hunter.com\/product\/banded-duck-tote\/"},"modified":"2023-03-15T10:31:48","modified_gmt":"2023-03-15T09:31:48","slug":"banded-duck-tote","status":"publish","type":"product","link":"https:\/\/staging.lucky-hunter.com\/fr\/product\/banded-duck-tote\/","title":{"rendered":"Sangle Porte-canards Banded Duck Tote"},"content":{"rendered":"<h1>Sangle Porte-canards Banded Duck Tote avec camouflage Max7<\/h1>\n<div>\n<p>La sangle Banded Duck Tote 900 D<b><\/b> est faite en tissu 900 D extr\u00eamement r\u00e9sistant pour une durabilit\u00e9 optimale. Envers antid\u00e9rapant, renfort en toile pour plus de r\u00e9sistance et boucles verrouillables en acier enduit de poudre. L&#8217;anneau de suspension en acier maintient votre sangle en place malgr\u00e9 le poids des canards qui y sont accroch\u00e9s.<\/p>\n<p>un tr\u00e8s bel accessoire pour tous les chasseurs de canards<\/p>\n<p><b>Caract\u00e9ristiques\u00a0:<\/b><\/p>\n<ul>\n<li>Tissu 900 D extr\u00eamement r\u00e9sistant pour une durabilit\u00e9 optimale<\/li>\n<li>Envers antid\u00e9rapant<\/li>\n<li>Renfort en toile pour plus de solidit\u00e9<\/li>\n<li>Boucles verrouillables en acier enduit de poudre<\/li>\n<li>Anneau de suspension en acier<\/li>\n<\/ul>\n<\/div>\n","protected":false},"excerpt":{"rendered":"<p>Une superbe sangle porte-canards qui b\u00e9n\u00e9ficie de la qualit\u00e9 reconnue de Banded. Un super accessoire pour tous les chasseurs de canards.<\/p>\n","protected":false},"featured_media":55086,"template":"","meta":[],"product_brand":[9075],"product_cat":[9354],"product_tag":[9235],"yoast_head":"<!-- This site is optimized with the Yoast SEO plugin v24.3 - https:\/\/yoast.com\/wordpress\/plugins\/seo\/ -->\n<title>| Le meilleur mat\u00e9riel pour la chasse au canard est chez Lucky-Hunter<\/title>\n<meta name=\"description\" content=\"Voici une superbe sangle porte-canards qui b\u00e9n\u00e9ficie de la qualit\u00e9 reconnue de Banded. Un super accessoire pour tous les chasseurs de canards. Visitez Lucky-hunter.com pour en savoir plus\" \/>\n<meta name=\"robots\" content=\"noindex, follow, max-snippet:-1, max-image-preview:large, max-video-preview:-1\" \/>\n<meta property=\"og:locale\" content=\"fr_FR\" \/>\n<meta property=\"og:type\" content=\"article\" \/>\n<meta property=\"og:title\" content=\"| Le meilleur mat\u00e9riel pour la chasse au canard est chez Lucky-Hunter\" \/>\n<meta property=\"og:description\" content=\"Voici une superbe sangle porte-canards qui b\u00e9n\u00e9ficie de la qualit\u00e9 reconnue de Banded. Un super accessoire pour tous les chasseurs de canards. Visitez Lucky-hunter.com pour en savoir plus\" \/>\n<meta property=\"og:url\" content=\"https:\/\/staging.lucky-hunter.com\/product\/banded-duck-tote\/\" \/>\n<meta property=\"og:site_name\" content=\"Lucky-Hunter\" \/>\n<meta property=\"article:modified_time\" content=\"2023-03-15T09:31:48+00:00\" \/>\n<meta property=\"og:image\" content=\"https:\/\/staging.lucky-hunter.com\/wp-content\/uploads\/2022\/12\/PU-511.png\" \/>\n\t<meta property=\"og:image:width\" content=\"1000\" \/>\n\t<meta property=\"og:image:height\" content=\"1000\" \/>\n\t<meta property=\"og:image:type\" content=\"image\/png\" \/>\n<meta name=\"twitter:card\" content=\"summary_large_image\" \/>\n<meta name=\"twitter:label1\" content=\"Dur\u00e9e de lecture estim\u00e9e\" \/>\n\t<meta name=\"twitter:data1\" content=\"1 minute\" \/>\n<script type=\"application\/ld+json\" class=\"yoast-schema-graph\">{\"@context\":\"https:\/\/schema.org\",\"@graph\":[{\"@type\":\"WebPage\",\"@id\":\"https:\/\/staging.lucky-hunter.com\/product\/banded-duck-tote\/\",\"url\":\"https:\/\/staging.lucky-hunter.com\/product\/banded-duck-tote\/\",\"name\":\"| Le meilleur mat\u00e9riel pour la chasse au canard est chez Lucky-Hunter\",\"isPartOf\":{\"@id\":\"https:\/\/staging.lucky-hunter.com\/#website\"},\"primaryImageOfPage\":{\"@id\":\"https:\/\/staging.lucky-hunter.com\/product\/banded-duck-tote\/#primaryimage\"},\"image\":{\"@id\":\"https:\/\/staging.lucky-hunter.com\/product\/banded-duck-tote\/#primaryimage\"},\"thumbnailUrl\":\"https:\/\/staging.lucky-hunter.com\/wp-content\/uploads\/2022\/12\/PU-511.png\",\"datePublished\":\"2022-12-15T11:48:28+00:00\",\"dateModified\":\"2023-03-15T09:31:48+00:00\",\"description\":\"Voici une superbe sangle porte-canards qui b\u00e9n\u00e9ficie de la qualit\u00e9 reconnue de Banded. Un super accessoire pour tous les chasseurs de canards. Visitez Lucky-hunter.com pour en savoir plus\",\"breadcrumb\":{\"@id\":\"https:\/\/staging.lucky-hunter.com\/product\/banded-duck-tote\/#breadcrumb\"},\"inLanguage\":\"fr-FR\",\"potentialAction\":[{\"@type\":\"ReadAction\",\"target\":[\"https:\/\/staging.lucky-hunter.com\/product\/banded-duck-tote\/\"]}]},{\"@type\":\"ImageObject\",\"inLanguage\":\"fr-FR\",\"@id\":\"https:\/\/staging.lucky-hunter.com\/product\/banded-duck-tote\/#primaryimage\",\"url\":\"https:\/\/staging.lucky-hunter.com\/wp-content\/uploads\/2022\/12\/PU-511.png\",\"contentUrl\":\"https:\/\/staging.lucky-hunter.com\/wp-content\/uploads\/2022\/12\/PU-511.png\",\"width\":1000,\"height\":1000},{\"@type\":\"BreadcrumbList\",\"@id\":\"https:\/\/staging.lucky-hunter.com\/product\/banded-duck-tote\/#breadcrumb\",\"itemListElement\":[{\"@type\":\"ListItem\",\"position\":1,\"name\":\"Home\",\"item\":\"https:\/\/staging.lucky-hunter.com\/fr\/\"},{\"@type\":\"ListItem\",\"position\":2,\"name\":\"Boutique\",\"item\":\"https:\/\/staging.lucky-hunter.com\/fr\/shop\/\"},{\"@type\":\"ListItem\",\"position\":3,\"name\":\"Sangle Porte-canards Banded Duck Tote\"}]},{\"@type\":\"WebSite\",\"@id\":\"https:\/\/staging.lucky-hunter.com\/#website\",\"url\":\"https:\/\/staging.lucky-hunter.com\/\",\"name\":\"Lucky-Hunter\",\"description\":\"Gear Up or Give Up\",\"potentialAction\":[{\"@type\":\"SearchAction\",\"target\":{\"@type\":\"EntryPoint\",\"urlTemplate\":\"https:\/\/staging.lucky-hunter.com\/?s={search_term_string}\"},\"query-input\":{\"@type\":\"PropertyValueSpecification\",\"valueRequired\":true,\"valueName\":\"search_term_string\"}}],\"inLanguage\":\"fr-FR\"}]}<\/script>\n<!-- \/ Yoast SEO plugin. -->","yoast_head_json":{"title":"| Le meilleur mat\u00e9riel pour la chasse au canard est chez Lucky-Hunter","description":"Voici une superbe sangle porte-canards qui b\u00e9n\u00e9ficie de la qualit\u00e9 reconnue de Banded. Un super accessoire pour tous les chasseurs de canards. Visitez Lucky-hunter.com pour en savoir plus","robots":{"index":"noindex","follow":"follow","max-snippet":"max-snippet:-1","max-image-preview":"max-image-preview:large","max-video-preview":"max-video-preview:-1"},"og_locale":"fr_FR","og_type":"article","og_title":"| Le meilleur mat\u00e9riel pour la chasse au canard est chez Lucky-Hunter","og_description":"Voici une superbe sangle porte-canards qui b\u00e9n\u00e9ficie de la qualit\u00e9 reconnue de Banded. Un super accessoire pour tous les chasseurs de canards. Visitez Lucky-hunter.com pour en savoir plus","og_url":"https:\/\/staging.lucky-hunter.com\/product\/banded-duck-tote\/","og_site_name":"Lucky-Hunter","article_modified_time":"2023-03-15T09:31:48+00:00","og_image":[{"width":1000,"height":1000,"url":"https:\/\/staging.lucky-hunter.com\/wp-content\/uploads\/2022\/12\/PU-511.png","type":"image\/png"}],"twitter_card":"summary_large_image","twitter_misc":{"Dur\u00e9e de lecture estim\u00e9e":"1 minute"},"schema":{"@context":"https:\/\/schema.org","@graph":[{"@type":"WebPage","@id":"https:\/\/staging.lucky-hunter.com\/product\/banded-duck-tote\/","url":"https:\/\/staging.lucky-hunter.com\/product\/banded-duck-tote\/","name":"| Le meilleur mat\u00e9riel pour la chasse au canard est chez Lucky-Hunter","isPartOf":{"@id":"https:\/\/staging.lucky-hunter.com\/#website"},"primaryImageOfPage":{"@id":"https:\/\/staging.lucky-hunter.com\/product\/banded-duck-tote\/#primaryimage"},"image":{"@id":"https:\/\/staging.lucky-hunter.com\/product\/banded-duck-tote\/#primaryimage"},"thumbnailUrl":"https:\/\/staging.lucky-hunter.com\/wp-content\/uploads\/2022\/12\/PU-511.png","datePublished":"2022-12-15T11:48:28+00:00","dateModified":"2023-03-15T09:31:48+00:00","description":"Voici une superbe sangle porte-canards qui b\u00e9n\u00e9ficie de la qualit\u00e9 reconnue de Banded. Un super accessoire pour tous les chasseurs de canards. Visitez Lucky-hunter.com pour en savoir plus","breadcrumb":{"@id":"https:\/\/staging.lucky-hunter.com\/product\/banded-duck-tote\/#breadcrumb"},"inLanguage":"fr-FR","potentialAction":[{"@type":"ReadAction","target":["https:\/\/staging.lucky-hunter.com\/product\/banded-duck-tote\/"]}]},{"@type":"ImageObject","inLanguage":"fr-FR","@id":"https:\/\/staging.lucky-hunter.com\/product\/banded-duck-tote\/#primaryimage","url":"https:\/\/staging.lucky-hunter.com\/wp-content\/uploads\/2022\/12\/PU-511.png","contentUrl":"https:\/\/staging.lucky-hunter.com\/wp-content\/uploads\/2022\/12\/PU-511.png","width":1000,"height":1000},{"@type":"BreadcrumbList","@id":"https:\/\/staging.lucky-hunter.com\/product\/banded-duck-tote\/#breadcrumb","itemListElement":[{"@type":"ListItem","position":1,"name":"Home","item":"https:\/\/staging.lucky-hunter.com\/fr\/"},{"@type":"ListItem","position":2,"name":"Boutique","item":"https:\/\/staging.lucky-hunter.com\/fr\/shop\/"},{"@type":"ListItem","position":3,"name":"Sangle Porte-canards Banded Duck Tote"}]},{"@type":"WebSite","@id":"https:\/\/staging.lucky-hunter.com\/#website","url":"https:\/\/staging.lucky-hunter.com\/","name":"Lucky-Hunter","description":"Gear Up or Give Up","potentialAction":[{"@type":"SearchAction","target":{"@type":"EntryPoint","urlTemplate":"https:\/\/staging.lucky-hunter.com\/?s={search_term_string}"},"query-input":{"@type":"PropertyValueSpecification","valueRequired":true,"valueName":"search_term_string"}}],"inLanguage":"fr-FR"}]}},"_links":{"self":[{"href":"https:\/\/staging.lucky-hunter.com\/fr\/wp-json\/wp\/v2\/product\/56157"}],"collection":[{"href":"https:\/\/staging.lucky-hunter.com\/fr\/wp-json\/wp\/v2\/product"}],"about":[{"href":"https:\/\/staging.lucky-hunter.com\/fr\/wp-json\/wp\/v2\/types\/product"}],"wp:featuredmedia":[{"embeddable":true,"href":"https:\/\/staging.lucky-hunter.com\/fr\/wp-json\/wp\/v2\/media\/55086"}],"wp:attachment":[{"href":"https:\/\/staging.lucky-hunter.com\/fr\/wp-json\/wp\/v2\/media?parent=56157"}],"wp:term":[{"taxonomy":"product_brand","embeddable":true,"href":"https:\/\/staging.lucky-hunter.com\/fr\/wp-json\/wp\/v2\/product_brand?post=56157"},{"taxonomy":"product_cat","embeddable":true,"href":"https:\/\/staging.lucky-hunter.com\/fr\/wp-json\/wp\/v2\/product_cat?post=56157"},{"taxonomy":"product_tag","embeddable":true,"href":"https:\/\/staging.lucky-hunter.com\/fr\/wp-json\/wp\/v2\/product_tag?post=56157"}],"curies":[{"name":"wp","href":"https:\/\/api.w.org\/{rel}","templated":true}]}}