{"id":56153,"date":"2017-10-03T12:57:26","date_gmt":"2017-10-03T10:57:26","guid":{"rendered":"https:\/\/staging.lucky-hunter.com\/product\/avery-concentrated-game-scent\/"},"modified":"2024-05-01T08:38:58","modified_gmt":"2024-05-01T06:38:58","slug":"avery-concentrated-game-scent","status":"publish","type":"product","link":"https:\/\/staging.lucky-hunter.com\/fr\/product\/avery-concentrated-game-scent\/","title":{"rendered":"Odeur de Gibier Concentr\u00e9e Avery  &#8211; Canard et faisan"},"content":{"rendered":"<h2><strong>Odeur de Gibier Concentr\u00e9e Avery &#8211; entra\u00eenez votre chien en toute confiance<\/strong><\/h2>\n<p>Produit parfait pour dresser votre chien de chasse.\u00a0 Utilis\u00e9 en conjonction avec vos outils de dressage de chiens, vous obtiendrez les meilleurs r\u00e9sultats. Il s\u2019agit de la meilleure option pour ceux qui souhaitent commencer le dressage de leur chien de chasse.<\/p>\n<p>Aide activement votre chien \u00e0 s&#8217;habituer et \u00e0 identifier l&#8217;odeur de la sauvagine que vous chassez. En moins de temps qu\u2019il n\u2019en faut pour le dire, votre chien reconna\u00eetra facilement l&#8217;odeur du canard (colvert) ou du faisan.<\/p>\n<p>Sans danger pour les chiots et les jeunes chiens. Vous pouvez donc commencer le dressage tr\u00e8s t\u00f4t.<\/p>\n<p>Combin\u00e9 \u00e0 un mannequin anatomique r\u00e9aliste, votre chien sera dress\u00e9 en un rien de temps.<\/p>\n<p>Chaque bouteille contient 118 ml<\/p>\n<p><strong>Choisissez parmi l&#8217;une des deux variantes\u00a0:<\/strong><\/p>\n<ul>\n<li>Canard (colvert)<\/li>\n<li>Faisan<\/li>\n<\/ul>\n","protected":false},"excerpt":{"rendered":"<p>Le parfum Avery Sporting Dog est extr\u00eamement efficace pour entra\u00eener les chiots et les jeunes chiens et les habituer \u00e0 l&#8217;odeur de la faune. Au choix, colvert ou faisan.<\/p>\n","protected":false},"featured_media":29489,"template":"","meta":[],"product_brand":[8123],"product_cat":[9340],"product_tag":[9502],"yoast_head":"<!-- This site is optimized with the Yoast SEO plugin v24.3 - https:\/\/yoast.com\/wordpress\/plugins\/seo\/ -->\n<title>Odeur de Gibier Concentr\u00e9e Avery - Canard et faisan | Lucky Hunter<\/title>\n<meta name=\"description\" content=\"Parfait pour dresser votre chien. L\u2019Odeur de Gibier Concentr\u00e9e Avery est disponible en deux variantes, toutes deux id\u00e9ales pour l&#039;entra\u00eenement. Choisissez entre l\u2019odeur du canard et celle du faisan.\" \/>\n<meta name=\"robots\" content=\"noindex, follow, max-snippet:-1, max-image-preview:large, max-video-preview:-1\" \/>\n<meta property=\"og:locale\" content=\"fr_FR\" \/>\n<meta property=\"og:type\" content=\"article\" \/>\n<meta property=\"og:title\" content=\"Odeur de Gibier Concentr\u00e9e Avery - Canard et faisan | Lucky Hunter\" \/>\n<meta property=\"og:description\" content=\"Parfait pour dresser votre chien. L\u2019Odeur de Gibier Concentr\u00e9e Avery est disponible en deux variantes, toutes deux id\u00e9ales pour l&#039;entra\u00eenement. Choisissez entre l\u2019odeur du canard et celle du faisan.\" \/>\n<meta property=\"og:url\" content=\"https:\/\/staging.lucky-hunter.com\/fr\/product\/avery-concentrated-game-scent\/\" \/>\n<meta property=\"og:site_name\" content=\"Lucky-Hunter\" \/>\n<meta property=\"article:modified_time\" content=\"2024-05-01T06:38:58+00:00\" \/>\n<meta property=\"og:image\" content=\"https:\/\/staging.lucky-hunter.com\/wp-content\/uploads\/2017\/10\/JH-67.png\" \/>\n\t<meta property=\"og:image:width\" content=\"1000\" \/>\n\t<meta property=\"og:image:height\" content=\"1000\" \/>\n\t<meta property=\"og:image:type\" content=\"image\/png\" \/>\n<meta name=\"twitter:card\" content=\"summary_large_image\" \/>\n<meta name=\"twitter:title\" content=\"Odeur de Gibier Concentr\u00e9e Avery | Lucky Hunter\" \/>\n<meta name=\"twitter:description\" content=\"Parfait pour dresser votre chien. L\u2019Odeur de Gibier Concentr\u00e9e Avery est disponible en deux variantes, toutes deux id\u00e9ales pour l&#039;entra\u00eenement. Choisissez entre l\u2019odeur du canard et celle du faisan.\" \/>\n<meta name=\"twitter:label1\" content=\"Dur\u00e9e de lecture estim\u00e9e\" \/>\n\t<meta name=\"twitter:data1\" content=\"1 minute\" \/>\n<script type=\"application\/ld+json\" class=\"yoast-schema-graph\">{\"@context\":\"https:\/\/schema.org\",\"@graph\":[{\"@type\":\"WebPage\",\"@id\":\"https:\/\/staging.lucky-hunter.com\/fr\/product\/avery-concentrated-game-scent\/\",\"url\":\"https:\/\/staging.lucky-hunter.com\/fr\/product\/avery-concentrated-game-scent\/\",\"name\":\"Odeur de Gibier Concentr\u00e9e Avery - Canard et faisan | Lucky Hunter\",\"isPartOf\":{\"@id\":\"https:\/\/staging.lucky-hunter.com\/#website\"},\"primaryImageOfPage\":{\"@id\":\"https:\/\/staging.lucky-hunter.com\/fr\/product\/avery-concentrated-game-scent\/#primaryimage\"},\"image\":{\"@id\":\"https:\/\/staging.lucky-hunter.com\/fr\/product\/avery-concentrated-game-scent\/#primaryimage\"},\"thumbnailUrl\":\"https:\/\/staging.lucky-hunter.com\/wp-content\/uploads\/2017\/10\/JH-67.png\",\"datePublished\":\"2017-10-03T10:57:26+00:00\",\"dateModified\":\"2024-05-01T06:38:58+00:00\",\"description\":\"Parfait pour dresser votre chien. L\u2019Odeur de Gibier Concentr\u00e9e Avery est disponible en deux variantes, toutes deux id\u00e9ales pour l'entra\u00eenement. Choisissez entre l\u2019odeur du canard et celle du faisan.\",\"breadcrumb\":{\"@id\":\"https:\/\/staging.lucky-hunter.com\/fr\/product\/avery-concentrated-game-scent\/#breadcrumb\"},\"inLanguage\":\"fr-FR\",\"potentialAction\":[{\"@type\":\"ReadAction\",\"target\":[\"https:\/\/staging.lucky-hunter.com\/fr\/product\/avery-concentrated-game-scent\/\"]}]},{\"@type\":\"ImageObject\",\"inLanguage\":\"fr-FR\",\"@id\":\"https:\/\/staging.lucky-hunter.com\/fr\/product\/avery-concentrated-game-scent\/#primaryimage\",\"url\":\"https:\/\/staging.lucky-hunter.com\/wp-content\/uploads\/2017\/10\/JH-67.png\",\"contentUrl\":\"https:\/\/staging.lucky-hunter.com\/wp-content\/uploads\/2017\/10\/JH-67.png\",\"width\":1000,\"height\":1000,\"caption\":\"Image of the Duck and Pheasant Avery Concentrated Game Scent\"},{\"@type\":\"BreadcrumbList\",\"@id\":\"https:\/\/staging.lucky-hunter.com\/fr\/product\/avery-concentrated-game-scent\/#breadcrumb\",\"itemListElement\":[{\"@type\":\"ListItem\",\"position\":1,\"name\":\"Home\",\"item\":\"https:\/\/staging.lucky-hunter.com\/fr\/\"},{\"@type\":\"ListItem\",\"position\":2,\"name\":\"Boutique\",\"item\":\"https:\/\/staging.lucky-hunter.com\/fr\/shop\/\"},{\"@type\":\"ListItem\",\"position\":3,\"name\":\"Odeur de Gibier Concentr\u00e9e Avery &#8211; Canard et faisan\"}]},{\"@type\":\"WebSite\",\"@id\":\"https:\/\/staging.lucky-hunter.com\/#website\",\"url\":\"https:\/\/staging.lucky-hunter.com\/\",\"name\":\"Lucky-Hunter\",\"description\":\"Gear Up or Give Up\",\"potentialAction\":[{\"@type\":\"SearchAction\",\"target\":{\"@type\":\"EntryPoint\",\"urlTemplate\":\"https:\/\/staging.lucky-hunter.com\/?s={search_term_string}\"},\"query-input\":{\"@type\":\"PropertyValueSpecification\",\"valueRequired\":true,\"valueName\":\"search_term_string\"}}],\"inLanguage\":\"fr-FR\"}]}<\/script>\n<!-- \/ Yoast SEO plugin. -->","yoast_head_json":{"title":"Odeur de Gibier Concentr\u00e9e Avery - Canard et faisan | Lucky Hunter","description":"Parfait pour dresser votre chien. L\u2019Odeur de Gibier Concentr\u00e9e Avery est disponible en deux variantes, toutes deux id\u00e9ales pour l'entra\u00eenement. Choisissez entre l\u2019odeur du canard et celle du faisan.","robots":{"index":"noindex","follow":"follow","max-snippet":"max-snippet:-1","max-image-preview":"max-image-preview:large","max-video-preview":"max-video-preview:-1"},"og_locale":"fr_FR","og_type":"article","og_title":"Odeur de Gibier Concentr\u00e9e Avery - Canard et faisan | Lucky Hunter","og_description":"Parfait pour dresser votre chien. L\u2019Odeur de Gibier Concentr\u00e9e Avery est disponible en deux variantes, toutes deux id\u00e9ales pour l'entra\u00eenement. Choisissez entre l\u2019odeur du canard et celle du faisan.","og_url":"https:\/\/staging.lucky-hunter.com\/fr\/product\/avery-concentrated-game-scent\/","og_site_name":"Lucky-Hunter","article_modified_time":"2024-05-01T06:38:58+00:00","og_image":[{"width":1000,"height":1000,"url":"https:\/\/staging.lucky-hunter.com\/wp-content\/uploads\/2017\/10\/JH-67.png","type":"image\/png"}],"twitter_card":"summary_large_image","twitter_title":"Odeur de Gibier Concentr\u00e9e Avery | Lucky Hunter","twitter_description":"Parfait pour dresser votre chien. L\u2019Odeur de Gibier Concentr\u00e9e Avery est disponible en deux variantes, toutes deux id\u00e9ales pour l'entra\u00eenement. Choisissez entre l\u2019odeur du canard et celle du faisan.","twitter_misc":{"Dur\u00e9e de lecture estim\u00e9e":"1 minute"},"schema":{"@context":"https:\/\/schema.org","@graph":[{"@type":"WebPage","@id":"https:\/\/staging.lucky-hunter.com\/fr\/product\/avery-concentrated-game-scent\/","url":"https:\/\/staging.lucky-hunter.com\/fr\/product\/avery-concentrated-game-scent\/","name":"Odeur de Gibier Concentr\u00e9e Avery - Canard et faisan | Lucky Hunter","isPartOf":{"@id":"https:\/\/staging.lucky-hunter.com\/#website"},"primaryImageOfPage":{"@id":"https:\/\/staging.lucky-hunter.com\/fr\/product\/avery-concentrated-game-scent\/#primaryimage"},"image":{"@id":"https:\/\/staging.lucky-hunter.com\/fr\/product\/avery-concentrated-game-scent\/#primaryimage"},"thumbnailUrl":"https:\/\/staging.lucky-hunter.com\/wp-content\/uploads\/2017\/10\/JH-67.png","datePublished":"2017-10-03T10:57:26+00:00","dateModified":"2024-05-01T06:38:58+00:00","description":"Parfait pour dresser votre chien. L\u2019Odeur de Gibier Concentr\u00e9e Avery est disponible en deux variantes, toutes deux id\u00e9ales pour l'entra\u00eenement. Choisissez entre l\u2019odeur du canard et celle du faisan.","breadcrumb":{"@id":"https:\/\/staging.lucky-hunter.com\/fr\/product\/avery-concentrated-game-scent\/#breadcrumb"},"inLanguage":"fr-FR","potentialAction":[{"@type":"ReadAction","target":["https:\/\/staging.lucky-hunter.com\/fr\/product\/avery-concentrated-game-scent\/"]}]},{"@type":"ImageObject","inLanguage":"fr-FR","@id":"https:\/\/staging.lucky-hunter.com\/fr\/product\/avery-concentrated-game-scent\/#primaryimage","url":"https:\/\/staging.lucky-hunter.com\/wp-content\/uploads\/2017\/10\/JH-67.png","contentUrl":"https:\/\/staging.lucky-hunter.com\/wp-content\/uploads\/2017\/10\/JH-67.png","width":1000,"height":1000,"caption":"Image of the Duck and Pheasant Avery Concentrated Game Scent"},{"@type":"BreadcrumbList","@id":"https:\/\/staging.lucky-hunter.com\/fr\/product\/avery-concentrated-game-scent\/#breadcrumb","itemListElement":[{"@type":"ListItem","position":1,"name":"Home","item":"https:\/\/staging.lucky-hunter.com\/fr\/"},{"@type":"ListItem","position":2,"name":"Boutique","item":"https:\/\/staging.lucky-hunter.com\/fr\/shop\/"},{"@type":"ListItem","position":3,"name":"Odeur de Gibier Concentr\u00e9e Avery &#8211; Canard et faisan"}]},{"@type":"WebSite","@id":"https:\/\/staging.lucky-hunter.com\/#website","url":"https:\/\/staging.lucky-hunter.com\/","name":"Lucky-Hunter","description":"Gear Up or Give Up","potentialAction":[{"@type":"SearchAction","target":{"@type":"EntryPoint","urlTemplate":"https:\/\/staging.lucky-hunter.com\/?s={search_term_string}"},"query-input":{"@type":"PropertyValueSpecification","valueRequired":true,"valueName":"search_term_string"}}],"inLanguage":"fr-FR"}]}},"_links":{"self":[{"href":"https:\/\/staging.lucky-hunter.com\/fr\/wp-json\/wp\/v2\/product\/56153"}],"collection":[{"href":"https:\/\/staging.lucky-hunter.com\/fr\/wp-json\/wp\/v2\/product"}],"about":[{"href":"https:\/\/staging.lucky-hunter.com\/fr\/wp-json\/wp\/v2\/types\/product"}],"wp:featuredmedia":[{"embeddable":true,"href":"https:\/\/staging.lucky-hunter.com\/fr\/wp-json\/wp\/v2\/media\/29489"}],"wp:attachment":[{"href":"https:\/\/staging.lucky-hunter.com\/fr\/wp-json\/wp\/v2\/media?parent=56153"}],"wp:term":[{"taxonomy":"product_brand","embeddable":true,"href":"https:\/\/staging.lucky-hunter.com\/fr\/wp-json\/wp\/v2\/product_brand?post=56153"},{"taxonomy":"product_cat","embeddable":true,"href":"https:\/\/staging.lucky-hunter.com\/fr\/wp-json\/wp\/v2\/product_cat?post=56153"},{"taxonomy":"product_tag","embeddable":true,"href":"https:\/\/staging.lucky-hunter.com\/fr\/wp-json\/wp\/v2\/product_tag?post=56153"}],"curies":[{"name":"wp","href":"https:\/\/api.w.org\/{rel}","templated":true}]}}