{"id":56152,"date":"2023-01-19T15:09:53","date_gmt":"2023-01-19T14:09:53","guid":{"rendered":"https:\/\/staging.lucky-hunter.com\/product\/banded-torx-eva-gun-bag-max7\/"},"modified":"2023-03-14T15:02:55","modified_gmt":"2023-03-14T14:02:55","slug":"banded-torx-eva-gun-bag-max7","status":"publish","type":"product","link":"https:\/\/staging.lucky-hunter.com\/fr\/product\/banded-torx-eva-gun-bag-max7\/","title":{"rendered":"Sac \u00e0 Fusil \u00ab\u00a0TORX EVA\u00a0\u00bb Banded &#8211; Max7"},"content":{"rendered":"<h2>Sac \u00e0 Fusil Flottant Premium de Banded<\/h2>\n<div>\n<p>Banded a cr\u00e9\u00e9 un sac flottant haut de gamme pour votre fusil. Sa durabilit\u00e9 est telle que vous pourrez le transmettre de g\u00e9n\u00e9ration en g\u00e9n\u00e9ration. Le sac \u00e0 fusil Torx EVA est dot\u00e9 d\u2019accessoires m\u00e9talliques indestructibles associ\u00e9s \u00e0 une structure robuste de 900 D. Prot\u00e8ge les armes \u00e0 feu de valeur contre les \u00e9l\u00e9ments, et avec style.<\/p>\n<p><strong>Caract\u00e9ristiques principales\u00a0:<\/strong><\/p>\n<ul>\n<li>Le tissu externe robuste de 900 D est r\u00e9sistant aux intemp\u00e9ries et aux d\u00e9chirures<\/li>\n<li>Poign\u00e9es de transport et bandouli\u00e8re rembourr\u00e9e avec mousquetons m\u00e9talliques pour le transport<\/li>\n<li>La poche de rangement est suffisamment grande pour accueillir l&#8217;\u00e9quipement essentiel<\/li>\n<li>Fermeture \u00e0 boucle m\u00e9tallique offrant un acc\u00e8s facile<\/li>\n<li>Comprend une mousse \u00e0 cellules ferm\u00e9es flottante et non absorbante<\/li>\n<li>Adapt\u00e9 aux fusils mesurant jusqu&#8217;\u00e0 137 cm de long<\/li>\n<\/ul>\n<\/div>\n","protected":false},"excerpt":{"rendered":"<p>Un excellent sac \u00e0 fusil de chez Banded. Il flotte dans l\u2019eau et il est fabriqu\u00e9 avec des mat\u00e9riaux incroyablement r\u00e9sistants. Ce sac \u00e0 fusil ne s\u2019usera pas.<\/p>\n","protected":false},"featured_media":56050,"template":"","meta":[],"product_brand":[8137],"product_cat":[9355],"product_tag":[],"yoast_head":"<!-- This site is optimized with the Yoast SEO plugin v24.3 - https:\/\/yoast.com\/wordpress\/plugins\/seo\/ -->\n<title>Sac \u00e0 Fusil \u00ab\u00a0TORX EVA\u00a0\u00bb Banded - Max7 | Lucky-Hunter.com<\/title>\n<meta name=\"description\" content=\"Un excellent sac \u00e0 fusil de chez Banded. Il flotte dans l\u2019eau et il est fabriqu\u00e9 avec des mat\u00e9riaux incroyablement r\u00e9sistants. Ce sac \u00e0 fusil ne s\u2019usera pas.\" \/>\n<meta name=\"robots\" content=\"noindex, follow, max-snippet:-1, max-image-preview:large, max-video-preview:-1\" \/>\n<meta property=\"og:locale\" content=\"fr_FR\" \/>\n<meta property=\"og:type\" content=\"article\" \/>\n<meta property=\"og:title\" content=\"Sac \u00e0 Fusil \u00ab\u00a0TORX EVA\u00a0\u00bb Banded - Max7 | Lucky-Hunter.com\" \/>\n<meta property=\"og:description\" content=\"Un excellent sac \u00e0 fusil de chez Banded. Il flotte dans l\u2019eau et il est fabriqu\u00e9 avec des mat\u00e9riaux incroyablement r\u00e9sistants. Ce sac \u00e0 fusil ne s\u2019usera pas.\" \/>\n<meta property=\"og:url\" content=\"https:\/\/staging.lucky-hunter.com\/fr\/product\/banded-torx-eva-gun-bag-max7\/\" \/>\n<meta property=\"og:site_name\" content=\"Lucky-Hunter\" \/>\n<meta property=\"article:modified_time\" content=\"2023-03-14T14:02:55+00:00\" \/>\n<meta property=\"og:image\" content=\"https:\/\/staging.lucky-hunter.com\/wp-content\/uploads\/2023\/01\/PU-642.png\" \/>\n\t<meta property=\"og:image:width\" content=\"1000\" \/>\n\t<meta property=\"og:image:height\" content=\"1000\" \/>\n\t<meta property=\"og:image:type\" content=\"image\/png\" \/>\n<meta name=\"twitter:card\" content=\"summary_large_image\" \/>\n<meta name=\"twitter:label1\" content=\"Dur\u00e9e de lecture estim\u00e9e\" \/>\n\t<meta name=\"twitter:data1\" content=\"1 minute\" \/>\n<script type=\"application\/ld+json\" class=\"yoast-schema-graph\">{\"@context\":\"https:\/\/schema.org\",\"@graph\":[{\"@type\":\"WebPage\",\"@id\":\"https:\/\/staging.lucky-hunter.com\/fr\/product\/banded-torx-eva-gun-bag-max7\/\",\"url\":\"https:\/\/staging.lucky-hunter.com\/fr\/product\/banded-torx-eva-gun-bag-max7\/\",\"name\":\"Sac \u00e0 Fusil \u00ab\u00a0TORX EVA\u00a0\u00bb Banded - Max7 | Lucky-Hunter.com\",\"isPartOf\":{\"@id\":\"https:\/\/staging.lucky-hunter.com\/#website\"},\"primaryImageOfPage\":{\"@id\":\"https:\/\/staging.lucky-hunter.com\/fr\/product\/banded-torx-eva-gun-bag-max7\/#primaryimage\"},\"image\":{\"@id\":\"https:\/\/staging.lucky-hunter.com\/fr\/product\/banded-torx-eva-gun-bag-max7\/#primaryimage\"},\"thumbnailUrl\":\"https:\/\/staging.lucky-hunter.com\/wp-content\/uploads\/2023\/01\/PU-642.png\",\"datePublished\":\"2023-01-19T14:09:53+00:00\",\"dateModified\":\"2023-03-14T14:02:55+00:00\",\"description\":\"Un excellent sac \u00e0 fusil de chez Banded. Il flotte dans l\u2019eau et il est fabriqu\u00e9 avec des mat\u00e9riaux incroyablement r\u00e9sistants. Ce sac \u00e0 fusil ne s\u2019usera pas.\",\"breadcrumb\":{\"@id\":\"https:\/\/staging.lucky-hunter.com\/fr\/product\/banded-torx-eva-gun-bag-max7\/#breadcrumb\"},\"inLanguage\":\"fr-FR\",\"potentialAction\":[{\"@type\":\"ReadAction\",\"target\":[\"https:\/\/staging.lucky-hunter.com\/fr\/product\/banded-torx-eva-gun-bag-max7\/\"]}]},{\"@type\":\"ImageObject\",\"inLanguage\":\"fr-FR\",\"@id\":\"https:\/\/staging.lucky-hunter.com\/fr\/product\/banded-torx-eva-gun-bag-max7\/#primaryimage\",\"url\":\"https:\/\/staging.lucky-hunter.com\/wp-content\/uploads\/2023\/01\/PU-642.png\",\"contentUrl\":\"https:\/\/staging.lucky-hunter.com\/wp-content\/uploads\/2023\/01\/PU-642.png\",\"width\":1000,\"height\":1000},{\"@type\":\"BreadcrumbList\",\"@id\":\"https:\/\/staging.lucky-hunter.com\/fr\/product\/banded-torx-eva-gun-bag-max7\/#breadcrumb\",\"itemListElement\":[{\"@type\":\"ListItem\",\"position\":1,\"name\":\"Home\",\"item\":\"https:\/\/staging.lucky-hunter.com\/fr\/\"},{\"@type\":\"ListItem\",\"position\":2,\"name\":\"Boutique\",\"item\":\"https:\/\/staging.lucky-hunter.com\/fr\/shop\/\"},{\"@type\":\"ListItem\",\"position\":3,\"name\":\"Sac \u00e0 Fusil \u00ab\u00a0TORX EVA\u00a0\u00bb Banded &#8211; Max7\"}]},{\"@type\":\"WebSite\",\"@id\":\"https:\/\/staging.lucky-hunter.com\/#website\",\"url\":\"https:\/\/staging.lucky-hunter.com\/\",\"name\":\"Lucky-Hunter\",\"description\":\"Gear Up or Give Up\",\"potentialAction\":[{\"@type\":\"SearchAction\",\"target\":{\"@type\":\"EntryPoint\",\"urlTemplate\":\"https:\/\/staging.lucky-hunter.com\/?s={search_term_string}\"},\"query-input\":{\"@type\":\"PropertyValueSpecification\",\"valueRequired\":true,\"valueName\":\"search_term_string\"}}],\"inLanguage\":\"fr-FR\"}]}<\/script>\n<!-- \/ Yoast SEO plugin. -->","yoast_head_json":{"title":"Sac \u00e0 Fusil \u00ab\u00a0TORX EVA\u00a0\u00bb Banded - Max7 | Lucky-Hunter.com","description":"Un excellent sac \u00e0 fusil de chez Banded. Il flotte dans l\u2019eau et il est fabriqu\u00e9 avec des mat\u00e9riaux incroyablement r\u00e9sistants. Ce sac \u00e0 fusil ne s\u2019usera pas.","robots":{"index":"noindex","follow":"follow","max-snippet":"max-snippet:-1","max-image-preview":"max-image-preview:large","max-video-preview":"max-video-preview:-1"},"og_locale":"fr_FR","og_type":"article","og_title":"Sac \u00e0 Fusil \u00ab\u00a0TORX EVA\u00a0\u00bb Banded - Max7 | Lucky-Hunter.com","og_description":"Un excellent sac \u00e0 fusil de chez Banded. Il flotte dans l\u2019eau et il est fabriqu\u00e9 avec des mat\u00e9riaux incroyablement r\u00e9sistants. Ce sac \u00e0 fusil ne s\u2019usera pas.","og_url":"https:\/\/staging.lucky-hunter.com\/fr\/product\/banded-torx-eva-gun-bag-max7\/","og_site_name":"Lucky-Hunter","article_modified_time":"2023-03-14T14:02:55+00:00","og_image":[{"width":1000,"height":1000,"url":"https:\/\/staging.lucky-hunter.com\/wp-content\/uploads\/2023\/01\/PU-642.png","type":"image\/png"}],"twitter_card":"summary_large_image","twitter_misc":{"Dur\u00e9e de lecture estim\u00e9e":"1 minute"},"schema":{"@context":"https:\/\/schema.org","@graph":[{"@type":"WebPage","@id":"https:\/\/staging.lucky-hunter.com\/fr\/product\/banded-torx-eva-gun-bag-max7\/","url":"https:\/\/staging.lucky-hunter.com\/fr\/product\/banded-torx-eva-gun-bag-max7\/","name":"Sac \u00e0 Fusil \u00ab\u00a0TORX EVA\u00a0\u00bb Banded - Max7 | Lucky-Hunter.com","isPartOf":{"@id":"https:\/\/staging.lucky-hunter.com\/#website"},"primaryImageOfPage":{"@id":"https:\/\/staging.lucky-hunter.com\/fr\/product\/banded-torx-eva-gun-bag-max7\/#primaryimage"},"image":{"@id":"https:\/\/staging.lucky-hunter.com\/fr\/product\/banded-torx-eva-gun-bag-max7\/#primaryimage"},"thumbnailUrl":"https:\/\/staging.lucky-hunter.com\/wp-content\/uploads\/2023\/01\/PU-642.png","datePublished":"2023-01-19T14:09:53+00:00","dateModified":"2023-03-14T14:02:55+00:00","description":"Un excellent sac \u00e0 fusil de chez Banded. Il flotte dans l\u2019eau et il est fabriqu\u00e9 avec des mat\u00e9riaux incroyablement r\u00e9sistants. Ce sac \u00e0 fusil ne s\u2019usera pas.","breadcrumb":{"@id":"https:\/\/staging.lucky-hunter.com\/fr\/product\/banded-torx-eva-gun-bag-max7\/#breadcrumb"},"inLanguage":"fr-FR","potentialAction":[{"@type":"ReadAction","target":["https:\/\/staging.lucky-hunter.com\/fr\/product\/banded-torx-eva-gun-bag-max7\/"]}]},{"@type":"ImageObject","inLanguage":"fr-FR","@id":"https:\/\/staging.lucky-hunter.com\/fr\/product\/banded-torx-eva-gun-bag-max7\/#primaryimage","url":"https:\/\/staging.lucky-hunter.com\/wp-content\/uploads\/2023\/01\/PU-642.png","contentUrl":"https:\/\/staging.lucky-hunter.com\/wp-content\/uploads\/2023\/01\/PU-642.png","width":1000,"height":1000},{"@type":"BreadcrumbList","@id":"https:\/\/staging.lucky-hunter.com\/fr\/product\/banded-torx-eva-gun-bag-max7\/#breadcrumb","itemListElement":[{"@type":"ListItem","position":1,"name":"Home","item":"https:\/\/staging.lucky-hunter.com\/fr\/"},{"@type":"ListItem","position":2,"name":"Boutique","item":"https:\/\/staging.lucky-hunter.com\/fr\/shop\/"},{"@type":"ListItem","position":3,"name":"Sac \u00e0 Fusil \u00ab\u00a0TORX EVA\u00a0\u00bb Banded &#8211; Max7"}]},{"@type":"WebSite","@id":"https:\/\/staging.lucky-hunter.com\/#website","url":"https:\/\/staging.lucky-hunter.com\/","name":"Lucky-Hunter","description":"Gear Up or Give Up","potentialAction":[{"@type":"SearchAction","target":{"@type":"EntryPoint","urlTemplate":"https:\/\/staging.lucky-hunter.com\/?s={search_term_string}"},"query-input":{"@type":"PropertyValueSpecification","valueRequired":true,"valueName":"search_term_string"}}],"inLanguage":"fr-FR"}]}},"_links":{"self":[{"href":"https:\/\/staging.lucky-hunter.com\/fr\/wp-json\/wp\/v2\/product\/56152"}],"collection":[{"href":"https:\/\/staging.lucky-hunter.com\/fr\/wp-json\/wp\/v2\/product"}],"about":[{"href":"https:\/\/staging.lucky-hunter.com\/fr\/wp-json\/wp\/v2\/types\/product"}],"wp:featuredmedia":[{"embeddable":true,"href":"https:\/\/staging.lucky-hunter.com\/fr\/wp-json\/wp\/v2\/media\/56050"}],"wp:attachment":[{"href":"https:\/\/staging.lucky-hunter.com\/fr\/wp-json\/wp\/v2\/media?parent=56152"}],"wp:term":[{"taxonomy":"product_brand","embeddable":true,"href":"https:\/\/staging.lucky-hunter.com\/fr\/wp-json\/wp\/v2\/product_brand?post=56152"},{"taxonomy":"product_cat","embeddable":true,"href":"https:\/\/staging.lucky-hunter.com\/fr\/wp-json\/wp\/v2\/product_cat?post=56152"},{"taxonomy":"product_tag","embeddable":true,"href":"https:\/\/staging.lucky-hunter.com\/fr\/wp-json\/wp\/v2\/product_tag?post=56152"}],"curies":[{"name":"wp","href":"https:\/\/api.w.org\/{rel}","templated":true}]}}