{"id":56146,"date":"2021-10-12T12:25:07","date_gmt":"2021-10-12T10:25:07","guid":{"rendered":"https:\/\/staging.lucky-hunter.com\/product\/round-boar-hog-trophy-plate-dark-oak\/"},"modified":"2025-06-24T15:38:02","modified_gmt":"2025-06-24T13:38:02","slug":"round-boar-hog-trophy-plate-dark-oak","status":"publish","type":"product","link":"https:\/\/staging.lucky-hunter.com\/fr\/product\/round-boar-hog-trophy-plate-dark-oak\/","title":{"rendered":"\u00c9cusson pour Troph\u00e9e de Sanglier &#8211; Ch\u00eane Fonc\u00e9"},"content":{"rendered":"<p>\u00c9cusson de haute qualit\u00e9 pour les troph\u00e9es de sangliers et pour les canines de renard.<\/p>\n<p><strong>Caract\u00e9ristiques\u00a0:<\/strong><\/p>\n<ul>\n<li>Dispositif de montage \u00e0 l&#8217;arri\u00e8re.<\/li>\n<li>Diam\u00e8tre : 10 \u00e0 18 cm<\/li>\n<li>Couleur : Ch\u00eane fonc\u00e9 teint\u00e9<\/li>\n<li>Mat\u00e9riau : bois de ch\u00eane sec totalement exempt de fissures<\/li>\n<\/ul>\n","protected":false},"excerpt":{"rendered":"<p>\u00c9cusson de haute qualit\u00e9 pour les troph\u00e9es de sangliers et pour les canines de renard. Fabriqu\u00e9 en bois de ch\u00eane teint\u00e9 et sans aucune fissure.<\/p>\n","protected":false},"featured_media":30341,"template":"","meta":[],"product_brand":[8196],"product_cat":[9390],"product_tag":[9442],"yoast_head":"<!-- This site is optimized with the Yoast SEO plugin v24.3 - https:\/\/yoast.com\/wordpress\/plugins\/seo\/ -->\n<title>\u00c9cusson pour Troph\u00e9e de Sanglier - Ch\u00eane Teint\u00e9<\/title>\n<meta name=\"description\" content=\"\u00c9cusson de haute qualit\u00e9 pour les troph\u00e9es de sangliers et pour les canines de renard. Fabriqu\u00e9 en bois de ch\u00eane teint\u00e9 et sans aucune fissure.\" \/>\n<meta name=\"robots\" content=\"noindex, follow, max-snippet:-1, max-image-preview:large, max-video-preview:-1\" \/>\n<meta property=\"og:locale\" content=\"fr_FR\" \/>\n<meta property=\"og:type\" content=\"article\" \/>\n<meta property=\"og:title\" content=\"\u00c9cusson pour Troph\u00e9e de Sanglier - Ch\u00eane Teint\u00e9\" \/>\n<meta property=\"og:description\" content=\"\u00c9cusson de haute qualit\u00e9 pour les troph\u00e9es de sangliers et pour les canines de renard. Fabriqu\u00e9 en bois de ch\u00eane teint\u00e9 et sans aucune fissure.\" \/>\n<meta property=\"og:url\" content=\"https:\/\/staging.lucky-hunter.com\/fr\/product\/round-boar-hog-trophy-plate-dark-oak\/\" \/>\n<meta property=\"og:site_name\" content=\"Lucky-Hunter\" \/>\n<meta property=\"article:modified_time\" content=\"2025-06-24T13:38:02+00:00\" \/>\n<meta property=\"og:image\" content=\"https:\/\/staging.lucky-hunter.com\/wp-content\/uploads\/2021\/10\/560828.png\" \/>\n\t<meta property=\"og:image:width\" content=\"1000\" \/>\n\t<meta property=\"og:image:height\" content=\"1000\" \/>\n\t<meta property=\"og:image:type\" content=\"image\/png\" \/>\n<meta name=\"twitter:card\" content=\"summary_large_image\" \/>\n<meta name=\"twitter:label1\" content=\"Dur\u00e9e de lecture estim\u00e9e\" \/>\n\t<meta name=\"twitter:data1\" content=\"1 minute\" \/>\n<script type=\"application\/ld+json\" class=\"yoast-schema-graph\">{\"@context\":\"https:\/\/schema.org\",\"@graph\":[{\"@type\":\"WebPage\",\"@id\":\"https:\/\/staging.lucky-hunter.com\/fr\/product\/round-boar-hog-trophy-plate-dark-oak\/\",\"url\":\"https:\/\/staging.lucky-hunter.com\/fr\/product\/round-boar-hog-trophy-plate-dark-oak\/\",\"name\":\"\u00c9cusson pour Troph\u00e9e de Sanglier - Ch\u00eane Teint\u00e9\",\"isPartOf\":{\"@id\":\"https:\/\/staging.lucky-hunter.com\/#website\"},\"primaryImageOfPage\":{\"@id\":\"https:\/\/staging.lucky-hunter.com\/fr\/product\/round-boar-hog-trophy-plate-dark-oak\/#primaryimage\"},\"image\":{\"@id\":\"https:\/\/staging.lucky-hunter.com\/fr\/product\/round-boar-hog-trophy-plate-dark-oak\/#primaryimage\"},\"thumbnailUrl\":\"https:\/\/staging.lucky-hunter.com\/wp-content\/uploads\/2021\/10\/560828.png\",\"datePublished\":\"2021-10-12T10:25:07+00:00\",\"dateModified\":\"2025-06-24T13:38:02+00:00\",\"description\":\"\u00c9cusson de haute qualit\u00e9 pour les troph\u00e9es de sangliers et pour les canines de renard. Fabriqu\u00e9 en bois de ch\u00eane teint\u00e9 et sans aucune fissure.\",\"breadcrumb\":{\"@id\":\"https:\/\/staging.lucky-hunter.com\/fr\/product\/round-boar-hog-trophy-plate-dark-oak\/#breadcrumb\"},\"inLanguage\":\"fr-FR\",\"potentialAction\":[{\"@type\":\"ReadAction\",\"target\":[\"https:\/\/staging.lucky-hunter.com\/fr\/product\/round-boar-hog-trophy-plate-dark-oak\/\"]}]},{\"@type\":\"ImageObject\",\"inLanguage\":\"fr-FR\",\"@id\":\"https:\/\/staging.lucky-hunter.com\/fr\/product\/round-boar-hog-trophy-plate-dark-oak\/#primaryimage\",\"url\":\"https:\/\/staging.lucky-hunter.com\/wp-content\/uploads\/2021\/10\/560828.png\",\"contentUrl\":\"https:\/\/staging.lucky-hunter.com\/wp-content\/uploads\/2021\/10\/560828.png\",\"width\":1000,\"height\":1000},{\"@type\":\"BreadcrumbList\",\"@id\":\"https:\/\/staging.lucky-hunter.com\/fr\/product\/round-boar-hog-trophy-plate-dark-oak\/#breadcrumb\",\"itemListElement\":[{\"@type\":\"ListItem\",\"position\":1,\"name\":\"Home\",\"item\":\"https:\/\/staging.lucky-hunter.com\/fr\/\"},{\"@type\":\"ListItem\",\"position\":2,\"name\":\"Boutique\",\"item\":\"https:\/\/staging.lucky-hunter.com\/fr\/shop\/\"},{\"@type\":\"ListItem\",\"position\":3,\"name\":\"\u00c9cusson pour Troph\u00e9e de Sanglier &#8211; Ch\u00eane Fonc\u00e9\"}]},{\"@type\":\"WebSite\",\"@id\":\"https:\/\/staging.lucky-hunter.com\/#website\",\"url\":\"https:\/\/staging.lucky-hunter.com\/\",\"name\":\"Lucky-Hunter\",\"description\":\"Gear Up or Give Up\",\"potentialAction\":[{\"@type\":\"SearchAction\",\"target\":{\"@type\":\"EntryPoint\",\"urlTemplate\":\"https:\/\/staging.lucky-hunter.com\/?s={search_term_string}\"},\"query-input\":{\"@type\":\"PropertyValueSpecification\",\"valueRequired\":true,\"valueName\":\"search_term_string\"}}],\"inLanguage\":\"fr-FR\"}]}<\/script>\n<!-- \/ Yoast SEO plugin. -->","yoast_head_json":{"title":"\u00c9cusson pour Troph\u00e9e de Sanglier - Ch\u00eane Teint\u00e9","description":"\u00c9cusson de haute qualit\u00e9 pour les troph\u00e9es de sangliers et pour les canines de renard. Fabriqu\u00e9 en bois de ch\u00eane teint\u00e9 et sans aucune fissure.","robots":{"index":"noindex","follow":"follow","max-snippet":"max-snippet:-1","max-image-preview":"max-image-preview:large","max-video-preview":"max-video-preview:-1"},"og_locale":"fr_FR","og_type":"article","og_title":"\u00c9cusson pour Troph\u00e9e de Sanglier - Ch\u00eane Teint\u00e9","og_description":"\u00c9cusson de haute qualit\u00e9 pour les troph\u00e9es de sangliers et pour les canines de renard. Fabriqu\u00e9 en bois de ch\u00eane teint\u00e9 et sans aucune fissure.","og_url":"https:\/\/staging.lucky-hunter.com\/fr\/product\/round-boar-hog-trophy-plate-dark-oak\/","og_site_name":"Lucky-Hunter","article_modified_time":"2025-06-24T13:38:02+00:00","og_image":[{"width":1000,"height":1000,"url":"https:\/\/staging.lucky-hunter.com\/wp-content\/uploads\/2021\/10\/560828.png","type":"image\/png"}],"twitter_card":"summary_large_image","twitter_misc":{"Dur\u00e9e de lecture estim\u00e9e":"1 minute"},"schema":{"@context":"https:\/\/schema.org","@graph":[{"@type":"WebPage","@id":"https:\/\/staging.lucky-hunter.com\/fr\/product\/round-boar-hog-trophy-plate-dark-oak\/","url":"https:\/\/staging.lucky-hunter.com\/fr\/product\/round-boar-hog-trophy-plate-dark-oak\/","name":"\u00c9cusson pour Troph\u00e9e de Sanglier - Ch\u00eane Teint\u00e9","isPartOf":{"@id":"https:\/\/staging.lucky-hunter.com\/#website"},"primaryImageOfPage":{"@id":"https:\/\/staging.lucky-hunter.com\/fr\/product\/round-boar-hog-trophy-plate-dark-oak\/#primaryimage"},"image":{"@id":"https:\/\/staging.lucky-hunter.com\/fr\/product\/round-boar-hog-trophy-plate-dark-oak\/#primaryimage"},"thumbnailUrl":"https:\/\/staging.lucky-hunter.com\/wp-content\/uploads\/2021\/10\/560828.png","datePublished":"2021-10-12T10:25:07+00:00","dateModified":"2025-06-24T13:38:02+00:00","description":"\u00c9cusson de haute qualit\u00e9 pour les troph\u00e9es de sangliers et pour les canines de renard. Fabriqu\u00e9 en bois de ch\u00eane teint\u00e9 et sans aucune fissure.","breadcrumb":{"@id":"https:\/\/staging.lucky-hunter.com\/fr\/product\/round-boar-hog-trophy-plate-dark-oak\/#breadcrumb"},"inLanguage":"fr-FR","potentialAction":[{"@type":"ReadAction","target":["https:\/\/staging.lucky-hunter.com\/fr\/product\/round-boar-hog-trophy-plate-dark-oak\/"]}]},{"@type":"ImageObject","inLanguage":"fr-FR","@id":"https:\/\/staging.lucky-hunter.com\/fr\/product\/round-boar-hog-trophy-plate-dark-oak\/#primaryimage","url":"https:\/\/staging.lucky-hunter.com\/wp-content\/uploads\/2021\/10\/560828.png","contentUrl":"https:\/\/staging.lucky-hunter.com\/wp-content\/uploads\/2021\/10\/560828.png","width":1000,"height":1000},{"@type":"BreadcrumbList","@id":"https:\/\/staging.lucky-hunter.com\/fr\/product\/round-boar-hog-trophy-plate-dark-oak\/#breadcrumb","itemListElement":[{"@type":"ListItem","position":1,"name":"Home","item":"https:\/\/staging.lucky-hunter.com\/fr\/"},{"@type":"ListItem","position":2,"name":"Boutique","item":"https:\/\/staging.lucky-hunter.com\/fr\/shop\/"},{"@type":"ListItem","position":3,"name":"\u00c9cusson pour Troph\u00e9e de Sanglier &#8211; Ch\u00eane Fonc\u00e9"}]},{"@type":"WebSite","@id":"https:\/\/staging.lucky-hunter.com\/#website","url":"https:\/\/staging.lucky-hunter.com\/","name":"Lucky-Hunter","description":"Gear Up or Give Up","potentialAction":[{"@type":"SearchAction","target":{"@type":"EntryPoint","urlTemplate":"https:\/\/staging.lucky-hunter.com\/?s={search_term_string}"},"query-input":{"@type":"PropertyValueSpecification","valueRequired":true,"valueName":"search_term_string"}}],"inLanguage":"fr-FR"}]}},"_links":{"self":[{"href":"https:\/\/staging.lucky-hunter.com\/fr\/wp-json\/wp\/v2\/product\/56146"}],"collection":[{"href":"https:\/\/staging.lucky-hunter.com\/fr\/wp-json\/wp\/v2\/product"}],"about":[{"href":"https:\/\/staging.lucky-hunter.com\/fr\/wp-json\/wp\/v2\/types\/product"}],"wp:featuredmedia":[{"embeddable":true,"href":"https:\/\/staging.lucky-hunter.com\/fr\/wp-json\/wp\/v2\/media\/30341"}],"wp:attachment":[{"href":"https:\/\/staging.lucky-hunter.com\/fr\/wp-json\/wp\/v2\/media?parent=56146"}],"wp:term":[{"taxonomy":"product_brand","embeddable":true,"href":"https:\/\/staging.lucky-hunter.com\/fr\/wp-json\/wp\/v2\/product_brand?post=56146"},{"taxonomy":"product_cat","embeddable":true,"href":"https:\/\/staging.lucky-hunter.com\/fr\/wp-json\/wp\/v2\/product_cat?post=56146"},{"taxonomy":"product_tag","embeddable":true,"href":"https:\/\/staging.lucky-hunter.com\/fr\/wp-json\/wp\/v2\/product_tag?post=56146"}],"curies":[{"name":"wp","href":"https:\/\/api.w.org\/{rel}","templated":true}]}}