{"id":56000,"date":"2020-08-08T12:03:30","date_gmt":"2020-08-08T10:03:30","guid":{"rendered":"https:\/\/staging.lucky-hunter.com\/product\/beavertail-sport-sled-small\/"},"modified":"2025-06-26T15:20:34","modified_gmt":"2025-06-26T13:20:34","slug":"luge-de-sport-petite-beavertail","status":"publish","type":"product","link":"https:\/\/staging.lucky-hunter.com\/fr\/product\/luge-de-sport-petite-beavertail\/","title":{"rendered":"Luge de sport Petite &#8211; Beavertail"},"content":{"rendered":"<h2><strong>Luge de sport Beavertail &#8211; transportez facilement votre \u00e9quipement<\/strong><\/h2>\n<p>Luges de sport Beavertail sont des luges de transport polyvalentes utilisables en toute saison.<\/p>\n<p>Les luges de sport sont adapt\u00e9es pour \u00eatre tir\u00e9es \u00e0 la main (corde de remorquage incluse) et sont l&#8217;outil parfait pour le transport de formes et de mat\u00e9riel. Elles peuvent \u00e9galement \u00eatre utilis\u00e9es pour d&#8217;autres t\u00e2ches telles que les travaux de jardinage, etc.<\/p>\n<p><strong>Cette luge est parfaite pour tirer du mat\u00e9riel suppl\u00e9mentaire derri\u00e8re votre Bateau Furtif Beavertail Final Attack !<\/strong><\/p>\n<p><strong>Caract\u00e9ristiques\u00a0:<\/strong><\/p>\n<ul>\n<li>Mat\u00e9riau\u00a0: 100% poly\u00e9thyl\u00e8ne vierge (rigidit\u00e9, flexibilit\u00e9, r\u00e9sistance et durabilit\u00e9 \u00e9quilibr\u00e9es)<\/li>\n<li>Construction monobloc rotomoul\u00e9e (conception sans raccords)<\/li>\n<li>Bord avant agressif (permet \u00e0 la luge de se d\u00e9placer facilement sur un terrain accident\u00e9 et profond)<\/li>\n<li>Test\u00e9e dans des conditions m\u00e9t\u00e9orologiques extr\u00eames (performances exceptionnelles dans des conditions extr\u00eames de chaud ou de froid)<\/li>\n<li>Corde de remorquage incluse<\/li>\n<li>Dimensions\u00a0: 109 x 53 x 23 cm<\/li>\n<li>Poids : 3 kg.<\/li>\n<\/ul>\n","protected":false},"excerpt":{"rendered":"<p>Luge de sport Beavertail est une luge de transport polyvalente utilisable en toute saison. L&#8217;outil parfait pour transporter des formes et de l\u2019\u00e9quipement.<\/p>\n","protected":false},"featured_media":30399,"template":"","meta":[],"product_brand":[8133],"product_cat":[8171],"product_tag":[9446,9235,9444,9443,9442],"yoast_head":"<!-- This site is optimized with the Yoast SEO plugin v24.3 - https:\/\/yoast.com\/wordpress\/plugins\/seo\/ -->\n<title>Luge de sport Petite - Beavertail<\/title>\n<meta name=\"description\" content=\"Luge de sport Beavertail est une luge de transport polyvalente utilisable en toute saison. L&#039;outil parfait pour transporter des formes et de l\u2019\u00e9quipement.\" \/>\n<meta name=\"robots\" content=\"noindex, follow, max-snippet:-1, max-image-preview:large, max-video-preview:-1\" \/>\n<meta property=\"og:locale\" content=\"fr_FR\" \/>\n<meta property=\"og:type\" content=\"article\" \/>\n<meta property=\"og:title\" content=\"Luge de sport Petite - Beavertail\" \/>\n<meta property=\"og:description\" content=\"Luge de sport Beavertail est une luge de transport polyvalente utilisable en toute saison. L&#039;outil parfait pour transporter des formes et de l\u2019\u00e9quipement.\" \/>\n<meta property=\"og:url\" content=\"https:\/\/staging.lucky-hunter.com\/fr\/product\/luge-de-sport-petite-beavertail\/\" \/>\n<meta property=\"og:site_name\" content=\"Lucky-Hunter\" \/>\n<meta property=\"article:modified_time\" content=\"2025-06-26T13:20:34+00:00\" \/>\n<meta property=\"og:image\" content=\"https:\/\/staging.lucky-hunter.com\/wp-content\/uploads\/2020\/08\/JP-23.png.webp\" \/>\n\t<meta property=\"og:image:width\" content=\"1000\" \/>\n\t<meta property=\"og:image:height\" content=\"1000\" \/>\n\t<meta property=\"og:image:type\" content=\"image\/webp\" \/>\n<meta name=\"twitter:card\" content=\"summary_large_image\" \/>\n<meta name=\"twitter:label1\" content=\"Dur\u00e9e de lecture estim\u00e9e\" \/>\n\t<meta name=\"twitter:data1\" content=\"1 minute\" \/>\n<script type=\"application\/ld+json\" class=\"yoast-schema-graph\">{\"@context\":\"https:\/\/schema.org\",\"@graph\":[{\"@type\":\"WebPage\",\"@id\":\"https:\/\/staging.lucky-hunter.com\/fr\/product\/luge-de-sport-petite-beavertail\/\",\"url\":\"https:\/\/staging.lucky-hunter.com\/fr\/product\/luge-de-sport-petite-beavertail\/\",\"name\":\"Luge de sport Petite - Beavertail\",\"isPartOf\":{\"@id\":\"https:\/\/staging.lucky-hunter.com\/#website\"},\"primaryImageOfPage\":{\"@id\":\"https:\/\/staging.lucky-hunter.com\/fr\/product\/luge-de-sport-petite-beavertail\/#primaryimage\"},\"image\":{\"@id\":\"https:\/\/staging.lucky-hunter.com\/fr\/product\/luge-de-sport-petite-beavertail\/#primaryimage\"},\"thumbnailUrl\":\"https:\/\/staging.lucky-hunter.com\/wp-content\/uploads\/2020\/08\/JP-23.png.webp\",\"datePublished\":\"2020-08-08T10:03:30+00:00\",\"dateModified\":\"2025-06-26T13:20:34+00:00\",\"description\":\"Luge de sport Beavertail est une luge de transport polyvalente utilisable en toute saison. L'outil parfait pour transporter des formes et de l\u2019\u00e9quipement.\",\"breadcrumb\":{\"@id\":\"https:\/\/staging.lucky-hunter.com\/fr\/product\/luge-de-sport-petite-beavertail\/#breadcrumb\"},\"inLanguage\":\"fr-FR\",\"potentialAction\":[{\"@type\":\"ReadAction\",\"target\":[\"https:\/\/staging.lucky-hunter.com\/fr\/product\/luge-de-sport-petite-beavertail\/\"]}]},{\"@type\":\"ImageObject\",\"inLanguage\":\"fr-FR\",\"@id\":\"https:\/\/staging.lucky-hunter.com\/fr\/product\/luge-de-sport-petite-beavertail\/#primaryimage\",\"url\":\"https:\/\/staging.lucky-hunter.com\/wp-content\/uploads\/2020\/08\/JP-23.png.webp\",\"contentUrl\":\"https:\/\/staging.lucky-hunter.com\/wp-content\/uploads\/2020\/08\/JP-23.png.webp\",\"width\":1000,\"height\":1000},{\"@type\":\"BreadcrumbList\",\"@id\":\"https:\/\/staging.lucky-hunter.com\/fr\/product\/luge-de-sport-petite-beavertail\/#breadcrumb\",\"itemListElement\":[{\"@type\":\"ListItem\",\"position\":1,\"name\":\"Home\",\"item\":\"https:\/\/staging.lucky-hunter.com\/fr\/\"},{\"@type\":\"ListItem\",\"position\":2,\"name\":\"Boutique\",\"item\":\"https:\/\/staging.lucky-hunter.com\/fr\/shop\/\"},{\"@type\":\"ListItem\",\"position\":3,\"name\":\"Luge de sport Petite &#8211; Beavertail\"}]},{\"@type\":\"WebSite\",\"@id\":\"https:\/\/staging.lucky-hunter.com\/#website\",\"url\":\"https:\/\/staging.lucky-hunter.com\/\",\"name\":\"Lucky-Hunter\",\"description\":\"Gear Up or Give Up\",\"potentialAction\":[{\"@type\":\"SearchAction\",\"target\":{\"@type\":\"EntryPoint\",\"urlTemplate\":\"https:\/\/staging.lucky-hunter.com\/?s={search_term_string}\"},\"query-input\":{\"@type\":\"PropertyValueSpecification\",\"valueRequired\":true,\"valueName\":\"search_term_string\"}}],\"inLanguage\":\"fr-FR\"}]}<\/script>\n<!-- \/ Yoast SEO plugin. -->","yoast_head_json":{"title":"Luge de sport Petite - Beavertail","description":"Luge de sport Beavertail est une luge de transport polyvalente utilisable en toute saison. L'outil parfait pour transporter des formes et de l\u2019\u00e9quipement.","robots":{"index":"noindex","follow":"follow","max-snippet":"max-snippet:-1","max-image-preview":"max-image-preview:large","max-video-preview":"max-video-preview:-1"},"og_locale":"fr_FR","og_type":"article","og_title":"Luge de sport Petite - Beavertail","og_description":"Luge de sport Beavertail est une luge de transport polyvalente utilisable en toute saison. L'outil parfait pour transporter des formes et de l\u2019\u00e9quipement.","og_url":"https:\/\/staging.lucky-hunter.com\/fr\/product\/luge-de-sport-petite-beavertail\/","og_site_name":"Lucky-Hunter","article_modified_time":"2025-06-26T13:20:34+00:00","og_image":[{"width":1000,"height":1000,"url":"https:\/\/staging.lucky-hunter.com\/wp-content\/uploads\/2020\/08\/JP-23.png.webp","type":"image\/webp"}],"twitter_card":"summary_large_image","twitter_misc":{"Dur\u00e9e de lecture estim\u00e9e":"1 minute"},"schema":{"@context":"https:\/\/schema.org","@graph":[{"@type":"WebPage","@id":"https:\/\/staging.lucky-hunter.com\/fr\/product\/luge-de-sport-petite-beavertail\/","url":"https:\/\/staging.lucky-hunter.com\/fr\/product\/luge-de-sport-petite-beavertail\/","name":"Luge de sport Petite - Beavertail","isPartOf":{"@id":"https:\/\/staging.lucky-hunter.com\/#website"},"primaryImageOfPage":{"@id":"https:\/\/staging.lucky-hunter.com\/fr\/product\/luge-de-sport-petite-beavertail\/#primaryimage"},"image":{"@id":"https:\/\/staging.lucky-hunter.com\/fr\/product\/luge-de-sport-petite-beavertail\/#primaryimage"},"thumbnailUrl":"https:\/\/staging.lucky-hunter.com\/wp-content\/uploads\/2020\/08\/JP-23.png.webp","datePublished":"2020-08-08T10:03:30+00:00","dateModified":"2025-06-26T13:20:34+00:00","description":"Luge de sport Beavertail est une luge de transport polyvalente utilisable en toute saison. L'outil parfait pour transporter des formes et de l\u2019\u00e9quipement.","breadcrumb":{"@id":"https:\/\/staging.lucky-hunter.com\/fr\/product\/luge-de-sport-petite-beavertail\/#breadcrumb"},"inLanguage":"fr-FR","potentialAction":[{"@type":"ReadAction","target":["https:\/\/staging.lucky-hunter.com\/fr\/product\/luge-de-sport-petite-beavertail\/"]}]},{"@type":"ImageObject","inLanguage":"fr-FR","@id":"https:\/\/staging.lucky-hunter.com\/fr\/product\/luge-de-sport-petite-beavertail\/#primaryimage","url":"https:\/\/staging.lucky-hunter.com\/wp-content\/uploads\/2020\/08\/JP-23.png.webp","contentUrl":"https:\/\/staging.lucky-hunter.com\/wp-content\/uploads\/2020\/08\/JP-23.png.webp","width":1000,"height":1000},{"@type":"BreadcrumbList","@id":"https:\/\/staging.lucky-hunter.com\/fr\/product\/luge-de-sport-petite-beavertail\/#breadcrumb","itemListElement":[{"@type":"ListItem","position":1,"name":"Home","item":"https:\/\/staging.lucky-hunter.com\/fr\/"},{"@type":"ListItem","position":2,"name":"Boutique","item":"https:\/\/staging.lucky-hunter.com\/fr\/shop\/"},{"@type":"ListItem","position":3,"name":"Luge de sport Petite &#8211; Beavertail"}]},{"@type":"WebSite","@id":"https:\/\/staging.lucky-hunter.com\/#website","url":"https:\/\/staging.lucky-hunter.com\/","name":"Lucky-Hunter","description":"Gear Up or Give Up","potentialAction":[{"@type":"SearchAction","target":{"@type":"EntryPoint","urlTemplate":"https:\/\/staging.lucky-hunter.com\/?s={search_term_string}"},"query-input":{"@type":"PropertyValueSpecification","valueRequired":true,"valueName":"search_term_string"}}],"inLanguage":"fr-FR"}]}},"_links":{"self":[{"href":"https:\/\/staging.lucky-hunter.com\/fr\/wp-json\/wp\/v2\/product\/56000"}],"collection":[{"href":"https:\/\/staging.lucky-hunter.com\/fr\/wp-json\/wp\/v2\/product"}],"about":[{"href":"https:\/\/staging.lucky-hunter.com\/fr\/wp-json\/wp\/v2\/types\/product"}],"wp:featuredmedia":[{"embeddable":true,"href":"https:\/\/staging.lucky-hunter.com\/fr\/wp-json\/wp\/v2\/media\/30399"}],"wp:attachment":[{"href":"https:\/\/staging.lucky-hunter.com\/fr\/wp-json\/wp\/v2\/media?parent=56000"}],"wp:term":[{"taxonomy":"product_brand","embeddable":true,"href":"https:\/\/staging.lucky-hunter.com\/fr\/wp-json\/wp\/v2\/product_brand?post=56000"},{"taxonomy":"product_cat","embeddable":true,"href":"https:\/\/staging.lucky-hunter.com\/fr\/wp-json\/wp\/v2\/product_cat?post=56000"},{"taxonomy":"product_tag","embeddable":true,"href":"https:\/\/staging.lucky-hunter.com\/fr\/wp-json\/wp\/v2\/product_tag?post=56000"}],"curies":[{"name":"wp","href":"https:\/\/api.w.org\/{rel}","templated":true}]}}