{"id":55998,"date":"2020-09-02T08:38:54","date_gmt":"2020-09-02T06:38:54","guid":{"rendered":"https:\/\/staging.lucky-hunter.com\/product\/owl-decoy-2\/"},"modified":"2025-06-26T15:02:03","modified_gmt":"2025-06-26T13:02:03","slug":"forme-de-hibou-pour-la-chasse-au-corbeau","status":"publish","type":"product","link":"https:\/\/staging.lucky-hunter.com\/fr\/product\/forme-de-hibou-pour-la-chasse-au-corbeau\/","title":{"rendered":"Forme de hibou pour la chasse au corbeau"},"content":{"rendered":"<h2><strong>Forme de hibou pour la chasse au corbeau &#8211; des formes de grande qualit\u00e9 rendent la chasse plus efficace<\/strong><\/h2>\n<p>Le corbeau a une grande vue et il a tendance \u00e0 devenir tr\u00e8s agressif lorsqu&#8217;il y a des oiseaux pr\u00e9dateurs tels que des hiboux ou des aigles \u00e0 proximit\u00e9. Les oiseaux pr\u00e9dateurs ont au menu les m\u00eames plats pr\u00e9f\u00e9r\u00e9s que les corbeaux, il faut donc les chasser !<\/p>\n<p>Ce forme hibou est visible sur le terrain avec une hauteur de 60 cm, et il a juste la bonne expression de col\u00e8re dans ses yeux.<\/p>\n<p>L&#8217;exp\u00e9rience montre que ce sont surtout les yeux du hibou et le menton blanc qui excitent les corbeaux \u00e0 l&#8217;attaque.<\/p>\n<p>Le hibou forme est fait d&#8217;un mat\u00e9riau plastique r\u00e9sistant aux intemp\u00e9ries et peint pour am\u00e9liorer les d\u00e9tails fins. Vous pouvez potentiellement rendre cela encore plus d\u00e9taill\u00e9 en collant des plumes de canards ou un peu de fourrure de lapin ou de li\u00e8vre sur le forme.<\/p>\n<p>Le hibou forme a des ailes mobiles pour compl\u00e9ter le look r\u00e9aliste.<\/p>\n<p>Vous pouvez utiliser ce forme pour effrayer les mouettes et les pigeons loin des zones o\u00f9 ils ne sont pas recherch\u00e9s.<\/p>\n<h4><strong>Conseils de chasse : <\/strong><\/h4>\n<p>La chasse aux corbeaux est meilleure lorsqu&#8217;ils se d\u00e9placent des zones de couchage vers les zones d&#8217;accouplement. C&#8217;est apr\u00e8s le lever du soleil et encore avant le coucher du soleil lorsqu&#8217;ils retournent dans leurs lieux de couchage.<\/p>\n<p>La migration matinale peut durer plusieurs heures, tandis que la migration nocturne est plus concentr\u00e9e. S&#8217;il y a suffisamment de nourriture dans la r\u00e9gion, la chasse peut durer toute la journ\u00e9e.<\/p>\n<p>Comme mentionn\u00e9, les corbeaux ont l&#8217;air tr\u00e8s bien, donc une peau bien pr\u00e9par\u00e9e est n\u00e9cessaire pour les amener dans un champ de tir s\u00fbr. La plupart des chasseurs de corbeaux utilisent une peau amovible qui est camoufl\u00e9e. Cela peut \u00eatre avec un filet ou la v\u00e9g\u00e9tation de la zone.<\/p>\n<p>La chose la plus importante est que l&#8217;aveugle se fonde dans l&#8217;environnement et soit faite bien avant la chasse.<\/p>\n<p>Placez votre chouette forme \u00e0 une certaine distance du store &#8211; mais pas plus loin que vous ne pouvez tirer &#8211; de pr\u00e9f\u00e9rence au sommet d&#8217;un arbre ou d&#8217;une haie discontinue et de pr\u00e9f\u00e9rence visible de loin.<\/p>\n<p>Placez des corbeaux formes dans un arbre \u00e0 proximit\u00e9 et, si n\u00e9cessaire, placez un corbeau mort aux plumes d\u00e9chir\u00e9es sur le sol pour augmenter l&#8217;effet de forme.<\/p>\n<p>Utilisez un bon appel de jeu de corbeau pour attirer les corbeaux qui volent au-del\u00e0.<\/p>\n","protected":false},"excerpt":{"rendered":"<p>Ce forme chouette a une hauteur de 60 cm et est tr\u00e8s visible sur le terrain. A la bonne pr\u00e9sence et expression pour attirer ou dissuader les oiseaux.<\/p>\n","protected":false},"featured_media":30006,"template":"","meta":[],"product_brand":[32],"product_cat":[8243],"product_tag":[],"yoast_head":"<!-- This site is optimized with the Yoast SEO plugin v24.3 - https:\/\/yoast.com\/wordpress\/plugins\/seo\/ -->\n<title>Forme de hibou pour la chasse au corbeau<\/title>\n<meta name=\"description\" content=\"Ce forme chouette a une hauteur de 60 cm et est tr\u00e8s visible sur le terrain. A la bonne pr\u00e9sence et expression pour attirer ou dissuader les oiseaux.\" \/>\n<meta name=\"robots\" content=\"noindex, follow, max-snippet:-1, max-image-preview:large, max-video-preview:-1\" \/>\n<meta property=\"og:locale\" content=\"fr_FR\" \/>\n<meta property=\"og:type\" content=\"article\" \/>\n<meta property=\"og:title\" content=\"Forme de hibou pour la chasse au corbeau\" \/>\n<meta property=\"og:description\" content=\"Ce forme chouette a une hauteur de 60 cm et est tr\u00e8s visible sur le terrain. A la bonne pr\u00e9sence et expression pour attirer ou dissuader les oiseaux.\" \/>\n<meta property=\"og:url\" content=\"https:\/\/staging.lucky-hunter.com\/fr\/product\/forme-de-hibou-pour-la-chasse-au-corbeau\/\" \/>\n<meta property=\"og:site_name\" content=\"Lucky-Hunter\" \/>\n<meta property=\"article:modified_time\" content=\"2025-06-26T13:02:03+00:00\" \/>\n<meta property=\"og:image\" content=\"https:\/\/staging.lucky-hunter.com\/wp-content\/uploads\/2019\/06\/LF-195.png\" \/>\n\t<meta property=\"og:image:width\" content=\"1000\" \/>\n\t<meta property=\"og:image:height\" content=\"1000\" \/>\n\t<meta property=\"og:image:type\" content=\"image\/png\" \/>\n<meta name=\"twitter:card\" content=\"summary_large_image\" \/>\n<meta name=\"twitter:label1\" content=\"Dur\u00e9e de lecture estim\u00e9e\" \/>\n\t<meta name=\"twitter:data1\" content=\"2 minutes\" \/>\n<script type=\"application\/ld+json\" class=\"yoast-schema-graph\">{\"@context\":\"https:\/\/schema.org\",\"@graph\":[{\"@type\":\"WebPage\",\"@id\":\"https:\/\/staging.lucky-hunter.com\/fr\/product\/forme-de-hibou-pour-la-chasse-au-corbeau\/\",\"url\":\"https:\/\/staging.lucky-hunter.com\/fr\/product\/forme-de-hibou-pour-la-chasse-au-corbeau\/\",\"name\":\"Forme de hibou pour la chasse au corbeau\",\"isPartOf\":{\"@id\":\"https:\/\/staging.lucky-hunter.com\/#website\"},\"primaryImageOfPage\":{\"@id\":\"https:\/\/staging.lucky-hunter.com\/fr\/product\/forme-de-hibou-pour-la-chasse-au-corbeau\/#primaryimage\"},\"image\":{\"@id\":\"https:\/\/staging.lucky-hunter.com\/fr\/product\/forme-de-hibou-pour-la-chasse-au-corbeau\/#primaryimage\"},\"thumbnailUrl\":\"https:\/\/staging.lucky-hunter.com\/wp-content\/uploads\/2019\/06\/LF-195.png\",\"datePublished\":\"2020-09-02T06:38:54+00:00\",\"dateModified\":\"2025-06-26T13:02:03+00:00\",\"description\":\"Ce forme chouette a une hauteur de 60 cm et est tr\u00e8s visible sur le terrain. A la bonne pr\u00e9sence et expression pour attirer ou dissuader les oiseaux.\",\"breadcrumb\":{\"@id\":\"https:\/\/staging.lucky-hunter.com\/fr\/product\/forme-de-hibou-pour-la-chasse-au-corbeau\/#breadcrumb\"},\"inLanguage\":\"fr-FR\",\"potentialAction\":[{\"@type\":\"ReadAction\",\"target\":[\"https:\/\/staging.lucky-hunter.com\/fr\/product\/forme-de-hibou-pour-la-chasse-au-corbeau\/\"]}]},{\"@type\":\"ImageObject\",\"inLanguage\":\"fr-FR\",\"@id\":\"https:\/\/staging.lucky-hunter.com\/fr\/product\/forme-de-hibou-pour-la-chasse-au-corbeau\/#primaryimage\",\"url\":\"https:\/\/staging.lucky-hunter.com\/wp-content\/uploads\/2019\/06\/LF-195.png\",\"contentUrl\":\"https:\/\/staging.lucky-hunter.com\/wp-content\/uploads\/2019\/06\/LF-195.png\",\"width\":1000,\"height\":1000,\"caption\":\"Image of the decoy owl\"},{\"@type\":\"BreadcrumbList\",\"@id\":\"https:\/\/staging.lucky-hunter.com\/fr\/product\/forme-de-hibou-pour-la-chasse-au-corbeau\/#breadcrumb\",\"itemListElement\":[{\"@type\":\"ListItem\",\"position\":1,\"name\":\"Home\",\"item\":\"https:\/\/staging.lucky-hunter.com\/fr\/\"},{\"@type\":\"ListItem\",\"position\":2,\"name\":\"Boutique\",\"item\":\"https:\/\/staging.lucky-hunter.com\/fr\/shop\/\"},{\"@type\":\"ListItem\",\"position\":3,\"name\":\"Forme de hibou pour la chasse au corbeau\"}]},{\"@type\":\"WebSite\",\"@id\":\"https:\/\/staging.lucky-hunter.com\/#website\",\"url\":\"https:\/\/staging.lucky-hunter.com\/\",\"name\":\"Lucky-Hunter\",\"description\":\"Gear Up or Give Up\",\"potentialAction\":[{\"@type\":\"SearchAction\",\"target\":{\"@type\":\"EntryPoint\",\"urlTemplate\":\"https:\/\/staging.lucky-hunter.com\/?s={search_term_string}\"},\"query-input\":{\"@type\":\"PropertyValueSpecification\",\"valueRequired\":true,\"valueName\":\"search_term_string\"}}],\"inLanguage\":\"fr-FR\"}]}<\/script>\n<!-- \/ Yoast SEO plugin. -->","yoast_head_json":{"title":"Forme de hibou pour la chasse au corbeau","description":"Ce forme chouette a une hauteur de 60 cm et est tr\u00e8s visible sur le terrain. A la bonne pr\u00e9sence et expression pour attirer ou dissuader les oiseaux.","robots":{"index":"noindex","follow":"follow","max-snippet":"max-snippet:-1","max-image-preview":"max-image-preview:large","max-video-preview":"max-video-preview:-1"},"og_locale":"fr_FR","og_type":"article","og_title":"Forme de hibou pour la chasse au corbeau","og_description":"Ce forme chouette a une hauteur de 60 cm et est tr\u00e8s visible sur le terrain. A la bonne pr\u00e9sence et expression pour attirer ou dissuader les oiseaux.","og_url":"https:\/\/staging.lucky-hunter.com\/fr\/product\/forme-de-hibou-pour-la-chasse-au-corbeau\/","og_site_name":"Lucky-Hunter","article_modified_time":"2025-06-26T13:02:03+00:00","og_image":[{"width":1000,"height":1000,"url":"https:\/\/staging.lucky-hunter.com\/wp-content\/uploads\/2019\/06\/LF-195.png","type":"image\/png"}],"twitter_card":"summary_large_image","twitter_misc":{"Dur\u00e9e de lecture estim\u00e9e":"2 minutes"},"schema":{"@context":"https:\/\/schema.org","@graph":[{"@type":"WebPage","@id":"https:\/\/staging.lucky-hunter.com\/fr\/product\/forme-de-hibou-pour-la-chasse-au-corbeau\/","url":"https:\/\/staging.lucky-hunter.com\/fr\/product\/forme-de-hibou-pour-la-chasse-au-corbeau\/","name":"Forme de hibou pour la chasse au corbeau","isPartOf":{"@id":"https:\/\/staging.lucky-hunter.com\/#website"},"primaryImageOfPage":{"@id":"https:\/\/staging.lucky-hunter.com\/fr\/product\/forme-de-hibou-pour-la-chasse-au-corbeau\/#primaryimage"},"image":{"@id":"https:\/\/staging.lucky-hunter.com\/fr\/product\/forme-de-hibou-pour-la-chasse-au-corbeau\/#primaryimage"},"thumbnailUrl":"https:\/\/staging.lucky-hunter.com\/wp-content\/uploads\/2019\/06\/LF-195.png","datePublished":"2020-09-02T06:38:54+00:00","dateModified":"2025-06-26T13:02:03+00:00","description":"Ce forme chouette a une hauteur de 60 cm et est tr\u00e8s visible sur le terrain. A la bonne pr\u00e9sence et expression pour attirer ou dissuader les oiseaux.","breadcrumb":{"@id":"https:\/\/staging.lucky-hunter.com\/fr\/product\/forme-de-hibou-pour-la-chasse-au-corbeau\/#breadcrumb"},"inLanguage":"fr-FR","potentialAction":[{"@type":"ReadAction","target":["https:\/\/staging.lucky-hunter.com\/fr\/product\/forme-de-hibou-pour-la-chasse-au-corbeau\/"]}]},{"@type":"ImageObject","inLanguage":"fr-FR","@id":"https:\/\/staging.lucky-hunter.com\/fr\/product\/forme-de-hibou-pour-la-chasse-au-corbeau\/#primaryimage","url":"https:\/\/staging.lucky-hunter.com\/wp-content\/uploads\/2019\/06\/LF-195.png","contentUrl":"https:\/\/staging.lucky-hunter.com\/wp-content\/uploads\/2019\/06\/LF-195.png","width":1000,"height":1000,"caption":"Image of the decoy owl"},{"@type":"BreadcrumbList","@id":"https:\/\/staging.lucky-hunter.com\/fr\/product\/forme-de-hibou-pour-la-chasse-au-corbeau\/#breadcrumb","itemListElement":[{"@type":"ListItem","position":1,"name":"Home","item":"https:\/\/staging.lucky-hunter.com\/fr\/"},{"@type":"ListItem","position":2,"name":"Boutique","item":"https:\/\/staging.lucky-hunter.com\/fr\/shop\/"},{"@type":"ListItem","position":3,"name":"Forme de hibou pour la chasse au corbeau"}]},{"@type":"WebSite","@id":"https:\/\/staging.lucky-hunter.com\/#website","url":"https:\/\/staging.lucky-hunter.com\/","name":"Lucky-Hunter","description":"Gear Up or Give Up","potentialAction":[{"@type":"SearchAction","target":{"@type":"EntryPoint","urlTemplate":"https:\/\/staging.lucky-hunter.com\/?s={search_term_string}"},"query-input":{"@type":"PropertyValueSpecification","valueRequired":true,"valueName":"search_term_string"}}],"inLanguage":"fr-FR"}]}},"_links":{"self":[{"href":"https:\/\/staging.lucky-hunter.com\/fr\/wp-json\/wp\/v2\/product\/55998"}],"collection":[{"href":"https:\/\/staging.lucky-hunter.com\/fr\/wp-json\/wp\/v2\/product"}],"about":[{"href":"https:\/\/staging.lucky-hunter.com\/fr\/wp-json\/wp\/v2\/types\/product"}],"wp:featuredmedia":[{"embeddable":true,"href":"https:\/\/staging.lucky-hunter.com\/fr\/wp-json\/wp\/v2\/media\/30006"}],"wp:attachment":[{"href":"https:\/\/staging.lucky-hunter.com\/fr\/wp-json\/wp\/v2\/media?parent=55998"}],"wp:term":[{"taxonomy":"product_brand","embeddable":true,"href":"https:\/\/staging.lucky-hunter.com\/fr\/wp-json\/wp\/v2\/product_brand?post=55998"},{"taxonomy":"product_cat","embeddable":true,"href":"https:\/\/staging.lucky-hunter.com\/fr\/wp-json\/wp\/v2\/product_cat?post=55998"},{"taxonomy":"product_tag","embeddable":true,"href":"https:\/\/staging.lucky-hunter.com\/fr\/wp-json\/wp\/v2\/product_tag?post=55998"}],"curies":[{"name":"wp","href":"https:\/\/api.w.org\/{rel}","templated":true}]}}