{"id":55995,"date":"2021-08-15T17:39:27","date_gmt":"2021-08-15T15:39:27","guid":{"rendered":"https:\/\/staging.lucky-hunter.com\/product\/pigeon-decoy-lofting-hook\/"},"modified":"2025-06-24T16:10:10","modified_gmt":"2025-06-24T14:10:10","slug":"crochet-de-lofting-pour-forme-pigeon","status":"publish","type":"product","link":"https:\/\/staging.lucky-hunter.com\/fr\/product\/crochet-de-lofting-pour-forme-pigeon\/","title":{"rendered":"Crochet de lofting pour forme pigeon"},"content":{"rendered":"<h2><b>Ce crochet vous permet d&#8217;utiliser des formes pour attirer d&#8217;autres oiseaux<\/b><\/h2>\n<p>Si vous avez des difficult\u00e9s \u00e0 attirer les pigeons et les corbeaux avec votre installation de formes au sol, nous vous recommandons de les placer en hauteur, sur les branches des arbres.<\/p>\n<p>Le lofting est une superbe fa\u00e7on de pr\u00e9senter les formes car ils sont plus visibles, et l&#8217;utilisation de cette m\u00e9thode a parfois fait toute la diff\u00e9rence, les jours o\u00f9 les oiseaux semblent compl\u00e8tement indiff\u00e9rents.<\/p>\n<p>Ce crochet de lofting de qualit\u00e9 est parfait pour monter des formes en plastique haut dans les branches, et notre ensemble de poteaux de lofting (article LF-207) est l\u2019outil id\u00e9al pour soulever les formes accroch\u00e9s.<\/p>\n<p>Excellent lorsqu&#8217;il est utilis\u00e9 sur le colza en hiver ou pendant les journ\u00e9es chaudes o\u00f9 les oiseaux pr\u00e9f\u00e8rent s&#8217;asseoir dans les branches.<\/p>\n<p>Fabriqu\u00e9 en en acier peint solide.<\/p>\n<p>Lest\u00e9 en bas pour maintenir le forme droit lorsqu&#8217;il est suspendu.<\/p>\n<p>Taille : 46 \u00d7 10 \u00d7 3 cm.<\/p>\n<p>Couleur : Vert fonc\u00e9<\/p>\n<p>Vendue \u00e0 l\u2019unit\u00e9.<\/p>\n","protected":false},"excerpt":{"rendered":"<p>Ce crochet de lofting de qualit\u00e9 est parfait pour monter des formes en plastique haut dans les branches.<\/p>\n","protected":false},"featured_media":30264,"template":"","meta":[],"product_brand":[8121],"product_cat":[8165],"product_tag":[9250],"yoast_head":"<!-- This site is optimized with the Yoast SEO plugin v24.3 - https:\/\/yoast.com\/wordpress\/plugins\/seo\/ -->\n<title>Crochet de lofting pour forme pigeon<\/title>\n<meta name=\"description\" content=\"Ce crochet de lofting de qualit\u00e9 est parfait pour monter des formes en plastique haut dans les branches.\" \/>\n<meta name=\"robots\" content=\"noindex, follow, max-snippet:-1, max-image-preview:large, max-video-preview:-1\" \/>\n<meta property=\"og:locale\" content=\"fr_FR\" \/>\n<meta property=\"og:type\" content=\"article\" \/>\n<meta property=\"og:title\" content=\"Crochet de lofting pour forme pigeon\" \/>\n<meta property=\"og:description\" content=\"Ce crochet de lofting de qualit\u00e9 est parfait pour monter des formes en plastique haut dans les branches.\" \/>\n<meta property=\"og:url\" content=\"https:\/\/staging.lucky-hunter.com\/fr\/product\/crochet-de-lofting-pour-forme-pigeon\/\" \/>\n<meta property=\"og:site_name\" content=\"Lucky-Hunter\" \/>\n<meta property=\"article:modified_time\" content=\"2025-06-24T14:10:10+00:00\" \/>\n<meta property=\"og:image\" content=\"https:\/\/staging.lucky-hunter.com\/wp-content\/uploads\/2021\/08\/LF-131.png\" \/>\n\t<meta property=\"og:image:width\" content=\"1000\" \/>\n\t<meta property=\"og:image:height\" content=\"1000\" \/>\n\t<meta property=\"og:image:type\" content=\"image\/png\" \/>\n<meta name=\"twitter:card\" content=\"summary_large_image\" \/>\n<meta name=\"twitter:label1\" content=\"Dur\u00e9e de lecture estim\u00e9e\" \/>\n\t<meta name=\"twitter:data1\" content=\"1 minute\" \/>\n<script type=\"application\/ld+json\" class=\"yoast-schema-graph\">{\"@context\":\"https:\/\/schema.org\",\"@graph\":[{\"@type\":\"WebPage\",\"@id\":\"https:\/\/staging.lucky-hunter.com\/fr\/product\/crochet-de-lofting-pour-forme-pigeon\/\",\"url\":\"https:\/\/staging.lucky-hunter.com\/fr\/product\/crochet-de-lofting-pour-forme-pigeon\/\",\"name\":\"Crochet de lofting pour forme pigeon\",\"isPartOf\":{\"@id\":\"https:\/\/staging.lucky-hunter.com\/#website\"},\"primaryImageOfPage\":{\"@id\":\"https:\/\/staging.lucky-hunter.com\/fr\/product\/crochet-de-lofting-pour-forme-pigeon\/#primaryimage\"},\"image\":{\"@id\":\"https:\/\/staging.lucky-hunter.com\/fr\/product\/crochet-de-lofting-pour-forme-pigeon\/#primaryimage\"},\"thumbnailUrl\":\"https:\/\/staging.lucky-hunter.com\/wp-content\/uploads\/2021\/08\/LF-131.png\",\"datePublished\":\"2021-08-15T15:39:27+00:00\",\"dateModified\":\"2025-06-24T14:10:10+00:00\",\"description\":\"Ce crochet de lofting de qualit\u00e9 est parfait pour monter des formes en plastique haut dans les branches.\",\"breadcrumb\":{\"@id\":\"https:\/\/staging.lucky-hunter.com\/fr\/product\/crochet-de-lofting-pour-forme-pigeon\/#breadcrumb\"},\"inLanguage\":\"fr-FR\",\"potentialAction\":[{\"@type\":\"ReadAction\",\"target\":[\"https:\/\/staging.lucky-hunter.com\/fr\/product\/crochet-de-lofting-pour-forme-pigeon\/\"]}]},{\"@type\":\"ImageObject\",\"inLanguage\":\"fr-FR\",\"@id\":\"https:\/\/staging.lucky-hunter.com\/fr\/product\/crochet-de-lofting-pour-forme-pigeon\/#primaryimage\",\"url\":\"https:\/\/staging.lucky-hunter.com\/wp-content\/uploads\/2021\/08\/LF-131.png\",\"contentUrl\":\"https:\/\/staging.lucky-hunter.com\/wp-content\/uploads\/2021\/08\/LF-131.png\",\"width\":1000,\"height\":1000},{\"@type\":\"BreadcrumbList\",\"@id\":\"https:\/\/staging.lucky-hunter.com\/fr\/product\/crochet-de-lofting-pour-forme-pigeon\/#breadcrumb\",\"itemListElement\":[{\"@type\":\"ListItem\",\"position\":1,\"name\":\"Home\",\"item\":\"https:\/\/staging.lucky-hunter.com\/fr\/\"},{\"@type\":\"ListItem\",\"position\":2,\"name\":\"Boutique\",\"item\":\"https:\/\/staging.lucky-hunter.com\/fr\/shop\/\"},{\"@type\":\"ListItem\",\"position\":3,\"name\":\"Crochet de lofting pour forme pigeon\"}]},{\"@type\":\"WebSite\",\"@id\":\"https:\/\/staging.lucky-hunter.com\/#website\",\"url\":\"https:\/\/staging.lucky-hunter.com\/\",\"name\":\"Lucky-Hunter\",\"description\":\"Gear Up or Give Up\",\"potentialAction\":[{\"@type\":\"SearchAction\",\"target\":{\"@type\":\"EntryPoint\",\"urlTemplate\":\"https:\/\/staging.lucky-hunter.com\/?s={search_term_string}\"},\"query-input\":{\"@type\":\"PropertyValueSpecification\",\"valueRequired\":true,\"valueName\":\"search_term_string\"}}],\"inLanguage\":\"fr-FR\"}]}<\/script>\n<!-- \/ Yoast SEO plugin. -->","yoast_head_json":{"title":"Crochet de lofting pour forme pigeon","description":"Ce crochet de lofting de qualit\u00e9 est parfait pour monter des formes en plastique haut dans les branches.","robots":{"index":"noindex","follow":"follow","max-snippet":"max-snippet:-1","max-image-preview":"max-image-preview:large","max-video-preview":"max-video-preview:-1"},"og_locale":"fr_FR","og_type":"article","og_title":"Crochet de lofting pour forme pigeon","og_description":"Ce crochet de lofting de qualit\u00e9 est parfait pour monter des formes en plastique haut dans les branches.","og_url":"https:\/\/staging.lucky-hunter.com\/fr\/product\/crochet-de-lofting-pour-forme-pigeon\/","og_site_name":"Lucky-Hunter","article_modified_time":"2025-06-24T14:10:10+00:00","og_image":[{"width":1000,"height":1000,"url":"https:\/\/staging.lucky-hunter.com\/wp-content\/uploads\/2021\/08\/LF-131.png","type":"image\/png"}],"twitter_card":"summary_large_image","twitter_misc":{"Dur\u00e9e de lecture estim\u00e9e":"1 minute"},"schema":{"@context":"https:\/\/schema.org","@graph":[{"@type":"WebPage","@id":"https:\/\/staging.lucky-hunter.com\/fr\/product\/crochet-de-lofting-pour-forme-pigeon\/","url":"https:\/\/staging.lucky-hunter.com\/fr\/product\/crochet-de-lofting-pour-forme-pigeon\/","name":"Crochet de lofting pour forme pigeon","isPartOf":{"@id":"https:\/\/staging.lucky-hunter.com\/#website"},"primaryImageOfPage":{"@id":"https:\/\/staging.lucky-hunter.com\/fr\/product\/crochet-de-lofting-pour-forme-pigeon\/#primaryimage"},"image":{"@id":"https:\/\/staging.lucky-hunter.com\/fr\/product\/crochet-de-lofting-pour-forme-pigeon\/#primaryimage"},"thumbnailUrl":"https:\/\/staging.lucky-hunter.com\/wp-content\/uploads\/2021\/08\/LF-131.png","datePublished":"2021-08-15T15:39:27+00:00","dateModified":"2025-06-24T14:10:10+00:00","description":"Ce crochet de lofting de qualit\u00e9 est parfait pour monter des formes en plastique haut dans les branches.","breadcrumb":{"@id":"https:\/\/staging.lucky-hunter.com\/fr\/product\/crochet-de-lofting-pour-forme-pigeon\/#breadcrumb"},"inLanguage":"fr-FR","potentialAction":[{"@type":"ReadAction","target":["https:\/\/staging.lucky-hunter.com\/fr\/product\/crochet-de-lofting-pour-forme-pigeon\/"]}]},{"@type":"ImageObject","inLanguage":"fr-FR","@id":"https:\/\/staging.lucky-hunter.com\/fr\/product\/crochet-de-lofting-pour-forme-pigeon\/#primaryimage","url":"https:\/\/staging.lucky-hunter.com\/wp-content\/uploads\/2021\/08\/LF-131.png","contentUrl":"https:\/\/staging.lucky-hunter.com\/wp-content\/uploads\/2021\/08\/LF-131.png","width":1000,"height":1000},{"@type":"BreadcrumbList","@id":"https:\/\/staging.lucky-hunter.com\/fr\/product\/crochet-de-lofting-pour-forme-pigeon\/#breadcrumb","itemListElement":[{"@type":"ListItem","position":1,"name":"Home","item":"https:\/\/staging.lucky-hunter.com\/fr\/"},{"@type":"ListItem","position":2,"name":"Boutique","item":"https:\/\/staging.lucky-hunter.com\/fr\/shop\/"},{"@type":"ListItem","position":3,"name":"Crochet de lofting pour forme pigeon"}]},{"@type":"WebSite","@id":"https:\/\/staging.lucky-hunter.com\/#website","url":"https:\/\/staging.lucky-hunter.com\/","name":"Lucky-Hunter","description":"Gear Up or Give Up","potentialAction":[{"@type":"SearchAction","target":{"@type":"EntryPoint","urlTemplate":"https:\/\/staging.lucky-hunter.com\/?s={search_term_string}"},"query-input":{"@type":"PropertyValueSpecification","valueRequired":true,"valueName":"search_term_string"}}],"inLanguage":"fr-FR"}]}},"_links":{"self":[{"href":"https:\/\/staging.lucky-hunter.com\/fr\/wp-json\/wp\/v2\/product\/55995"}],"collection":[{"href":"https:\/\/staging.lucky-hunter.com\/fr\/wp-json\/wp\/v2\/product"}],"about":[{"href":"https:\/\/staging.lucky-hunter.com\/fr\/wp-json\/wp\/v2\/types\/product"}],"wp:featuredmedia":[{"embeddable":true,"href":"https:\/\/staging.lucky-hunter.com\/fr\/wp-json\/wp\/v2\/media\/30264"}],"wp:attachment":[{"href":"https:\/\/staging.lucky-hunter.com\/fr\/wp-json\/wp\/v2\/media?parent=55995"}],"wp:term":[{"taxonomy":"product_brand","embeddable":true,"href":"https:\/\/staging.lucky-hunter.com\/fr\/wp-json\/wp\/v2\/product_brand?post=55995"},{"taxonomy":"product_cat","embeddable":true,"href":"https:\/\/staging.lucky-hunter.com\/fr\/wp-json\/wp\/v2\/product_cat?post=55995"},{"taxonomy":"product_tag","embeddable":true,"href":"https:\/\/staging.lucky-hunter.com\/fr\/wp-json\/wp\/v2\/product_tag?post=55995"}],"curies":[{"name":"wp","href":"https:\/\/api.w.org\/{rel}","templated":true}]}}