{"id":55992,"date":"2021-04-17T10:47:21","date_gmt":"2021-04-17T08:47:21","guid":{"rendered":"https:\/\/staging.lucky-hunter.com\/product\/final-approach-wood-pigeon-decoys-12-pack\/"},"modified":"2025-06-26T14:21:29","modified_gmt":"2025-06-26T12:21:29","slug":"formes-de-pigeons-ramiers-final-approach-pack-de-12","status":"publish","type":"product","link":"https:\/\/staging.lucky-hunter.com\/fr\/product\/formes-de-pigeons-ramiers-final-approach-pack-de-12\/","title":{"rendered":"Formes de Pigeons Ramiers &#8211; Final Approach Pack de 12"},"content":{"rendered":"<h2><strong>Formes de pigeons ramiers FA Last Pass<\/strong><\/h2>\n<p>Les pigeons ramiers sont parmi les oiseaux les plus communs. Il s\u2019agit d\u2019une esp\u00e8ce que l\u2019on tire souvent au vol. Ils dorment dans les arbres de petites for\u00eats la nuit et se d\u00e9placent dans les champs pendant la journ\u00e9e pour manger. En g\u00e9n\u00e9ral, on se cache assis quelque part et on les attire gr\u00e2ce \u00e0 un d\u00e9ploiement de formes de pigeons avant de les abattre.<\/p>\n<p>Si vous avez la chance d\u2019abattre une centaine de pigeons en une journ\u00e9e, c\u2019est un jour \u00e0 marquer d\u2019une pierre blanche.<\/p>\n<p>Ces magnifiques Formes de Pigeons Ramiers Final Approach sont \u00e0 la fois joliment peintes pour un r\u00e9alisme accru et surdimensionn\u00e9es pour \u00eatre vues de plus loin.<\/p>\n<p>Ces formes conf\u00e8rent \u00e0 votre d\u00e9ploiement le r\u00e9alisme n\u00e9cessaire pour attirer les pigeons.<\/p>\n<p>Ce pack comprend\u00a0: 6 formes debout et 6 formes en train de se nourrir.<\/p>\n<ul>\n<li>Formes de Pigeons Ramiers plus vraies que nature<\/li>\n<li>Surdimensionn\u00e9es pour \u00eatre vues de plus loin<\/li>\n<li>T\u00eate textur\u00e9e et corps peint pour une apparence des plus r\u00e9alistes<\/li>\n<li>Design monobloc avec piquet en fibre<\/li>\n<li>Occupe environ 18 x 18 cm<\/li>\n<li>Trou dans la queue pour le rangement du piquet.<\/li>\n<\/ul>\n","protected":false},"excerpt":{"rendered":"<p>Ces magnifiques Formes de Pigeons Ramiers Final Approach sont \u00e0 la fois joliment peintes pour un r\u00e9alisme accru et surdimensionn\u00e9es pour \u00eatre vues de plus loin.<\/p>\n","protected":false},"featured_media":30178,"template":"","meta":[],"product_brand":[8136],"product_cat":[8163],"product_tag":[9250],"yoast_head":"<!-- This site is optimized with the Yoast SEO plugin v24.3 - https:\/\/yoast.com\/wordpress\/plugins\/seo\/ -->\n<title>Formes de Pigeons Ramiers - Final Approach Pack de 12<\/title>\n<meta name=\"description\" content=\"Ces Formes de Pigeons Ramiers Final Approach sont \u00e0 la fois joliment peintes pour un r\u00e9alisme accru et surdimensionn\u00e9es pour \u00eatre vues de plus loin.\" \/>\n<meta name=\"robots\" content=\"noindex, follow, max-snippet:-1, max-image-preview:large, max-video-preview:-1\" \/>\n<meta property=\"og:locale\" content=\"fr_FR\" \/>\n<meta property=\"og:type\" content=\"article\" \/>\n<meta property=\"og:title\" content=\"Formes de Pigeons Ramiers - Final Approach Pack de 12\" \/>\n<meta property=\"og:description\" content=\"Ces Formes de Pigeons Ramiers Final Approach sont \u00e0 la fois joliment peintes pour un r\u00e9alisme accru et surdimensionn\u00e9es pour \u00eatre vues de plus loin.\" \/>\n<meta property=\"og:url\" content=\"https:\/\/staging.lucky-hunter.com\/fr\/product\/formes-de-pigeons-ramiers-final-approach-pack-de-12\/\" \/>\n<meta property=\"og:site_name\" content=\"Lucky-Hunter\" \/>\n<meta property=\"article:modified_time\" content=\"2025-06-26T12:21:29+00:00\" \/>\n<meta property=\"og:image\" content=\"https:\/\/staging.lucky-hunter.com\/wp-content\/uploads\/2021\/04\/LF-394-3-1.png\" \/>\n\t<meta property=\"og:image:width\" content=\"1000\" \/>\n\t<meta property=\"og:image:height\" content=\"1000\" \/>\n\t<meta property=\"og:image:type\" content=\"image\/png\" \/>\n<meta name=\"twitter:card\" content=\"summary_large_image\" \/>\n<meta name=\"twitter:label1\" content=\"Dur\u00e9e de lecture estim\u00e9e\" \/>\n\t<meta name=\"twitter:data1\" content=\"2 minutes\" \/>\n<script type=\"application\/ld+json\" class=\"yoast-schema-graph\">{\"@context\":\"https:\/\/schema.org\",\"@graph\":[{\"@type\":\"WebPage\",\"@id\":\"https:\/\/staging.lucky-hunter.com\/fr\/product\/formes-de-pigeons-ramiers-final-approach-pack-de-12\/\",\"url\":\"https:\/\/staging.lucky-hunter.com\/fr\/product\/formes-de-pigeons-ramiers-final-approach-pack-de-12\/\",\"name\":\"Formes de Pigeons Ramiers - Final Approach Pack de 12\",\"isPartOf\":{\"@id\":\"https:\/\/staging.lucky-hunter.com\/#website\"},\"primaryImageOfPage\":{\"@id\":\"https:\/\/staging.lucky-hunter.com\/fr\/product\/formes-de-pigeons-ramiers-final-approach-pack-de-12\/#primaryimage\"},\"image\":{\"@id\":\"https:\/\/staging.lucky-hunter.com\/fr\/product\/formes-de-pigeons-ramiers-final-approach-pack-de-12\/#primaryimage\"},\"thumbnailUrl\":\"https:\/\/staging.lucky-hunter.com\/wp-content\/uploads\/2021\/04\/LF-394-3-1.png\",\"datePublished\":\"2021-04-17T08:47:21+00:00\",\"dateModified\":\"2025-06-26T12:21:29+00:00\",\"description\":\"Ces Formes de Pigeons Ramiers Final Approach sont \u00e0 la fois joliment peintes pour un r\u00e9alisme accru et surdimensionn\u00e9es pour \u00eatre vues de plus loin.\",\"breadcrumb\":{\"@id\":\"https:\/\/staging.lucky-hunter.com\/fr\/product\/formes-de-pigeons-ramiers-final-approach-pack-de-12\/#breadcrumb\"},\"inLanguage\":\"fr-FR\",\"potentialAction\":[{\"@type\":\"ReadAction\",\"target\":[\"https:\/\/staging.lucky-hunter.com\/fr\/product\/formes-de-pigeons-ramiers-final-approach-pack-de-12\/\"]}]},{\"@type\":\"ImageObject\",\"inLanguage\":\"fr-FR\",\"@id\":\"https:\/\/staging.lucky-hunter.com\/fr\/product\/formes-de-pigeons-ramiers-final-approach-pack-de-12\/#primaryimage\",\"url\":\"https:\/\/staging.lucky-hunter.com\/wp-content\/uploads\/2021\/04\/LF-394-3-1.png\",\"contentUrl\":\"https:\/\/staging.lucky-hunter.com\/wp-content\/uploads\/2021\/04\/LF-394-3-1.png\",\"width\":1000,\"height\":1000},{\"@type\":\"BreadcrumbList\",\"@id\":\"https:\/\/staging.lucky-hunter.com\/fr\/product\/formes-de-pigeons-ramiers-final-approach-pack-de-12\/#breadcrumb\",\"itemListElement\":[{\"@type\":\"ListItem\",\"position\":1,\"name\":\"Home\",\"item\":\"https:\/\/staging.lucky-hunter.com\/fr\/\"},{\"@type\":\"ListItem\",\"position\":2,\"name\":\"Boutique\",\"item\":\"https:\/\/staging.lucky-hunter.com\/fr\/shop\/\"},{\"@type\":\"ListItem\",\"position\":3,\"name\":\"Formes de Pigeons Ramiers &#8211; Final Approach Pack de 12\"}]},{\"@type\":\"WebSite\",\"@id\":\"https:\/\/staging.lucky-hunter.com\/#website\",\"url\":\"https:\/\/staging.lucky-hunter.com\/\",\"name\":\"Lucky-Hunter\",\"description\":\"Gear Up or Give Up\",\"potentialAction\":[{\"@type\":\"SearchAction\",\"target\":{\"@type\":\"EntryPoint\",\"urlTemplate\":\"https:\/\/staging.lucky-hunter.com\/?s={search_term_string}\"},\"query-input\":{\"@type\":\"PropertyValueSpecification\",\"valueRequired\":true,\"valueName\":\"search_term_string\"}}],\"inLanguage\":\"fr-FR\"}]}<\/script>\n<!-- \/ Yoast SEO plugin. -->","yoast_head_json":{"title":"Formes de Pigeons Ramiers - Final Approach Pack de 12","description":"Ces Formes de Pigeons Ramiers Final Approach sont \u00e0 la fois joliment peintes pour un r\u00e9alisme accru et surdimensionn\u00e9es pour \u00eatre vues de plus loin.","robots":{"index":"noindex","follow":"follow","max-snippet":"max-snippet:-1","max-image-preview":"max-image-preview:large","max-video-preview":"max-video-preview:-1"},"og_locale":"fr_FR","og_type":"article","og_title":"Formes de Pigeons Ramiers - Final Approach Pack de 12","og_description":"Ces Formes de Pigeons Ramiers Final Approach sont \u00e0 la fois joliment peintes pour un r\u00e9alisme accru et surdimensionn\u00e9es pour \u00eatre vues de plus loin.","og_url":"https:\/\/staging.lucky-hunter.com\/fr\/product\/formes-de-pigeons-ramiers-final-approach-pack-de-12\/","og_site_name":"Lucky-Hunter","article_modified_time":"2025-06-26T12:21:29+00:00","og_image":[{"width":1000,"height":1000,"url":"https:\/\/staging.lucky-hunter.com\/wp-content\/uploads\/2021\/04\/LF-394-3-1.png","type":"image\/png"}],"twitter_card":"summary_large_image","twitter_misc":{"Dur\u00e9e de lecture estim\u00e9e":"2 minutes"},"schema":{"@context":"https:\/\/schema.org","@graph":[{"@type":"WebPage","@id":"https:\/\/staging.lucky-hunter.com\/fr\/product\/formes-de-pigeons-ramiers-final-approach-pack-de-12\/","url":"https:\/\/staging.lucky-hunter.com\/fr\/product\/formes-de-pigeons-ramiers-final-approach-pack-de-12\/","name":"Formes de Pigeons Ramiers - Final Approach Pack de 12","isPartOf":{"@id":"https:\/\/staging.lucky-hunter.com\/#website"},"primaryImageOfPage":{"@id":"https:\/\/staging.lucky-hunter.com\/fr\/product\/formes-de-pigeons-ramiers-final-approach-pack-de-12\/#primaryimage"},"image":{"@id":"https:\/\/staging.lucky-hunter.com\/fr\/product\/formes-de-pigeons-ramiers-final-approach-pack-de-12\/#primaryimage"},"thumbnailUrl":"https:\/\/staging.lucky-hunter.com\/wp-content\/uploads\/2021\/04\/LF-394-3-1.png","datePublished":"2021-04-17T08:47:21+00:00","dateModified":"2025-06-26T12:21:29+00:00","description":"Ces Formes de Pigeons Ramiers Final Approach sont \u00e0 la fois joliment peintes pour un r\u00e9alisme accru et surdimensionn\u00e9es pour \u00eatre vues de plus loin.","breadcrumb":{"@id":"https:\/\/staging.lucky-hunter.com\/fr\/product\/formes-de-pigeons-ramiers-final-approach-pack-de-12\/#breadcrumb"},"inLanguage":"fr-FR","potentialAction":[{"@type":"ReadAction","target":["https:\/\/staging.lucky-hunter.com\/fr\/product\/formes-de-pigeons-ramiers-final-approach-pack-de-12\/"]}]},{"@type":"ImageObject","inLanguage":"fr-FR","@id":"https:\/\/staging.lucky-hunter.com\/fr\/product\/formes-de-pigeons-ramiers-final-approach-pack-de-12\/#primaryimage","url":"https:\/\/staging.lucky-hunter.com\/wp-content\/uploads\/2021\/04\/LF-394-3-1.png","contentUrl":"https:\/\/staging.lucky-hunter.com\/wp-content\/uploads\/2021\/04\/LF-394-3-1.png","width":1000,"height":1000},{"@type":"BreadcrumbList","@id":"https:\/\/staging.lucky-hunter.com\/fr\/product\/formes-de-pigeons-ramiers-final-approach-pack-de-12\/#breadcrumb","itemListElement":[{"@type":"ListItem","position":1,"name":"Home","item":"https:\/\/staging.lucky-hunter.com\/fr\/"},{"@type":"ListItem","position":2,"name":"Boutique","item":"https:\/\/staging.lucky-hunter.com\/fr\/shop\/"},{"@type":"ListItem","position":3,"name":"Formes de Pigeons Ramiers &#8211; Final Approach Pack de 12"}]},{"@type":"WebSite","@id":"https:\/\/staging.lucky-hunter.com\/#website","url":"https:\/\/staging.lucky-hunter.com\/","name":"Lucky-Hunter","description":"Gear Up or Give Up","potentialAction":[{"@type":"SearchAction","target":{"@type":"EntryPoint","urlTemplate":"https:\/\/staging.lucky-hunter.com\/?s={search_term_string}"},"query-input":{"@type":"PropertyValueSpecification","valueRequired":true,"valueName":"search_term_string"}}],"inLanguage":"fr-FR"}]}},"_links":{"self":[{"href":"https:\/\/staging.lucky-hunter.com\/fr\/wp-json\/wp\/v2\/product\/55992"}],"collection":[{"href":"https:\/\/staging.lucky-hunter.com\/fr\/wp-json\/wp\/v2\/product"}],"about":[{"href":"https:\/\/staging.lucky-hunter.com\/fr\/wp-json\/wp\/v2\/types\/product"}],"wp:featuredmedia":[{"embeddable":true,"href":"https:\/\/staging.lucky-hunter.com\/fr\/wp-json\/wp\/v2\/media\/30178"}],"wp:attachment":[{"href":"https:\/\/staging.lucky-hunter.com\/fr\/wp-json\/wp\/v2\/media?parent=55992"}],"wp:term":[{"taxonomy":"product_brand","embeddable":true,"href":"https:\/\/staging.lucky-hunter.com\/fr\/wp-json\/wp\/v2\/product_brand?post=55992"},{"taxonomy":"product_cat","embeddable":true,"href":"https:\/\/staging.lucky-hunter.com\/fr\/wp-json\/wp\/v2\/product_cat?post=55992"},{"taxonomy":"product_tag","embeddable":true,"href":"https:\/\/staging.lucky-hunter.com\/fr\/wp-json\/wp\/v2\/product_tag?post=55992"}],"curies":[{"name":"wp","href":"https:\/\/api.w.org\/{rel}","templated":true}]}}