{"id":55990,"date":"2022-12-22T12:44:34","date_gmt":"2022-12-22T11:44:34","guid":{"rendered":"https:\/\/staging.lucky-hunter.com\/product\/banded-face-mask-bottomland\/"},"modified":"2023-03-14T15:28:19","modified_gmt":"2023-03-14T14:28:19","slug":"banded-face-mask-bottomland","status":"publish","type":"product","link":"https:\/\/staging.lucky-hunter.com\/fr\/product\/banded-face-mask-bottomland\/","title":{"rendered":"Masque Banded &#8211; Bottomland"},"content":{"rendered":"<h1>Masque Banded avec camouflage Bottomland<\/h1>\n<p>Le masque de chasse int\u00e9gral de Banded est fabriqu\u00e9 \u00e0 partir de tissu lycra a\u00e9r\u00e9, il est donc l\u00e9ger, d\u2019une grande \u00e9lasticit\u00e9 et couvre votre visage sans inconfort. Les zones en mesh au niveau des yeux et de la bouche emp\u00eachent les insectes emb\u00eatants d&#8217;entrer. Le contour \u00e9lastique int\u00e9gr\u00e9 maintient le masque en place.<\/p>\n<p><strong>Caract\u00e9ristiques :<\/strong><\/p>\n<ul>\n<li>Tissu Lycra a\u00e9r\u00e9<\/li>\n<li>Maille anti-insectes<\/li>\n<li>\u00c9lastique int\u00e9gr\u00e9<\/li>\n<\/ul>\n","protected":false},"excerpt":{"rendered":"<p>Un masque de qualit\u00e9 qui vous permet de rester camoufl\u00e9 lorsque vous chassez, sans pour autant affecter votre vision ou vos mouvements, pour que vous puissiez toujours \u00eatre attentif.<\/p>\n","protected":false},"featured_media":55206,"template":"","meta":[],"product_brand":[8137],"product_cat":[9141],"product_tag":[],"yoast_head":"<!-- This site is optimized with the Yoast SEO plugin v24.3 - https:\/\/yoast.com\/wordpress\/plugins\/seo\/ -->\n<title>Masque Banded - Bottomland - Lucky-Hunter<\/title>\n<meta name=\"description\" content=\"Un masque de qualit\u00e9 qui vous permet de rester camoufl\u00e9 lorsque vous chassez, sans pour autant affecter votre vision ou vos mouvements, pour que vous puissiez toujours \u00eatre attentif.\" \/>\n<meta name=\"robots\" content=\"noindex, follow, max-snippet:-1, max-image-preview:large, max-video-preview:-1\" \/>\n<meta property=\"og:locale\" content=\"fr_FR\" \/>\n<meta property=\"og:type\" content=\"article\" \/>\n<meta property=\"og:title\" content=\"Masque Banded - Bottomland - Lucky-Hunter\" \/>\n<meta property=\"og:description\" content=\"Un masque de qualit\u00e9 qui vous permet de rester camoufl\u00e9 lorsque vous chassez, sans pour autant affecter votre vision ou vos mouvements, pour que vous puissiez toujours \u00eatre attentif.\" \/>\n<meta property=\"og:url\" content=\"https:\/\/staging.lucky-hunter.com\/product\/banded-face-mask-bottomland\/\" \/>\n<meta property=\"og:site_name\" content=\"Lucky-Hunter\" \/>\n<meta property=\"article:modified_time\" content=\"2023-03-14T14:28:19+00:00\" \/>\n<meta property=\"og:image\" content=\"https:\/\/staging.lucky-hunter.com\/wp-content\/uploads\/2022\/12\/PU-625.png\" \/>\n\t<meta property=\"og:image:width\" content=\"1000\" \/>\n\t<meta property=\"og:image:height\" content=\"1000\" \/>\n\t<meta property=\"og:image:type\" content=\"image\/png\" \/>\n<meta name=\"twitter:card\" content=\"summary_large_image\" \/>\n<meta name=\"twitter:label1\" content=\"Dur\u00e9e de lecture estim\u00e9e\" \/>\n\t<meta name=\"twitter:data1\" content=\"1 minute\" \/>\n<script type=\"application\/ld+json\" class=\"yoast-schema-graph\">{\"@context\":\"https:\/\/schema.org\",\"@graph\":[{\"@type\":\"WebPage\",\"@id\":\"https:\/\/staging.lucky-hunter.com\/product\/banded-face-mask-bottomland\/\",\"url\":\"https:\/\/staging.lucky-hunter.com\/product\/banded-face-mask-bottomland\/\",\"name\":\"Masque Banded - Bottomland - Lucky-Hunter\",\"isPartOf\":{\"@id\":\"https:\/\/staging.lucky-hunter.com\/#website\"},\"primaryImageOfPage\":{\"@id\":\"https:\/\/staging.lucky-hunter.com\/product\/banded-face-mask-bottomland\/#primaryimage\"},\"image\":{\"@id\":\"https:\/\/staging.lucky-hunter.com\/product\/banded-face-mask-bottomland\/#primaryimage\"},\"thumbnailUrl\":\"https:\/\/staging.lucky-hunter.com\/wp-content\/uploads\/2022\/12\/PU-625.png\",\"datePublished\":\"2022-12-22T11:44:34+00:00\",\"dateModified\":\"2023-03-14T14:28:19+00:00\",\"description\":\"Un masque de qualit\u00e9 qui vous permet de rester camoufl\u00e9 lorsque vous chassez, sans pour autant affecter votre vision ou vos mouvements, pour que vous puissiez toujours \u00eatre attentif.\",\"breadcrumb\":{\"@id\":\"https:\/\/staging.lucky-hunter.com\/product\/banded-face-mask-bottomland\/#breadcrumb\"},\"inLanguage\":\"fr-FR\",\"potentialAction\":[{\"@type\":\"ReadAction\",\"target\":[\"https:\/\/staging.lucky-hunter.com\/product\/banded-face-mask-bottomland\/\"]}]},{\"@type\":\"ImageObject\",\"inLanguage\":\"fr-FR\",\"@id\":\"https:\/\/staging.lucky-hunter.com\/product\/banded-face-mask-bottomland\/#primaryimage\",\"url\":\"https:\/\/staging.lucky-hunter.com\/wp-content\/uploads\/2022\/12\/PU-625.png\",\"contentUrl\":\"https:\/\/staging.lucky-hunter.com\/wp-content\/uploads\/2022\/12\/PU-625.png\",\"width\":1000,\"height\":1000,\"caption\":\"Face mask\"},{\"@type\":\"BreadcrumbList\",\"@id\":\"https:\/\/staging.lucky-hunter.com\/product\/banded-face-mask-bottomland\/#breadcrumb\",\"itemListElement\":[{\"@type\":\"ListItem\",\"position\":1,\"name\":\"Home\",\"item\":\"https:\/\/staging.lucky-hunter.com\/fr\/\"},{\"@type\":\"ListItem\",\"position\":2,\"name\":\"Boutique\",\"item\":\"https:\/\/staging.lucky-hunter.com\/fr\/shop\/\"},{\"@type\":\"ListItem\",\"position\":3,\"name\":\"Masque Banded &#8211; Bottomland\"}]},{\"@type\":\"WebSite\",\"@id\":\"https:\/\/staging.lucky-hunter.com\/#website\",\"url\":\"https:\/\/staging.lucky-hunter.com\/\",\"name\":\"Lucky-Hunter\",\"description\":\"Gear Up or Give Up\",\"potentialAction\":[{\"@type\":\"SearchAction\",\"target\":{\"@type\":\"EntryPoint\",\"urlTemplate\":\"https:\/\/staging.lucky-hunter.com\/?s={search_term_string}\"},\"query-input\":{\"@type\":\"PropertyValueSpecification\",\"valueRequired\":true,\"valueName\":\"search_term_string\"}}],\"inLanguage\":\"fr-FR\"}]}<\/script>\n<!-- \/ Yoast SEO plugin. -->","yoast_head_json":{"title":"Masque Banded - Bottomland - Lucky-Hunter","description":"Un masque de qualit\u00e9 qui vous permet de rester camoufl\u00e9 lorsque vous chassez, sans pour autant affecter votre vision ou vos mouvements, pour que vous puissiez toujours \u00eatre attentif.","robots":{"index":"noindex","follow":"follow","max-snippet":"max-snippet:-1","max-image-preview":"max-image-preview:large","max-video-preview":"max-video-preview:-1"},"og_locale":"fr_FR","og_type":"article","og_title":"Masque Banded - Bottomland - Lucky-Hunter","og_description":"Un masque de qualit\u00e9 qui vous permet de rester camoufl\u00e9 lorsque vous chassez, sans pour autant affecter votre vision ou vos mouvements, pour que vous puissiez toujours \u00eatre attentif.","og_url":"https:\/\/staging.lucky-hunter.com\/product\/banded-face-mask-bottomland\/","og_site_name":"Lucky-Hunter","article_modified_time":"2023-03-14T14:28:19+00:00","og_image":[{"width":1000,"height":1000,"url":"https:\/\/staging.lucky-hunter.com\/wp-content\/uploads\/2022\/12\/PU-625.png","type":"image\/png"}],"twitter_card":"summary_large_image","twitter_misc":{"Dur\u00e9e de lecture estim\u00e9e":"1 minute"},"schema":{"@context":"https:\/\/schema.org","@graph":[{"@type":"WebPage","@id":"https:\/\/staging.lucky-hunter.com\/product\/banded-face-mask-bottomland\/","url":"https:\/\/staging.lucky-hunter.com\/product\/banded-face-mask-bottomland\/","name":"Masque Banded - Bottomland - Lucky-Hunter","isPartOf":{"@id":"https:\/\/staging.lucky-hunter.com\/#website"},"primaryImageOfPage":{"@id":"https:\/\/staging.lucky-hunter.com\/product\/banded-face-mask-bottomland\/#primaryimage"},"image":{"@id":"https:\/\/staging.lucky-hunter.com\/product\/banded-face-mask-bottomland\/#primaryimage"},"thumbnailUrl":"https:\/\/staging.lucky-hunter.com\/wp-content\/uploads\/2022\/12\/PU-625.png","datePublished":"2022-12-22T11:44:34+00:00","dateModified":"2023-03-14T14:28:19+00:00","description":"Un masque de qualit\u00e9 qui vous permet de rester camoufl\u00e9 lorsque vous chassez, sans pour autant affecter votre vision ou vos mouvements, pour que vous puissiez toujours \u00eatre attentif.","breadcrumb":{"@id":"https:\/\/staging.lucky-hunter.com\/product\/banded-face-mask-bottomland\/#breadcrumb"},"inLanguage":"fr-FR","potentialAction":[{"@type":"ReadAction","target":["https:\/\/staging.lucky-hunter.com\/product\/banded-face-mask-bottomland\/"]}]},{"@type":"ImageObject","inLanguage":"fr-FR","@id":"https:\/\/staging.lucky-hunter.com\/product\/banded-face-mask-bottomland\/#primaryimage","url":"https:\/\/staging.lucky-hunter.com\/wp-content\/uploads\/2022\/12\/PU-625.png","contentUrl":"https:\/\/staging.lucky-hunter.com\/wp-content\/uploads\/2022\/12\/PU-625.png","width":1000,"height":1000,"caption":"Face mask"},{"@type":"BreadcrumbList","@id":"https:\/\/staging.lucky-hunter.com\/product\/banded-face-mask-bottomland\/#breadcrumb","itemListElement":[{"@type":"ListItem","position":1,"name":"Home","item":"https:\/\/staging.lucky-hunter.com\/fr\/"},{"@type":"ListItem","position":2,"name":"Boutique","item":"https:\/\/staging.lucky-hunter.com\/fr\/shop\/"},{"@type":"ListItem","position":3,"name":"Masque Banded &#8211; Bottomland"}]},{"@type":"WebSite","@id":"https:\/\/staging.lucky-hunter.com\/#website","url":"https:\/\/staging.lucky-hunter.com\/","name":"Lucky-Hunter","description":"Gear Up or Give Up","potentialAction":[{"@type":"SearchAction","target":{"@type":"EntryPoint","urlTemplate":"https:\/\/staging.lucky-hunter.com\/?s={search_term_string}"},"query-input":{"@type":"PropertyValueSpecification","valueRequired":true,"valueName":"search_term_string"}}],"inLanguage":"fr-FR"}]}},"_links":{"self":[{"href":"https:\/\/staging.lucky-hunter.com\/fr\/wp-json\/wp\/v2\/product\/55990"}],"collection":[{"href":"https:\/\/staging.lucky-hunter.com\/fr\/wp-json\/wp\/v2\/product"}],"about":[{"href":"https:\/\/staging.lucky-hunter.com\/fr\/wp-json\/wp\/v2\/types\/product"}],"wp:featuredmedia":[{"embeddable":true,"href":"https:\/\/staging.lucky-hunter.com\/fr\/wp-json\/wp\/v2\/media\/55206"}],"wp:attachment":[{"href":"https:\/\/staging.lucky-hunter.com\/fr\/wp-json\/wp\/v2\/media?parent=55990"}],"wp:term":[{"taxonomy":"product_brand","embeddable":true,"href":"https:\/\/staging.lucky-hunter.com\/fr\/wp-json\/wp\/v2\/product_brand?post=55990"},{"taxonomy":"product_cat","embeddable":true,"href":"https:\/\/staging.lucky-hunter.com\/fr\/wp-json\/wp\/v2\/product_cat?post=55990"},{"taxonomy":"product_tag","embeddable":true,"href":"https:\/\/staging.lucky-hunter.com\/fr\/wp-json\/wp\/v2\/product_tag?post=55990"}],"curies":[{"name":"wp","href":"https:\/\/api.w.org\/{rel}","templated":true}]}}