{"id":55988,"date":"2022-12-08T13:40:31","date_gmt":"2022-12-08T12:40:31","guid":{"rendered":"https:\/\/staging.lucky-hunter.com\/product\/avery-floating-game-strap\/"},"modified":"2025-06-24T12:39:40","modified_gmt":"2025-06-24T10:39:40","slug":"sangle-a-gibier-flottante-avery","status":"publish","type":"product","link":"https:\/\/staging.lucky-hunter.com\/fr\/product\/sangle-a-gibier-flottante-avery\/","title":{"rendered":"Sangle \u00e0 Gibier Flottante &#8211; Avery"},"content":{"rendered":"<h2><strong>Sangle \u00e0 Gibier Flottante &#8211; Avery<\/strong><\/h2>\n<p>La mousse \u00e0 cellules ferm\u00e9es de cette sangle lui permet de flotter dans l\u2019eau. Elle est \u00e9galement dot\u00e9e d\u2019un mousqueton pivotant afin de pouvoir l&#8217;accrocher facilement \u00e0 votre gilet ou \u00e0 vos waders. Il s\u2019agit d\u2019un tr\u00e8s bon accessoire pour le chasseur de canards et d&#8217;oies<\/p>\n<ul style=\"font-weight: 400;\">\n<li style=\"font-weight: 300 !important;\">Int\u00e9rieur en mousse<\/li>\n<li style=\"font-weight: 300 !important;\">Ext\u00e9rieur en DuraMax<\/li>\n<li style=\"font-weight: 300 !important;\">Boucles en acier inoxydable<\/li>\n<li style=\"font-weight: 300 !important;\">Envers caoutchout\u00e9<\/li>\n<li style=\"font-weight: 300 !important;\">Fermoirs sur les boucles pour maintenir le gibier en place<\/li>\n<\/ul>\n","protected":false},"excerpt":{"rendered":"<p>Cette sangle \u00e0 gibier flotte dans l\u2019eau et elle est pratique \u00e0 accrocher \u00e0 votre gilet ou \u00e0 vos waders.<\/p>\n","protected":false},"featured_media":54578,"template":"","meta":[],"product_brand":[9097],"product_cat":[9354],"product_tag":[9446,9235],"yoast_head":"<!-- This site is optimized with the Yoast SEO plugin v24.3 - https:\/\/yoast.com\/wordpress\/plugins\/seo\/ -->\n<title>Sangle \u00e0 Gibier Flottante - Avery<\/title>\n<meta name=\"description\" content=\"Cette sangle \u00e0 gibier flotte dans l\u2019eau et elle est pratique \u00e0 accrocher \u00e0 votre gilet ou \u00e0 vos waders. Il s\u2019agit d\u2019un tr\u00e8s bon accessoire pour le chasseur de canards et d&#039;oies\" \/>\n<meta name=\"robots\" content=\"noindex, follow, max-snippet:-1, max-image-preview:large, max-video-preview:-1\" \/>\n<meta property=\"og:locale\" content=\"fr_FR\" \/>\n<meta property=\"og:type\" content=\"article\" \/>\n<meta property=\"og:title\" content=\"Sangle \u00e0 Gibier Flottante - Avery\" \/>\n<meta property=\"og:description\" content=\"Cette sangle \u00e0 gibier flotte dans l\u2019eau et elle est pratique \u00e0 accrocher \u00e0 votre gilet ou \u00e0 vos waders. Il s\u2019agit d\u2019un tr\u00e8s bon accessoire pour le chasseur de canards et d&#039;oies\" \/>\n<meta property=\"og:url\" content=\"https:\/\/staging.lucky-hunter.com\/fr\/product\/sangle-a-gibier-flottante-avery\/\" \/>\n<meta property=\"og:site_name\" content=\"Lucky-Hunter\" \/>\n<meta property=\"article:modified_time\" content=\"2025-06-24T10:39:40+00:00\" \/>\n<meta property=\"og:image\" content=\"https:\/\/staging.lucky-hunter.com\/wp-content\/uploads\/2022\/12\/PU-74.png\" \/>\n\t<meta property=\"og:image:width\" content=\"1000\" \/>\n\t<meta property=\"og:image:height\" content=\"1000\" \/>\n\t<meta property=\"og:image:type\" content=\"image\/png\" \/>\n<meta name=\"twitter:card\" content=\"summary_large_image\" \/>\n<meta name=\"twitter:label1\" content=\"Dur\u00e9e de lecture estim\u00e9e\" \/>\n\t<meta name=\"twitter:data1\" content=\"1 minute\" \/>\n<script type=\"application\/ld+json\" class=\"yoast-schema-graph\">{\"@context\":\"https:\/\/schema.org\",\"@graph\":[{\"@type\":\"WebPage\",\"@id\":\"https:\/\/staging.lucky-hunter.com\/fr\/product\/sangle-a-gibier-flottante-avery\/\",\"url\":\"https:\/\/staging.lucky-hunter.com\/fr\/product\/sangle-a-gibier-flottante-avery\/\",\"name\":\"Sangle \u00e0 Gibier Flottante - Avery\",\"isPartOf\":{\"@id\":\"https:\/\/staging.lucky-hunter.com\/#website\"},\"primaryImageOfPage\":{\"@id\":\"https:\/\/staging.lucky-hunter.com\/fr\/product\/sangle-a-gibier-flottante-avery\/#primaryimage\"},\"image\":{\"@id\":\"https:\/\/staging.lucky-hunter.com\/fr\/product\/sangle-a-gibier-flottante-avery\/#primaryimage\"},\"thumbnailUrl\":\"https:\/\/staging.lucky-hunter.com\/wp-content\/uploads\/2022\/12\/PU-74.png\",\"datePublished\":\"2022-12-08T12:40:31+00:00\",\"dateModified\":\"2025-06-24T10:39:40+00:00\",\"description\":\"Cette sangle \u00e0 gibier flotte dans l\u2019eau et elle est pratique \u00e0 accrocher \u00e0 votre gilet ou \u00e0 vos waders. Il s\u2019agit d\u2019un tr\u00e8s bon accessoire pour le chasseur de canards et d'oies\",\"breadcrumb\":{\"@id\":\"https:\/\/staging.lucky-hunter.com\/fr\/product\/sangle-a-gibier-flottante-avery\/#breadcrumb\"},\"inLanguage\":\"fr-FR\",\"potentialAction\":[{\"@type\":\"ReadAction\",\"target\":[\"https:\/\/staging.lucky-hunter.com\/fr\/product\/sangle-a-gibier-flottante-avery\/\"]}]},{\"@type\":\"ImageObject\",\"inLanguage\":\"fr-FR\",\"@id\":\"https:\/\/staging.lucky-hunter.com\/fr\/product\/sangle-a-gibier-flottante-avery\/#primaryimage\",\"url\":\"https:\/\/staging.lucky-hunter.com\/wp-content\/uploads\/2022\/12\/PU-74.png\",\"contentUrl\":\"https:\/\/staging.lucky-hunter.com\/wp-content\/uploads\/2022\/12\/PU-74.png\",\"width\":1000,\"height\":1000},{\"@type\":\"BreadcrumbList\",\"@id\":\"https:\/\/staging.lucky-hunter.com\/fr\/product\/sangle-a-gibier-flottante-avery\/#breadcrumb\",\"itemListElement\":[{\"@type\":\"ListItem\",\"position\":1,\"name\":\"Home\",\"item\":\"https:\/\/staging.lucky-hunter.com\/fr\/\"},{\"@type\":\"ListItem\",\"position\":2,\"name\":\"Boutique\",\"item\":\"https:\/\/staging.lucky-hunter.com\/fr\/shop\/\"},{\"@type\":\"ListItem\",\"position\":3,\"name\":\"Sangle \u00e0 Gibier Flottante &#8211; Avery\"}]},{\"@type\":\"WebSite\",\"@id\":\"https:\/\/staging.lucky-hunter.com\/#website\",\"url\":\"https:\/\/staging.lucky-hunter.com\/\",\"name\":\"Lucky-Hunter\",\"description\":\"Gear Up or Give Up\",\"potentialAction\":[{\"@type\":\"SearchAction\",\"target\":{\"@type\":\"EntryPoint\",\"urlTemplate\":\"https:\/\/staging.lucky-hunter.com\/?s={search_term_string}\"},\"query-input\":{\"@type\":\"PropertyValueSpecification\",\"valueRequired\":true,\"valueName\":\"search_term_string\"}}],\"inLanguage\":\"fr-FR\"}]}<\/script>\n<!-- \/ Yoast SEO plugin. -->","yoast_head_json":{"title":"Sangle \u00e0 Gibier Flottante - Avery","description":"Cette sangle \u00e0 gibier flotte dans l\u2019eau et elle est pratique \u00e0 accrocher \u00e0 votre gilet ou \u00e0 vos waders. Il s\u2019agit d\u2019un tr\u00e8s bon accessoire pour le chasseur de canards et d'oies","robots":{"index":"noindex","follow":"follow","max-snippet":"max-snippet:-1","max-image-preview":"max-image-preview:large","max-video-preview":"max-video-preview:-1"},"og_locale":"fr_FR","og_type":"article","og_title":"Sangle \u00e0 Gibier Flottante - Avery","og_description":"Cette sangle \u00e0 gibier flotte dans l\u2019eau et elle est pratique \u00e0 accrocher \u00e0 votre gilet ou \u00e0 vos waders. Il s\u2019agit d\u2019un tr\u00e8s bon accessoire pour le chasseur de canards et d'oies","og_url":"https:\/\/staging.lucky-hunter.com\/fr\/product\/sangle-a-gibier-flottante-avery\/","og_site_name":"Lucky-Hunter","article_modified_time":"2025-06-24T10:39:40+00:00","og_image":[{"width":1000,"height":1000,"url":"https:\/\/staging.lucky-hunter.com\/wp-content\/uploads\/2022\/12\/PU-74.png","type":"image\/png"}],"twitter_card":"summary_large_image","twitter_misc":{"Dur\u00e9e de lecture estim\u00e9e":"1 minute"},"schema":{"@context":"https:\/\/schema.org","@graph":[{"@type":"WebPage","@id":"https:\/\/staging.lucky-hunter.com\/fr\/product\/sangle-a-gibier-flottante-avery\/","url":"https:\/\/staging.lucky-hunter.com\/fr\/product\/sangle-a-gibier-flottante-avery\/","name":"Sangle \u00e0 Gibier Flottante - Avery","isPartOf":{"@id":"https:\/\/staging.lucky-hunter.com\/#website"},"primaryImageOfPage":{"@id":"https:\/\/staging.lucky-hunter.com\/fr\/product\/sangle-a-gibier-flottante-avery\/#primaryimage"},"image":{"@id":"https:\/\/staging.lucky-hunter.com\/fr\/product\/sangle-a-gibier-flottante-avery\/#primaryimage"},"thumbnailUrl":"https:\/\/staging.lucky-hunter.com\/wp-content\/uploads\/2022\/12\/PU-74.png","datePublished":"2022-12-08T12:40:31+00:00","dateModified":"2025-06-24T10:39:40+00:00","description":"Cette sangle \u00e0 gibier flotte dans l\u2019eau et elle est pratique \u00e0 accrocher \u00e0 votre gilet ou \u00e0 vos waders. Il s\u2019agit d\u2019un tr\u00e8s bon accessoire pour le chasseur de canards et d'oies","breadcrumb":{"@id":"https:\/\/staging.lucky-hunter.com\/fr\/product\/sangle-a-gibier-flottante-avery\/#breadcrumb"},"inLanguage":"fr-FR","potentialAction":[{"@type":"ReadAction","target":["https:\/\/staging.lucky-hunter.com\/fr\/product\/sangle-a-gibier-flottante-avery\/"]}]},{"@type":"ImageObject","inLanguage":"fr-FR","@id":"https:\/\/staging.lucky-hunter.com\/fr\/product\/sangle-a-gibier-flottante-avery\/#primaryimage","url":"https:\/\/staging.lucky-hunter.com\/wp-content\/uploads\/2022\/12\/PU-74.png","contentUrl":"https:\/\/staging.lucky-hunter.com\/wp-content\/uploads\/2022\/12\/PU-74.png","width":1000,"height":1000},{"@type":"BreadcrumbList","@id":"https:\/\/staging.lucky-hunter.com\/fr\/product\/sangle-a-gibier-flottante-avery\/#breadcrumb","itemListElement":[{"@type":"ListItem","position":1,"name":"Home","item":"https:\/\/staging.lucky-hunter.com\/fr\/"},{"@type":"ListItem","position":2,"name":"Boutique","item":"https:\/\/staging.lucky-hunter.com\/fr\/shop\/"},{"@type":"ListItem","position":3,"name":"Sangle \u00e0 Gibier Flottante &#8211; Avery"}]},{"@type":"WebSite","@id":"https:\/\/staging.lucky-hunter.com\/#website","url":"https:\/\/staging.lucky-hunter.com\/","name":"Lucky-Hunter","description":"Gear Up or Give Up","potentialAction":[{"@type":"SearchAction","target":{"@type":"EntryPoint","urlTemplate":"https:\/\/staging.lucky-hunter.com\/?s={search_term_string}"},"query-input":{"@type":"PropertyValueSpecification","valueRequired":true,"valueName":"search_term_string"}}],"inLanguage":"fr-FR"}]}},"_links":{"self":[{"href":"https:\/\/staging.lucky-hunter.com\/fr\/wp-json\/wp\/v2\/product\/55988"}],"collection":[{"href":"https:\/\/staging.lucky-hunter.com\/fr\/wp-json\/wp\/v2\/product"}],"about":[{"href":"https:\/\/staging.lucky-hunter.com\/fr\/wp-json\/wp\/v2\/types\/product"}],"wp:featuredmedia":[{"embeddable":true,"href":"https:\/\/staging.lucky-hunter.com\/fr\/wp-json\/wp\/v2\/media\/54578"}],"wp:attachment":[{"href":"https:\/\/staging.lucky-hunter.com\/fr\/wp-json\/wp\/v2\/media?parent=55988"}],"wp:term":[{"taxonomy":"product_brand","embeddable":true,"href":"https:\/\/staging.lucky-hunter.com\/fr\/wp-json\/wp\/v2\/product_brand?post=55988"},{"taxonomy":"product_cat","embeddable":true,"href":"https:\/\/staging.lucky-hunter.com\/fr\/wp-json\/wp\/v2\/product_cat?post=55988"},{"taxonomy":"product_tag","embeddable":true,"href":"https:\/\/staging.lucky-hunter.com\/fr\/wp-json\/wp\/v2\/product_tag?post=55988"}],"curies":[{"name":"wp","href":"https:\/\/api.w.org\/{rel}","templated":true}]}}