{"id":55987,"date":"2022-12-15T13:33:07","date_gmt":"2022-12-15T12:33:07","guid":{"rendered":"https:\/\/staging.lucky-hunter.com\/product\/avery-asd-dogsorber-dog-towel\/"},"modified":"2023-03-14T15:46:44","modified_gmt":"2023-03-14T14:46:44","slug":"avery-asd-dogsorber-dog-towel","status":"publish","type":"product","link":"https:\/\/staging.lucky-hunter.com\/fr\/product\/avery-asd-dogsorber-dog-towel\/","title":{"rendered":"Avery ASD Dogsorber &#8211; Serviette pour chien"},"content":{"rendered":"<h1>N\u2019oubliez pas de s\u00e9cher votre chien<\/h1>\n<p>Un chien sec est un chien en bonne sant\u00e9, et la serviette Dogsorber d\u2019Avery ASD vous aidera \u00e0 prendre soin comme il se doit de votre ami canin. Vous ne voulez pas que votre meilleur ami tombe malade, alors n\u2019oubliez pas de le s\u00e9cher. S\u00e9cher vos chiens apr\u00e8s avoir chass\u00e9 dans de l&#8217;eau froide les aide \u00e0 se r\u00e9chauffer plus rapidement.<\/p>\n<p>L&#8217;ASD Dogsorber est \u00e9galement pratique pour un nettoyage rapide avant de monter dans le camion ou de rentrer dans la maison &#8211; gardez-en une dans votre sac d\u2019aff\u00fbt pour s\u00e9cher l&#8217;\u00e9quipement avant de le ranger.<\/p>\n<p>Convient \u00e9galement pour s\u00e9cher les chaises de chasse, les si\u00e8ges humides, etc.<\/p>\n<ul>\n<li>Fabriqu\u00e9e dans un mat\u00e9riau en \u00e9ponge synth\u00e9tique<\/li>\n<li>66 cm x 43 cm<\/li>\n<\/ul>\n","protected":false},"excerpt":{"rendered":"<p>Un chien sec est un chien en bonne sant\u00e9, et la serviette Dogsorber d\u2019Avery ASD vous aidera \u00e0 prendre soin comme il se doit de votre compagnon de chasse canin.<\/p>\n","protected":false},"featured_media":55095,"template":"","meta":[],"product_brand":[8123],"product_cat":[9340],"product_tag":[],"yoast_head":"<!-- This site is optimized with the Yoast SEO plugin v24.3 - https:\/\/yoast.com\/wordpress\/plugins\/seo\/ -->\n<title>Avery Dogsorber - Serviette pour chien | Maintenez votre chien heureux et en bonne sant\u00e9<\/title>\n<meta name=\"description\" content=\"Un chien sec est un chien en bonne sant\u00e9, et la serviette Dogsorber d\u2019Avery ASD vous aidera \u00e0 prendre soin comme il se doit de votre compagnon de chasse canin.\" \/>\n<meta name=\"robots\" content=\"noindex, follow, max-snippet:-1, max-image-preview:large, max-video-preview:-1\" \/>\n<meta property=\"og:locale\" content=\"fr_FR\" \/>\n<meta property=\"og:type\" content=\"article\" \/>\n<meta property=\"og:title\" content=\"Avery Dogsorber - Serviette pour chien | Maintenez votre chien heureux et en bonne sant\u00e9\" \/>\n<meta property=\"og:description\" content=\"Un chien sec est un chien en bonne sant\u00e9, et la serviette Dogsorber d\u2019Avery ASD vous aidera \u00e0 prendre soin comme il se doit de votre compagnon de chasse canin.\" \/>\n<meta property=\"og:url\" content=\"https:\/\/staging.lucky-hunter.com\/fr\/product\/avery-asd-dogsorber-dog-towel\/\" \/>\n<meta property=\"og:site_name\" content=\"Lucky-Hunter\" \/>\n<meta property=\"article:modified_time\" content=\"2023-03-14T14:46:44+00:00\" \/>\n<meta property=\"og:image\" content=\"https:\/\/staging.lucky-hunter.com\/wp-content\/uploads\/2022\/12\/JH-73.png\" \/>\n\t<meta property=\"og:image:width\" content=\"1000\" \/>\n\t<meta property=\"og:image:height\" content=\"1000\" \/>\n\t<meta property=\"og:image:type\" content=\"image\/png\" \/>\n<meta name=\"twitter:card\" content=\"summary_large_image\" \/>\n<meta name=\"twitter:label1\" content=\"Dur\u00e9e de lecture estim\u00e9e\" \/>\n\t<meta name=\"twitter:data1\" content=\"1 minute\" \/>\n<script type=\"application\/ld+json\" class=\"yoast-schema-graph\">{\"@context\":\"https:\/\/schema.org\",\"@graph\":[{\"@type\":\"WebPage\",\"@id\":\"https:\/\/staging.lucky-hunter.com\/fr\/product\/avery-asd-dogsorber-dog-towel\/\",\"url\":\"https:\/\/staging.lucky-hunter.com\/fr\/product\/avery-asd-dogsorber-dog-towel\/\",\"name\":\"Avery Dogsorber - Serviette pour chien | Maintenez votre chien heureux et en bonne sant\u00e9\",\"isPartOf\":{\"@id\":\"https:\/\/staging.lucky-hunter.com\/#website\"},\"primaryImageOfPage\":{\"@id\":\"https:\/\/staging.lucky-hunter.com\/fr\/product\/avery-asd-dogsorber-dog-towel\/#primaryimage\"},\"image\":{\"@id\":\"https:\/\/staging.lucky-hunter.com\/fr\/product\/avery-asd-dogsorber-dog-towel\/#primaryimage\"},\"thumbnailUrl\":\"https:\/\/staging.lucky-hunter.com\/wp-content\/uploads\/2022\/12\/JH-73.png\",\"datePublished\":\"2022-12-15T12:33:07+00:00\",\"dateModified\":\"2023-03-14T14:46:44+00:00\",\"description\":\"Un chien sec est un chien en bonne sant\u00e9, et la serviette Dogsorber d\u2019Avery ASD vous aidera \u00e0 prendre soin comme il se doit de votre compagnon de chasse canin.\",\"breadcrumb\":{\"@id\":\"https:\/\/staging.lucky-hunter.com\/fr\/product\/avery-asd-dogsorber-dog-towel\/#breadcrumb\"},\"inLanguage\":\"fr-FR\",\"potentialAction\":[{\"@type\":\"ReadAction\",\"target\":[\"https:\/\/staging.lucky-hunter.com\/fr\/product\/avery-asd-dogsorber-dog-towel\/\"]}]},{\"@type\":\"ImageObject\",\"inLanguage\":\"fr-FR\",\"@id\":\"https:\/\/staging.lucky-hunter.com\/fr\/product\/avery-asd-dogsorber-dog-towel\/#primaryimage\",\"url\":\"https:\/\/staging.lucky-hunter.com\/wp-content\/uploads\/2022\/12\/JH-73.png\",\"contentUrl\":\"https:\/\/staging.lucky-hunter.com\/wp-content\/uploads\/2022\/12\/JH-73.png\",\"width\":1000,\"height\":1000},{\"@type\":\"BreadcrumbList\",\"@id\":\"https:\/\/staging.lucky-hunter.com\/fr\/product\/avery-asd-dogsorber-dog-towel\/#breadcrumb\",\"itemListElement\":[{\"@type\":\"ListItem\",\"position\":1,\"name\":\"Home\",\"item\":\"https:\/\/staging.lucky-hunter.com\/fr\/\"},{\"@type\":\"ListItem\",\"position\":2,\"name\":\"Boutique\",\"item\":\"https:\/\/staging.lucky-hunter.com\/fr\/shop\/\"},{\"@type\":\"ListItem\",\"position\":3,\"name\":\"Avery ASD Dogsorber &#8211; Serviette pour chien\"}]},{\"@type\":\"WebSite\",\"@id\":\"https:\/\/staging.lucky-hunter.com\/#website\",\"url\":\"https:\/\/staging.lucky-hunter.com\/\",\"name\":\"Lucky-Hunter\",\"description\":\"Gear Up or Give Up\",\"potentialAction\":[{\"@type\":\"SearchAction\",\"target\":{\"@type\":\"EntryPoint\",\"urlTemplate\":\"https:\/\/staging.lucky-hunter.com\/?s={search_term_string}\"},\"query-input\":{\"@type\":\"PropertyValueSpecification\",\"valueRequired\":true,\"valueName\":\"search_term_string\"}}],\"inLanguage\":\"fr-FR\"}]}<\/script>\n<!-- \/ Yoast SEO plugin. -->","yoast_head_json":{"title":"Avery Dogsorber - Serviette pour chien | Maintenez votre chien heureux et en bonne sant\u00e9","description":"Un chien sec est un chien en bonne sant\u00e9, et la serviette Dogsorber d\u2019Avery ASD vous aidera \u00e0 prendre soin comme il se doit de votre compagnon de chasse canin.","robots":{"index":"noindex","follow":"follow","max-snippet":"max-snippet:-1","max-image-preview":"max-image-preview:large","max-video-preview":"max-video-preview:-1"},"og_locale":"fr_FR","og_type":"article","og_title":"Avery Dogsorber - Serviette pour chien | Maintenez votre chien heureux et en bonne sant\u00e9","og_description":"Un chien sec est un chien en bonne sant\u00e9, et la serviette Dogsorber d\u2019Avery ASD vous aidera \u00e0 prendre soin comme il se doit de votre compagnon de chasse canin.","og_url":"https:\/\/staging.lucky-hunter.com\/fr\/product\/avery-asd-dogsorber-dog-towel\/","og_site_name":"Lucky-Hunter","article_modified_time":"2023-03-14T14:46:44+00:00","og_image":[{"width":1000,"height":1000,"url":"https:\/\/staging.lucky-hunter.com\/wp-content\/uploads\/2022\/12\/JH-73.png","type":"image\/png"}],"twitter_card":"summary_large_image","twitter_misc":{"Dur\u00e9e de lecture estim\u00e9e":"1 minute"},"schema":{"@context":"https:\/\/schema.org","@graph":[{"@type":"WebPage","@id":"https:\/\/staging.lucky-hunter.com\/fr\/product\/avery-asd-dogsorber-dog-towel\/","url":"https:\/\/staging.lucky-hunter.com\/fr\/product\/avery-asd-dogsorber-dog-towel\/","name":"Avery Dogsorber - Serviette pour chien | Maintenez votre chien heureux et en bonne sant\u00e9","isPartOf":{"@id":"https:\/\/staging.lucky-hunter.com\/#website"},"primaryImageOfPage":{"@id":"https:\/\/staging.lucky-hunter.com\/fr\/product\/avery-asd-dogsorber-dog-towel\/#primaryimage"},"image":{"@id":"https:\/\/staging.lucky-hunter.com\/fr\/product\/avery-asd-dogsorber-dog-towel\/#primaryimage"},"thumbnailUrl":"https:\/\/staging.lucky-hunter.com\/wp-content\/uploads\/2022\/12\/JH-73.png","datePublished":"2022-12-15T12:33:07+00:00","dateModified":"2023-03-14T14:46:44+00:00","description":"Un chien sec est un chien en bonne sant\u00e9, et la serviette Dogsorber d\u2019Avery ASD vous aidera \u00e0 prendre soin comme il se doit de votre compagnon de chasse canin.","breadcrumb":{"@id":"https:\/\/staging.lucky-hunter.com\/fr\/product\/avery-asd-dogsorber-dog-towel\/#breadcrumb"},"inLanguage":"fr-FR","potentialAction":[{"@type":"ReadAction","target":["https:\/\/staging.lucky-hunter.com\/fr\/product\/avery-asd-dogsorber-dog-towel\/"]}]},{"@type":"ImageObject","inLanguage":"fr-FR","@id":"https:\/\/staging.lucky-hunter.com\/fr\/product\/avery-asd-dogsorber-dog-towel\/#primaryimage","url":"https:\/\/staging.lucky-hunter.com\/wp-content\/uploads\/2022\/12\/JH-73.png","contentUrl":"https:\/\/staging.lucky-hunter.com\/wp-content\/uploads\/2022\/12\/JH-73.png","width":1000,"height":1000},{"@type":"BreadcrumbList","@id":"https:\/\/staging.lucky-hunter.com\/fr\/product\/avery-asd-dogsorber-dog-towel\/#breadcrumb","itemListElement":[{"@type":"ListItem","position":1,"name":"Home","item":"https:\/\/staging.lucky-hunter.com\/fr\/"},{"@type":"ListItem","position":2,"name":"Boutique","item":"https:\/\/staging.lucky-hunter.com\/fr\/shop\/"},{"@type":"ListItem","position":3,"name":"Avery ASD Dogsorber &#8211; Serviette pour chien"}]},{"@type":"WebSite","@id":"https:\/\/staging.lucky-hunter.com\/#website","url":"https:\/\/staging.lucky-hunter.com\/","name":"Lucky-Hunter","description":"Gear Up or Give Up","potentialAction":[{"@type":"SearchAction","target":{"@type":"EntryPoint","urlTemplate":"https:\/\/staging.lucky-hunter.com\/?s={search_term_string}"},"query-input":{"@type":"PropertyValueSpecification","valueRequired":true,"valueName":"search_term_string"}}],"inLanguage":"fr-FR"}]}},"_links":{"self":[{"href":"https:\/\/staging.lucky-hunter.com\/fr\/wp-json\/wp\/v2\/product\/55987"}],"collection":[{"href":"https:\/\/staging.lucky-hunter.com\/fr\/wp-json\/wp\/v2\/product"}],"about":[{"href":"https:\/\/staging.lucky-hunter.com\/fr\/wp-json\/wp\/v2\/types\/product"}],"wp:featuredmedia":[{"embeddable":true,"href":"https:\/\/staging.lucky-hunter.com\/fr\/wp-json\/wp\/v2\/media\/55095"}],"wp:attachment":[{"href":"https:\/\/staging.lucky-hunter.com\/fr\/wp-json\/wp\/v2\/media?parent=55987"}],"wp:term":[{"taxonomy":"product_brand","embeddable":true,"href":"https:\/\/staging.lucky-hunter.com\/fr\/wp-json\/wp\/v2\/product_brand?post=55987"},{"taxonomy":"product_cat","embeddable":true,"href":"https:\/\/staging.lucky-hunter.com\/fr\/wp-json\/wp\/v2\/product_cat?post=55987"},{"taxonomy":"product_tag","embeddable":true,"href":"https:\/\/staging.lucky-hunter.com\/fr\/wp-json\/wp\/v2\/product_tag?post=55987"}],"curies":[{"name":"wp","href":"https:\/\/api.w.org\/{rel}","templated":true}]}}