{"id":55986,"date":"2018-05-16T13:38:37","date_gmt":"2018-05-16T11:38:37","guid":{"rendered":"https:\/\/staging.lucky-hunter.com\/product\/ghg-oversize-shovelers\/"},"modified":"2023-01-26T10:12:14","modified_gmt":"2023-01-26T09:12:14","slug":"ghg-oversize-shovelers","status":"publish","type":"product","link":"https:\/\/staging.lucky-hunter.com\/fr\/product\/ghg-oversize-shovelers\/","title":{"rendered":"Souchets Surdimensionn\u00e9s GHG"},"content":{"rendered":"<p><iframe title=\"GHG Shovelers &quot;Over Size&quot; | Nice decoys for duck hunting\" width=\"1020\" height=\"574\" src=\"https:\/\/www.youtube.com\/embed\/pFeQ5uRadJU?wmode=transparent&amp;rel=0&amp;feature=oembed&#038;enablejsapi=1&#038;origin=https:\/\/staging.lucky-hunter.com\" frameborder=\"0\" allow=\"accelerometer; autoplay; clipboard-write; encrypted-media; gyroscope; picture-in-picture; web-share\" allowfullscreen><\/iframe><\/p>\n<h1><strong>Souchets Surdimensionn\u00e9s GHG &#8211; de la s\u00e9rie GHG Hunter<\/strong><\/h1>\n<p>La marque am\u00e9ricaine GHG (Greenhead Gear) est connue dans le monde entier pour ses formes de qualit\u00e9, tr\u00e8s r\u00e9alistes et durables. Con\u00e7ues pour une utilisation intensive sur l&#8217;eau, ces formes ne vous laisseront pas tomber.<\/p>\n<p>Nous vous proposons 6 formes full-body surdimensionn\u00e9es pour plus de visibilit\u00e9.<\/p>\n<p>Les vrais oiseaux verront facilement les formes de loin et s\u2019en approcheront. Les formes sont con\u00e7ues pour \u00e9viter les reflets dans l&#8217;eau.<\/p>\n<p>La grande quantit\u00e9 de d\u00e9tails de ces formes leur donne une apparence tr\u00e8s r\u00e9aliste. Elles sont \u00e9galement \u00e9quip\u00e9es d\u2019une quille lest\u00e9e 60\/40 Dura-Keel, qui leur permet de rester stables et de se d\u00e9placer naturellement sur l&#8217;eau. Ce qui est important si vous ne voulez pas effrayer les oiseaux.<\/p>\n<p>La Dura-Keel est con\u00e7ue pour que les formes \u00e9voluent sur l\u2019eau aussi naturellement que possible, quelles que soient les conditions m\u00e9t\u00e9orologiques. \u00c0 la chasse, il est important de tenir compte du poids de vos formes. Si elles sont trop l\u00e9g\u00e8res, elles ne se d\u00e9placeront pas de mani\u00e8re naturelle, mais si elles sont trop lourdes, elles risquent de couler. Dura-Keel garantit un \u00e9quilibre parfait.<\/p>\n<p>La bo\u00eete contient 4 canards et 2 canes.<\/p>\n","protected":false},"excerpt":{"rendered":"<p>La marque am\u00e9ricaine GHG (Greenhead Gear) est connue dans le monde entier pour ses formes de qualit\u00e9, tr\u00e8s r\u00e9alistes et durables.<\/p>\n","protected":false},"featured_media":30421,"template":"","meta":[],"product_brand":[8125],"product_cat":[8258],"product_tag":[9235],"yoast_head":"<!-- This site is optimized with the Yoast SEO plugin v24.3 - https:\/\/yoast.com\/wordpress\/plugins\/seo\/ -->\n<title>Formes de Souchets Surdimensionn\u00e9es GHG \u00e0 un prix avantageux | Lucky Hunter<\/title>\n<meta name=\"description\" content=\"Formes d\u2019une qualit\u00e9 fantastique. Les Souchets Surdimensionn\u00e9s de GHG sont parfaits pour votre prochaine journ\u00e9e de chasse. Dot\u00e9s de la quille lest\u00e9e 60\/40 Durakeel, ils flottent naturellement.\" \/>\n<meta name=\"robots\" content=\"noindex, follow, max-snippet:-1, max-image-preview:large, max-video-preview:-1\" \/>\n<meta property=\"og:locale\" content=\"fr_FR\" \/>\n<meta property=\"og:type\" content=\"article\" \/>\n<meta property=\"og:title\" content=\"Formes de Souchets Full Body GHG \u00e0 un prix avantageux | Lucky Hunter\" \/>\n<meta property=\"og:description\" content=\"Formes d\u2019une qualit\u00e9 fantastique. Les Souchets Full Body de GHG sont parfaits pour votre prochaine journ\u00e9e de chasse. Dot\u00e9s de la quille lest\u00e9e 60\/40 Durakeel, ils flottent naturellement.\" \/>\n<meta property=\"og:url\" content=\"https:\/\/staging.lucky-hunter.com\/fr\/product\/ghg-oversize-shovelers\/\" \/>\n<meta property=\"og:site_name\" content=\"Lucky-Hunter\" \/>\n<meta property=\"article:modified_time\" content=\"2023-01-26T09:12:14+00:00\" \/>\n<meta property=\"og:image\" content=\"https:\/\/staging.lucky-hunter.com\/wp-content\/uploads\/2018\/05\/LF-96.png\" \/>\n\t<meta property=\"og:image:width\" content=\"1000\" \/>\n\t<meta property=\"og:image:height\" content=\"1000\" \/>\n\t<meta property=\"og:image:type\" content=\"image\/png\" \/>\n<meta name=\"twitter:card\" content=\"summary_large_image\" \/>\n<meta name=\"twitter:title\" content=\"Formes de Souchets Full Body GHG \u00e0 un prix avantageux | Lucky Hunter\" \/>\n<meta name=\"twitter:description\" content=\"Formes d\u2019une qualit\u00e9 fantastique. Les Souchets Full Body de GHG sont parfaits pour votre prochaine journ\u00e9e de chasse. Dot\u00e9s de la quille lest\u00e9e 60\/40 Durakeel, ils flottent naturellement.\" \/>\n<meta name=\"twitter:label1\" content=\"Dur\u00e9e de lecture estim\u00e9e\" \/>\n\t<meta name=\"twitter:data1\" content=\"1 minute\" \/>\n<script type=\"application\/ld+json\" class=\"yoast-schema-graph\">{\"@context\":\"https:\/\/schema.org\",\"@graph\":[{\"@type\":\"WebPage\",\"@id\":\"https:\/\/staging.lucky-hunter.com\/fr\/product\/ghg-oversize-shovelers\/\",\"url\":\"https:\/\/staging.lucky-hunter.com\/fr\/product\/ghg-oversize-shovelers\/\",\"name\":\"Formes de Souchets Surdimensionn\u00e9es GHG \u00e0 un prix avantageux | Lucky Hunter\",\"isPartOf\":{\"@id\":\"https:\/\/staging.lucky-hunter.com\/#website\"},\"primaryImageOfPage\":{\"@id\":\"https:\/\/staging.lucky-hunter.com\/fr\/product\/ghg-oversize-shovelers\/#primaryimage\"},\"image\":{\"@id\":\"https:\/\/staging.lucky-hunter.com\/fr\/product\/ghg-oversize-shovelers\/#primaryimage\"},\"thumbnailUrl\":\"https:\/\/staging.lucky-hunter.com\/wp-content\/uploads\/2018\/05\/LF-96.png\",\"datePublished\":\"2018-05-16T11:38:37+00:00\",\"dateModified\":\"2023-01-26T09:12:14+00:00\",\"description\":\"Formes d\u2019une qualit\u00e9 fantastique. Les Souchets Surdimensionn\u00e9s de GHG sont parfaits pour votre prochaine journ\u00e9e de chasse. Dot\u00e9s de la quille lest\u00e9e 60\/40 Durakeel, ils flottent naturellement.\",\"breadcrumb\":{\"@id\":\"https:\/\/staging.lucky-hunter.com\/fr\/product\/ghg-oversize-shovelers\/#breadcrumb\"},\"inLanguage\":\"fr-FR\",\"potentialAction\":[{\"@type\":\"ReadAction\",\"target\":[\"https:\/\/staging.lucky-hunter.com\/fr\/product\/ghg-oversize-shovelers\/\"]}]},{\"@type\":\"ImageObject\",\"inLanguage\":\"fr-FR\",\"@id\":\"https:\/\/staging.lucky-hunter.com\/fr\/product\/ghg-oversize-shovelers\/#primaryimage\",\"url\":\"https:\/\/staging.lucky-hunter.com\/wp-content\/uploads\/2018\/05\/LF-96.png\",\"contentUrl\":\"https:\/\/staging.lucky-hunter.com\/wp-content\/uploads\/2018\/05\/LF-96.png\",\"width\":1000,\"height\":1000},{\"@type\":\"BreadcrumbList\",\"@id\":\"https:\/\/staging.lucky-hunter.com\/fr\/product\/ghg-oversize-shovelers\/#breadcrumb\",\"itemListElement\":[{\"@type\":\"ListItem\",\"position\":1,\"name\":\"Home\",\"item\":\"https:\/\/staging.lucky-hunter.com\/fr\/\"},{\"@type\":\"ListItem\",\"position\":2,\"name\":\"Boutique\",\"item\":\"https:\/\/staging.lucky-hunter.com\/fr\/shop\/\"},{\"@type\":\"ListItem\",\"position\":3,\"name\":\"Souchets Surdimensionn\u00e9s GHG\"}]},{\"@type\":\"WebSite\",\"@id\":\"https:\/\/staging.lucky-hunter.com\/#website\",\"url\":\"https:\/\/staging.lucky-hunter.com\/\",\"name\":\"Lucky-Hunter\",\"description\":\"Gear Up or Give Up\",\"potentialAction\":[{\"@type\":\"SearchAction\",\"target\":{\"@type\":\"EntryPoint\",\"urlTemplate\":\"https:\/\/staging.lucky-hunter.com\/?s={search_term_string}\"},\"query-input\":{\"@type\":\"PropertyValueSpecification\",\"valueRequired\":true,\"valueName\":\"search_term_string\"}}],\"inLanguage\":\"fr-FR\"}]}<\/script>\n<!-- \/ Yoast SEO plugin. -->","yoast_head_json":{"title":"Formes de Souchets Surdimensionn\u00e9es GHG \u00e0 un prix avantageux | Lucky Hunter","description":"Formes d\u2019une qualit\u00e9 fantastique. Les Souchets Surdimensionn\u00e9s de GHG sont parfaits pour votre prochaine journ\u00e9e de chasse. Dot\u00e9s de la quille lest\u00e9e 60\/40 Durakeel, ils flottent naturellement.","robots":{"index":"noindex","follow":"follow","max-snippet":"max-snippet:-1","max-image-preview":"max-image-preview:large","max-video-preview":"max-video-preview:-1"},"og_locale":"fr_FR","og_type":"article","og_title":"Formes de Souchets Full Body GHG \u00e0 un prix avantageux | Lucky Hunter","og_description":"Formes d\u2019une qualit\u00e9 fantastique. Les Souchets Full Body de GHG sont parfaits pour votre prochaine journ\u00e9e de chasse. Dot\u00e9s de la quille lest\u00e9e 60\/40 Durakeel, ils flottent naturellement.","og_url":"https:\/\/staging.lucky-hunter.com\/fr\/product\/ghg-oversize-shovelers\/","og_site_name":"Lucky-Hunter","article_modified_time":"2023-01-26T09:12:14+00:00","og_image":[{"width":1000,"height":1000,"url":"https:\/\/staging.lucky-hunter.com\/wp-content\/uploads\/2018\/05\/LF-96.png","type":"image\/png"}],"twitter_card":"summary_large_image","twitter_title":"Formes de Souchets Full Body GHG \u00e0 un prix avantageux | Lucky Hunter","twitter_description":"Formes d\u2019une qualit\u00e9 fantastique. Les Souchets Full Body de GHG sont parfaits pour votre prochaine journ\u00e9e de chasse. Dot\u00e9s de la quille lest\u00e9e 60\/40 Durakeel, ils flottent naturellement.","twitter_misc":{"Dur\u00e9e de lecture estim\u00e9e":"1 minute"},"schema":{"@context":"https:\/\/schema.org","@graph":[{"@type":"WebPage","@id":"https:\/\/staging.lucky-hunter.com\/fr\/product\/ghg-oversize-shovelers\/","url":"https:\/\/staging.lucky-hunter.com\/fr\/product\/ghg-oversize-shovelers\/","name":"Formes de Souchets Surdimensionn\u00e9es GHG \u00e0 un prix avantageux | Lucky Hunter","isPartOf":{"@id":"https:\/\/staging.lucky-hunter.com\/#website"},"primaryImageOfPage":{"@id":"https:\/\/staging.lucky-hunter.com\/fr\/product\/ghg-oversize-shovelers\/#primaryimage"},"image":{"@id":"https:\/\/staging.lucky-hunter.com\/fr\/product\/ghg-oversize-shovelers\/#primaryimage"},"thumbnailUrl":"https:\/\/staging.lucky-hunter.com\/wp-content\/uploads\/2018\/05\/LF-96.png","datePublished":"2018-05-16T11:38:37+00:00","dateModified":"2023-01-26T09:12:14+00:00","description":"Formes d\u2019une qualit\u00e9 fantastique. Les Souchets Surdimensionn\u00e9s de GHG sont parfaits pour votre prochaine journ\u00e9e de chasse. Dot\u00e9s de la quille lest\u00e9e 60\/40 Durakeel, ils flottent naturellement.","breadcrumb":{"@id":"https:\/\/staging.lucky-hunter.com\/fr\/product\/ghg-oversize-shovelers\/#breadcrumb"},"inLanguage":"fr-FR","potentialAction":[{"@type":"ReadAction","target":["https:\/\/staging.lucky-hunter.com\/fr\/product\/ghg-oversize-shovelers\/"]}]},{"@type":"ImageObject","inLanguage":"fr-FR","@id":"https:\/\/staging.lucky-hunter.com\/fr\/product\/ghg-oversize-shovelers\/#primaryimage","url":"https:\/\/staging.lucky-hunter.com\/wp-content\/uploads\/2018\/05\/LF-96.png","contentUrl":"https:\/\/staging.lucky-hunter.com\/wp-content\/uploads\/2018\/05\/LF-96.png","width":1000,"height":1000},{"@type":"BreadcrumbList","@id":"https:\/\/staging.lucky-hunter.com\/fr\/product\/ghg-oversize-shovelers\/#breadcrumb","itemListElement":[{"@type":"ListItem","position":1,"name":"Home","item":"https:\/\/staging.lucky-hunter.com\/fr\/"},{"@type":"ListItem","position":2,"name":"Boutique","item":"https:\/\/staging.lucky-hunter.com\/fr\/shop\/"},{"@type":"ListItem","position":3,"name":"Souchets Surdimensionn\u00e9s GHG"}]},{"@type":"WebSite","@id":"https:\/\/staging.lucky-hunter.com\/#website","url":"https:\/\/staging.lucky-hunter.com\/","name":"Lucky-Hunter","description":"Gear Up or Give Up","potentialAction":[{"@type":"SearchAction","target":{"@type":"EntryPoint","urlTemplate":"https:\/\/staging.lucky-hunter.com\/?s={search_term_string}"},"query-input":{"@type":"PropertyValueSpecification","valueRequired":true,"valueName":"search_term_string"}}],"inLanguage":"fr-FR"}]}},"_links":{"self":[{"href":"https:\/\/staging.lucky-hunter.com\/fr\/wp-json\/wp\/v2\/product\/55986"}],"collection":[{"href":"https:\/\/staging.lucky-hunter.com\/fr\/wp-json\/wp\/v2\/product"}],"about":[{"href":"https:\/\/staging.lucky-hunter.com\/fr\/wp-json\/wp\/v2\/types\/product"}],"wp:featuredmedia":[{"embeddable":true,"href":"https:\/\/staging.lucky-hunter.com\/fr\/wp-json\/wp\/v2\/media\/30421"}],"wp:attachment":[{"href":"https:\/\/staging.lucky-hunter.com\/fr\/wp-json\/wp\/v2\/media?parent=55986"}],"wp:term":[{"taxonomy":"product_brand","embeddable":true,"href":"https:\/\/staging.lucky-hunter.com\/fr\/wp-json\/wp\/v2\/product_brand?post=55986"},{"taxonomy":"product_cat","embeddable":true,"href":"https:\/\/staging.lucky-hunter.com\/fr\/wp-json\/wp\/v2\/product_cat?post=55986"},{"taxonomy":"product_tag","embeddable":true,"href":"https:\/\/staging.lucky-hunter.com\/fr\/wp-json\/wp\/v2\/product_tag?post=55986"}],"curies":[{"name":"wp","href":"https:\/\/api.w.org\/{rel}","templated":true}]}}